{"id":23472,"date":"2024-08-26T09:00:09","date_gmt":"2024-08-26T09:00:09","guid":{"rendered":"https:\/\/www.educatius.be\/evenementen-en-webinars"},"modified":"2025-10-31T08:34:43","modified_gmt":"2025-10-31T08:34:43","slug":"evenementen-en-webinars","status":"publish","type":"page","link":"https:\/\/www.sts-education.be\/nl\/evenementen-en-webinars","title":{"rendered":"Evenementen en webinars"},"content":{"rendered":"\n<section class=\"banner-section\"><div class=\"inner-banner-section text-only text-center\" style=\"background:#fff04f\"><div class=\"inner-banner-wrap mx-auto\"><h1 style=\"color:#ffffff\">Evenementen en webinars<\/h1><p style=\"color:#ffffff\"><\/p><\/div><\/div><\/section>\n\n<div style=\"height:30px\" aria-hidden=\"true\" class=\"wp-block-spacer\"><\/div>\n<div class=\"container\"><span><span><a href=\"https:\/\/www.sts-education.be\/nl\">Accueil<\/a><\/span><\/span><\/div>\n\n<div class=\"wp-block-educatius-paragraph-and-text text-block-wrap\"><div class=\"container text-center\"><h2 class=\"text-block-title\">Open de deur naar een fantastisch avontuur<\/h2><p class=\"text-block-para para-lg\">In onze webinars komen allerlei onderwerpen aan bod, van hoe je het juiste programma kiest tot ervaringen over het leven op een middelbare school in het buitenland. Praat met experts, luister naar de ervaringen van Educatius-alumni en verbreed je horizon \u2013 allemaal vanuit het comfort vanuit je eigen huis. Hier vindt je onze actuele evenementen. Welke optie wekt jouw nieuwsgierigheid en brengt je dichter bij je academische doelen?   <br><\/p><\/div><\/div>\n\n<div class=\"wp-block-educatius-paragraph-and-text text-block-wrap\"><div class=\"container text-center\"><h2 class=\"text-block-title\">Webinars<\/h2><p class=\"text-block-para para-lg\">Denk je eraan om een schooljaar in het buitenland door te brengen? We raden je aan om een webinar bij te wonen. Onze experts leggen je uit hoe een studiejaar in het buitenland verloopt, vertellen je meer over STS, het leven bij een gastgezin, de landen waaruit je kunt kiezen en waarom een jaar in het buitenland een onvergetelijke ervaring is.  <\/p><\/div><\/div>\n\n<div class=\"wp-block-columns container is-layout-flex wp-container-core-columns-is-layout-1 wp-block-columns-is-layout-flex\">\n<div class=\"wp-block-column is-layout-flow wp-block-column-is-layout-flow\"><section class=\"search-filter-section py-4\">\n                    <div class=\"container\"><div class=\"search-country-filter mb-4\">\n                        <h5 class=\"mb-4\">\u00c9v\u00e9nements et webinaires \u00e0 venir<\/h5><div class=\"accordion\" id=\"accordionExample\">\n                            <div class=\"accordion-item\">\n                                <h2 class=\"accordion-header\" id=\"headingTwo\">\n                                    <button class=\"accordion-button collapsed\" type=\"button\" data-bs-toggle=\"collapse\" data-bs-target=\"#collapseTwo\" aria-expanded=\"false\" aria-controls=\"collapseTwo\">\n                                        Afficher les filtres\n                                    <\/button>\n                                <\/h2>\n                                <div id=\"collapseTwo\" class=\"accordion-collapse collapse\" aria-labelledby=\"headingTwo\" data-bs-parent=\"#accordionExample\">\n                                    <div class=\"accordion-body\">\n                                        <div class=\"country-list-block\">\n                                            <ul id=\"filterCountryFormList\"><li>\n                                <input class=\"form-check-input\" type=\"checkbox\" value=\"398\" name=\"countrylist\" id=\"eventcountrylist\" >\n                                <label class=\"form-label\" for=\"eventcountrylist\">Australia<\/label>\n                            <\/li><li>\n                                <input class=\"form-check-input\" type=\"checkbox\" value=\"392\" name=\"countrylist\" id=\"eventcountrylist\" >\n                                <label class=\"form-label\" for=\"eventcountrylist\">Irlande<\/label>\n                            <\/li><li>\n                                <input class=\"form-check-input\" type=\"checkbox\" value=\"364\" name=\"countrylist\" id=\"eventcountrylist\" >\n                                <label class=\"form-label\" for=\"eventcountrylist\">Italy<\/label>\n                            <\/li><li>\n                                <input class=\"form-check-input\" type=\"checkbox\" value=\"399\" name=\"countrylist\" id=\"eventcountrylist\" >\n                                <label class=\"form-label\" for=\"eventcountrylist\">New Zealand<\/label>\n                            <\/li><li>\n                                <input class=\"form-check-input\" type=\"checkbox\" value=\"362\" name=\"countrylist\" id=\"eventcountrylist\" >\n                                <label class=\"form-label\" for=\"eventcountrylist\">UK<\/label>\n                            <\/li><li>\n                                <input class=\"form-check-input\" type=\"checkbox\" value=\"361\" name=\"countrylist\" id=\"eventcountrylist\" >\n                                <label class=\"form-label\" for=\"eventcountrylist\">USA<\/label>\n                            <\/li><li>\n                                <input class=\"form-check-input\" type=\"checkbox\" value=\"397\" name=\"countrylist\" id=\"eventcountrylist\" >\n                                <label class=\"form-label\" for=\"eventcountrylist\">Webinar<\/label>\n                            <\/li><li>\n                                <input class=\"form-check-input\" type=\"checkbox\" value=\"365\" name=\"countrylist\" id=\"eventcountrylist\" >\n                                <label class=\"form-label\" for=\"eventcountrylist\">Youth Resilience<\/label>\n                            <\/li><\/ul>\n                                        <ul id=\"filterCountryListingCheckbox\"><\/ul>\n                                        <div class=\"more-view-btn text-center mt-3 mb-3\">\n                                            <button type=\"button\" class=\"btn btn-outline-primary btn-lg\" id=\"eventapply_filter\">Appliquer le filtres<\/button>\n                                        <\/div>\n                                    <\/div>\n                                <\/div>\n                            <\/div>\n                        <\/div>\n                    <\/div><\/div>\n                      <div class=\"filter-add-block mb-4\">\n                          <span class=\"event result-head\">(<span id=\"resultCount\"><\/span>) filters added <a id=\"removeEventFiler\">Remove<\/a><\/span>\n                      <\/div><div id=\"eventfilterresult\">\n                    <input type=\"hidden\" id=\"event_limit\" value=\"25\" \/>\n                    <input type=\"hidden\" id=\"event_location_cat\" value=\"\" \/>\n                  <\/div><form method=\"post\">\n                        <input type=\"hidden\" name=\"paged\" id=\"paged\" value=\"1\" \/><\/form><\/div>\n                <\/section>\n<\/div>\n<\/div>\n\n<section class=\"wp-block-educatius-right-image-and-text highlight-section-reverse py-1 py-sm-5 py-md-5\"><div class=\"container my-3\"><div class=\"row\"><div class=\"col-md-6 order-md-1\"><img decoding=\"async\" src=\"https:\/\/powered-by.qbank.se\/educatius\/media\/b2f3b715acd41d1395a16a45016af628.jpg\" class=\"w-100\"><\/div><div class=\"col-md-6 order-md-0\"><div class=\"text-block-wrap py-md-0 px-md-5\"><span class=\"text-block-title\"><\/span><h3 class=\"text-block-title\">Ontdek onze brochure<\/h3><p>Zeg ja tegen de reis van je leven en het ultieme studieavontuur in het buitenland. Wij bieden alles van culturele uitwisseling tot academische studies van topniveau. <\/p><a href=\"https:\/\/www.sts-education.be\/nl\/scholen-brochure\" class=\"btn btn-outline-primary btn-lg\">Lees de brochure<\/a><\/div><\/div><\/div><\/div><\/section>\n\n<div class=\"wp-block-educatius-underscore-heading container\"><h2 class=\"section-title text-center mx-auto mt-3 mb-5\">Inspiratie op TikTok<\/h2><\/div>\n\n<div class=\"wp-block-columns mb-5 is-layout-flex wp-container-core-columns-is-layout-2 wp-block-columns-is-layout-flex\">\n<div class=\"wp-block-column is-layout-flow wp-block-column-is-layout-flow\" style=\"flex-basis:100%\"><div class=\"elfsight-app-773308fe-6a58-4ab1-9a07-a37efd56b260\"><\/div>\n<\/div>\n<\/div>\n\n<div class=\"wp-block-group ecom-home-testimonial has-background is-layout-constrained wp-block-group-is-layout-constrained\" style=\"background-color:#faf4e1\">\n<div class=\"wp-block-educatius-underscore-heading container\"><h2 class=\"section-title text-center mx-auto mt-3 mb-5\">Wat anderen zeggen<\/h2><\/div>\n\n\n\n<div class=\"wp-block-educatius-testimonial-slider students-feedback-wrap bg-lightest-blue\"><div class=\"container\"><div class=\"row\"><div class=\"col-md-6\"><div class=\"student-img-swipe swiper\"><div class=\"swiper-wrapper\"><div class=\"swiper-slide student-img-wrap\"><img decoding=\"async\" src=\"https:\/\/powered-by.qbank.se\/educatius\/media\/b2e44a29e672148d9effb2fe11b529b3.jpg\" class=\"w-100\"><\/div><div class=\"swiper-slide student-img-wrap\"><img decoding=\"async\" src=\"https:\/\/powered-by.qbank.se\/educatius\/media\/91a37027eacd1e5e02870ff3c047c936.jpg\" class=\"w-100\"><\/div><div class=\"swiper-slide student-img-wrap\"><img decoding=\"async\" src=\"https:\/\/powered-by.qbank.se\/educatius\/media\/9844af29b862aa91e9cfac1a42ad63d0.jpg\" class=\"w-100\"><\/div><\/div><\/div><\/div><div class=\"col-md-6\"><div class=\"student-feedback-column p-5\"><div class=\"student-feedback-text swiper position-relative pb-5\"><div class=\"swiper-wrapper\"><div class=\"swiper-slide feedback-text-wrap\"><p class=\"mb-5\"><em>\u201cIk ben er echt trots op dat ik de President&#8217;s Award heb ontvangen, want toen ik in de Verenigde Staten aankwam, sprak ik niet zo goed Engels. Ik dacht dat ik het nooit vloeiend zou kunnen spreken, maar nu voelt het natuurlijk. Als ik weer thuis ben, wil ik mijn laatste jaar op de middelbare school volgen en opnieuw examen doen. Later wil ik graag geneeskunde studeren en kinderarts worden.&#8221;<\/em><\/p><p class=\"feedback-author\">&#8211; Maria, uit Itali\u00eb, studeert in Wisconsin <\/p><\/div><div class=\"swiper-slide feedback-text-wrap\"><p class=\"mb-5\"><em>\u201cMijn gastgezin was gewoonweg het beste. Mijn favoriete herinneringen zijn de reizen die we samen maakten. Ze zijn er 100% voor dat de student alle mogelijke ervaringen opdoet, en ze helpen veel&#8230; Nu weet ik dat ik alles kan. Ik heb doelen bereikt die ik had, maar ook doelen waarvan ik niet eens wist dat ik ze had. Ik heb nieuwe dingen geprobeerd en nog honderd andere nieuwe ervaringen opgedaan die ik nooit had verwacht.&#8221;<\/em><\/p><p class=\"feedback-author\"> &#8211; Maria Clara, uit Brazili\u00eb, studeerde in Californi\u00eb<\/p><\/div><div class=\"swiper-slide feedback-text-wrap\"><p class=\"mb-5\"><em>\u201cMijn uitwisselingsjaar heeft mij geholpen een verantwoordelijkheidsgevoel te ontwikkelen in het echte leven. Ze liet me zien hoe ik obstakels kon overwinnen en onafhankelijk kon zijn. Het gaf me ook de kans om mensen te ontmoeten die een grote impact op me hadden en die mijn perspectief veranderden. Ik werd lid van het voetbalteam van mijn school. Het was mijn eerste keer en ik heb er erg van genoten, vooral van de tijd die ik doorbracht met mijn teamgenoten en de wedstrijden.&#8221;<\/em><\/p><p class=\"feedback-author\">Amelia, uit Polen, studeerde in Idaho<\/p><\/div><\/div><div class=\"swiper-pagination student-feedback-dots d-flex align-items-center\"><\/div><\/div><\/div><\/div><\/div><\/div><\/div>\n<\/div>\n","protected":false},"excerpt":{"rendered":"","protected":false},"author":6,"featured_media":0,"parent":0,"menu_order":0,"comment_status":"closed","ping_status":"closed","template":"","meta":{"_acf_changed":false,"inline_featured_image":false,"footnotes":""},"school_category":[],"wf_page_folders":[315],"class_list":["post-23472","page","type-page","status-publish","hentry"],"acf":[],"yoast_head":"<!-- This site is optimized with the Yoast SEO Premium plugin v23.4 (Yoast SEO v23.6) - https:\/\/yoast.com\/wordpress\/plugins\/seo\/ -->\n<title>Evenementen en webinars<\/title>\n<meta name=\"description\" content=\"Onze webinars en evenementen wekken uw nieuwsgierigheid en helpen u alles te begrijpen. Meld u vandaag nog aan en ontdek het zelf!\" \/>\n<meta name=\"robots\" content=\"index, follow, max-snippet:-1, max-image-preview:large, max-video-preview:-1\" \/>\n<link rel=\"canonical\" href=\"https:\/\/www.sts-education.be\/nl\/evenementen-en-webinars\" \/>\n<meta property=\"og:locale\" content=\"nl_BE\" \/>\n<meta property=\"og:type\" content=\"article\" \/>\n<meta property=\"og:title\" content=\"Evenementen en webinars\" \/>\n<meta property=\"og:description\" content=\"Onze webinars en evenementen wekken uw nieuwsgierigheid en helpen u alles te begrijpen. Meld u vandaag nog aan en ontdek het zelf!\" \/>\n<meta property=\"og:url\" content=\"https:\/\/www.sts-education.be\/nl\/evenementen-en-webinars\" \/>\n<meta property=\"og:site_name\" content=\"sts-education.be\" \/>\n<meta property=\"article:modified_time\" content=\"2025-10-31T08:34:43+00:00\" \/>\n<meta property=\"og:image\" content=\"https:\/\/powered-by.qbank.se\/educatius\/media\/b2f3b715acd41d1395a16a45016af628.jpg\" \/>\n<meta name=\"twitter:card\" content=\"summary_large_image\" \/>\n<meta name=\"twitter:label1\" content=\"Est. reading time\" \/>\n\t<meta name=\"twitter:data1\" content=\"3 minutes\" \/>\n<script type=\"application\/ld+json\" class=\"yoast-schema-graph\">{\"@context\":\"https:\/\/schema.org\",\"@graph\":[{\"@type\":\"WebPage\",\"@id\":\"https:\/\/www.sts-education.be\/nl\/evenementen-en-webinars\",\"url\":\"https:\/\/www.sts-education.be\/nl\/evenementen-en-webinars\",\"name\":\"Evenementen en webinars\",\"isPartOf\":{\"@id\":\"https:\/\/www.sts-education.be\/nl#website\"},\"primaryImageOfPage\":{\"@id\":\"https:\/\/www.sts-education.be\/nl\/evenementen-en-webinars#primaryimage\"},\"image\":{\"@id\":\"https:\/\/www.sts-education.be\/nl\/evenementen-en-webinars#primaryimage\"},\"thumbnailUrl\":\"https:\/\/powered-by.qbank.se\/educatius\/media\/b2f3b715acd41d1395a16a45016af628.jpg\",\"datePublished\":\"2024-08-26T09:00:09+00:00\",\"dateModified\":\"2025-10-31T08:34:43+00:00\",\"description\":\"Onze webinars en evenementen wekken uw nieuwsgierigheid en helpen u alles te begrijpen. Meld u vandaag nog aan en ontdek het zelf!\",\"breadcrumb\":{\"@id\":\"https:\/\/www.sts-education.be\/nl\/evenementen-en-webinars#breadcrumb\"},\"inLanguage\":\"nl-BE\",\"potentialAction\":[{\"@type\":\"ReadAction\",\"target\":[\"https:\/\/www.sts-education.be\/nl\/evenementen-en-webinars\"]}]},{\"@type\":\"ImageObject\",\"inLanguage\":\"nl-BE\",\"@id\":\"https:\/\/www.sts-education.be\/nl\/evenementen-en-webinars#primaryimage\",\"url\":\"https:\/\/powered-by.qbank.se\/educatius\/media\/b2f3b715acd41d1395a16a45016af628.jpg\",\"contentUrl\":\"https:\/\/powered-by.qbank.se\/educatius\/media\/b2f3b715acd41d1395a16a45016af628.jpg\"},{\"@type\":\"BreadcrumbList\",\"@id\":\"https:\/\/www.sts-education.be\/nl\/evenementen-en-webinars#breadcrumb\",\"itemListElement\":[{\"@type\":\"ListItem\",\"position\":1,\"name\":\"Accueil\",\"item\":\"https:\/\/www.sts-education.be\/nl\"},{\"@type\":\"ListItem\",\"position\":2,\"name\":\"Evenementen en webinars\"}]},{\"@type\":\"WebSite\",\"@id\":\"https:\/\/www.sts-education.be\/nl#website\",\"url\":\"https:\/\/www.sts-education.be\/nl\",\"name\":\"sts-education.be\",\"description\":\"Unlock the world!\",\"publisher\":{\"@id\":\"https:\/\/www.sts-education.be\/nl#organization\"},\"potentialAction\":[{\"@type\":\"SearchAction\",\"target\":{\"@type\":\"EntryPoint\",\"urlTemplate\":\"https:\/\/www.sts-education.be\/nl?s={search_term_string}\"},\"query-input\":{\"@type\":\"PropertyValueSpecification\",\"valueRequired\":true,\"valueName\":\"search_term_string\"}}],\"inLanguage\":\"nl-BE\"},{\"@type\":\"Organization\",\"@id\":\"https:\/\/www.sts-education.be\/nl#organization\",\"name\":\"sts-education.be\",\"url\":\"https:\/\/www.sts-education.be\/nl\",\"logo\":{\"@type\":\"ImageObject\",\"inLanguage\":\"nl-BE\",\"@id\":\"https:\/\/www.sts-education.be\/nl#\/schema\/logo\/image\/\",\"url\":\"https:\/\/www.sts-education.be\/wp-content\/uploads\/sites\/2\/2025\/09\/cropped-STS-round-yellow-bkgr.png\",\"contentUrl\":\"https:\/\/www.sts-education.be\/wp-content\/uploads\/sites\/2\/2025\/09\/cropped-STS-round-yellow-bkgr.png\",\"width\":500,\"height\":460,\"caption\":\"sts-education.be\"},\"image\":{\"@id\":\"https:\/\/www.sts-education.be\/nl#\/schema\/logo\/image\/\"}}]}<\/script>\n<!-- \/ Yoast SEO Premium plugin. -->","yoast_head_json":{"title":"Evenementen en webinars","description":"Onze webinars en evenementen wekken uw nieuwsgierigheid en helpen u alles te begrijpen. Meld u vandaag nog aan en ontdek het zelf!","robots":{"index":"index","follow":"follow","max-snippet":"max-snippet:-1","max-image-preview":"max-image-preview:large","max-video-preview":"max-video-preview:-1"},"canonical":"https:\/\/www.sts-education.be\/nl\/evenementen-en-webinars","og_locale":"nl_BE","og_type":"article","og_title":"Evenementen en webinars","og_description":"Onze webinars en evenementen wekken uw nieuwsgierigheid en helpen u alles te begrijpen. Meld u vandaag nog aan en ontdek het zelf!","og_url":"https:\/\/www.sts-education.be\/nl\/evenementen-en-webinars","og_site_name":"sts-education.be","article_modified_time":"2025-10-31T08:34:43+00:00","og_image":[{"url":"https:\/\/powered-by.qbank.se\/educatius\/media\/b2f3b715acd41d1395a16a45016af628.jpg"}],"twitter_card":"summary_large_image","twitter_misc":{"Est. reading time":"3 minutes"},"schema":{"@context":"https:\/\/schema.org","@graph":[{"@type":"WebPage","@id":"https:\/\/www.sts-education.be\/nl\/evenementen-en-webinars","url":"https:\/\/www.sts-education.be\/nl\/evenementen-en-webinars","name":"Evenementen en webinars","isPartOf":{"@id":"https:\/\/www.sts-education.be\/nl#website"},"primaryImageOfPage":{"@id":"https:\/\/www.sts-education.be\/nl\/evenementen-en-webinars#primaryimage"},"image":{"@id":"https:\/\/www.sts-education.be\/nl\/evenementen-en-webinars#primaryimage"},"thumbnailUrl":"https:\/\/powered-by.qbank.se\/educatius\/media\/b2f3b715acd41d1395a16a45016af628.jpg","datePublished":"2024-08-26T09:00:09+00:00","dateModified":"2025-10-31T08:34:43+00:00","description":"Onze webinars en evenementen wekken uw nieuwsgierigheid en helpen u alles te begrijpen. Meld u vandaag nog aan en ontdek het zelf!","breadcrumb":{"@id":"https:\/\/www.sts-education.be\/nl\/evenementen-en-webinars#breadcrumb"},"inLanguage":"nl-BE","potentialAction":[{"@type":"ReadAction","target":["https:\/\/www.sts-education.be\/nl\/evenementen-en-webinars"]}]},{"@type":"ImageObject","inLanguage":"nl-BE","@id":"https:\/\/www.sts-education.be\/nl\/evenementen-en-webinars#primaryimage","url":"https:\/\/powered-by.qbank.se\/educatius\/media\/b2f3b715acd41d1395a16a45016af628.jpg","contentUrl":"https:\/\/powered-by.qbank.se\/educatius\/media\/b2f3b715acd41d1395a16a45016af628.jpg"},{"@type":"BreadcrumbList","@id":"https:\/\/www.sts-education.be\/nl\/evenementen-en-webinars#breadcrumb","itemListElement":[{"@type":"ListItem","position":1,"name":"Accueil","item":"https:\/\/www.sts-education.be\/nl"},{"@type":"ListItem","position":2,"name":"Evenementen en webinars"}]},{"@type":"WebSite","@id":"https:\/\/www.sts-education.be\/nl#website","url":"https:\/\/www.sts-education.be\/nl","name":"sts-education.be","description":"Unlock the world!","publisher":{"@id":"https:\/\/www.sts-education.be\/nl#organization"},"potentialAction":[{"@type":"SearchAction","target":{"@type":"EntryPoint","urlTemplate":"https:\/\/www.sts-education.be\/nl?s={search_term_string}"},"query-input":{"@type":"PropertyValueSpecification","valueRequired":true,"valueName":"search_term_string"}}],"inLanguage":"nl-BE"},{"@type":"Organization","@id":"https:\/\/www.sts-education.be\/nl#organization","name":"sts-education.be","url":"https:\/\/www.sts-education.be\/nl","logo":{"@type":"ImageObject","inLanguage":"nl-BE","@id":"https:\/\/www.sts-education.be\/nl#\/schema\/logo\/image\/","url":"https:\/\/www.sts-education.be\/wp-content\/uploads\/sites\/2\/2025\/09\/cropped-STS-round-yellow-bkgr.png","contentUrl":"https:\/\/www.sts-education.be\/wp-content\/uploads\/sites\/2\/2025\/09\/cropped-STS-round-yellow-bkgr.png","width":500,"height":460,"caption":"sts-education.be"},"image":{"@id":"https:\/\/www.sts-education.be\/nl#\/schema\/logo\/image\/"}}]}},"_links":{"self":[{"href":"https:\/\/www.sts-education.be\/nl\/wp-json\/wp\/v2\/pages\/23472"}],"collection":[{"href":"https:\/\/www.sts-education.be\/nl\/wp-json\/wp\/v2\/pages"}],"about":[{"href":"https:\/\/www.sts-education.be\/nl\/wp-json\/wp\/v2\/types\/page"}],"author":[{"embeddable":true,"href":"https:\/\/www.sts-education.be\/nl\/wp-json\/wp\/v2\/users\/6"}],"replies":[{"embeddable":true,"href":"https:\/\/www.sts-education.be\/nl\/wp-json\/wp\/v2\/comments?post=23472"}],"version-history":[{"count":3,"href":"https:\/\/www.sts-education.be\/nl\/wp-json\/wp\/v2\/pages\/23472\/revisions"}],"predecessor-version":[{"id":24498,"href":"https:\/\/www.sts-education.be\/nl\/wp-json\/wp\/v2\/pages\/23472\/revisions\/24498"}],"wp:attachment":[{"href":"https:\/\/www.sts-education.be\/nl\/wp-json\/wp\/v2\/media?parent=23472"}],"wp:term":[{"taxonomy":"school_category","embeddable":true,"href":"https:\/\/www.sts-education.be\/nl\/wp-json\/wp\/v2\/school_category?post=23472"},{"taxonomy":"wf_page_folders","embeddable":true,"href":"https:\/\/www.sts-education.be\/nl\/wp-json\/wp\/v2\/wf_page_folders?post=23472"}],"curies":[{"name":"wp","href":"https:\/\/api.w.org\/{rel}","templated":true}]}}