{"id":23470,"date":"2024-08-12T06:00:37","date_gmt":"2024-08-12T06:00:37","guid":{"rendered":"https:\/\/www.educatius.be\/scholen-in-het-buitenland\/zweden"},"modified":"2025-09-02T10:17:20","modified_gmt":"2025-09-02T10:17:20","slug":"zweden","status":"publish","type":"page","link":"https:\/\/www.sts-education.be\/nl\/scholen-in-het-buitenland\/zweden","title":{"rendered":"Zweden"},"content":{"rendered":"\n<section class=\"inner-banner-section\"><div class=\"inner-banner-wrap\"><img decoding=\"async\" src=\"https:\/\/powered-by.qbank.se\/educatius\/media\/89807a0551dabf581fad0dc3275f5cf9.jpg\"\/><\/div><\/section><section class=\"banner-blue-box\" style=\"background:#fff04f\"><h1 style=\"color:#000000\">Studeer op een middelbare school in Zweden<\/h1><p style=\"color:#000000\">Verbreed je horizon met een middelbare schooluitwisseling in het coole, innovatieve Zweden!<\/p><\/section>\n\n\n<div class=\"container\"><span><span><a href=\"https:\/\/www.sts-education.be\/nl\">Accueil<\/a><\/span><\/span><\/div>\n\n\n\n<div class=\"wp-block-columns container mb-5 is-layout-flex wp-container-core-columns-is-layout-1 wp-block-columns-is-layout-flex\">\n<div class=\"wp-block-column is-layout-flow wp-block-column-is-layout-flow\"><\/div>\n\n\n\n<div class=\"wp-block-column is-layout-flow wp-block-column-is-layout-flow\">\n<div class=\"wp-block-educatius-bordered-text container\"><div class=\"quick-fact-section\"><h6 class=\"text-block-title text-primary\"><strong>Korte feiten:<\/strong><\/h6><ul class=\"list-group text-primary\"><li class=\"list-item\"><strong>Programmatype:<\/strong> Classic<br><\/li><br><li class=\"list-item\"><strong>Programmaduur:<\/strong> Academisch jaar of semester<br><\/li><br><li class=\"list-item\"><strong>Visumtype:<\/strong> Studentenvisum<br><\/li><br><li class=\"list-item\"><strong>Taalvereisten<\/strong>: Bereidheid om Zweeds te leren<\/li><\/ul><\/div><\/div>\n<\/div>\n<\/div>\n\n\n\n<div class=\"wp-block-group is-layout-constrained wp-block-group-is-layout-constrained\">\n<div class=\"wp-block-educatius-underscore-heading container\"><h2 class=\"section-title text-center mx-auto mt-3 mb-5\">Wat anderen zeggen<\/h2><\/div>\n<\/div>\n\n\n\n<section class=\"wp-block-educatius-right-image-and-text highlight-section-reverse py-1 py-sm-5 py-md-5 py-5\" style=\"background:#ffffff\"><div class=\"container my-3\"><div class=\"row\"><div class=\"col-md-6 order-md-1\"><img decoding=\"async\" src=\"https:\/\/powered-by.qbank.se\/educatius\/media\/b09ba312974bccb95fa44b4eec467373.png\" class=\"w-100\"><\/div><div class=\"col-md-6 order-md-0\"><div class=\"text-block-wrap py-md-0 px-md-5\"><span class=\"text-block-title text-primary\"><\/span><h3 class=\"text-block-title text-primary\">Ons Zweedse team<\/h3><p>Educatius is 20 jaar geleden in Zweden opgericht. Ons team ter plaatse behoort tot de meest ervaren binnen onze wereldwijde organisatie. We zijn er trots op om jouw dromen waar te maken, je de best mogelijke middelbare schooluitwisseling in Zweden te bieden. Een geweldige culturele onderdompeling die je leven zal vormen en je toekomst zal verrijken!  <\/p><a href=\"https:\/\/www.educatius.be\/nl\/neem-contact-met-ons-op\" class=\"btn btn-outline-primary btn-lg\">Neem contact op<\/a><\/div><\/div><\/div><\/div><\/section>\n\n\n\n<div class=\"wp-block-columns container is-layout-flex wp-container-core-columns-is-layout-2 wp-block-columns-is-layout-flex\">\n<div class=\"wp-block-column is-layout-flow wp-block-column-is-layout-flow\" style=\"flex-basis:50%\">\n<figure class=\"wp-block-embed is-type-video is-provider-vimeo wp-block-embed-vimeo wp-embed-aspect-16-9 wp-has-aspect-ratio\"><div class=\"wp-block-embed__wrapper\">\n<iframe loading=\"lazy\" src=\"https:\/\/player.vimeo.com\/video\/797320754?dnt=1&amp;app_id=122963\" width=\"640\" height=\"360\" frameborder=\"0\" allow=\"autoplay; fullscreen; picture-in-picture; clipboard-write; encrypted-media\"><\/iframe>\n<\/div><\/figure>\n<\/div>\n\n\n\n<div class=\"wp-block-column is-layout-flow wp-block-column-is-layout-flow\" style=\"flex-basis:1px\"><\/div>\n\n\n\n<div class=\"wp-block-column is-layout-flow wp-block-column-is-layout-flow\" style=\"flex-basis:48%\">\n<h3 class=\"wp-block-heading has-primary-blue-color has-text-color\" id=\"h-bekijk-onze-brochure\">Bekijk onze brochure!<\/h3>\n\n\n\n<p>Leer meer over onze programma&#8217;s, vraag nu onze middelbare schoolbrochure aan!<\/p>\n\n\n\n<div class=\"wp-block-educatius-edu-button container\"><a rel=\"noopener\" class=\"btn btn-lg btn-primary\" href=\"\/brochure-des-ecoles-a-letranger\" style=\"color:#000000;background-color:#fff04f\">Krijg de brochure <\/a><\/div>\n<\/div>\n<\/div>\n\n\n\n<div class=\"wp-block-group is-layout-flow wp-block-group-is-layout-flow\">\n<div class=\"wp-block-columns is-layout-flex wp-container-core-columns-is-layout-4 wp-block-columns-is-layout-flex\">\n<div class=\"wp-block-column is-layout-flow wp-block-column-is-layout-flow\" style=\"flex-basis:100%\">\n<div class=\"wp-block-group has-very-light-blue-background-color has-background is-layout-flow wp-block-group-is-layout-flow\">\n<div class=\"wp-block-educatius-underscore-heading container\"><h2 class=\"section-title text-center mx-auto mt-3 mb-5\">Veelgestelde vragen<\/h2><\/div>\n\n\n\n<div class=\"wp-block-columns container is-layout-flex wp-container-core-columns-is-layout-3 wp-block-columns-is-layout-flex\">\n<div class=\"wp-block-column is-layout-flow wp-block-column-is-layout-flow\">\n<div class=\"wp-block-educatius-faq-accordion container\"><div class=\"accordion\" id=\"accordionExample\"><div class=\"accordion-item\"><h2 class=\"accordion-header\" id=\"heading244\"><button class=\"accordion-button collapsed\" type=\"button\" data-bs-toggle=\"collapse\" data-bs-target=\"#tab244\" aria-expanded=\"false\" aria-controls=\"tab244\">Pourquoi choisir Educatius pour mon ann\u00e9e scolaire en Su\u00e8de ?<\/button><\/h2><div id=\"tab244\" class=\"accordion-collapse collapse\" aria-labelledby=\"heading244\" data-bs-parent=\"#accordionExample\"><div class=\"accordion-body\"><p>Educatius est aujourd&#8217;hui le plus grand fournisseur mondial d&#8217;exp\u00e9riences internationales au niveau secondaire. Tout a commenc\u00e9 en Su\u00e8de il y a 20 ans. Nous connaissons mieux que quiconque le syst\u00e8me \u00e9ducatif et la soci\u00e9t\u00e9 su\u00e9doise !<\/p><\/div><\/div><\/div><div class=\"accordion-item\"><h2 class=\"accordion-header\" id=\"heading9409\"><button class=\"accordion-button collapsed\" type=\"button\" data-bs-toggle=\"collapse\" data-bs-target=\"#tab9409\" aria-expanded=\"false\" aria-controls=\"tab9409\">Quelle est l&#8217;importance d&#8217;\u00e9tudier en Su\u00e8de en tant qu&#8217;\u00e9tudiant international ?<\/button><\/h2><div id=\"tab9409\" class=\"accordion-collapse collapse\" aria-labelledby=\"heading9409\" data-bs-parent=\"#accordionExample\"><div class=\"accordion-body\"><p>La Su\u00e8de est une soci\u00e9t\u00e9 tr\u00e8s avanc\u00e9e qui &#8220;p\u00e8se au-dessus de sa cat\u00e9gorie&#8221; dans le monde. Bien que relativement petit par sa population, ce pays a une part importante d&#8217;entreprises exportatrices de premier plan et de marques mondiales. Pense \u00e0 IKEA, Spotify, H&amp;M, Volvo et Tetra Pak, ainsi qu&#8217;\u00e0 des pionniers culturels tels qu&#8217;ABBA, Avicii, Swedish House Mafia et Zara Larsson. S&#8217;exposer \u00e0 cette culture d&#8217;innovation intensive et de succ\u00e8s sera une exp\u00e9rience qui changera ta vie !<\/p><\/div><\/div><\/div><div class=\"accordion-item\"><h2 class=\"accordion-header\" id=\"heading1362\"><button class=\"accordion-button collapsed\" type=\"button\" data-bs-toggle=\"collapse\" data-bs-target=\"#tab1362\" aria-expanded=\"false\" aria-controls=\"tab1362\">Comment se passe la vie avec une famille d&#8217;accueil su\u00e9doise ?<\/button><\/h2><div id=\"tab1362\" class=\"accordion-collapse collapse\" aria-labelledby=\"heading1362\" data-bs-parent=\"#accordionExample\"><div class=\"accordion-body\"><p>Vivre avec une famille d&#8217;accueil su\u00e9doise est le meilleur moyen de t&#8217;immerger dans la culture locale et de pratiquer le su\u00e9dois. Bien que les membres de la famille puissent \u00eatre plus r\u00e9serv\u00e9s que les Europ\u00e9ens du sud au d\u00e9but, ils encouragent les jeunes \u00e0 s&#8217;exprimer et appr\u00e9cient les bonnes conversations. Les Su\u00e9dois sont \u00e9galement excellents pour les f\u00eates, qu&#8217;il s&#8217;agisse de No\u00ebl, de P\u00e2ques, des f\u00eates de la Saint-Jean ou de la saison des \u00e9crevisses avec ses chapeaux amusants et ses chansons. La cuisine su\u00e9doise est d\u00e9licieuse, et le pays b\u00e9n\u00e9ficie \u00e9galement d&#8217;une culture culinaire internationale anim\u00e9e.<\/p><\/div><\/div><\/div><div class=\"accordion-item\"><h2 class=\"accordion-header\" id=\"heading4131\"><button class=\"accordion-button collapsed\" type=\"button\" data-bs-toggle=\"collapse\" data-bs-target=\"#tab4131\" aria-expanded=\"false\" aria-controls=\"tab4131\">Quel programme proposez-vous en Su\u00e8de ?<\/button><\/h2><div id=\"tab4131\" class=\"accordion-collapse collapse\" aria-labelledby=\"heading4131\" data-bs-parent=\"#accordionExample\"><div class=\"accordion-body\"><p>En Su\u00e8de, nous proposons notre programme Classic, le choix id\u00e9al pour une v\u00e9ritable exp\u00e9rience d&#8217;\u00e9change culturel. Nous te mettons en relation avec une famille d&#8217;accueil su\u00e9doise soigneusement s\u00e9lectionn\u00e9e et un \u00e9tablissement scolaire, et nous t&#8217;accompagnons tout au long de ton s\u00e9jour. Si tu es enthousiaste \u00e0 l&#8217;id\u00e9e d&#8217;apprendre de nouvelles choses, ce programme est fait pour toi !<\/p><\/div><\/div><\/div><\/div><\/div>\n<\/div>\n<\/div>\n<\/div>\n<\/div>\n<\/div>\n<\/div>\n","protected":false},"excerpt":{"rendered":"<p>Bekijk onze brochure! Leer meer over onze programma&#8217;s, vraag nu onze middelbare schoolbrochure aan!<\/p>\n","protected":false},"author":6,"featured_media":0,"parent":23279,"menu_order":0,"comment_status":"closed","ping_status":"closed","template":"","meta":{"_acf_changed":false,"inline_featured_image":false,"footnotes":""},"school_category":[],"wf_page_folders":[358],"class_list":["post-23470","page","type-page","status-publish","hentry"],"acf":[],"yoast_head":"<!-- This site is optimized with the Yoast SEO Premium plugin v23.4 (Yoast SEO v23.6) - https:\/\/yoast.com\/wordpress\/plugins\/seo\/ -->\n<title>Studeer op een middelbare school in Zweden<\/title>\n<meta name=\"description\" content=\"Word uitwisselingsstudent in Zweden. Studeer een semester of een schooljaar in het buitenland. Beleef de Zweedse ervaring met Educatius!\" \/>\n<meta name=\"robots\" content=\"index, follow, max-snippet:-1, max-image-preview:large, max-video-preview:-1\" \/>\n<link rel=\"canonical\" href=\"https:\/\/www.sts-education.be\/nl\/scholen-in-het-buitenland\/zweden\" \/>\n<meta property=\"og:locale\" content=\"nl_BE\" \/>\n<meta property=\"og:type\" content=\"article\" \/>\n<meta property=\"og:title\" content=\"Zweden\" \/>\n<meta property=\"og:description\" content=\"Word uitwisselingsstudent in Zweden. Studeer een semester of een schooljaar in het buitenland. Beleef de Zweedse ervaring met Educatius!\" \/>\n<meta property=\"og:url\" content=\"https:\/\/www.sts-education.be\/nl\/scholen-in-het-buitenland\/zweden\" \/>\n<meta property=\"og:site_name\" content=\"sts-education.be\" \/>\n<meta property=\"article:modified_time\" content=\"2025-09-02T10:17:20+00:00\" \/>\n<meta property=\"og:image\" content=\"https:\/\/powered-by.qbank.se\/educatius\/media\/89807a0551dabf581fad0dc3275f5cf9.jpg\" \/>\n<meta name=\"twitter:card\" content=\"summary_large_image\" \/>\n<meta name=\"twitter:label1\" content=\"Est. reading time\" \/>\n\t<meta name=\"twitter:data1\" content=\"3 minutes\" \/>\n<script type=\"application\/ld+json\" class=\"yoast-schema-graph\">{\"@context\":\"https:\/\/schema.org\",\"@graph\":[{\"@type\":\"WebPage\",\"@id\":\"https:\/\/www.sts-education.be\/nl\/scholen-in-het-buitenland\/zweden\",\"url\":\"https:\/\/www.sts-education.be\/nl\/scholen-in-het-buitenland\/zweden\",\"name\":\"Studeer op een middelbare school in Zweden\",\"isPartOf\":{\"@id\":\"https:\/\/www.sts-education.be\/nl#website\"},\"primaryImageOfPage\":{\"@id\":\"https:\/\/www.sts-education.be\/nl\/scholen-in-het-buitenland\/zweden#primaryimage\"},\"image\":{\"@id\":\"https:\/\/www.sts-education.be\/nl\/scholen-in-het-buitenland\/zweden#primaryimage\"},\"thumbnailUrl\":\"https:\/\/powered-by.qbank.se\/educatius\/media\/89807a0551dabf581fad0dc3275f5cf9.jpg\",\"datePublished\":\"2024-08-12T06:00:37+00:00\",\"dateModified\":\"2025-09-02T10:17:20+00:00\",\"description\":\"Word uitwisselingsstudent in Zweden. Studeer een semester of een schooljaar in het buitenland. Beleef de Zweedse ervaring met Educatius!\",\"breadcrumb\":{\"@id\":\"https:\/\/www.sts-education.be\/nl\/scholen-in-het-buitenland\/zweden#breadcrumb\"},\"inLanguage\":\"nl-BE\",\"potentialAction\":[{\"@type\":\"ReadAction\",\"target\":[\"https:\/\/www.sts-education.be\/nl\/scholen-in-het-buitenland\/zweden\"]}]},{\"@type\":\"ImageObject\",\"inLanguage\":\"nl-BE\",\"@id\":\"https:\/\/www.sts-education.be\/nl\/scholen-in-het-buitenland\/zweden#primaryimage\",\"url\":\"https:\/\/powered-by.qbank.se\/educatius\/media\/89807a0551dabf581fad0dc3275f5cf9.jpg\",\"contentUrl\":\"https:\/\/powered-by.qbank.se\/educatius\/media\/89807a0551dabf581fad0dc3275f5cf9.jpg\"},{\"@type\":\"BreadcrumbList\",\"@id\":\"https:\/\/www.sts-education.be\/nl\/scholen-in-het-buitenland\/zweden#breadcrumb\",\"itemListElement\":[{\"@type\":\"ListItem\",\"position\":1,\"name\":\"Accueil\",\"item\":\"https:\/\/www.sts-education.be\/nl\"},{\"@type\":\"ListItem\",\"position\":2,\"name\":\"School in het buitenland\",\"item\":\"https:\/\/www.sts-education.be\/nl\/scholen-in-het-buitenland\"},{\"@type\":\"ListItem\",\"position\":3,\"name\":\"Zweden\"}]},{\"@type\":\"WebSite\",\"@id\":\"https:\/\/www.sts-education.be\/nl#website\",\"url\":\"https:\/\/www.sts-education.be\/nl\",\"name\":\"sts-education.be\",\"description\":\"Unlock the world!\",\"publisher\":{\"@id\":\"https:\/\/www.sts-education.be\/nl#organization\"},\"potentialAction\":[{\"@type\":\"SearchAction\",\"target\":{\"@type\":\"EntryPoint\",\"urlTemplate\":\"https:\/\/www.sts-education.be\/nl?s={search_term_string}\"},\"query-input\":{\"@type\":\"PropertyValueSpecification\",\"valueRequired\":true,\"valueName\":\"search_term_string\"}}],\"inLanguage\":\"nl-BE\"},{\"@type\":\"Organization\",\"@id\":\"https:\/\/www.sts-education.be\/nl#organization\",\"name\":\"sts-education.be\",\"url\":\"https:\/\/www.sts-education.be\/nl\",\"logo\":{\"@type\":\"ImageObject\",\"inLanguage\":\"nl-BE\",\"@id\":\"https:\/\/www.sts-education.be\/nl#\/schema\/logo\/image\/\",\"url\":\"https:\/\/www.sts-education.be\/wp-content\/uploads\/sites\/2\/2025\/09\/cropped-STS-round-yellow-bkgr.png\",\"contentUrl\":\"https:\/\/www.sts-education.be\/wp-content\/uploads\/sites\/2\/2025\/09\/cropped-STS-round-yellow-bkgr.png\",\"width\":500,\"height\":460,\"caption\":\"sts-education.be\"},\"image\":{\"@id\":\"https:\/\/www.sts-education.be\/nl#\/schema\/logo\/image\/\"}}]}<\/script>\n<!-- \/ Yoast SEO Premium plugin. -->","yoast_head_json":{"title":"Studeer op een middelbare school in Zweden","description":"Word uitwisselingsstudent in Zweden. Studeer een semester of een schooljaar in het buitenland. Beleef de Zweedse ervaring met Educatius!","robots":{"index":"index","follow":"follow","max-snippet":"max-snippet:-1","max-image-preview":"max-image-preview:large","max-video-preview":"max-video-preview:-1"},"canonical":"https:\/\/www.sts-education.be\/nl\/scholen-in-het-buitenland\/zweden","og_locale":"nl_BE","og_type":"article","og_title":"Zweden","og_description":"Word uitwisselingsstudent in Zweden. Studeer een semester of een schooljaar in het buitenland. Beleef de Zweedse ervaring met Educatius!","og_url":"https:\/\/www.sts-education.be\/nl\/scholen-in-het-buitenland\/zweden","og_site_name":"sts-education.be","article_modified_time":"2025-09-02T10:17:20+00:00","og_image":[{"url":"https:\/\/powered-by.qbank.se\/educatius\/media\/89807a0551dabf581fad0dc3275f5cf9.jpg"}],"twitter_card":"summary_large_image","twitter_misc":{"Est. reading time":"3 minutes"},"schema":{"@context":"https:\/\/schema.org","@graph":[{"@type":"WebPage","@id":"https:\/\/www.sts-education.be\/nl\/scholen-in-het-buitenland\/zweden","url":"https:\/\/www.sts-education.be\/nl\/scholen-in-het-buitenland\/zweden","name":"Studeer op een middelbare school in Zweden","isPartOf":{"@id":"https:\/\/www.sts-education.be\/nl#website"},"primaryImageOfPage":{"@id":"https:\/\/www.sts-education.be\/nl\/scholen-in-het-buitenland\/zweden#primaryimage"},"image":{"@id":"https:\/\/www.sts-education.be\/nl\/scholen-in-het-buitenland\/zweden#primaryimage"},"thumbnailUrl":"https:\/\/powered-by.qbank.se\/educatius\/media\/89807a0551dabf581fad0dc3275f5cf9.jpg","datePublished":"2024-08-12T06:00:37+00:00","dateModified":"2025-09-02T10:17:20+00:00","description":"Word uitwisselingsstudent in Zweden. Studeer een semester of een schooljaar in het buitenland. Beleef de Zweedse ervaring met Educatius!","breadcrumb":{"@id":"https:\/\/www.sts-education.be\/nl\/scholen-in-het-buitenland\/zweden#breadcrumb"},"inLanguage":"nl-BE","potentialAction":[{"@type":"ReadAction","target":["https:\/\/www.sts-education.be\/nl\/scholen-in-het-buitenland\/zweden"]}]},{"@type":"ImageObject","inLanguage":"nl-BE","@id":"https:\/\/www.sts-education.be\/nl\/scholen-in-het-buitenland\/zweden#primaryimage","url":"https:\/\/powered-by.qbank.se\/educatius\/media\/89807a0551dabf581fad0dc3275f5cf9.jpg","contentUrl":"https:\/\/powered-by.qbank.se\/educatius\/media\/89807a0551dabf581fad0dc3275f5cf9.jpg"},{"@type":"BreadcrumbList","@id":"https:\/\/www.sts-education.be\/nl\/scholen-in-het-buitenland\/zweden#breadcrumb","itemListElement":[{"@type":"ListItem","position":1,"name":"Accueil","item":"https:\/\/www.sts-education.be\/nl"},{"@type":"ListItem","position":2,"name":"School in het buitenland","item":"https:\/\/www.sts-education.be\/nl\/scholen-in-het-buitenland"},{"@type":"ListItem","position":3,"name":"Zweden"}]},{"@type":"WebSite","@id":"https:\/\/www.sts-education.be\/nl#website","url":"https:\/\/www.sts-education.be\/nl","name":"sts-education.be","description":"Unlock the world!","publisher":{"@id":"https:\/\/www.sts-education.be\/nl#organization"},"potentialAction":[{"@type":"SearchAction","target":{"@type":"EntryPoint","urlTemplate":"https:\/\/www.sts-education.be\/nl?s={search_term_string}"},"query-input":{"@type":"PropertyValueSpecification","valueRequired":true,"valueName":"search_term_string"}}],"inLanguage":"nl-BE"},{"@type":"Organization","@id":"https:\/\/www.sts-education.be\/nl#organization","name":"sts-education.be","url":"https:\/\/www.sts-education.be\/nl","logo":{"@type":"ImageObject","inLanguage":"nl-BE","@id":"https:\/\/www.sts-education.be\/nl#\/schema\/logo\/image\/","url":"https:\/\/www.sts-education.be\/wp-content\/uploads\/sites\/2\/2025\/09\/cropped-STS-round-yellow-bkgr.png","contentUrl":"https:\/\/www.sts-education.be\/wp-content\/uploads\/sites\/2\/2025\/09\/cropped-STS-round-yellow-bkgr.png","width":500,"height":460,"caption":"sts-education.be"},"image":{"@id":"https:\/\/www.sts-education.be\/nl#\/schema\/logo\/image\/"}}]}},"_links":{"self":[{"href":"https:\/\/www.sts-education.be\/nl\/wp-json\/wp\/v2\/pages\/23470"}],"collection":[{"href":"https:\/\/www.sts-education.be\/nl\/wp-json\/wp\/v2\/pages"}],"about":[{"href":"https:\/\/www.sts-education.be\/nl\/wp-json\/wp\/v2\/types\/page"}],"author":[{"embeddable":true,"href":"https:\/\/www.sts-education.be\/nl\/wp-json\/wp\/v2\/users\/6"}],"replies":[{"embeddable":true,"href":"https:\/\/www.sts-education.be\/nl\/wp-json\/wp\/v2\/comments?post=23470"}],"version-history":[{"count":3,"href":"https:\/\/www.sts-education.be\/nl\/wp-json\/wp\/v2\/pages\/23470\/revisions"}],"predecessor-version":[{"id":24232,"href":"https:\/\/www.sts-education.be\/nl\/wp-json\/wp\/v2\/pages\/23470\/revisions\/24232"}],"up":[{"embeddable":true,"href":"https:\/\/www.sts-education.be\/nl\/wp-json\/wp\/v2\/pages\/23279"}],"wp:attachment":[{"href":"https:\/\/www.sts-education.be\/nl\/wp-json\/wp\/v2\/media?parent=23470"}],"wp:term":[{"taxonomy":"school_category","embeddable":true,"href":"https:\/\/www.sts-education.be\/nl\/wp-json\/wp\/v2\/school_category?post=23470"},{"taxonomy":"wf_page_folders","embeddable":true,"href":"https:\/\/www.sts-education.be\/nl\/wp-json\/wp\/v2\/wf_page_folders?post=23470"}],"curies":[{"name":"wp","href":"https:\/\/api.w.org\/{rel}","templated":true}]}}