{"id":23468,"date":"2025-01-24T15:10:37","date_gmt":"2025-01-24T15:10:37","guid":{"rendered":"https:\/\/www.educatius.be\/scholen-in-het-buitenland\/tussenjaar"},"modified":"2025-09-02T12:48:35","modified_gmt":"2025-09-02T12:48:35","slug":"tussenjaar","status":"publish","type":"page","link":"https:\/\/www.sts-education.be\/nl\/scholen-in-het-buitenland\/tussenjaar","title":{"rendered":"Tussenjaar"},"content":{"rendered":"\n<section class=\"inner-banner-section\"><div class=\"inner-banner-wrap\"><img decoding=\"async\" src=\"https:\/\/powered-by.qbank.se\/educatius\/media\/60466bdf7f23352d678d2c69674917d1.jpg\"\/><\/div><\/section><section class=\"banner-blue-box\" style=\"background:#fff04f\"><h1 style=\"color:#000000\">Een tussenjaar in het buitenland<\/h1><p style=\"color:#000000\">Ontdek een nieuwe cultuur en verbeter uw taalniveau!<\/p><\/section>\n\n\n<div class=\"container\"><span><span><a href=\"https:\/\/www.sts-education.be\/nl\">Accueil<\/a><\/span><\/span><\/div>\n\n\n\n<div class=\"wp-block-columns container is-layout-flex wp-container-core-columns-is-layout-2 wp-block-columns-is-layout-flex\">\n<div class=\"wp-block-column is-layout-flow wp-block-column-is-layout-flow\">\n<p><\/p>\n\n\n\n<h4 class=\"wp-block-heading has-primary-blue-color has-text-color has-link-color wp-elements-ed31e9951dec375bc56078297d7a9841\" id=\"h-wat-is-een-tussenjaar\">Wat is een tussenjaar?<\/h4>\n\n\n\n<p><\/p>\n\n\n\n<p class=\"has-text-color has-link-color wp-elements-fb7c2c6b8c8d1b9ddeb3790ee1a24b11\" style=\"color:#000000\">Het \u00b4<em>Seconde Rh\u00e9to<\/em>\u00b4 of \u00b4Gap Year\u00b4 is een studiejaar in het buitenland dat doorgaans door Belgische studenten wordt gebruikt om de wereld te ontdekken voordat ze aan hun hogere opleiding beginnen. Het biedt u de mogelijkheid om uw taalvaardigheden en uw autonomie te ontwikkelen, zodat u zich volledig kunt voorbereiden op het volwassen leven. Je kunt vrienden maken van over de hele wereld, unieke sporten beoefenen en nieuwe vakken ontdekken terwijl je profiteert van de hulp van Educatius!  <\/p>\n\n\n\n<p class=\"has-text-align-left has-text-color has-link-color wp-elements-2e43111e76aece6e63c1f706c972a017\" style=\"color:#000000\">Elk jaar gaan honderden studenten studeren in de Verenigde Staten, Spanje, het Verenigd Koninkrijk, Australi\u00eb&#8230; Wat als jij daar dit jaar \u00e9\u00e9n van was? <\/p>\n\n\n\n<div class=\"wp-block-group is-layout-constrained wp-block-group-is-layout-constrained\">\n<div class=\"wp-block-group is-nowrap is-layout-flex wp-container-core-group-is-layout-1 wp-block-group-is-layout-flex\">\n<div class=\"wp-block-columns is-layout-flex wp-container-core-columns-is-layout-1 wp-block-columns-is-layout-flex\">\n<div class=\"wp-block-column is-layout-flow wp-block-column-is-layout-flow\" style=\"flex-basis:25%\"><\/div>\n\n\n\n<div class=\"wp-block-column is-layout-flow wp-block-column-is-layout-flow\" style=\"flex-basis:50%\"><\/div>\n\n\n\n<div class=\"wp-block-column is-layout-flow wp-block-column-is-layout-flow\" style=\"flex-basis:25%\"><\/div>\n<\/div>\n\n\n\n<div class=\"wp-block-buttons is-layout-flex wp-block-buttons-is-layout-flex\"><\/div>\n<\/div>\n<\/div>\n\n\n\n<div class=\"wp-block-educatius-edu-button alignleft container\"><a rel=\"noopener\" class=\"btn btn-lg btn-primary\" href=\"\/planifier-consultation\" style=\"color:#000000;background-color:#fff04f\">Vertel ons over je wensen<\/a><\/div>\n\n\n\n<p><\/p>\n<\/div>\n\n\n\n<div class=\"wp-block-column is-layout-flow wp-block-column-is-layout-flow\">\n<div class=\"wp-block-educatius-bordered-text container\"><div class=\"quick-fact-section\"><h6 class=\"text-block-title text-primary\"><strong>Je opties:<\/strong><\/h6><ul class=\"list-group text-primary\"><li class=\"list-item\"><strong>Type programma:<\/strong> Classic, Select en Boarding<\/li><br><li class=\"list-item\"><strong>Duur:<\/strong> Jaar, semester of trimester<br><\/li><br><li class=\"list-item\"><strong>Vereist niveau en leeftijd<\/strong>: 12\/20 &#8211; 70% algemeen gemiddelde &#8211; maximaal 18 en een half jaar oud bij aankomst op de bestemming<br><\/li><br><li class=\"list-item\"><strong>Taalvereisten:<\/strong> B1 minimum voor Engelstalige bestemmingen<\/li><\/ul><\/div><\/div>\n<\/div>\n<\/div>\n\n\n\n<div class=\"wp-block-group is-layout-constrained wp-block-group-is-layout-constrained\">\n<div class=\"wp-block-group is-layout-constrained wp-block-group-is-layout-constrained\">\n<section class=\"wp-block-educatius-left-image-and-text highlight-section py-1 py-sm-5 py-md-5 py-5\"><div class=\"container my-3\"><div class=\"row\"><div class=\"col-md-6\"><img decoding=\"async\" src=\"https:\/\/powered-by.qbank.se\/educatius\/media\/dd4d6182b1e45cf8b03b35ca1b100bd8.jpg\" class=\"w-100\"\/><\/div><div class=\"col-md-6\"><div class=\"text-block-wrap py-md-0 px-md-5\"><span class=\"text-block-title\"><\/span><h3 class=\"text-block-title\">Kom je in aanmerking?<\/h3><p>Wij bieden onze tussenjaarprogramma\u00b4s aan voor studenten die bij aankomst op hun bestemming niet ouder zijn dan 18 jaar en 6 maanden. Daarnaast kijken we naar je academische ambities en resultaten.  <\/p><a href=\"\/planifier-consultation\" class=\"btn btn-outline-primary btn-lg\">Contacte-nous<\/a><\/div><\/div><\/div><\/div><\/section>\n<\/div>\n<\/div>\n\n\n\n<div class=\"wp-block-columns container is-layout-flex wp-container-core-columns-is-layout-7 wp-block-columns-is-layout-flex\">\n<div class=\"wp-block-column is-layout-flow wp-block-column-is-layout-flow\">\n<div class=\"wp-block-columns container is-layout-flex wp-container-core-columns-is-layout-3 wp-block-columns-is-layout-flex\">\n<div class=\"wp-block-column is-layout-flow wp-block-column-is-layout-flow\">\n<p><\/p>\n\n\n\n<h4 class=\"wp-block-heading has-primary-blue-color has-text-color has-link-color wp-elements-e971c7724fd3bba8664c0f2a06289fed\" id=\"h-pourquoi-educatius\">Pourquoi Educatius ?<\/h4>\n\n\n\n<p class=\"has-text-color has-link-color wp-elements-1fdcb56f718d203629bdcb714b80942f\" style=\"color:#000000\">Als je kiest voor Educatius, profiteer je van de expertise van de grootste organisatie ter wereld voor middelbare schooluitwisselingen in het buitenland. Met meer dan 250 partnerscholen over de hele wereld vind je ongetwijfeld de school die het beste bij je past, zodat je de best mogelijke uitwisseling gaat beleven. Als je kiest voor Educatius, kies je ook voor een organisatie die lokaal aanwezig is in de meeste van onze bestemmingen: lokale co\u00f6rdinatoren, gastgezinnen, agenten en medewerkers staan \u200b\u200bin direct contact met elkaar, zonder tussenpersoon. En last but not least: wij zijn de enige organisatie die voor elk van onze programma&#8217;s een <a href=\"https:\/\/www.educatius.be\/nl\/over-ons\/gegarandeerd-vertrek\">vertrekgarantie <\/a>biedt. Mocht een onvoorziene, ingrijpende omstandigheid uw deelname aan het door u gekozen programma verhinderen, dan bieden wij een vergelijkbaar of beter alternatief!    <\/p>\n<\/div>\n<\/div>\n\n\n\n<h3 class=\"wp-block-heading has-dark-gray-color has-text-color has-link-color wp-elements-9d2031f2cca3b9854ae0542b74a55106\" id=\"h-\"><\/h3>\n\n\n\n<div class=\"wp-block-columns container is-layout-flex wp-container-core-columns-is-layout-6 wp-block-columns-is-layout-flex\">\n<div class=\"wp-block-column is-layout-flow wp-block-column-is-layout-flow\">\n<p><\/p>\n\n\n\n<h4 class=\"wp-block-heading has-primary-blue-color has-text-color has-link-color wp-elements-6e46c635cea4121440fb814b6ea59141\" id=\"h-ontvang-onze-middelbare-schoolbrochure\">Ontvang onze middelbare schoolbrochure<\/h4>\n\n\n\n<p class=\"has-text-align-left has-text-color has-link-color wp-elements-ef0be8d8dd4e7c414c309e6afaa9d1a2\" style=\"color:#000000\">Download onze scholenbrochure voor meer informatie over onze uitwisselingsprogramma&#8217;s!<\/p>\n\n\n\n<div class=\"wp-block-group is-layout-constrained wp-block-group-is-layout-constrained\">\n<div class=\"wp-block-group is-nowrap is-layout-flex wp-container-core-group-is-layout-5 wp-block-group-is-layout-flex\">\n<div class=\"wp-block-columns is-layout-flex wp-container-core-columns-is-layout-4 wp-block-columns-is-layout-flex\">\n<div class=\"wp-block-column is-layout-flow wp-block-column-is-layout-flow\" style=\"flex-basis:25%\"><\/div>\n\n\n\n<div class=\"wp-block-column is-layout-flow wp-block-column-is-layout-flow\" style=\"flex-basis:50%\"><\/div>\n\n\n\n<div class=\"wp-block-column is-layout-flow wp-block-column-is-layout-flow\" style=\"flex-basis:25%\"><\/div>\n<\/div>\n<\/div>\n<\/div>\n\n\n\n<div class=\"wp-block-columns is-layout-flex wp-container-core-columns-is-layout-5 wp-block-columns-is-layout-flex\">\n<div class=\"wp-block-column is-vertically-aligned-center is-layout-flow wp-block-column-is-layout-flow\" style=\"flex-basis:100%\">\n<div class=\"wp-block-educatius-edu-button alignleft container\"><a rel=\"noopener\" class=\"btn btn-lg btn-primary\" href=\"\/brochure-des-ecoles-a-letranger\" style=\"color:#000000;background-color:#fff04f\">D\u00e9couvre notre brochure<\/a><\/div>\n<\/div>\n<\/div>\n<\/div>\n\n\n\n<div class=\"wp-block-column is-layout-flow wp-block-column-is-layout-flow\">\n<figure class=\"wp-block-embed is-type-video is-provider-vimeo wp-block-embed-vimeo wp-embed-aspect-16-9 wp-has-aspect-ratio\"><div class=\"wp-block-embed__wrapper\">\n<iframe loading=\"lazy\" title=\"Say yes to the American Dream!\" src=\"https:\/\/player.vimeo.com\/video\/862039363?dnt=1&amp;app_id=122963\" width=\"640\" height=\"360\" frameborder=\"0\" allow=\"autoplay; fullscreen; picture-in-picture; clipboard-write; encrypted-media\"><\/iframe>\n<\/div><\/figure>\n<\/div>\n<\/div>\n<\/div>\n<\/div>\n\n\n\n<div class=\"wp-block-group is-layout-flow wp-block-group-is-layout-flow\">\n<div class=\"wp-block-columns is-layout-flex wp-container-core-columns-is-layout-9 wp-block-columns-is-layout-flex\">\n<div class=\"wp-block-column is-vertically-aligned-center is-layout-flow wp-block-column-is-layout-flow\" style=\"flex-basis:100%\">\n<div class=\"wp-block-group has-very-light-blue-background-color has-background is-layout-flow wp-block-group-is-layout-flow\">\n<div class=\"wp-block-group is-layout-constrained wp-block-group-is-layout-constrained\">\n<div class=\"wp-block-columns is-layout-flex wp-container-core-columns-is-layout-8 wp-block-columns-is-layout-flex\">\n<div class=\"wp-block-column is-vertically-aligned-center is-layout-flow wp-block-column-is-layout-flow\" style=\"flex-basis:100%\"><\/div>\n<\/div>\n<\/div>\n<\/div>\n<\/div>\n<\/div>\n<\/div>\n\n\n\n<p><\/p>\n","protected":false},"excerpt":{"rendered":"<p>Wat is een tussenjaar? Het \u00b4Seconde Rh\u00e9to\u00b4 of \u00b4Gap Year\u00b4 is een studiejaar in het buitenland dat doorgaans door Belgische studenten wordt gebruikt om de wereld te ontdekken voordat ze aan hun hogere opleiding beginnen. Het biedt u de mogelijkheid om uw taalvaardigheden en uw autonomie te ontwikkelen, zodat u zich volledig kunt voorbereiden op [&hellip;]<\/p>\n","protected":false},"author":701,"featured_media":0,"parent":23279,"menu_order":0,"comment_status":"closed","ping_status":"closed","template":"","meta":{"_acf_changed":false,"inline_featured_image":false,"footnotes":""},"school_category":[],"wf_page_folders":[147],"class_list":["post-23468","page","type-page","status-publish","hentry"],"acf":[],"yoast_head":"<!-- This site is optimized with the Yoast SEO Premium plugin v23.4 (Yoast SEO v23.6) - https:\/\/yoast.com\/wordpress\/plugins\/seo\/ -->\n<title>Een tussenjaar in het buitenland<\/title>\n<meta name=\"description\" content=\"Word uitwisselingsstudent in de VS, Spanje, Canada of een andere bestemming. Verbeter je Engels en ontdek de cultuur!\" \/>\n<meta name=\"robots\" content=\"index, follow, max-snippet:-1, max-image-preview:large, max-video-preview:-1\" \/>\n<link rel=\"canonical\" href=\"https:\/\/www.sts-education.be\/nl\/scholen-in-het-buitenland\/tussenjaar\" \/>\n<meta property=\"og:locale\" content=\"nl_BE\" \/>\n<meta property=\"og:type\" content=\"article\" \/>\n<meta property=\"og:title\" content=\"Tussenjaar\" \/>\n<meta property=\"og:description\" content=\"Word uitwisselingsstudent in de VS, Spanje, Canada of een andere bestemming. Verbeter je Engels en ontdek de cultuur!\" \/>\n<meta property=\"og:url\" content=\"https:\/\/www.sts-education.be\/nl\/scholen-in-het-buitenland\/tussenjaar\" \/>\n<meta property=\"og:site_name\" content=\"sts-education.be\" \/>\n<meta property=\"article:modified_time\" content=\"2025-09-02T12:48:35+00:00\" \/>\n<meta property=\"og:image\" content=\"https:\/\/powered-by.qbank.se\/educatius\/media\/60466bdf7f23352d678d2c69674917d1.jpg\" \/>\n<meta name=\"twitter:card\" content=\"summary_large_image\" \/>\n<meta name=\"twitter:label1\" content=\"Est. reading time\" \/>\n\t<meta name=\"twitter:data1\" content=\"2 minutes\" \/>\n<script type=\"application\/ld+json\" class=\"yoast-schema-graph\">{\"@context\":\"https:\/\/schema.org\",\"@graph\":[{\"@type\":\"WebPage\",\"@id\":\"https:\/\/www.sts-education.be\/nl\/scholen-in-het-buitenland\/tussenjaar\",\"url\":\"https:\/\/www.sts-education.be\/nl\/scholen-in-het-buitenland\/tussenjaar\",\"name\":\"Een tussenjaar in het buitenland\",\"isPartOf\":{\"@id\":\"https:\/\/www.sts-education.be\/nl#website\"},\"primaryImageOfPage\":{\"@id\":\"https:\/\/www.sts-education.be\/nl\/scholen-in-het-buitenland\/tussenjaar#primaryimage\"},\"image\":{\"@id\":\"https:\/\/www.sts-education.be\/nl\/scholen-in-het-buitenland\/tussenjaar#primaryimage\"},\"thumbnailUrl\":\"https:\/\/powered-by.qbank.se\/educatius\/media\/60466bdf7f23352d678d2c69674917d1.jpg\",\"datePublished\":\"2025-01-24T15:10:37+00:00\",\"dateModified\":\"2025-09-02T12:48:35+00:00\",\"description\":\"Word uitwisselingsstudent in de VS, Spanje, Canada of een andere bestemming. Verbeter je Engels en ontdek de cultuur!\",\"breadcrumb\":{\"@id\":\"https:\/\/www.sts-education.be\/nl\/scholen-in-het-buitenland\/tussenjaar#breadcrumb\"},\"inLanguage\":\"nl-BE\",\"potentialAction\":[{\"@type\":\"ReadAction\",\"target\":[\"https:\/\/www.sts-education.be\/nl\/scholen-in-het-buitenland\/tussenjaar\"]}]},{\"@type\":\"ImageObject\",\"inLanguage\":\"nl-BE\",\"@id\":\"https:\/\/www.sts-education.be\/nl\/scholen-in-het-buitenland\/tussenjaar#primaryimage\",\"url\":\"https:\/\/powered-by.qbank.se\/educatius\/media\/60466bdf7f23352d678d2c69674917d1.jpg\",\"contentUrl\":\"https:\/\/powered-by.qbank.se\/educatius\/media\/60466bdf7f23352d678d2c69674917d1.jpg\"},{\"@type\":\"BreadcrumbList\",\"@id\":\"https:\/\/www.sts-education.be\/nl\/scholen-in-het-buitenland\/tussenjaar#breadcrumb\",\"itemListElement\":[{\"@type\":\"ListItem\",\"position\":1,\"name\":\"Accueil\",\"item\":\"https:\/\/www.sts-education.be\/nl\"},{\"@type\":\"ListItem\",\"position\":2,\"name\":\"School in het buitenland\",\"item\":\"https:\/\/www.sts-education.be\/nl\/scholen-in-het-buitenland\"},{\"@type\":\"ListItem\",\"position\":3,\"name\":\"Tussenjaar\"}]},{\"@type\":\"WebSite\",\"@id\":\"https:\/\/www.sts-education.be\/nl#website\",\"url\":\"https:\/\/www.sts-education.be\/nl\",\"name\":\"sts-education.be\",\"description\":\"Unlock the world!\",\"publisher\":{\"@id\":\"https:\/\/www.sts-education.be\/nl#organization\"},\"potentialAction\":[{\"@type\":\"SearchAction\",\"target\":{\"@type\":\"EntryPoint\",\"urlTemplate\":\"https:\/\/www.sts-education.be\/nl?s={search_term_string}\"},\"query-input\":{\"@type\":\"PropertyValueSpecification\",\"valueRequired\":true,\"valueName\":\"search_term_string\"}}],\"inLanguage\":\"nl-BE\"},{\"@type\":\"Organization\",\"@id\":\"https:\/\/www.sts-education.be\/nl#organization\",\"name\":\"sts-education.be\",\"url\":\"https:\/\/www.sts-education.be\/nl\",\"logo\":{\"@type\":\"ImageObject\",\"inLanguage\":\"nl-BE\",\"@id\":\"https:\/\/www.sts-education.be\/nl#\/schema\/logo\/image\/\",\"url\":\"https:\/\/www.sts-education.be\/wp-content\/uploads\/sites\/2\/2025\/09\/cropped-STS-round-yellow-bkgr.png\",\"contentUrl\":\"https:\/\/www.sts-education.be\/wp-content\/uploads\/sites\/2\/2025\/09\/cropped-STS-round-yellow-bkgr.png\",\"width\":500,\"height\":460,\"caption\":\"sts-education.be\"},\"image\":{\"@id\":\"https:\/\/www.sts-education.be\/nl#\/schema\/logo\/image\/\"}}]}<\/script>\n<!-- \/ Yoast SEO Premium plugin. -->","yoast_head_json":{"title":"Een tussenjaar in het buitenland","description":"Word uitwisselingsstudent in de VS, Spanje, Canada of een andere bestemming. Verbeter je Engels en ontdek de cultuur!","robots":{"index":"index","follow":"follow","max-snippet":"max-snippet:-1","max-image-preview":"max-image-preview:large","max-video-preview":"max-video-preview:-1"},"canonical":"https:\/\/www.sts-education.be\/nl\/scholen-in-het-buitenland\/tussenjaar","og_locale":"nl_BE","og_type":"article","og_title":"Tussenjaar","og_description":"Word uitwisselingsstudent in de VS, Spanje, Canada of een andere bestemming. Verbeter je Engels en ontdek de cultuur!","og_url":"https:\/\/www.sts-education.be\/nl\/scholen-in-het-buitenland\/tussenjaar","og_site_name":"sts-education.be","article_modified_time":"2025-09-02T12:48:35+00:00","og_image":[{"url":"https:\/\/powered-by.qbank.se\/educatius\/media\/60466bdf7f23352d678d2c69674917d1.jpg"}],"twitter_card":"summary_large_image","twitter_misc":{"Est. reading time":"2 minutes"},"schema":{"@context":"https:\/\/schema.org","@graph":[{"@type":"WebPage","@id":"https:\/\/www.sts-education.be\/nl\/scholen-in-het-buitenland\/tussenjaar","url":"https:\/\/www.sts-education.be\/nl\/scholen-in-het-buitenland\/tussenjaar","name":"Een tussenjaar in het buitenland","isPartOf":{"@id":"https:\/\/www.sts-education.be\/nl#website"},"primaryImageOfPage":{"@id":"https:\/\/www.sts-education.be\/nl\/scholen-in-het-buitenland\/tussenjaar#primaryimage"},"image":{"@id":"https:\/\/www.sts-education.be\/nl\/scholen-in-het-buitenland\/tussenjaar#primaryimage"},"thumbnailUrl":"https:\/\/powered-by.qbank.se\/educatius\/media\/60466bdf7f23352d678d2c69674917d1.jpg","datePublished":"2025-01-24T15:10:37+00:00","dateModified":"2025-09-02T12:48:35+00:00","description":"Word uitwisselingsstudent in de VS, Spanje, Canada of een andere bestemming. Verbeter je Engels en ontdek de cultuur!","breadcrumb":{"@id":"https:\/\/www.sts-education.be\/nl\/scholen-in-het-buitenland\/tussenjaar#breadcrumb"},"inLanguage":"nl-BE","potentialAction":[{"@type":"ReadAction","target":["https:\/\/www.sts-education.be\/nl\/scholen-in-het-buitenland\/tussenjaar"]}]},{"@type":"ImageObject","inLanguage":"nl-BE","@id":"https:\/\/www.sts-education.be\/nl\/scholen-in-het-buitenland\/tussenjaar#primaryimage","url":"https:\/\/powered-by.qbank.se\/educatius\/media\/60466bdf7f23352d678d2c69674917d1.jpg","contentUrl":"https:\/\/powered-by.qbank.se\/educatius\/media\/60466bdf7f23352d678d2c69674917d1.jpg"},{"@type":"BreadcrumbList","@id":"https:\/\/www.sts-education.be\/nl\/scholen-in-het-buitenland\/tussenjaar#breadcrumb","itemListElement":[{"@type":"ListItem","position":1,"name":"Accueil","item":"https:\/\/www.sts-education.be\/nl"},{"@type":"ListItem","position":2,"name":"School in het buitenland","item":"https:\/\/www.sts-education.be\/nl\/scholen-in-het-buitenland"},{"@type":"ListItem","position":3,"name":"Tussenjaar"}]},{"@type":"WebSite","@id":"https:\/\/www.sts-education.be\/nl#website","url":"https:\/\/www.sts-education.be\/nl","name":"sts-education.be","description":"Unlock the world!","publisher":{"@id":"https:\/\/www.sts-education.be\/nl#organization"},"potentialAction":[{"@type":"SearchAction","target":{"@type":"EntryPoint","urlTemplate":"https:\/\/www.sts-education.be\/nl?s={search_term_string}"},"query-input":{"@type":"PropertyValueSpecification","valueRequired":true,"valueName":"search_term_string"}}],"inLanguage":"nl-BE"},{"@type":"Organization","@id":"https:\/\/www.sts-education.be\/nl#organization","name":"sts-education.be","url":"https:\/\/www.sts-education.be\/nl","logo":{"@type":"ImageObject","inLanguage":"nl-BE","@id":"https:\/\/www.sts-education.be\/nl#\/schema\/logo\/image\/","url":"https:\/\/www.sts-education.be\/wp-content\/uploads\/sites\/2\/2025\/09\/cropped-STS-round-yellow-bkgr.png","contentUrl":"https:\/\/www.sts-education.be\/wp-content\/uploads\/sites\/2\/2025\/09\/cropped-STS-round-yellow-bkgr.png","width":500,"height":460,"caption":"sts-education.be"},"image":{"@id":"https:\/\/www.sts-education.be\/nl#\/schema\/logo\/image\/"}}]}},"_links":{"self":[{"href":"https:\/\/www.sts-education.be\/nl\/wp-json\/wp\/v2\/pages\/23468"}],"collection":[{"href":"https:\/\/www.sts-education.be\/nl\/wp-json\/wp\/v2\/pages"}],"about":[{"href":"https:\/\/www.sts-education.be\/nl\/wp-json\/wp\/v2\/types\/page"}],"author":[{"embeddable":true,"href":"https:\/\/www.sts-education.be\/nl\/wp-json\/wp\/v2\/users\/701"}],"replies":[{"embeddable":true,"href":"https:\/\/www.sts-education.be\/nl\/wp-json\/wp\/v2\/comments?post=23468"}],"version-history":[{"count":2,"href":"https:\/\/www.sts-education.be\/nl\/wp-json\/wp\/v2\/pages\/23468\/revisions"}],"predecessor-version":[{"id":24296,"href":"https:\/\/www.sts-education.be\/nl\/wp-json\/wp\/v2\/pages\/23468\/revisions\/24296"}],"up":[{"embeddable":true,"href":"https:\/\/www.sts-education.be\/nl\/wp-json\/wp\/v2\/pages\/23279"}],"wp:attachment":[{"href":"https:\/\/www.sts-education.be\/nl\/wp-json\/wp\/v2\/media?parent=23468"}],"wp:term":[{"taxonomy":"school_category","embeddable":true,"href":"https:\/\/www.sts-education.be\/nl\/wp-json\/wp\/v2\/school_category?post=23468"},{"taxonomy":"wf_page_folders","embeddable":true,"href":"https:\/\/www.sts-education.be\/nl\/wp-json\/wp\/v2\/wf_page_folders?post=23468"}],"curies":[{"name":"wp","href":"https:\/\/api.w.org\/{rel}","templated":true}]}}