{"id":23464,"date":"2024-08-21T08:00:09","date_gmt":"2024-08-21T08:00:09","guid":{"rendered":"https:\/\/www.educatius.be\/scholen-in-het-buitenland\/programmas\/het-select-programma"},"modified":"2025-09-02T10:30:37","modified_gmt":"2025-09-02T10:30:37","slug":"het-select-programma","status":"publish","type":"page","link":"https:\/\/www.sts-education.be\/nl\/scholen-in-het-buitenland\/programmas\/het-select-programma","title":{"rendered":"Het Select Programma"},"content":{"rendered":"\n<section class=\"inner-banner-section\"><div class=\"inner-banner-wrap\"><img decoding=\"async\" src=\"https:\/\/powered-by.qbank.se\/educatius\/media\/537a67c425f9008a3ba185308046cf72.jpg\"\/><\/div><\/section><section class=\"banner-blue-box\" style=\"background:#fff04f\"><h1 style=\"color:#000000\">Het Select Programma<\/h1><p style=\"color:#000000\">High School-ervaring op maat gemaakt op basis van je eigen dromen<\/p><\/section>\n\n\n<div class=\"container\"><span><span><a href=\"https:\/\/www.sts-education.be\/nl\">Accueil<\/a><\/span><\/span><\/div>\n\n\n\n<div class=\"wp-block-group is-layout-constrained wp-block-group-is-layout-constrained\">\n<div class=\"wp-block-columns container mt-3 mb-5 is-layout-flex wp-container-core-columns-is-layout-1 wp-block-columns-is-layout-flex\">\n<div class=\"wp-block-column is-layout-flow wp-block-column-is-layout-flow\">\n<div class=\"wp-block-educatius-title-paragraph-darkbutton container\"><div class=\"text-block-wrap py-4 py-md-0\"><h3 class=\"text-block-title text-primary\">Select Exchange<\/h3><p class=\"text-primary\">Ervaar grenzeloze mogelijkheden met ons internationale Select High School Programma voor scholieren. Of je nu droomt van studeren aan een strand in Californi\u00eb, in historisch Londen, of in een Medici-villa in Florence, onze high school-experts kunnen je uitwisselingsjaar afstemmen op je passies. Houd je van voetbal, kunst, STEM of een IB-diploma. Het Select-programma geeft je de mogelijkheid om je uitwisseling op jouw manier vorm te geven!  <br><br><strong>Ontdek je potentieel: zelf samengestelde uitwisseling<\/strong><br>Net als ons Classic Programma, bereidt het Select Programma je voor op een succesvolle toekomst door middel van de culturele ontdekkingstocht en het wonen bij een zorgzaam gastgezin. Maar het Select Programma biedt een extra laag aan, namelijk maatwerk. Ons toegewijde team van high school-uitwisselingsexperts cre\u00ebert een persoonlijke ervaring die aansluit bij jouw academische en persoonlijke ambities. Je gaat naar een openbare of priv\u00e9-school die aan al je wensen voldoet, op de locatie en in het land van jouw keuze.<br>Leer voor het leven in <a href=\"https:\/\/www.educatius.be\/nl\/scholen-in-het-buitenland\/verenigde-staten\">de VS<\/a>, <a href=\"https:\/\/www.educatius.be\/nl\/scholen-in-het-buitenland\/verenigd-koninkrijk\">het VK<\/a>, <a href=\"https:\/\/www.educatius.be\/nl\/scholen-in-het-buitenland\/ierland\">Ierland<\/a>, <a href=\"https:\/\/www.educatius.be\/nl\/scholen-in-het-buitenland\/canada\">Canada<\/a>, <a href=\"https:\/\/www.educatius.be\/nl\/scholen-in-het-buitenland\/australie\">Australi\u00eb<\/a>, <a href=\"https:\/\/www.educatius.be\/nl\/scholen-in-het-buitenland\/nieuw-zeeland\">Nieuw-Zeeland<\/a>, <a href=\"https:\/\/www.educatius.be\/nl\/scholen-in-het-buitenland\/frankrijk\">Frankrijk<\/a>, <a href=\"https:\/\/www.educatius.be\/nl\/scholen-in-het-buitenland\/spanje\">Spanje<\/a>, of <a href=\"https:\/\/www.educatius.be\/nl\/scholen-in-het-buitenland\/italie\">Itali\u00eb<\/a>.   <br><\/p><a href=\"\/planifier-consultation\" class=\"btn btn-primary\">R\u00e9serve une consultation gratuite<\/a><\/div><\/div>\n<\/div>\n\n\n\n<div class=\"wp-block-column is-layout-flow wp-block-column-is-layout-flow\">\n<div class=\"wp-block-educatius-bordered-text container\"><div class=\"quick-fact-section\"><h6 class=\"text-block-title text-primary\"><strong>Snelle feiten:<\/strong> <\/h6><ul class=\"list-group text-primary\"><strong>Kies land en locatie, academische doelen en activiteiten. Selecteer een school of laat ons je begeleiden. Je wordt gekoppeld aan een gastgezin.   <\/strong><br><br><li class=\"list-item\"><span style=\"font-weight: var(--bs-body-font-weight);text-align: var(--bs-body-text-align)\">Geografische dekking: VS, VK, Ierland, Canada, Australi\u00eb, Nieuw-Zeeland, Frankrijk, Spanje, R\u00e9union en Itali\u00eb<\/span><\/li><br><li class=\"list-item\">Leeftijd: 14-18<\/li><br><li class=\"list-item\">Accommodatie: Zorgvuldig gescreende gastgezinnen<\/li><br><li class=\"list-item\"><span style=\"font-weight: var(--bs-body-font-weight);text-align: var(--bs-body-text-align)\">Duur: Academisch jaar, semester, meerdere jaren of termijn (3 maanden)<\/span><\/li><br><li class=\"list-item\">Onge\u00ebvenaarde ondersteuning: Ervaren personeel begeleidt onze scholieren van droom tot examen<\/li><br><li class=\"list-item\">Keuze van gebied: Ja! Je kunt je specifieke school selecteren \u2013 priv\u00e9 of openbaar <\/li> <br><li class=\"list-item\">Diploma-optie: Mogelijkheid om af te studeren en een diploma te behalen op tal van scholen<\/li><br><li class=\"list-item\">Perfecte route naar de universiteit<\/li><br><li class=\"list-item\">Voor jou? Scholieren die specifieke programmafuncties zoeken, of een sterk academisch pad<\/li><br><em>De geschiktheid voor het Select-programma is school- en land specifiek, wat betekent dat details kunnen vari\u00ebren.<\/em><br><\/ul><a href=\"\/comment-ca-marche\" class=\"btn btn-outline-primary\">Comment \u00e7a marche <\/a><\/div><\/div>\n<\/div>\n<\/div>\n<\/div>\n\n\n\n<h3 class=\"wp-block-heading has-text-align-center mb-3 has-primary-blue-color has-text-color\" id=\"h-maak-je-carriere-toekomstbestendig\">Maak je carri\u00e8re toekomstbestendig<\/h3>\n\n\n\n<div class=\"wp-block-columns container is-layout-flex wp-container-core-columns-is-layout-2 wp-block-columns-is-layout-flex\">\n<div class=\"wp-block-column is-layout-flow wp-block-column-is-layout-flow\" style=\"flex-basis:20%\"><\/div>\n\n\n\n<div class=\"wp-block-column is-layout-flow wp-block-column-is-layout-flow\" style=\"flex-basis:60%\">\n<figure class=\"wp-block-embed is-type-video is-provider-vimeo wp-block-embed-vimeo wp-embed-aspect-16-9 wp-has-aspect-ratio\"><div class=\"wp-block-embed__wrapper\">\n<iframe loading=\"lazy\" title=\"Future-proof your career with Select USA\" src=\"https:\/\/player.vimeo.com\/video\/905956862?dnt=1&amp;app_id=122963\" width=\"640\" height=\"360\" frameborder=\"0\" allow=\"autoplay; fullscreen; picture-in-picture; clipboard-write; encrypted-media; web-share\" referrerpolicy=\"strict-origin-when-cross-origin\"><\/iframe>\n<\/div><\/figure>\n<\/div>\n\n\n\n<div class=\"wp-block-column is-layout-flow wp-block-column-is-layout-flow\" style=\"flex-basis:20%\"><\/div>\n<\/div>\n\n\n\n<div class=\"wp-block-educatius-underscore-heading container\"><h2 class=\"section-title text-center mx-auto mt-3 mb-5\">Het proces<\/h2><\/div>\n\n\n\n<section class=\"wp-block-educatius-progress-bar process-section\"><div class=\"container\"><div class=\"process-wrapper\"><div class=\"process-list\"><div class=\"section d-flex\"><div class=\"point\"><span>1.  <\/span><p><strong>Praat met een adviseur over wat je wilt<br><\/strong><\/p><\/div><div class=\"point\"><span>2.<\/span><p><strong>We werken samen aan je aanvraag.<br><\/strong><\/p><\/div><\/div><div class=\"section d-flex\"><div class=\"point\"><span>3.<\/span><p><strong>Wij dienen je droomaanvraag in<\/strong><br><\/p><\/div><div class=\"point\"><span>4.<\/span><p><strong>Wij regelen de betaling en de accommodatie<\/strong><br><\/p><\/div><\/div><\/div><ul class=\"process-line\"><li><li><li><li><\/ul><\/div><\/div><\/section>\n\n\n\n<div style=\"height:40px\" aria-hidden=\"true\" class=\"wp-block-spacer\"><\/div>\n\n\n\n<div class=\"wp-block-educatius-underscore-heading container\"><h2 class=\"section-title text-center mx-auto mt-3 mb-5\">Ontdek onze partnerscholen<\/h2><\/div>\n\n\n\n<section class=\"wp-block-educatius-left-image-and-text highlight-section py-1 py-sm-5 py-md-5 py-5\"><div class=\"container my-3\"><div class=\"row\"><div class=\"col-md-6\"><img decoding=\"async\" src=\"https:\/\/powered-by.qbank.se\/educatius\/media\/2c12edb773c206a91798f98be367a590.jpg\" class=\"w-100\"\/><\/div><div class=\"col-md-6\"><div class=\"text-block-wrap py-md-0 px-md-5\"><span class=\"text-block-title\"><\/span><h3 class=\"text-block-title\">Welkom bij Saint Edward\u2019s School<\/h3><p>Saint Edward\u2019s School, met zijn uitdagende curriculum en diverse programma\u2019s, nodigt internationale scholieren uit om te gedijen op een 33 hectare grote campus langs de Treasure Coast van Florida. Deze priv\u00e9school biedt eersteklas faciliteiten, een sterk sportprogramma en uitgebreid kunstonderwijs.  <\/p><a href=\"\/planifier-consultation\" class=\"btn btn-outline-primary btn-lg\">Contacte-nous<\/a><\/div><\/div><\/div><\/div><\/section>\n\n\n\n<div class=\"wp-block-columns is-layout-flex wp-container-core-columns-is-layout-3 wp-block-columns-is-layout-flex\">\n<div class=\"wp-block-column is-layout-flow wp-block-column-is-layout-flow\" style=\"flex-basis:100%\">\n<section class=\"wp-block-educatius-right-image-and-text highlight-section-reverse py-1 py-sm-5 py-md-5 py-5\"><div class=\"container my-3\"><div class=\"row\"><div class=\"col-md-6 order-md-1\"><img decoding=\"async\" src=\"https:\/\/powered-by.qbank.se\/educatius\/media\/249e0710272ffdc8a91dd80b2e24eb2d.jpg\" class=\"w-100\"\/><\/div><div class=\"col-md-6 order-md-0\"><div class=\"text-block-wrap py-md-0 px-md-5\"><span class=\"text-block-title\"><\/span><h3 class=\"text-block-title\">Welkom bij Newton South High School<\/h3><p><br><br>Newton South High School biedt uitstekende SAT-scores (1325) en heeft een toelatingspercentage van 97% voor universiteiten. Met STEAM, beroepsonderwijs, 5 talen en 20 AP-cursussen stelt het studenten in staat om uit te blinken en te gedijen in geavanceerde faciliteiten. Newton werd door Money Magazine uitgeroepen tot de 4e beste kleine stad om in Amerika te wonen.  <\/p><a href=\"\/planifier-consultation\" class=\"btn btn-outline-primary btn-lg\">Contacte-nous<\/a><\/div><\/div><\/div><\/div><\/section>\n<\/div>\n<\/div>\n\n\n\n<section class=\"wp-block-educatius-left-image-and-text highlight-section py-1 py-sm-5 py-md-5\"><div class=\"container my-3\"><div class=\"row\"><div class=\"col-md-6\"><img decoding=\"async\" src=\"https:\/\/powered-by.qbank.se\/educatius\/media\/87108d9be78e9c011fc13b6be65807c0.jpg\" class=\"w-100\"><\/div><div class=\"col-md-6\"><div class=\"text-block-wrap py-md-0 px-md-5\"><span class=\"text-block-title\"><\/span><h3 class=\"text-block-title\">Boek een gratis adviesgesprek <\/h3><p>Boek een persoonlijk gesprek met ons en vertel ons over je academische doelen. Samen vinden we de beste manier om je te helpen naar je droombestemming te reizen.  <\/p><a href=\"https:\/\/www.sts-education.be\/nl\/neem-contact-met-ons-op\" class=\"btn btn-outline-primary btn-lg\">Start je uitwisseling<\/a><\/div><\/div><\/div><\/div><\/section>\n","protected":false},"excerpt":{"rendered":"<p>Maak je carri\u00e8re toekomstbestendig<\/p>\n","protected":false},"author":701,"featured_media":22690,"parent":23291,"menu_order":0,"comment_status":"closed","ping_status":"closed","template":"","meta":{"_acf_changed":false,"inline_featured_image":false,"footnotes":""},"school_category":[],"wf_page_folders":[373],"class_list":["post-23464","page","type-page","status-publish","has-post-thumbnail","hentry"],"acf":[],"yoast_head":"<!-- This site is optimized with the Yoast SEO Premium plugin v23.4 (Yoast SEO v23.6) - https:\/\/yoast.com\/wordpress\/plugins\/seo\/ -->\n<title>Het Select Programma<\/title>\n<meta name=\"description\" content=\"Ontdek een wereld aan mogelijkheden met ons Select-programma voor middelbare scholen. Aangepast aan jouw dromen en academische doelen.\" \/>\n<meta name=\"robots\" content=\"index, follow, max-snippet:-1, max-image-preview:large, max-video-preview:-1\" \/>\n<link rel=\"canonical\" href=\"https:\/\/www.sts-education.be\/nl\/scholen-in-het-buitenland\/programmas\/het-select-programma\" \/>\n<meta property=\"og:locale\" content=\"nl_BE\" \/>\n<meta property=\"og:type\" content=\"article\" \/>\n<meta property=\"og:title\" content=\"Het Select Programma\" \/>\n<meta property=\"og:description\" content=\"Ontdek een wereld aan mogelijkheden met ons Select-programma voor middelbare scholen. Aangepast aan jouw dromen en academische doelen.\" \/>\n<meta property=\"og:url\" content=\"https:\/\/www.sts-education.be\/nl\/scholen-in-het-buitenland\/programmas\/het-select-programma\" \/>\n<meta property=\"og:site_name\" content=\"sts-education.be\" \/>\n<meta property=\"article:modified_time\" content=\"2025-09-02T10:30:37+00:00\" \/>\n<meta property=\"og:image\" content=\"https:\/\/www.sts-education.be\/wp-content\/uploads\/sites\/2\/2023\/10\/Academic-autumn-graduation-black-november-1.jpg\" \/>\n\t<meta property=\"og:image:width\" content=\"640\" \/>\n\t<meta property=\"og:image:height\" content=\"480\" \/>\n\t<meta property=\"og:image:type\" content=\"image\/jpeg\" \/>\n<meta name=\"twitter:card\" content=\"summary_large_image\" \/>\n<meta name=\"twitter:label1\" content=\"Est. reading time\" \/>\n\t<meta name=\"twitter:data1\" content=\"4 minutes\" \/>\n<script type=\"application\/ld+json\" class=\"yoast-schema-graph\">{\"@context\":\"https:\/\/schema.org\",\"@graph\":[{\"@type\":\"WebPage\",\"@id\":\"https:\/\/www.sts-education.be\/nl\/scholen-in-het-buitenland\/programmas\/het-select-programma\",\"url\":\"https:\/\/www.sts-education.be\/nl\/scholen-in-het-buitenland\/programmas\/het-select-programma\",\"name\":\"Het Select Programma\",\"isPartOf\":{\"@id\":\"https:\/\/www.sts-education.be\/nl#website\"},\"primaryImageOfPage\":{\"@id\":\"https:\/\/www.sts-education.be\/nl\/scholen-in-het-buitenland\/programmas\/het-select-programma#primaryimage\"},\"image\":{\"@id\":\"https:\/\/www.sts-education.be\/nl\/scholen-in-het-buitenland\/programmas\/het-select-programma#primaryimage\"},\"thumbnailUrl\":\"https:\/\/www.sts-education.be\/wp-content\/uploads\/sites\/2\/2023\/10\/Academic-autumn-graduation-black-november-1.jpg\",\"datePublished\":\"2024-08-21T08:00:09+00:00\",\"dateModified\":\"2025-09-02T10:30:37+00:00\",\"description\":\"Ontdek een wereld aan mogelijkheden met ons Select-programma voor middelbare scholen. Aangepast aan jouw dromen en academische doelen.\",\"breadcrumb\":{\"@id\":\"https:\/\/www.sts-education.be\/nl\/scholen-in-het-buitenland\/programmas\/het-select-programma#breadcrumb\"},\"inLanguage\":\"nl-BE\",\"potentialAction\":[{\"@type\":\"ReadAction\",\"target\":[\"https:\/\/www.sts-education.be\/nl\/scholen-in-het-buitenland\/programmas\/het-select-programma\"]}]},{\"@type\":\"ImageObject\",\"inLanguage\":\"nl-BE\",\"@id\":\"https:\/\/www.sts-education.be\/nl\/scholen-in-het-buitenland\/programmas\/het-select-programma#primaryimage\",\"url\":\"https:\/\/www.sts-education.be\/wp-content\/uploads\/sites\/2\/2023\/10\/Academic-autumn-graduation-black-november-1.jpg\",\"contentUrl\":\"https:\/\/www.sts-education.be\/wp-content\/uploads\/sites\/2\/2023\/10\/Academic-autumn-graduation-black-november-1.jpg\",\"width\":640,\"height\":480},{\"@type\":\"BreadcrumbList\",\"@id\":\"https:\/\/www.sts-education.be\/nl\/scholen-in-het-buitenland\/programmas\/het-select-programma#breadcrumb\",\"itemListElement\":[{\"@type\":\"ListItem\",\"position\":1,\"name\":\"Accueil\",\"item\":\"https:\/\/www.sts-education.be\/nl\"},{\"@type\":\"ListItem\",\"position\":2,\"name\":\"School in het buitenland\",\"item\":\"https:\/\/www.sts-education.be\/nl\/scholen-in-het-buitenland\"},{\"@type\":\"ListItem\",\"position\":3,\"name\":\"Programma\u00b4s\",\"item\":\"https:\/\/www.sts-education.be\/nl\/scholen-in-het-buitenland\/programmas\"},{\"@type\":\"ListItem\",\"position\":4,\"name\":\"Het Select Programma\"}]},{\"@type\":\"WebSite\",\"@id\":\"https:\/\/www.sts-education.be\/nl#website\",\"url\":\"https:\/\/www.sts-education.be\/nl\",\"name\":\"sts-education.be\",\"description\":\"Unlock the world!\",\"publisher\":{\"@id\":\"https:\/\/www.sts-education.be\/nl#organization\"},\"potentialAction\":[{\"@type\":\"SearchAction\",\"target\":{\"@type\":\"EntryPoint\",\"urlTemplate\":\"https:\/\/www.sts-education.be\/nl?s={search_term_string}\"},\"query-input\":{\"@type\":\"PropertyValueSpecification\",\"valueRequired\":true,\"valueName\":\"search_term_string\"}}],\"inLanguage\":\"nl-BE\"},{\"@type\":\"Organization\",\"@id\":\"https:\/\/www.sts-education.be\/nl#organization\",\"name\":\"sts-education.be\",\"url\":\"https:\/\/www.sts-education.be\/nl\",\"logo\":{\"@type\":\"ImageObject\",\"inLanguage\":\"nl-BE\",\"@id\":\"https:\/\/www.sts-education.be\/nl#\/schema\/logo\/image\/\",\"url\":\"https:\/\/www.sts-education.be\/wp-content\/uploads\/sites\/2\/2025\/09\/cropped-STS-round-yellow-bkgr.png\",\"contentUrl\":\"https:\/\/www.sts-education.be\/wp-content\/uploads\/sites\/2\/2025\/09\/cropped-STS-round-yellow-bkgr.png\",\"width\":500,\"height\":460,\"caption\":\"sts-education.be\"},\"image\":{\"@id\":\"https:\/\/www.sts-education.be\/nl#\/schema\/logo\/image\/\"}}]}<\/script>\n<!-- \/ Yoast SEO Premium plugin. -->","yoast_head_json":{"title":"Het Select Programma","description":"Ontdek een wereld aan mogelijkheden met ons Select-programma voor middelbare scholen. Aangepast aan jouw dromen en academische doelen.","robots":{"index":"index","follow":"follow","max-snippet":"max-snippet:-1","max-image-preview":"max-image-preview:large","max-video-preview":"max-video-preview:-1"},"canonical":"https:\/\/www.sts-education.be\/nl\/scholen-in-het-buitenland\/programmas\/het-select-programma","og_locale":"nl_BE","og_type":"article","og_title":"Het Select Programma","og_description":"Ontdek een wereld aan mogelijkheden met ons Select-programma voor middelbare scholen. Aangepast aan jouw dromen en academische doelen.","og_url":"https:\/\/www.sts-education.be\/nl\/scholen-in-het-buitenland\/programmas\/het-select-programma","og_site_name":"sts-education.be","article_modified_time":"2025-09-02T10:30:37+00:00","og_image":[{"width":640,"height":480,"url":"https:\/\/www.sts-education.be\/wp-content\/uploads\/sites\/2\/2023\/10\/Academic-autumn-graduation-black-november-1.jpg","type":"image\/jpeg"}],"twitter_card":"summary_large_image","twitter_misc":{"Est. reading time":"4 minutes"},"schema":{"@context":"https:\/\/schema.org","@graph":[{"@type":"WebPage","@id":"https:\/\/www.sts-education.be\/nl\/scholen-in-het-buitenland\/programmas\/het-select-programma","url":"https:\/\/www.sts-education.be\/nl\/scholen-in-het-buitenland\/programmas\/het-select-programma","name":"Het Select Programma","isPartOf":{"@id":"https:\/\/www.sts-education.be\/nl#website"},"primaryImageOfPage":{"@id":"https:\/\/www.sts-education.be\/nl\/scholen-in-het-buitenland\/programmas\/het-select-programma#primaryimage"},"image":{"@id":"https:\/\/www.sts-education.be\/nl\/scholen-in-het-buitenland\/programmas\/het-select-programma#primaryimage"},"thumbnailUrl":"https:\/\/www.sts-education.be\/wp-content\/uploads\/sites\/2\/2023\/10\/Academic-autumn-graduation-black-november-1.jpg","datePublished":"2024-08-21T08:00:09+00:00","dateModified":"2025-09-02T10:30:37+00:00","description":"Ontdek een wereld aan mogelijkheden met ons Select-programma voor middelbare scholen. Aangepast aan jouw dromen en academische doelen.","breadcrumb":{"@id":"https:\/\/www.sts-education.be\/nl\/scholen-in-het-buitenland\/programmas\/het-select-programma#breadcrumb"},"inLanguage":"nl-BE","potentialAction":[{"@type":"ReadAction","target":["https:\/\/www.sts-education.be\/nl\/scholen-in-het-buitenland\/programmas\/het-select-programma"]}]},{"@type":"ImageObject","inLanguage":"nl-BE","@id":"https:\/\/www.sts-education.be\/nl\/scholen-in-het-buitenland\/programmas\/het-select-programma#primaryimage","url":"https:\/\/www.sts-education.be\/wp-content\/uploads\/sites\/2\/2023\/10\/Academic-autumn-graduation-black-november-1.jpg","contentUrl":"https:\/\/www.sts-education.be\/wp-content\/uploads\/sites\/2\/2023\/10\/Academic-autumn-graduation-black-november-1.jpg","width":640,"height":480},{"@type":"BreadcrumbList","@id":"https:\/\/www.sts-education.be\/nl\/scholen-in-het-buitenland\/programmas\/het-select-programma#breadcrumb","itemListElement":[{"@type":"ListItem","position":1,"name":"Accueil","item":"https:\/\/www.sts-education.be\/nl"},{"@type":"ListItem","position":2,"name":"School in het buitenland","item":"https:\/\/www.sts-education.be\/nl\/scholen-in-het-buitenland"},{"@type":"ListItem","position":3,"name":"Programma\u00b4s","item":"https:\/\/www.sts-education.be\/nl\/scholen-in-het-buitenland\/programmas"},{"@type":"ListItem","position":4,"name":"Het Select Programma"}]},{"@type":"WebSite","@id":"https:\/\/www.sts-education.be\/nl#website","url":"https:\/\/www.sts-education.be\/nl","name":"sts-education.be","description":"Unlock the world!","publisher":{"@id":"https:\/\/www.sts-education.be\/nl#organization"},"potentialAction":[{"@type":"SearchAction","target":{"@type":"EntryPoint","urlTemplate":"https:\/\/www.sts-education.be\/nl?s={search_term_string}"},"query-input":{"@type":"PropertyValueSpecification","valueRequired":true,"valueName":"search_term_string"}}],"inLanguage":"nl-BE"},{"@type":"Organization","@id":"https:\/\/www.sts-education.be\/nl#organization","name":"sts-education.be","url":"https:\/\/www.sts-education.be\/nl","logo":{"@type":"ImageObject","inLanguage":"nl-BE","@id":"https:\/\/www.sts-education.be\/nl#\/schema\/logo\/image\/","url":"https:\/\/www.sts-education.be\/wp-content\/uploads\/sites\/2\/2025\/09\/cropped-STS-round-yellow-bkgr.png","contentUrl":"https:\/\/www.sts-education.be\/wp-content\/uploads\/sites\/2\/2025\/09\/cropped-STS-round-yellow-bkgr.png","width":500,"height":460,"caption":"sts-education.be"},"image":{"@id":"https:\/\/www.sts-education.be\/nl#\/schema\/logo\/image\/"}}]}},"_links":{"self":[{"href":"https:\/\/www.sts-education.be\/nl\/wp-json\/wp\/v2\/pages\/23464"}],"collection":[{"href":"https:\/\/www.sts-education.be\/nl\/wp-json\/wp\/v2\/pages"}],"about":[{"href":"https:\/\/www.sts-education.be\/nl\/wp-json\/wp\/v2\/types\/page"}],"author":[{"embeddable":true,"href":"https:\/\/www.sts-education.be\/nl\/wp-json\/wp\/v2\/users\/701"}],"replies":[{"embeddable":true,"href":"https:\/\/www.sts-education.be\/nl\/wp-json\/wp\/v2\/comments?post=23464"}],"version-history":[{"count":2,"href":"https:\/\/www.sts-education.be\/nl\/wp-json\/wp\/v2\/pages\/23464\/revisions"}],"predecessor-version":[{"id":24264,"href":"https:\/\/www.sts-education.be\/nl\/wp-json\/wp\/v2\/pages\/23464\/revisions\/24264"}],"up":[{"embeddable":true,"href":"https:\/\/www.sts-education.be\/nl\/wp-json\/wp\/v2\/pages\/23291"}],"wp:featuredmedia":[{"embeddable":true,"href":"https:\/\/www.sts-education.be\/nl\/wp-json\/wp\/v2\/media\/22690"}],"wp:attachment":[{"href":"https:\/\/www.sts-education.be\/nl\/wp-json\/wp\/v2\/media?parent=23464"}],"wp:term":[{"taxonomy":"school_category","embeddable":true,"href":"https:\/\/www.sts-education.be\/nl\/wp-json\/wp\/v2\/school_category?post=23464"},{"taxonomy":"wf_page_folders","embeddable":true,"href":"https:\/\/www.sts-education.be\/nl\/wp-json\/wp\/v2\/wf_page_folders?post=23464"}],"curies":[{"name":"wp","href":"https:\/\/api.w.org\/{rel}","templated":true}]}}