{"id":23462,"date":"2024-08-21T08:00:09","date_gmt":"2024-08-21T08:00:09","guid":{"rendered":"https:\/\/www.educatius.be\/scholen-in-het-buitenland\/programmas\/boarding-school-programma"},"modified":"2025-09-02T10:30:13","modified_gmt":"2025-09-02T10:30:13","slug":"boarding-school-programma","status":"publish","type":"page","link":"https:\/\/www.sts-education.be\/nl\/scholen-in-het-buitenland\/programmas\/boarding-school-programma","title":{"rendered":"Boarding School Programma"},"content":{"rendered":"\n<section class=\"inner-banner-section\"><div class=\"inner-banner-wrap\"><img decoding=\"async\" src=\"https:\/\/powered-by.qbank.se\/educatius\/media\/f65f78d68a2ceb7d945bbf22399e6886.jpg\"\/><\/div><\/section><section class=\"banner-blue-box\" style=\"background:#fff04f\"><h1 style=\"color:#000000\">Boarding School Programma<\/h1><p style=\"color:#000000\">Een academische reis als geen ander: een breed en kwalitatief hoogstaand palet aan onderwijs wacht op je op de campus<\/p><\/section>\n\n\n<div class=\"container\"><span><span><a href=\"https:\/\/www.sts-education.be\/nl\">Accueil<\/a><\/span><\/span><\/div>\n\n\n\n<div class=\"wp-block-group is-layout-constrained wp-block-group-is-layout-constrained\">\n<div class=\"wp-block-columns container mt-3 mb-5 is-layout-flex wp-container-core-columns-is-layout-1 wp-block-columns-is-layout-flex\">\n<div class=\"wp-block-column is-layout-flow wp-block-column-is-layout-flow\">\n<div class=\"wp-block-educatius-title-paragraph-darkbutton container\"><div class=\"text-block-wrap py-4 py-md-0\"><h3 class=\"text-block-title text-primary\">Boarding Exchange <\/h3><p class=\"text-primary\">Op zoek naar een middelbare schooluitwisseling die academische excellentie combineert met luxe voorzieningen? Ontdek vandaag nog ons Boarding Exchange Programma! Als uitwisselingsstudent op een internaat woon je direct op de campus, op slechts een paar stappen van je klaslokalen, de schoolgymzaal en andere faciliteiten. Geniet dagelijks van voedzame maaltijden, wereldklasse onderwijs, en een overvloed aan buitenschoolse activiteiten. Ontdek een werkelijk uitzonderlijk, educatief avontuur, exclusief beschikbaar via ons Boarding Exchange Programma.    <br><br><strong>Een wereld van mogelijkheden: Campus voor internationale studenten<\/strong><br>Internaten staan bekend om hun geavanceerde academische programma&#8217;s die studenten voorbereiden op toelating tot enkele van de beste hogescholen en universiteiten ter wereld. Ze gaan verder dan het gewone en bieden unieke faciliteiten en cursussen die je niet op andere middelbare scholen vindt. We hebben studenten geplaatst op internaten die een wereldwijd ondernemerschapsprogramma, voorprofessionele balletopleiding, paardenprogramma&#8217;s met stallen of zelfs vlieglessen aanbieden!<br>Leer voor het leven in <a href=\"https:\/\/www.educatius.be\/nl\/scholen-in-het-buitenland\/verenigde-staten\">de VS<\/a>, <a href=\"https:\/\/www.educatius.be\/nl\/scholen-in-het-buitenland\/verenigd-koninkrijk\">het VK<\/a>, <a href=\"https:\/\/www.educatius.be\/nl\/scholen-in-het-buitenland\/ierland\">Ierland<\/a>, <a href=\"https:\/\/www.educatius.be\/nl\/scholen-in-het-buitenland\/canada\">Canada<\/a>, <a href=\"https:\/\/www.educatius.be\/nl\/scholen-in-het-buitenland\/australie\">Australi\u00eb<\/a>, <a href=\"https:\/\/www.educatius.be\/nl\/scholen-in-het-buitenland\/nieuw-zeeland\">Nieuw-Zeeland<\/a>, <a href=\"https:\/\/www.educatius.be\/nl\/scholen-in-het-buitenland\/frankrijk\">Frankrijk<\/a>, <a href=\"https:\/\/www.educatius.be\/nl\/scholen-in-het-buitenland\/spanje\">Spanje<\/a>, <a href=\"https:\/\/www.educatius.be\/nl\/scholen-in-het-buitenland\/reunion\">R\u00e9union <\/a>en <a href=\"https:\/\/www.educatius.be\/nl\/scholen-in-het-buitenland\/italie\">Itali\u00eb<\/a>.  <br><\/p><a href=\"\/planifier-consultation\" class=\"btn btn-primary\">R\u00e9serve une consultation gratuite<\/a><\/div><\/div>\n<\/div>\n\n\n\n<div class=\"wp-block-column is-layout-flow wp-block-column-is-layout-flow\">\n<div class=\"wp-block-educatius-bordered-text container\"><div class=\"quick-fact-section\"><h6 class=\"text-block-title text-primary\"><strong>Korte feiten:<\/strong> <\/h6><ul class=\"list-group text-primary\"><strong>Kies zelf je Boarding School of laat ons je begeleiden. Alles-in-\u00e9\u00e9n op de campus. <\/strong><br><li class=\"list-item\"><span style=\"font-weight: var(--bs-body-font-weight);text-align: var(--bs-body-text-align)\">Geografische dekking: VS, VK, Ierland, Canada, Australi\u00eb, Nieuw-Zeeland, Frankrijk, Spanje, R\u00e9union en Itali\u00eb<\/span><\/li><br><li class=\"list-item\">Leeftijd: 13-19<\/li><br><li class=\"list-item\">Accommodatie: Op de campus, in een slaapzaal met toezicht door volwassenen<\/li><br><li class=\"list-item\"><span style=\"font-weight: var(--bs-body-font-weight);text-align: var(--bs-body-text-align)\">Duur: Academisch jaar, semester, meerdere jaren of termijn (3 maanden)<\/span><\/li><br><li class=\"list-item\">Onge\u00ebvenaarde ondersteuning: Ervaren medewerkers ondersteunen studenten van droom tot diploma<\/li><br><li class=\"list-item\">Keuze van locatie: Ja! Je kunt je specifieke school kiezen  <\/li> <br><li class=\"list-item\">Diploma-optie: Overweeg het Dual Diploma<\/li><br><li class=\"list-item\">Perfecte route naar de universiteit<\/li><br><li class=\"list-item\">Voor jou? Studenten die op zoek zijn naar specifieke programmakenmerken, een sterke academische route en het leven op de campus<\/li><\/ul><a href=\"\/comment-ca-marche\" class=\"btn btn-outline-primary\">Comment \u00e7a marche <\/a><\/div><\/div>\n<\/div>\n<\/div>\n<\/div>\n\n\n\n<div class=\"wp-block-columns container is-layout-flex wp-container-core-columns-is-layout-2 wp-block-columns-is-layout-flex\">\n<div class=\"wp-block-column is-layout-flow wp-block-column-is-layout-flow\">\n<h3 class=\"wp-block-heading has-primary-blue-color has-text-color\" id=\"h-voordelen-van-een-boarding-school-diploma\">Voordelen van een Boarding School diploma<\/h3>\n\n\n\n<ul class=\"wp-block-list\">\n<li>Meer toegang tot docenten en coaches<\/li>\n\n\n\n<li>Meer individuele aandacht<\/li>\n\n\n\n<li>Beter voorbereid op de universiteit<\/li>\n\n\n\n<li>Betere prestaties op de universiteit<\/li>\n\n\n\n<li>Meer Zelfstandigheid <\/li>\n\n\n\n<li>Meer leiderschapskansen<\/li>\n\n\n\n<li>Grotere kans om bij een Graduate School binnen te komen<\/li>\n\n\n\n<li>Grotere kans om tegen midden van hun carri\u00e8re door te groeien naar topmanagement<\/li>\n<\/ul>\n<\/div>\n\n\n\n<div class=\"wp-block-column is-layout-flow wp-block-column-is-layout-flow\">\n<figure class=\"wp-block-embed is-type-video is-provider-vimeo wp-block-embed-vimeo wp-embed-aspect-16-9 wp-has-aspect-ratio\"><div class=\"wp-block-embed__wrapper\">\n<iframe loading=\"lazy\" title=\"Unlock the dorm experience!\" src=\"https:\/\/player.vimeo.com\/video\/905953317?dnt=1&amp;app_id=122963\" width=\"640\" height=\"360\" frameborder=\"0\" allow=\"autoplay; fullscreen; picture-in-picture; clipboard-write; encrypted-media\"><\/iframe>\n<\/div><\/figure>\n<\/div>\n<\/div>\n\n\n\n<div class=\"wp-block-educatius-underscore-heading container\"><h2 class=\"section-title text-center mx-auto mt-3 mb-5\">Het proces<\/h2><\/div>\n\n\n\n<section class=\"wp-block-educatius-progress-bar process-section\"><div class=\"container\"><div class=\"process-wrapper\"><div class=\"process-list\"><div class=\"section d-flex\"><div class=\"point\"><span>1.  <\/span><p><strong>Praat met een adviseur over wat je wilt<br><\/strong><\/p><\/div><div class=\"point\"><span>2.<\/span><p><strong>We werken samen aan je aanvraag.<br><\/strong><\/p><\/div><\/div><div class=\"section d-flex\"><div class=\"point\"><span>3.<\/span><p><strong>Wij dienen je droomaanvraag in<\/strong><br><\/p><\/div><div class=\"point\"><span>4.<\/span><p><strong>Wij regelen de betaling en de accommodatie<\/strong><br><\/p><\/div><\/div><\/div><ul class=\"process-line\"><li><li><li><li><\/ul><\/div><\/div><\/section>\n\n\n\n<div style=\"height:40px\" aria-hidden=\"true\" class=\"wp-block-spacer\"><\/div>\n\n\n\n<div class=\"wp-block-group is-layout-constrained wp-block-group-is-layout-constrained\">\n<div class=\"wp-block-columns is-layout-flex wp-container-core-columns-is-layout-3 wp-block-columns-is-layout-flex\">\n<div class=\"wp-block-column is-layout-flow wp-block-column-is-layout-flow\" style=\"flex-basis:100%\">\n<div class=\"wp-block-educatius-underscore-heading container\"><h2 class=\"section-title text-center mx-auto mt-3 mb-5\">Onze Partner Scholen in de Spotlight<\/h2><\/div>\n<\/div>\n<\/div>\n<\/div>\n\n\n\n<section class=\"wp-block-educatius-left-image-and-text highlight-section py-1 py-sm-5 py-md-5 py-5\"><div class=\"container my-3\"><div class=\"row\"><div class=\"col-md-6\"><img decoding=\"async\" src=\"https:\/\/powered-by.qbank.se\/educatius\/media\/80de80d9c900c0245d4ea6e01d0180f3.jpg\" class=\"w-100\"\/><\/div><div class=\"col-md-6\"><div class=\"text-block-wrap py-md-0 px-md-5\"><span class=\"text-block-title\"><\/span><h3 class=\"text-block-title\">Welkom op de San Domenico School!<\/h3><p>San Domenico School is opgericht in 1850 en is Californi\u00eb&#8217;s eerste onafhankelijke instelling, die unieke keuzevakken, 15 sporten, 15 AP-cursussen en iPads voor alle studenten aanbiedt op een 515 hectare grote, door zonne-energie aangedreven campus. Bekroond op het gebied van duurzaamheid, kunst en sport, biedt het een rijke kostschoolervaring. <\/p><a href=\"\/planifier-consultation\" class=\"btn btn-outline-primary btn-lg\">Contacte-nous<\/a><\/div><\/div><\/div><\/div><\/section>\n\n\n\n<section class=\"wp-block-educatius-right-image-and-text highlight-section-reverse py-1 py-sm-5 py-md-5 py-5\"><div class=\"container my-3\"><div class=\"row\"><div class=\"col-md-6 order-md-1\"><img decoding=\"async\" src=\"https:\/\/powered-by.qbank.se\/educatius\/media\/e760fbed636849303e3d3556ee05c697.jpg\" class=\"w-100\"\/><\/div><div class=\"col-md-6 order-md-0\"><div class=\"text-block-wrap py-md-0 px-md-5\"><span class=\"text-block-title\"><\/span><h3 class=\"text-block-title\">Welkom bij Northfield Mount Hermon School <\/h3><p>Northfield Mount Hermon School biedt sterke academische programma&#8217;s en een prachtig New England-campus. Met meer dan 30 AP-cursussen en een rijke verscheidenheid aan buitenschoolse activiteiten volgen scholieren onderwijs van topniveau. De campus beschikt over een 34 hectare grote boerderij, een observatorium, een eersteklas sportcomplex en stimuleert artistiek talent in het 65.000 vierkante meter grote Rhodes Art Center.  <br><\/p><a href=\"\/planifier-consultation\" class=\"btn btn-outline-primary btn-lg\">Contacte-nous <\/a><\/div><\/div><\/div><\/div><\/section>\n\n\n\n<section class=\"wp-block-educatius-left-image-and-text highlight-section py-1 py-sm-5 py-md-5\"><div class=\"container my-3\"><div class=\"row\"><div class=\"col-md-6\"><img decoding=\"async\" src=\"https:\/\/powered-by.qbank.se\/educatius\/media\/87108d9be78e9c011fc13b6be65807c0.jpg\" class=\"w-100\"><\/div><div class=\"col-md-6\"><div class=\"text-block-wrap py-md-0 px-md-5\"><span class=\"text-block-title\"><\/span><h3 class=\"text-block-title\">Boek een gratis adviesgesprek <\/h3><p>Boek een persoonlijk gesprek met ons en vertel ons over je academische doelen. Samen vinden we de beste manier om je te helpen naar je droombestemming te reizen.  <\/p><a href=\"https:\/\/www.sts-education.be\/nl\/neem-contact-met-ons-op\" class=\"btn btn-outline-primary btn-lg\">Start je uitwisseling<\/a><\/div><\/div><\/div><\/div><\/section>\n","protected":false},"excerpt":{"rendered":"<p>Voordelen van een Boarding School diploma<\/p>\n","protected":false},"author":701,"featured_media":22691,"parent":23291,"menu_order":0,"comment_status":"closed","ping_status":"closed","template":"","meta":{"_acf_changed":false,"inline_featured_image":false,"footnotes":""},"school_category":[],"wf_page_folders":[373],"class_list":["post-23462","page","type-page","status-publish","has-post-thumbnail","hentry"],"acf":[],"yoast_head":"<!-- This site is optimized with the Yoast SEO Premium plugin v23.4 (Yoast SEO v23.6) - https:\/\/yoast.com\/wordpress\/plugins\/seo\/ -->\n<title>Boarding School Programma<\/title>\n<meta name=\"description\" content=\"Een academische reis als geen ander: een breed en kwalitatief hoogstaand palet aan onderwijs wacht op je op de campus\" \/>\n<meta name=\"robots\" content=\"index, follow, max-snippet:-1, max-image-preview:large, max-video-preview:-1\" \/>\n<link rel=\"canonical\" href=\"https:\/\/www.sts-education.be\/nl\/scholen-in-het-buitenland\/programmas\/boarding-school-programma\" \/>\n<meta property=\"og:locale\" content=\"nl_BE\" \/>\n<meta property=\"og:type\" content=\"article\" \/>\n<meta property=\"og:title\" content=\"Boarding School Programma\" \/>\n<meta property=\"og:description\" content=\"Een academische reis als geen ander: een breed en kwalitatief hoogstaand palet aan onderwijs wacht op je op de campus\" \/>\n<meta property=\"og:url\" content=\"https:\/\/www.sts-education.be\/nl\/scholen-in-het-buitenland\/programmas\/boarding-school-programma\" \/>\n<meta property=\"og:site_name\" content=\"sts-education.be\" \/>\n<meta property=\"article:modified_time\" content=\"2025-09-02T10:30:13+00:00\" \/>\n<meta property=\"og:image\" content=\"https:\/\/www.sts-education.be\/wp-content\/uploads\/sites\/2\/2023\/10\/Asian-student-girl-autumn.jpg\" \/>\n\t<meta property=\"og:image:width\" content=\"640\" \/>\n\t<meta property=\"og:image:height\" content=\"480\" \/>\n\t<meta property=\"og:image:type\" content=\"image\/jpeg\" \/>\n<meta name=\"twitter:card\" content=\"summary_large_image\" \/>\n<meta name=\"twitter:label1\" content=\"Est. reading time\" \/>\n\t<meta name=\"twitter:data1\" content=\"4 minutes\" \/>\n<script type=\"application\/ld+json\" class=\"yoast-schema-graph\">{\"@context\":\"https:\/\/schema.org\",\"@graph\":[{\"@type\":\"WebPage\",\"@id\":\"https:\/\/www.sts-education.be\/nl\/scholen-in-het-buitenland\/programmas\/boarding-school-programma\",\"url\":\"https:\/\/www.sts-education.be\/nl\/scholen-in-het-buitenland\/programmas\/boarding-school-programma\",\"name\":\"Boarding School Programma\",\"isPartOf\":{\"@id\":\"https:\/\/www.sts-education.be\/nl#website\"},\"primaryImageOfPage\":{\"@id\":\"https:\/\/www.sts-education.be\/nl\/scholen-in-het-buitenland\/programmas\/boarding-school-programma#primaryimage\"},\"image\":{\"@id\":\"https:\/\/www.sts-education.be\/nl\/scholen-in-het-buitenland\/programmas\/boarding-school-programma#primaryimage\"},\"thumbnailUrl\":\"https:\/\/www.sts-education.be\/wp-content\/uploads\/sites\/2\/2023\/10\/Asian-student-girl-autumn.jpg\",\"datePublished\":\"2024-08-21T08:00:09+00:00\",\"dateModified\":\"2025-09-02T10:30:13+00:00\",\"description\":\"Een academische reis als geen ander: een breed en kwalitatief hoogstaand palet aan onderwijs wacht op je op de campus\",\"breadcrumb\":{\"@id\":\"https:\/\/www.sts-education.be\/nl\/scholen-in-het-buitenland\/programmas\/boarding-school-programma#breadcrumb\"},\"inLanguage\":\"nl-BE\",\"potentialAction\":[{\"@type\":\"ReadAction\",\"target\":[\"https:\/\/www.sts-education.be\/nl\/scholen-in-het-buitenland\/programmas\/boarding-school-programma\"]}]},{\"@type\":\"ImageObject\",\"inLanguage\":\"nl-BE\",\"@id\":\"https:\/\/www.sts-education.be\/nl\/scholen-in-het-buitenland\/programmas\/boarding-school-programma#primaryimage\",\"url\":\"https:\/\/www.sts-education.be\/wp-content\/uploads\/sites\/2\/2023\/10\/Asian-student-girl-autumn.jpg\",\"contentUrl\":\"https:\/\/www.sts-education.be\/wp-content\/uploads\/sites\/2\/2023\/10\/Asian-student-girl-autumn.jpg\",\"width\":640,\"height\":480},{\"@type\":\"BreadcrumbList\",\"@id\":\"https:\/\/www.sts-education.be\/nl\/scholen-in-het-buitenland\/programmas\/boarding-school-programma#breadcrumb\",\"itemListElement\":[{\"@type\":\"ListItem\",\"position\":1,\"name\":\"Accueil\",\"item\":\"https:\/\/www.sts-education.be\/nl\"},{\"@type\":\"ListItem\",\"position\":2,\"name\":\"School in het buitenland\",\"item\":\"https:\/\/www.sts-education.be\/nl\/scholen-in-het-buitenland\"},{\"@type\":\"ListItem\",\"position\":3,\"name\":\"Programma\u00b4s\",\"item\":\"https:\/\/www.sts-education.be\/nl\/scholen-in-het-buitenland\/programmas\"},{\"@type\":\"ListItem\",\"position\":4,\"name\":\"Boarding School Programma\"}]},{\"@type\":\"WebSite\",\"@id\":\"https:\/\/www.sts-education.be\/nl#website\",\"url\":\"https:\/\/www.sts-education.be\/nl\",\"name\":\"sts-education.be\",\"description\":\"Unlock the world!\",\"publisher\":{\"@id\":\"https:\/\/www.sts-education.be\/nl#organization\"},\"potentialAction\":[{\"@type\":\"SearchAction\",\"target\":{\"@type\":\"EntryPoint\",\"urlTemplate\":\"https:\/\/www.sts-education.be\/nl?s={search_term_string}\"},\"query-input\":{\"@type\":\"PropertyValueSpecification\",\"valueRequired\":true,\"valueName\":\"search_term_string\"}}],\"inLanguage\":\"nl-BE\"},{\"@type\":\"Organization\",\"@id\":\"https:\/\/www.sts-education.be\/nl#organization\",\"name\":\"sts-education.be\",\"url\":\"https:\/\/www.sts-education.be\/nl\",\"logo\":{\"@type\":\"ImageObject\",\"inLanguage\":\"nl-BE\",\"@id\":\"https:\/\/www.sts-education.be\/nl#\/schema\/logo\/image\/\",\"url\":\"https:\/\/www.sts-education.be\/wp-content\/uploads\/sites\/2\/2025\/09\/cropped-STS-round-yellow-bkgr.png\",\"contentUrl\":\"https:\/\/www.sts-education.be\/wp-content\/uploads\/sites\/2\/2025\/09\/cropped-STS-round-yellow-bkgr.png\",\"width\":500,\"height\":460,\"caption\":\"sts-education.be\"},\"image\":{\"@id\":\"https:\/\/www.sts-education.be\/nl#\/schema\/logo\/image\/\"}}]}<\/script>\n<!-- \/ Yoast SEO Premium plugin. -->","yoast_head_json":{"title":"Boarding School Programma","description":"Een academische reis als geen ander: een breed en kwalitatief hoogstaand palet aan onderwijs wacht op je op de campus","robots":{"index":"index","follow":"follow","max-snippet":"max-snippet:-1","max-image-preview":"max-image-preview:large","max-video-preview":"max-video-preview:-1"},"canonical":"https:\/\/www.sts-education.be\/nl\/scholen-in-het-buitenland\/programmas\/boarding-school-programma","og_locale":"nl_BE","og_type":"article","og_title":"Boarding School Programma","og_description":"Een academische reis als geen ander: een breed en kwalitatief hoogstaand palet aan onderwijs wacht op je op de campus","og_url":"https:\/\/www.sts-education.be\/nl\/scholen-in-het-buitenland\/programmas\/boarding-school-programma","og_site_name":"sts-education.be","article_modified_time":"2025-09-02T10:30:13+00:00","og_image":[{"width":640,"height":480,"url":"https:\/\/www.sts-education.be\/wp-content\/uploads\/sites\/2\/2023\/10\/Asian-student-girl-autumn.jpg","type":"image\/jpeg"}],"twitter_card":"summary_large_image","twitter_misc":{"Est. reading time":"4 minutes"},"schema":{"@context":"https:\/\/schema.org","@graph":[{"@type":"WebPage","@id":"https:\/\/www.sts-education.be\/nl\/scholen-in-het-buitenland\/programmas\/boarding-school-programma","url":"https:\/\/www.sts-education.be\/nl\/scholen-in-het-buitenland\/programmas\/boarding-school-programma","name":"Boarding School Programma","isPartOf":{"@id":"https:\/\/www.sts-education.be\/nl#website"},"primaryImageOfPage":{"@id":"https:\/\/www.sts-education.be\/nl\/scholen-in-het-buitenland\/programmas\/boarding-school-programma#primaryimage"},"image":{"@id":"https:\/\/www.sts-education.be\/nl\/scholen-in-het-buitenland\/programmas\/boarding-school-programma#primaryimage"},"thumbnailUrl":"https:\/\/www.sts-education.be\/wp-content\/uploads\/sites\/2\/2023\/10\/Asian-student-girl-autumn.jpg","datePublished":"2024-08-21T08:00:09+00:00","dateModified":"2025-09-02T10:30:13+00:00","description":"Een academische reis als geen ander: een breed en kwalitatief hoogstaand palet aan onderwijs wacht op je op de campus","breadcrumb":{"@id":"https:\/\/www.sts-education.be\/nl\/scholen-in-het-buitenland\/programmas\/boarding-school-programma#breadcrumb"},"inLanguage":"nl-BE","potentialAction":[{"@type":"ReadAction","target":["https:\/\/www.sts-education.be\/nl\/scholen-in-het-buitenland\/programmas\/boarding-school-programma"]}]},{"@type":"ImageObject","inLanguage":"nl-BE","@id":"https:\/\/www.sts-education.be\/nl\/scholen-in-het-buitenland\/programmas\/boarding-school-programma#primaryimage","url":"https:\/\/www.sts-education.be\/wp-content\/uploads\/sites\/2\/2023\/10\/Asian-student-girl-autumn.jpg","contentUrl":"https:\/\/www.sts-education.be\/wp-content\/uploads\/sites\/2\/2023\/10\/Asian-student-girl-autumn.jpg","width":640,"height":480},{"@type":"BreadcrumbList","@id":"https:\/\/www.sts-education.be\/nl\/scholen-in-het-buitenland\/programmas\/boarding-school-programma#breadcrumb","itemListElement":[{"@type":"ListItem","position":1,"name":"Accueil","item":"https:\/\/www.sts-education.be\/nl"},{"@type":"ListItem","position":2,"name":"School in het buitenland","item":"https:\/\/www.sts-education.be\/nl\/scholen-in-het-buitenland"},{"@type":"ListItem","position":3,"name":"Programma\u00b4s","item":"https:\/\/www.sts-education.be\/nl\/scholen-in-het-buitenland\/programmas"},{"@type":"ListItem","position":4,"name":"Boarding School Programma"}]},{"@type":"WebSite","@id":"https:\/\/www.sts-education.be\/nl#website","url":"https:\/\/www.sts-education.be\/nl","name":"sts-education.be","description":"Unlock the world!","publisher":{"@id":"https:\/\/www.sts-education.be\/nl#organization"},"potentialAction":[{"@type":"SearchAction","target":{"@type":"EntryPoint","urlTemplate":"https:\/\/www.sts-education.be\/nl?s={search_term_string}"},"query-input":{"@type":"PropertyValueSpecification","valueRequired":true,"valueName":"search_term_string"}}],"inLanguage":"nl-BE"},{"@type":"Organization","@id":"https:\/\/www.sts-education.be\/nl#organization","name":"sts-education.be","url":"https:\/\/www.sts-education.be\/nl","logo":{"@type":"ImageObject","inLanguage":"nl-BE","@id":"https:\/\/www.sts-education.be\/nl#\/schema\/logo\/image\/","url":"https:\/\/www.sts-education.be\/wp-content\/uploads\/sites\/2\/2025\/09\/cropped-STS-round-yellow-bkgr.png","contentUrl":"https:\/\/www.sts-education.be\/wp-content\/uploads\/sites\/2\/2025\/09\/cropped-STS-round-yellow-bkgr.png","width":500,"height":460,"caption":"sts-education.be"},"image":{"@id":"https:\/\/www.sts-education.be\/nl#\/schema\/logo\/image\/"}}]}},"_links":{"self":[{"href":"https:\/\/www.sts-education.be\/nl\/wp-json\/wp\/v2\/pages\/23462"}],"collection":[{"href":"https:\/\/www.sts-education.be\/nl\/wp-json\/wp\/v2\/pages"}],"about":[{"href":"https:\/\/www.sts-education.be\/nl\/wp-json\/wp\/v2\/types\/page"}],"author":[{"embeddable":true,"href":"https:\/\/www.sts-education.be\/nl\/wp-json\/wp\/v2\/users\/701"}],"replies":[{"embeddable":true,"href":"https:\/\/www.sts-education.be\/nl\/wp-json\/wp\/v2\/comments?post=23462"}],"version-history":[{"count":2,"href":"https:\/\/www.sts-education.be\/nl\/wp-json\/wp\/v2\/pages\/23462\/revisions"}],"predecessor-version":[{"id":24261,"href":"https:\/\/www.sts-education.be\/nl\/wp-json\/wp\/v2\/pages\/23462\/revisions\/24261"}],"up":[{"embeddable":true,"href":"https:\/\/www.sts-education.be\/nl\/wp-json\/wp\/v2\/pages\/23291"}],"wp:featuredmedia":[{"embeddable":true,"href":"https:\/\/www.sts-education.be\/nl\/wp-json\/wp\/v2\/media\/22691"}],"wp:attachment":[{"href":"https:\/\/www.sts-education.be\/nl\/wp-json\/wp\/v2\/media?parent=23462"}],"wp:term":[{"taxonomy":"school_category","embeddable":true,"href":"https:\/\/www.sts-education.be\/nl\/wp-json\/wp\/v2\/school_category?post=23462"},{"taxonomy":"wf_page_folders","embeddable":true,"href":"https:\/\/www.sts-education.be\/nl\/wp-json\/wp\/v2\/wf_page_folders?post=23462"}],"curies":[{"name":"wp","href":"https:\/\/api.w.org\/{rel}","templated":true}]}}