{"id":23456,"date":"2024-08-09T11:00:49","date_gmt":"2024-08-09T11:00:49","guid":{"rendered":"https:\/\/www.educatius.be\/scholen-in-het-buitenland\/nieuw-zeeland"},"modified":"2025-09-02T10:22:41","modified_gmt":"2025-09-02T10:22:41","slug":"nieuw-zeeland","status":"publish","type":"page","link":"https:\/\/www.sts-education.be\/nl\/scholen-in-het-buitenland\/nieuw-zeeland","title":{"rendered":"Nieuw-Zeeland"},"content":{"rendered":"\n<section class=\"inner-banner-section\"><div class=\"inner-banner-wrap\"><img decoding=\"async\" src=\"https:\/\/powered-by.qbank.se\/educatius\/media\/9acd09f9c8b6991cfb734e9dbd3acd05.jpg\"\/><\/div><\/section><section class=\"banner-blue-box\" style=\"background:#fff04f\"><h1 style=\"color:#000000\">Studeer op een middelbare school in Nieuw-Zeeland<\/h1><p style=\"color:#000000\">Beleef de tijd van je leven!<br>Van bergen tot woestijn, van regenwoud tot kust, Nieuw-Zeeland heeft het allemaal!<\/p><\/section>\n\n\n<div class=\"container\"><span><span><a href=\"https:\/\/www.sts-education.be\/nl\">Accueil<\/a><\/span><\/span><\/div>\n\n\n\n<div class=\"wp-block-columns container is-layout-flex wp-container-core-columns-is-layout-1 wp-block-columns-is-layout-flex\">\n<div class=\"wp-block-column is-layout-flow wp-block-column-is-layout-flow\">\n<div class=\"wp-block-educatius-title-paragraph-darkbutton container\"><div class=\"text-block-wrap py-4 py-md-0\"><h3 class=\"text-block-title text-primary\">Een internationale scholier zijn in Nieuw-Zeeland<\/h3><p class=\"text-primary\">Nieuw-Zeelands Noord- en Zuidereiland bieden een ongelooflijke diversiteit aan geografie en terrein. En toch is niets meer dan een uur verwijderd! Dit vriendelijke land is een geweldige plek om alles te verkennen, een enerverende en spannende ervaring in een van de mooiste landen ter wereld. <\/p><a href=\"\/planifier-consultation\" class=\"btn btn-primary\">Engage la conversation<\/a><\/div><\/div>\n<\/div>\n\n\n\n<div class=\"wp-block-column is-layout-flow wp-block-column-is-layout-flow\">\n<div class=\"wp-block-educatius-bordered-text container\"><div class=\"quick-fact-section\"><h6 class=\"text-block-title text-primary\"><strong>Korte feiten:<\/strong><\/h6><ul class=\"list-group text-primary\"><li class=\"list-item\"><strong>Programmatypes: <\/strong>Classic (gelimiteerde plaatsen), Select, Boarding<br><\/li><br><li class=\"list-item\"><strong>Programmaduur<\/strong>: termijn (3 maanden), semester, jaar, academisch jaar, meerdere jaren<br><\/li><br><li class=\"list-item\"><strong>Taalvereisten:<\/strong> Geen formele test vereist, maar een redelijk niveau van Engelse taalvaardigheid is noodzakelijk. Schoolrapporten zijn vereist. ESL is beschikbaar voor alle niveaus  <br><\/li><br><li class=\"list-item\">Soft Landing Camp in Auckland en extra excursies beschikbaar tegen extra kosten<\/li><\/ul><\/div><\/div>\n<\/div>\n<\/div>\n\n\n\n<section class=\"wp-block-educatius-right-image-and-text highlight-section-reverse py-1 py-sm-5 py-md-5 py-5\"><div class=\"container my-3\"><div class=\"row\"><div class=\"col-md-6 order-md-1\"><img decoding=\"async\" src=\"https:\/\/powered-by.qbank.se\/educatius\/media\/e0e9aac8a8b927ecef9e62a1633573d5.jpg\" class=\"w-100\"\/><\/div><div class=\"col-md-6 order-md-0\"><div class=\"text-block-wrap py-md-0 px-md-5\"><span class=\"text-block-title\"><\/span><h3 class=\"text-block-title\">Ontvang onze middelbare schoolbrochure<\/h3><p>Ontvang onze middelbare school brochure voor meer informatie over onze uitwisselingsprogramma&#8217;s!<\/p><a href=\"\/brochure-des-ecoles-a-letranger\" class=\"btn btn-outline-primary btn-lg\">Obtenir la brochure <\/a><\/div><\/div><\/div><\/div><\/section>\n\n\n\n<div class=\"wp-block-group is-layout-flow wp-block-group-is-layout-flow\">\n<div class=\"wp-block-columns is-layout-flex wp-container-core-columns-is-layout-3 wp-block-columns-is-layout-flex\">\n<div class=\"wp-block-column is-layout-flow wp-block-column-is-layout-flow\" style=\"flex-basis:100%\">\n<div class=\"wp-block-group py-5 has-very-light-blue-background-color has-background is-layout-flow wp-block-group-is-layout-flow\">\n<div class=\"wp-block-educatius-underscore-heading container\"><h2 class=\"section-title text-center mx-auto mt-3 mb-5\">Veelgestelde vragen<\/h2><\/div>\n\n\n\n<div class=\"wp-block-columns container is-layout-flex wp-container-core-columns-is-layout-2 wp-block-columns-is-layout-flex\">\n<div class=\"wp-block-column is-layout-flow wp-block-column-is-layout-flow\">\n<div class=\"wp-block-educatius-faq-accordion container\"><div class=\"accordion\" id=\"accordionExample\"><div class=\"accordion-item\"><h2 class=\"accordion-header\" id=\"heading244\"><button class=\"accordion-button collapsed\" type=\"button\" data-bs-toggle=\"collapse\" data-bs-target=\"#tab244\" aria-expanded=\"false\" aria-controls=\"tab244\">Pourquoi choisir Educatius pour mon ann\u00e9e scolaire  en Nouvelle-Z\u00e9lande ?<\/button><\/h2><div id=\"tab244\" class=\"accordion-collapse collapse\" aria-labelledby=\"heading244\" data-bs-parent=\"#accordionExample\"><div class=\"accordion-body\"><p>Educatius dispose d&#8217;un portfolio d&#8217;\u00e9coles incomparable en Nouvelle-Z\u00e9lande. Nous sommes la plus grande organisation au monde d\u00e9di\u00e9e exclusivement aux \u00e9changes scolaires au niveau secondaire. Pour te pr\u00e9parer \u00e0 ton \u00e9change en Nouvelle-Z\u00e9lande, nous offrons un camp d&#8217;orientation de quatre jours \u00e0 Auckland au d\u00e9but de l&#8217;ann\u00e9e scolaire. Nous te soutenons tout au long du processus de candidature et de visa, tandis que nos partenaires n\u00e9o-z\u00e9landais exp\u00e9riment\u00e9s sur place t&#8217;accompagnent tout au long de ton s\u00e9jour, en travaillant avec toi, ta famille d&#8217;accueil et ton \u00e9cole pour orienter tout le monde et agir en tant que liaison pour r\u00e9soudre les \u00e9ventuels probl\u00e8mes.<\/p><\/div><\/div><\/div><div class=\"accordion-item\"><h2 class=\"accordion-header\" id=\"heading9409\"><button class=\"accordion-button collapsed\" type=\"button\" data-bs-toggle=\"collapse\" data-bs-target=\"#tab9409\" aria-expanded=\"false\" aria-controls=\"tab9409\">Quelle est l&#8217;importance d&#8217;\u00e9tudier en Nouvelle-Z\u00e9lande en tant qu&#8217;\u00e9tudiant international ?<\/button><\/h2><div id=\"tab9409\" class=\"accordion-collapse collapse\" aria-labelledby=\"heading9409\" data-bs-parent=\"#accordionExample\"><div class=\"accordion-body\"><p>Les \u00e9coles n\u00e9o-z\u00e9landaises jouissent d&#8217;une excellente r\u00e9putation internationale, et la Nouvelle-Z\u00e9lande est l&#8217;une des soci\u00e9t\u00e9s les plus ouvertes, tol\u00e9rantes et amicales au monde. Ton s\u00e9jour dans ce pays unique et passionnant renforcera ta confiance en toi et t&#8217;offrira une exp\u00e9rience inoubliable pendant ton \u00e9change scolaire international !<\/p><\/div><\/div><\/div><div class=\"accordion-item\"><h2 class=\"accordion-header\" id=\"heading1362\"><button class=\"accordion-button collapsed\" type=\"button\" data-bs-toggle=\"collapse\" data-bs-target=\"#tab1362\" aria-expanded=\"false\" aria-controls=\"tab1362\">Qui s&#8217;occupe de moi pendant le programme ?<\/button><\/h2><div id=\"tab1362\" class=\"accordion-collapse collapse\" aria-labelledby=\"heading1362\" data-bs-parent=\"#accordionExample\"><div class=\"accordion-body\"><p>Si tu choisis un internat, tu vivras sur le campus avec tes amis, \u00e0 proximit\u00e9 de tes cours, sous la supervision d&#8217;adultes attentionn\u00e9s. Tu profiteras d&#8217;un large choix de repas et d&#8217;une grande vari\u00e9t\u00e9 d&#8217;activit\u00e9s acad\u00e9miques et extrascolaires. Si tu es dans le programme Classic ou Select, tu s\u00e9journeras dans une famille d&#8217;accueil n\u00e9o-z\u00e9landaise soigneusement s\u00e9lectionn\u00e9e pr\u00e8s de ton \u00e9cole. Ils te pr\u00e9senteront la culture kiwi et te donneront un aper\u00e7u de la vie en Nouvelle-Z\u00e9lande. Le terme &#8220;Kiwi&#8221; est un surnom utilis\u00e9 pour d\u00e9crire les habitants de la Nouvelle-Z\u00e9lande, d&#8217;apr\u00e8s l&#8217;oiseau Kiwi. Chacune de nos familles d&#8217;accueil est unique et int\u00e9ressante, qu&#8217;elle vive en ville, sur la c\u00f4te ou \u00e0 la campagne, qu&#8217;elle ait des enfants ou non. Ce qu&#8217;elles ont en commun, c&#8217;est qu&#8217;elles sont ravies de t&#8217;accueillir chez elles et dans leur vie.<\/p><\/div><\/div><\/div><div class=\"accordion-item\"><h2 class=\"accordion-header\" id=\"heading4012\"><button class=\"accordion-button collapsed\" type=\"button\" data-bs-toggle=\"collapse\" data-bs-target=\"#tab4012\" aria-expanded=\"false\" aria-controls=\"tab4012\">Qu&#8217;est-ce que \u00e7a fait de vivre avec une famille d&#8217;accueil en Nouvelle-Z\u00e9lande ?<\/button><\/h2><div id=\"tab4012\" class=\"accordion-collapse collapse\" aria-labelledby=\"heading4012\" data-bs-parent=\"#accordionExample\"><div class=\"accordion-body\"><p>En s\u00e9journant dans une famille kiwi, tu vivras la culture et la vie de famille n\u00e9o-z\u00e9landaise de pr\u00e8s ! Ils feront tout leur possible pour que tu te sentes chez toi, comme un membre de la famille plut\u00f4t qu&#8217;un invit\u00e9. Ta famille d&#8217;accueil peut vivre dans un appartement ou une maison, avec ou sans enfants et animaux de compagnie, en ville ou \u00e0 la campagne. Comme la Nouvelle-Z\u00e9lande est un pays tr\u00e8s \u00e9loign\u00e9, il n&#8217;est pas aussi courant pour les habitants de voyager autant que, par exemple, les Europ\u00e9ens. Les Kiwis voient une excellente occasion de d\u00e9couvrir d&#8217;autres cultures en accueillant un \u00e9tudiant d&#8217;\u00e9change international chez eux. Ils aimeraient que tu leur pr\u00e9sentes la cuisine, la musique et les films de ton pays.<\/p><\/div><\/div><\/div><div class=\"accordion-item\"><h2 class=\"accordion-header\" id=\"heading1009\"><button class=\"accordion-button collapsed\" type=\"button\" data-bs-toggle=\"collapse\" data-bs-target=\"#tab1009\" aria-expanded=\"false\" aria-controls=\"tab1009\">Quels types de programmes sont propos\u00e9s en Nouvelle-Z\u00e9lande ?<\/button><\/h2><div id=\"tab1009\" class=\"accordion-collapse collapse\" aria-labelledby=\"heading1009\" data-bs-parent=\"#accordionExample\"><div class=\"accordion-body\"><p>Bien que la plupart des \u00e9tudiants choisissent le programme Classic, il se remplit rapidement en Nouvelle-Z\u00e9lande. Ce programme est le choix parfait si tu souhaites vivre une v\u00e9ritable exp\u00e9rience d&#8217;\u00e9change. Nous te jumelons avec une famille d&#8217;accueil et un \u00e9tablissement scolaire soigneusement s\u00e9lectionn\u00e9s. Tu peux \u00eatre plac\u00e9 dans une grande ville anim\u00e9e, une charmante ville c\u00f4ti\u00e8re ou \u00e0 la campagne, pr\u00e8s de la nature.<br><br>Le programme Select te permet de personnaliser ton exp\u00e9rience d&#8217;\u00e9change scolaire en fonction de tes pr\u00e9f\u00e9rences et de tes int\u00e9r\u00eats, que ce soit dans un internat, une \u00e9cole publique ou priv\u00e9e.<br><br>Il existe une large gamme d&#8217;options pour la dur\u00e9e de ton s\u00e9jour et le choix des mati\u00e8res, et la Nouvelle-Z\u00e9lande est une excellente option si tu es passionn\u00e9 par l&#8217;enseignement en plein air !<\/p><\/div><\/div><\/div><\/div><\/div>\n<\/div>\n<\/div>\n<\/div>\n<\/div>\n<\/div>\n<\/div>\n","protected":false},"excerpt":{"rendered":"","protected":false},"author":6,"featured_media":0,"parent":23279,"menu_order":0,"comment_status":"closed","ping_status":"closed","template":"","meta":{"_acf_changed":false,"inline_featured_image":false,"footnotes":""},"school_category":[],"wf_page_folders":[358],"class_list":["post-23456","page","type-page","status-publish","hentry"],"acf":[],"yoast_head":"<!-- This site is optimized with the Yoast SEO Premium plugin v23.4 (Yoast SEO v23.6) - https:\/\/yoast.com\/wordpress\/plugins\/seo\/ -->\n<title>Studeer op een middelbare school in Nieuw-Zeeland<\/title>\n<meta name=\"description\" content=\"Studeer in Nieuw-Zeeland voor een uitwisselingsjaar of -semester. Kies je academische programma en school met Educatius!\" \/>\n<meta name=\"robots\" content=\"index, follow, max-snippet:-1, max-image-preview:large, max-video-preview:-1\" \/>\n<link rel=\"canonical\" href=\"https:\/\/www.sts-education.be\/nl\/scholen-in-het-buitenland\/nieuw-zeeland\" \/>\n<meta property=\"og:locale\" content=\"nl_BE\" \/>\n<meta property=\"og:type\" content=\"article\" \/>\n<meta property=\"og:title\" content=\"Nieuw-Zeeland\" \/>\n<meta property=\"og:description\" content=\"Studeer in Nieuw-Zeeland voor een uitwisselingsjaar of -semester. Kies je academische programma en school met Educatius!\" \/>\n<meta property=\"og:url\" content=\"https:\/\/www.sts-education.be\/nl\/scholen-in-het-buitenland\/nieuw-zeeland\" \/>\n<meta property=\"og:site_name\" content=\"sts-education.be\" \/>\n<meta property=\"article:modified_time\" content=\"2025-09-02T10:22:41+00:00\" \/>\n<meta property=\"og:image\" content=\"https:\/\/powered-by.qbank.se\/educatius\/media\/9acd09f9c8b6991cfb734e9dbd3acd05.jpg\" \/>\n<meta name=\"twitter:card\" content=\"summary_large_image\" \/>\n<meta name=\"twitter:label1\" content=\"Est. reading time\" \/>\n\t<meta name=\"twitter:data1\" content=\"4 minutes\" \/>\n<script type=\"application\/ld+json\" class=\"yoast-schema-graph\">{\"@context\":\"https:\/\/schema.org\",\"@graph\":[{\"@type\":\"WebPage\",\"@id\":\"https:\/\/www.sts-education.be\/nl\/scholen-in-het-buitenland\/nieuw-zeeland\",\"url\":\"https:\/\/www.sts-education.be\/nl\/scholen-in-het-buitenland\/nieuw-zeeland\",\"name\":\"Studeer op een middelbare school in Nieuw-Zeeland\",\"isPartOf\":{\"@id\":\"https:\/\/www.sts-education.be\/nl#website\"},\"primaryImageOfPage\":{\"@id\":\"https:\/\/www.sts-education.be\/nl\/scholen-in-het-buitenland\/nieuw-zeeland#primaryimage\"},\"image\":{\"@id\":\"https:\/\/www.sts-education.be\/nl\/scholen-in-het-buitenland\/nieuw-zeeland#primaryimage\"},\"thumbnailUrl\":\"https:\/\/powered-by.qbank.se\/educatius\/media\/9acd09f9c8b6991cfb734e9dbd3acd05.jpg\",\"datePublished\":\"2024-08-09T11:00:49+00:00\",\"dateModified\":\"2025-09-02T10:22:41+00:00\",\"description\":\"Studeer in Nieuw-Zeeland voor een uitwisselingsjaar of -semester. Kies je academische programma en school met Educatius!\",\"breadcrumb\":{\"@id\":\"https:\/\/www.sts-education.be\/nl\/scholen-in-het-buitenland\/nieuw-zeeland#breadcrumb\"},\"inLanguage\":\"nl-BE\",\"potentialAction\":[{\"@type\":\"ReadAction\",\"target\":[\"https:\/\/www.sts-education.be\/nl\/scholen-in-het-buitenland\/nieuw-zeeland\"]}]},{\"@type\":\"ImageObject\",\"inLanguage\":\"nl-BE\",\"@id\":\"https:\/\/www.sts-education.be\/nl\/scholen-in-het-buitenland\/nieuw-zeeland#primaryimage\",\"url\":\"https:\/\/powered-by.qbank.se\/educatius\/media\/9acd09f9c8b6991cfb734e9dbd3acd05.jpg\",\"contentUrl\":\"https:\/\/powered-by.qbank.se\/educatius\/media\/9acd09f9c8b6991cfb734e9dbd3acd05.jpg\"},{\"@type\":\"BreadcrumbList\",\"@id\":\"https:\/\/www.sts-education.be\/nl\/scholen-in-het-buitenland\/nieuw-zeeland#breadcrumb\",\"itemListElement\":[{\"@type\":\"ListItem\",\"position\":1,\"name\":\"Accueil\",\"item\":\"https:\/\/www.sts-education.be\/nl\"},{\"@type\":\"ListItem\",\"position\":2,\"name\":\"School in het buitenland\",\"item\":\"https:\/\/www.sts-education.be\/nl\/scholen-in-het-buitenland\"},{\"@type\":\"ListItem\",\"position\":3,\"name\":\"Nieuw-Zeeland\"}]},{\"@type\":\"WebSite\",\"@id\":\"https:\/\/www.sts-education.be\/nl#website\",\"url\":\"https:\/\/www.sts-education.be\/nl\",\"name\":\"sts-education.be\",\"description\":\"Unlock the world!\",\"publisher\":{\"@id\":\"https:\/\/www.sts-education.be\/nl#organization\"},\"potentialAction\":[{\"@type\":\"SearchAction\",\"target\":{\"@type\":\"EntryPoint\",\"urlTemplate\":\"https:\/\/www.sts-education.be\/nl?s={search_term_string}\"},\"query-input\":{\"@type\":\"PropertyValueSpecification\",\"valueRequired\":true,\"valueName\":\"search_term_string\"}}],\"inLanguage\":\"nl-BE\"},{\"@type\":\"Organization\",\"@id\":\"https:\/\/www.sts-education.be\/nl#organization\",\"name\":\"sts-education.be\",\"url\":\"https:\/\/www.sts-education.be\/nl\",\"logo\":{\"@type\":\"ImageObject\",\"inLanguage\":\"nl-BE\",\"@id\":\"https:\/\/www.sts-education.be\/nl#\/schema\/logo\/image\/\",\"url\":\"https:\/\/www.sts-education.be\/wp-content\/uploads\/sites\/2\/2025\/09\/cropped-STS-round-yellow-bkgr.png\",\"contentUrl\":\"https:\/\/www.sts-education.be\/wp-content\/uploads\/sites\/2\/2025\/09\/cropped-STS-round-yellow-bkgr.png\",\"width\":500,\"height\":460,\"caption\":\"sts-education.be\"},\"image\":{\"@id\":\"https:\/\/www.sts-education.be\/nl#\/schema\/logo\/image\/\"}}]}<\/script>\n<!-- \/ Yoast SEO Premium plugin. -->","yoast_head_json":{"title":"Studeer op een middelbare school in Nieuw-Zeeland","description":"Studeer in Nieuw-Zeeland voor een uitwisselingsjaar of -semester. Kies je academische programma en school met Educatius!","robots":{"index":"index","follow":"follow","max-snippet":"max-snippet:-1","max-image-preview":"max-image-preview:large","max-video-preview":"max-video-preview:-1"},"canonical":"https:\/\/www.sts-education.be\/nl\/scholen-in-het-buitenland\/nieuw-zeeland","og_locale":"nl_BE","og_type":"article","og_title":"Nieuw-Zeeland","og_description":"Studeer in Nieuw-Zeeland voor een uitwisselingsjaar of -semester. Kies je academische programma en school met Educatius!","og_url":"https:\/\/www.sts-education.be\/nl\/scholen-in-het-buitenland\/nieuw-zeeland","og_site_name":"sts-education.be","article_modified_time":"2025-09-02T10:22:41+00:00","og_image":[{"url":"https:\/\/powered-by.qbank.se\/educatius\/media\/9acd09f9c8b6991cfb734e9dbd3acd05.jpg"}],"twitter_card":"summary_large_image","twitter_misc":{"Est. reading time":"4 minutes"},"schema":{"@context":"https:\/\/schema.org","@graph":[{"@type":"WebPage","@id":"https:\/\/www.sts-education.be\/nl\/scholen-in-het-buitenland\/nieuw-zeeland","url":"https:\/\/www.sts-education.be\/nl\/scholen-in-het-buitenland\/nieuw-zeeland","name":"Studeer op een middelbare school in Nieuw-Zeeland","isPartOf":{"@id":"https:\/\/www.sts-education.be\/nl#website"},"primaryImageOfPage":{"@id":"https:\/\/www.sts-education.be\/nl\/scholen-in-het-buitenland\/nieuw-zeeland#primaryimage"},"image":{"@id":"https:\/\/www.sts-education.be\/nl\/scholen-in-het-buitenland\/nieuw-zeeland#primaryimage"},"thumbnailUrl":"https:\/\/powered-by.qbank.se\/educatius\/media\/9acd09f9c8b6991cfb734e9dbd3acd05.jpg","datePublished":"2024-08-09T11:00:49+00:00","dateModified":"2025-09-02T10:22:41+00:00","description":"Studeer in Nieuw-Zeeland voor een uitwisselingsjaar of -semester. Kies je academische programma en school met Educatius!","breadcrumb":{"@id":"https:\/\/www.sts-education.be\/nl\/scholen-in-het-buitenland\/nieuw-zeeland#breadcrumb"},"inLanguage":"nl-BE","potentialAction":[{"@type":"ReadAction","target":["https:\/\/www.sts-education.be\/nl\/scholen-in-het-buitenland\/nieuw-zeeland"]}]},{"@type":"ImageObject","inLanguage":"nl-BE","@id":"https:\/\/www.sts-education.be\/nl\/scholen-in-het-buitenland\/nieuw-zeeland#primaryimage","url":"https:\/\/powered-by.qbank.se\/educatius\/media\/9acd09f9c8b6991cfb734e9dbd3acd05.jpg","contentUrl":"https:\/\/powered-by.qbank.se\/educatius\/media\/9acd09f9c8b6991cfb734e9dbd3acd05.jpg"},{"@type":"BreadcrumbList","@id":"https:\/\/www.sts-education.be\/nl\/scholen-in-het-buitenland\/nieuw-zeeland#breadcrumb","itemListElement":[{"@type":"ListItem","position":1,"name":"Accueil","item":"https:\/\/www.sts-education.be\/nl"},{"@type":"ListItem","position":2,"name":"School in het buitenland","item":"https:\/\/www.sts-education.be\/nl\/scholen-in-het-buitenland"},{"@type":"ListItem","position":3,"name":"Nieuw-Zeeland"}]},{"@type":"WebSite","@id":"https:\/\/www.sts-education.be\/nl#website","url":"https:\/\/www.sts-education.be\/nl","name":"sts-education.be","description":"Unlock the world!","publisher":{"@id":"https:\/\/www.sts-education.be\/nl#organization"},"potentialAction":[{"@type":"SearchAction","target":{"@type":"EntryPoint","urlTemplate":"https:\/\/www.sts-education.be\/nl?s={search_term_string}"},"query-input":{"@type":"PropertyValueSpecification","valueRequired":true,"valueName":"search_term_string"}}],"inLanguage":"nl-BE"},{"@type":"Organization","@id":"https:\/\/www.sts-education.be\/nl#organization","name":"sts-education.be","url":"https:\/\/www.sts-education.be\/nl","logo":{"@type":"ImageObject","inLanguage":"nl-BE","@id":"https:\/\/www.sts-education.be\/nl#\/schema\/logo\/image\/","url":"https:\/\/www.sts-education.be\/wp-content\/uploads\/sites\/2\/2025\/09\/cropped-STS-round-yellow-bkgr.png","contentUrl":"https:\/\/www.sts-education.be\/wp-content\/uploads\/sites\/2\/2025\/09\/cropped-STS-round-yellow-bkgr.png","width":500,"height":460,"caption":"sts-education.be"},"image":{"@id":"https:\/\/www.sts-education.be\/nl#\/schema\/logo\/image\/"}}]}},"_links":{"self":[{"href":"https:\/\/www.sts-education.be\/nl\/wp-json\/wp\/v2\/pages\/23456"}],"collection":[{"href":"https:\/\/www.sts-education.be\/nl\/wp-json\/wp\/v2\/pages"}],"about":[{"href":"https:\/\/www.sts-education.be\/nl\/wp-json\/wp\/v2\/types\/page"}],"author":[{"embeddable":true,"href":"https:\/\/www.sts-education.be\/nl\/wp-json\/wp\/v2\/users\/6"}],"replies":[{"embeddable":true,"href":"https:\/\/www.sts-education.be\/nl\/wp-json\/wp\/v2\/comments?post=23456"}],"version-history":[{"count":4,"href":"https:\/\/www.sts-education.be\/nl\/wp-json\/wp\/v2\/pages\/23456\/revisions"}],"predecessor-version":[{"id":24248,"href":"https:\/\/www.sts-education.be\/nl\/wp-json\/wp\/v2\/pages\/23456\/revisions\/24248"}],"up":[{"embeddable":true,"href":"https:\/\/www.sts-education.be\/nl\/wp-json\/wp\/v2\/pages\/23279"}],"wp:attachment":[{"href":"https:\/\/www.sts-education.be\/nl\/wp-json\/wp\/v2\/media?parent=23456"}],"wp:term":[{"taxonomy":"school_category","embeddable":true,"href":"https:\/\/www.sts-education.be\/nl\/wp-json\/wp\/v2\/school_category?post=23456"},{"taxonomy":"wf_page_folders","embeddable":true,"href":"https:\/\/www.sts-education.be\/nl\/wp-json\/wp\/v2\/wf_page_folders?post=23456"}],"curies":[{"name":"wp","href":"https:\/\/api.w.org\/{rel}","templated":true}]}}