{"id":23454,"date":"2024-08-12T06:00:01","date_gmt":"2024-08-12T06:00:01","guid":{"rendered":"https:\/\/www.educatius.be\/scholen-in-het-buitenland\/reunion"},"modified":"2025-09-02T10:23:01","modified_gmt":"2025-09-02T10:23:01","slug":"reunion","status":"publish","type":"page","link":"https:\/\/www.sts-education.be\/nl\/scholen-in-het-buitenland\/reunion","title":{"rendered":"R\u00e9union"},"content":{"rendered":"\n<section class=\"inner-banner-section\"><div class=\"inner-banner-wrap\"><img decoding=\"async\" src=\"https:\/\/powered-by.qbank.se\/educatius\/media\/e17710ba7a0f5dc2fac4374b629dce33.jpg\"\/><\/div><\/section><section class=\"banner-blue-box\" style=\"background:#fff04f\"><h1 style=\"color:#000000\">Studeer aan een middelbare school op R\u00e9union<\/h1><p style=\"color:#000000\">Grijp de kans om te wonen en studeren op dit geweldige eiland in de Indische Oceaan. Leer Frans en krijg inzicht in de cultuur en levenswijze. <\/p><\/section>\n\n\n<div class=\"container\"><span><span><a href=\"https:\/\/www.sts-education.be\/nl\">Accueil<\/a><\/span><\/span><\/div>\n\n\n\n<div class=\"wp-block-columns container mb-5 is-layout-flex wp-container-core-columns-is-layout-1 wp-block-columns-is-layout-flex\">\n<div class=\"wp-block-column is-layout-flow wp-block-column-is-layout-flow\">\n<div class=\"wp-block-educatius-title-paragraph-darkbutton container\"><div class=\"text-block-wrap py-4 py-md-0\"><h3 class=\"text-block-title text-primary\">Word een uitwisselingsstudent op R\u00e9union<\/h3><p class=\"text-primary\">Word een uitwisselingsstudent op het Franse eiland R\u00e9union in de Indische Oceaan! R\u00e9union is een paradijselijk eiland ten oosten van Madagaskar en ten zuidwesten van Mauritius. Het is de ultieme middelbare schoolbestemming voor jou als je vloeiend Frans wilt leren spreken, maar ook wilt genieten van het leven tussen de palmbomen en zandstranden. De temperatuur komt nooit onder de 18 \u00b0C; en omdat het een eiland is, ben je nooit ver van de kust.   <\/p><a href=\"\/planifier-consultation\" class=\"btn btn-primary\">Engage la conversation<\/a><\/div><\/div>\n<\/div>\n\n\n\n<div class=\"wp-block-column is-layout-flow wp-block-column-is-layout-flow\">\n<div class=\"wp-block-educatius-bordered-text container\"><div class=\"quick-fact-section\"><h6 class=\"text-block-title text-primary\"><strong>Korte feiten:<\/strong><\/h6><ul class=\"list-group text-primary\"><li class=\"list-item\"><strong>Type programma:<\/strong> Classic<br><\/li><br><li class=\"list-item\"><strong>Looptijd<\/strong>: Academisch jaar of semester<br><\/li><br><li class=\"list-item\"><strong>Soort visum:<\/strong> Studentenvisum<br><\/li><br><li class=\"list-item\"><strong>Taalvereisten:<\/strong> Basiskennis van het Frans gewenst<\/li><\/ul><\/div><\/div>\n<\/div>\n<\/div>\n\n\n\n<section class=\"wp-block-educatius-left-image-and-text highlight-section py-1 py-sm-5 py-md-5 py-5\"><div class=\"container my-3\"><div class=\"row\"><div class=\"col-md-6\"><img decoding=\"async\" src=\"https:\/\/powered-by.qbank.se\/educatius\/media\/4a125a89bffe4545e9e5181a18cfd77f.jpg\" class=\"w-100\"\/><\/div><div class=\"col-md-6\"><div class=\"text-block-wrap py-md-0 px-md-5\"><span class=\"text-block-title\"><\/span><h3 class=\"text-block-title\">Over middelbare scholen op R\u00e9union<\/h3><p>Net zoals in <a href=\"https:\/\/www.educatius.be\/nl\/scholen-in-het-buitenland\/frankrijk\">Frankrijk <\/a>zullen de uitwisselingsstudenten op R\u00e9union naar &#8220;Le Lyc\u00e9e&#8221; gaan. Al je lessen zullen in het Frans zijn. Dat kan in het begin wat uitdagend zijn, maar de leraren en leerlingen zijn gewend aan uitwisselingsstudenten en zullen je de ondersteuning geven die je nodig hebt. Elke dag leer je meer en meer nieuwe woorden en je zult snel merken hoeveel je vooruit bent gegaan.<br>   <\/p><a href=\"\/planifier-consultation\" class=\"btn btn-outline-primary btn-lg\">Contacte-nous<\/a><\/div><\/div><\/div><\/div><\/section>\n\n\n\n<div class=\"wp-block-columns container is-layout-flex wp-container-core-columns-is-layout-2 wp-block-columns-is-layout-flex\">\n<div class=\"wp-block-column is-layout-flow wp-block-column-is-layout-flow\" style=\"flex-basis:48%\">\n<h3 class=\"wp-block-heading has-primary-blue-color has-text-color\" id=\"h-bekijk-onze-brochure\">Bekijk onze brochure!<\/h3>\n\n\n\n<p>Ontdek een wereld van uitwisselingsprogramma&#8217;s. Vraag nu onze middelbare school brochure aan!<\/p>\n\n\n\n<div class=\"wp-block-educatius-edu-button container\"><a rel=\"noopener\" class=\"btn btn-lg btn-primary\" href=\"\/brochure-des-ecoles-a-letranger\" style=\"color:#000000;background-color:#fff04f\">Lees de brochure <\/a><\/div>\n<\/div>\n\n\n\n<div class=\"wp-block-column is-layout-flow wp-block-column-is-layout-flow\" style=\"flex-basis:1%\"><\/div>\n\n\n\n<div class=\"wp-block-column is-layout-flow wp-block-column-is-layout-flow\" style=\"flex-basis:50%\">\n<figure class=\"wp-block-embed is-type-video is-provider-vimeo wp-block-embed-vimeo wp-embed-aspect-16-9 wp-has-aspect-ratio\"><div class=\"wp-block-embed__wrapper\">\n<iframe loading=\"lazy\" src=\"https:\/\/player.vimeo.com\/video\/797320754?dnt=1&amp;app_id=122963\" width=\"640\" height=\"360\" frameborder=\"0\" allow=\"autoplay; fullscreen; picture-in-picture; clipboard-write; encrypted-media; web-share\" referrerpolicy=\"strict-origin-when-cross-origin\"><\/iframe>\n<\/div><\/figure>\n<\/div>\n<\/div>\n\n\n\n<div class=\"wp-block-group is-layout-flow wp-block-group-is-layout-flow\">\n<div class=\"wp-block-columns is-layout-flex wp-container-core-columns-is-layout-4 wp-block-columns-is-layout-flex\">\n<div class=\"wp-block-column is-layout-flow wp-block-column-is-layout-flow\" style=\"flex-basis:100%\">\n<div class=\"wp-block-group has-very-light-blue-background-color has-background is-layout-flow wp-block-group-is-layout-flow\">\n<div class=\"wp-block-educatius-underscore-heading container\"><h2 class=\"section-title text-center mx-auto mt-3 mb-5\">Veelgestelde vragen<\/h2><\/div>\n\n\n\n<div class=\"wp-block-columns container is-layout-flex wp-container-core-columns-is-layout-3 wp-block-columns-is-layout-flex\">\n<div class=\"wp-block-column is-layout-flow wp-block-column-is-layout-flow\">\n<div class=\"wp-block-educatius-faq-accordion container\"><div class=\"accordion\" id=\"accordionExample\"><div class=\"accordion-item\"><h2 class=\"accordion-header\" id=\"heading244\"><button class=\"accordion-button collapsed\" type=\"button\" data-bs-toggle=\"collapse\" data-bs-target=\"#tab244\" aria-expanded=\"false\" aria-controls=\"tab244\">Que fournit une famille d&#8217;accueil \u00e0 La R\u00e9union ?<\/button><\/h2><div id=\"tab244\" class=\"accordion-collapse collapse\" aria-labelledby=\"heading244\" data-bs-parent=\"#accordionExample\"><div class=\"accordion-body\"><p>En s\u00e9journant avec une famille d&#8217;accueil r\u00e9unionnaise, tu d\u00e9couvriras une culture distincte et passionnante que l&#8217;on ne trouve que sur cette \u00eele. La culture r\u00e9unionnaise est un m\u00e9lange des traditions europ\u00e9ennes, africaines, indiennes et insulaires. Tu remarqueras ces fusions notamment \u00e0 travers la cuisine, la langue cr\u00e9ole et la musique. Toutes nos familles d&#8217;accueil parlent fran\u00e7ais, parfois en plus du cr\u00e9ole r\u00e9unionnais, la langue indig\u00e8ne.<\/p><\/div><\/div><\/div><div class=\"accordion-item\"><h2 class=\"accordion-header\" id=\"heading9409\"><button class=\"accordion-button collapsed\" type=\"button\" data-bs-toggle=\"collapse\" data-bs-target=\"#tab9409\" aria-expanded=\"false\" aria-controls=\"tab9409\">O\u00f9 vais-je vivre ?<\/button><\/h2><div id=\"tab9409\" class=\"accordion-collapse collapse\" aria-labelledby=\"heading9409\" data-bs-parent=\"#accordionExample\"><div class=\"accordion-body\"><p>Nos familles d&#8217;accueil vivent partout \u00e0 La R\u00e9union. Certaines habitent dans des villages charmants, d&#8217;autres dans des zones urbaines proches de restaurants et de commerces, et d&#8217;autres encore pr\u00e8s de l&#8217;oc\u00e9an. Quoi qu&#8217;il en soit, tu ne seras jamais tr\u00e8s loin de quoi que ce soit en vivant ici.<\/p><\/div><\/div><\/div><div class=\"accordion-item\"><h2 class=\"accordion-header\" id=\"heading1362\"><button class=\"accordion-button collapsed\" type=\"button\" data-bs-toggle=\"collapse\" data-bs-target=\"#tab1362\" aria-expanded=\"false\" aria-controls=\"tab1362\">Quel programme proposez-vous \u00e0 La R\u00e9union ?<\/button><\/h2><div id=\"tab1362\" class=\"accordion-collapse collapse\" aria-labelledby=\"heading1362\" data-bs-parent=\"#accordionExample\"><div class=\"accordion-body\"><p>\u00c0 La R\u00e9union, nous proposons notre programme Classic.<\/p><\/div><\/div><\/div><\/div><\/div>\n<\/div>\n<\/div>\n<\/div>\n<\/div>\n<\/div>\n<\/div>\n","protected":false},"excerpt":{"rendered":"<p>Bekijk onze brochure! Ontdek een wereld van uitwisselingsprogramma&#8217;s. Vraag nu onze middelbare school brochure aan!<\/p>\n","protected":false},"author":6,"featured_media":0,"parent":23279,"menu_order":0,"comment_status":"closed","ping_status":"closed","template":"","meta":{"_acf_changed":false,"inline_featured_image":false,"footnotes":""},"school_category":[],"wf_page_folders":[358],"class_list":["post-23454","page","type-page","status-publish","hentry"],"acf":[],"yoast_head":"<!-- This site is optimized with the Yoast SEO Premium plugin v23.4 (Yoast SEO v23.6) - https:\/\/yoast.com\/wordpress\/plugins\/seo\/ -->\n<title>Middelbare schooluitwisseling op R\u00e9union<\/title>\n<meta name=\"description\" content=\"Word een uitwisselingsstudent op het Franse eiland R\u00e9union in de Indische Oceaan! Ontdek dit tropische programma met Educatius!\" \/>\n<meta name=\"robots\" content=\"index, follow, max-snippet:-1, max-image-preview:large, max-video-preview:-1\" \/>\n<link rel=\"canonical\" href=\"https:\/\/www.sts-education.be\/nl\/scholen-in-het-buitenland\/reunion\" \/>\n<meta property=\"og:locale\" content=\"nl_BE\" \/>\n<meta property=\"og:type\" content=\"article\" \/>\n<meta property=\"og:title\" content=\"R\u00e9union\" \/>\n<meta property=\"og:description\" content=\"Word een uitwisselingsstudent op het Franse eiland R\u00e9union in de Indische Oceaan! Ontdek dit tropische programma met Educatius!\" \/>\n<meta property=\"og:url\" content=\"https:\/\/www.sts-education.be\/nl\/scholen-in-het-buitenland\/reunion\" \/>\n<meta property=\"og:site_name\" content=\"sts-education.be\" \/>\n<meta property=\"article:modified_time\" content=\"2025-09-02T10:23:01+00:00\" \/>\n<meta property=\"og:image\" content=\"https:\/\/powered-by.qbank.se\/educatius\/media\/e17710ba7a0f5dc2fac4374b629dce33.jpg\" \/>\n<meta name=\"twitter:card\" content=\"summary_large_image\" \/>\n<meta name=\"twitter:label1\" content=\"Est. reading time\" \/>\n\t<meta name=\"twitter:data1\" content=\"2 minutes\" \/>\n<script type=\"application\/ld+json\" class=\"yoast-schema-graph\">{\"@context\":\"https:\/\/schema.org\",\"@graph\":[{\"@type\":\"WebPage\",\"@id\":\"https:\/\/www.sts-education.be\/nl\/scholen-in-het-buitenland\/reunion\",\"url\":\"https:\/\/www.sts-education.be\/nl\/scholen-in-het-buitenland\/reunion\",\"name\":\"Middelbare schooluitwisseling op R\u00e9union\",\"isPartOf\":{\"@id\":\"https:\/\/www.sts-education.be\/nl#website\"},\"primaryImageOfPage\":{\"@id\":\"https:\/\/www.sts-education.be\/nl\/scholen-in-het-buitenland\/reunion#primaryimage\"},\"image\":{\"@id\":\"https:\/\/www.sts-education.be\/nl\/scholen-in-het-buitenland\/reunion#primaryimage\"},\"thumbnailUrl\":\"https:\/\/powered-by.qbank.se\/educatius\/media\/e17710ba7a0f5dc2fac4374b629dce33.jpg\",\"datePublished\":\"2024-08-12T06:00:01+00:00\",\"dateModified\":\"2025-09-02T10:23:01+00:00\",\"description\":\"Word een uitwisselingsstudent op het Franse eiland R\u00e9union in de Indische Oceaan! Ontdek dit tropische programma met Educatius!\",\"breadcrumb\":{\"@id\":\"https:\/\/www.sts-education.be\/nl\/scholen-in-het-buitenland\/reunion#breadcrumb\"},\"inLanguage\":\"nl-BE\",\"potentialAction\":[{\"@type\":\"ReadAction\",\"target\":[\"https:\/\/www.sts-education.be\/nl\/scholen-in-het-buitenland\/reunion\"]}]},{\"@type\":\"ImageObject\",\"inLanguage\":\"nl-BE\",\"@id\":\"https:\/\/www.sts-education.be\/nl\/scholen-in-het-buitenland\/reunion#primaryimage\",\"url\":\"https:\/\/powered-by.qbank.se\/educatius\/media\/e17710ba7a0f5dc2fac4374b629dce33.jpg\",\"contentUrl\":\"https:\/\/powered-by.qbank.se\/educatius\/media\/e17710ba7a0f5dc2fac4374b629dce33.jpg\"},{\"@type\":\"BreadcrumbList\",\"@id\":\"https:\/\/www.sts-education.be\/nl\/scholen-in-het-buitenland\/reunion#breadcrumb\",\"itemListElement\":[{\"@type\":\"ListItem\",\"position\":1,\"name\":\"Accueil\",\"item\":\"https:\/\/www.sts-education.be\/nl\"},{\"@type\":\"ListItem\",\"position\":2,\"name\":\"School in het buitenland\",\"item\":\"https:\/\/www.sts-education.be\/nl\/scholen-in-het-buitenland\"},{\"@type\":\"ListItem\",\"position\":3,\"name\":\"R\u00e9union\"}]},{\"@type\":\"WebSite\",\"@id\":\"https:\/\/www.sts-education.be\/nl#website\",\"url\":\"https:\/\/www.sts-education.be\/nl\",\"name\":\"sts-education.be\",\"description\":\"Unlock the world!\",\"publisher\":{\"@id\":\"https:\/\/www.sts-education.be\/nl#organization\"},\"potentialAction\":[{\"@type\":\"SearchAction\",\"target\":{\"@type\":\"EntryPoint\",\"urlTemplate\":\"https:\/\/www.sts-education.be\/nl?s={search_term_string}\"},\"query-input\":{\"@type\":\"PropertyValueSpecification\",\"valueRequired\":true,\"valueName\":\"search_term_string\"}}],\"inLanguage\":\"nl-BE\"},{\"@type\":\"Organization\",\"@id\":\"https:\/\/www.sts-education.be\/nl#organization\",\"name\":\"sts-education.be\",\"url\":\"https:\/\/www.sts-education.be\/nl\",\"logo\":{\"@type\":\"ImageObject\",\"inLanguage\":\"nl-BE\",\"@id\":\"https:\/\/www.sts-education.be\/nl#\/schema\/logo\/image\/\",\"url\":\"https:\/\/www.sts-education.be\/wp-content\/uploads\/sites\/2\/2025\/09\/cropped-STS-round-yellow-bkgr.png\",\"contentUrl\":\"https:\/\/www.sts-education.be\/wp-content\/uploads\/sites\/2\/2025\/09\/cropped-STS-round-yellow-bkgr.png\",\"width\":500,\"height\":460,\"caption\":\"sts-education.be\"},\"image\":{\"@id\":\"https:\/\/www.sts-education.be\/nl#\/schema\/logo\/image\/\"}}]}<\/script>\n<!-- \/ Yoast SEO Premium plugin. -->","yoast_head_json":{"title":"Middelbare schooluitwisseling op R\u00e9union","description":"Word een uitwisselingsstudent op het Franse eiland R\u00e9union in de Indische Oceaan! Ontdek dit tropische programma met Educatius!","robots":{"index":"index","follow":"follow","max-snippet":"max-snippet:-1","max-image-preview":"max-image-preview:large","max-video-preview":"max-video-preview:-1"},"canonical":"https:\/\/www.sts-education.be\/nl\/scholen-in-het-buitenland\/reunion","og_locale":"nl_BE","og_type":"article","og_title":"R\u00e9union","og_description":"Word een uitwisselingsstudent op het Franse eiland R\u00e9union in de Indische Oceaan! Ontdek dit tropische programma met Educatius!","og_url":"https:\/\/www.sts-education.be\/nl\/scholen-in-het-buitenland\/reunion","og_site_name":"sts-education.be","article_modified_time":"2025-09-02T10:23:01+00:00","og_image":[{"url":"https:\/\/powered-by.qbank.se\/educatius\/media\/e17710ba7a0f5dc2fac4374b629dce33.jpg"}],"twitter_card":"summary_large_image","twitter_misc":{"Est. reading time":"2 minutes"},"schema":{"@context":"https:\/\/schema.org","@graph":[{"@type":"WebPage","@id":"https:\/\/www.sts-education.be\/nl\/scholen-in-het-buitenland\/reunion","url":"https:\/\/www.sts-education.be\/nl\/scholen-in-het-buitenland\/reunion","name":"Middelbare schooluitwisseling op R\u00e9union","isPartOf":{"@id":"https:\/\/www.sts-education.be\/nl#website"},"primaryImageOfPage":{"@id":"https:\/\/www.sts-education.be\/nl\/scholen-in-het-buitenland\/reunion#primaryimage"},"image":{"@id":"https:\/\/www.sts-education.be\/nl\/scholen-in-het-buitenland\/reunion#primaryimage"},"thumbnailUrl":"https:\/\/powered-by.qbank.se\/educatius\/media\/e17710ba7a0f5dc2fac4374b629dce33.jpg","datePublished":"2024-08-12T06:00:01+00:00","dateModified":"2025-09-02T10:23:01+00:00","description":"Word een uitwisselingsstudent op het Franse eiland R\u00e9union in de Indische Oceaan! Ontdek dit tropische programma met Educatius!","breadcrumb":{"@id":"https:\/\/www.sts-education.be\/nl\/scholen-in-het-buitenland\/reunion#breadcrumb"},"inLanguage":"nl-BE","potentialAction":[{"@type":"ReadAction","target":["https:\/\/www.sts-education.be\/nl\/scholen-in-het-buitenland\/reunion"]}]},{"@type":"ImageObject","inLanguage":"nl-BE","@id":"https:\/\/www.sts-education.be\/nl\/scholen-in-het-buitenland\/reunion#primaryimage","url":"https:\/\/powered-by.qbank.se\/educatius\/media\/e17710ba7a0f5dc2fac4374b629dce33.jpg","contentUrl":"https:\/\/powered-by.qbank.se\/educatius\/media\/e17710ba7a0f5dc2fac4374b629dce33.jpg"},{"@type":"BreadcrumbList","@id":"https:\/\/www.sts-education.be\/nl\/scholen-in-het-buitenland\/reunion#breadcrumb","itemListElement":[{"@type":"ListItem","position":1,"name":"Accueil","item":"https:\/\/www.sts-education.be\/nl"},{"@type":"ListItem","position":2,"name":"School in het buitenland","item":"https:\/\/www.sts-education.be\/nl\/scholen-in-het-buitenland"},{"@type":"ListItem","position":3,"name":"R\u00e9union"}]},{"@type":"WebSite","@id":"https:\/\/www.sts-education.be\/nl#website","url":"https:\/\/www.sts-education.be\/nl","name":"sts-education.be","description":"Unlock the world!","publisher":{"@id":"https:\/\/www.sts-education.be\/nl#organization"},"potentialAction":[{"@type":"SearchAction","target":{"@type":"EntryPoint","urlTemplate":"https:\/\/www.sts-education.be\/nl?s={search_term_string}"},"query-input":{"@type":"PropertyValueSpecification","valueRequired":true,"valueName":"search_term_string"}}],"inLanguage":"nl-BE"},{"@type":"Organization","@id":"https:\/\/www.sts-education.be\/nl#organization","name":"sts-education.be","url":"https:\/\/www.sts-education.be\/nl","logo":{"@type":"ImageObject","inLanguage":"nl-BE","@id":"https:\/\/www.sts-education.be\/nl#\/schema\/logo\/image\/","url":"https:\/\/www.sts-education.be\/wp-content\/uploads\/sites\/2\/2025\/09\/cropped-STS-round-yellow-bkgr.png","contentUrl":"https:\/\/www.sts-education.be\/wp-content\/uploads\/sites\/2\/2025\/09\/cropped-STS-round-yellow-bkgr.png","width":500,"height":460,"caption":"sts-education.be"},"image":{"@id":"https:\/\/www.sts-education.be\/nl#\/schema\/logo\/image\/"}}]}},"_links":{"self":[{"href":"https:\/\/www.sts-education.be\/nl\/wp-json\/wp\/v2\/pages\/23454"}],"collection":[{"href":"https:\/\/www.sts-education.be\/nl\/wp-json\/wp\/v2\/pages"}],"about":[{"href":"https:\/\/www.sts-education.be\/nl\/wp-json\/wp\/v2\/types\/page"}],"author":[{"embeddable":true,"href":"https:\/\/www.sts-education.be\/nl\/wp-json\/wp\/v2\/users\/6"}],"replies":[{"embeddable":true,"href":"https:\/\/www.sts-education.be\/nl\/wp-json\/wp\/v2\/comments?post=23454"}],"version-history":[{"count":4,"href":"https:\/\/www.sts-education.be\/nl\/wp-json\/wp\/v2\/pages\/23454\/revisions"}],"predecessor-version":[{"id":24250,"href":"https:\/\/www.sts-education.be\/nl\/wp-json\/wp\/v2\/pages\/23454\/revisions\/24250"}],"up":[{"embeddable":true,"href":"https:\/\/www.sts-education.be\/nl\/wp-json\/wp\/v2\/pages\/23279"}],"wp:attachment":[{"href":"https:\/\/www.sts-education.be\/nl\/wp-json\/wp\/v2\/media?parent=23454"}],"wp:term":[{"taxonomy":"school_category","embeddable":true,"href":"https:\/\/www.sts-education.be\/nl\/wp-json\/wp\/v2\/school_category?post=23454"},{"taxonomy":"wf_page_folders","embeddable":true,"href":"https:\/\/www.sts-education.be\/nl\/wp-json\/wp\/v2\/wf_page_folders?post=23454"}],"curies":[{"name":"wp","href":"https:\/\/api.w.org\/{rel}","templated":true}]}}