{"id":23452,"date":"2024-08-09T11:00:36","date_gmt":"2024-08-09T11:00:36","guid":{"rendered":"https:\/\/www.educatius.be\/scholen-in-het-buitenland\/italie"},"modified":"2025-09-02T10:22:27","modified_gmt":"2025-09-02T10:22:27","slug":"italie","status":"publish","type":"page","link":"https:\/\/www.sts-education.be\/nl\/scholen-in-het-buitenland\/italie","title":{"rendered":"Itali\u00eb"},"content":{"rendered":"\n<section class=\"inner-banner-section\"><div class=\"inner-banner-wrap\"><img decoding=\"async\" src=\"https:\/\/powered-by.qbank.se\/educatius\/media\/ef36bd288598753e5d732ce574984a2c.jpg\"\/><\/div><\/section><section class=\"banner-blue-box\" style=\"background:#fff04f\"><h1 style=\"color:#000000\">Studeer aan een middelbare school in Itali\u00eb<\/h1><p style=\"color:#000000\">Tijdens je middelbare schooluitwisseling in Itali\u00eb geniet je van het leven in een van de meest charmante landen ter wereld.<\/p><\/section>\n\n\n<div class=\"container\"><span><span><a href=\"https:\/\/www.sts-education.be\/nl\">Accueil<\/a><\/span><\/span><\/div>\n\n\n\n<div class=\"wp-block-columns container mb-5 is-layout-flex wp-container-core-columns-is-layout-1 wp-block-columns-is-layout-flex\">\n<div class=\"wp-block-column is-layout-flow wp-block-column-is-layout-flow\">\n<div class=\"wp-block-educatius-title-paragraph-darkbutton container\"><div class=\"text-block-wrap py-4 py-md-0\"><h3 class=\"text-block-title text-primary\">Word een uitwisselingsstudent in Itali\u00eb<\/h3><p class=\"text-primary\">Uitwisselingsstudent worden in Itali\u00eb is een uitstekende keuze. Dit fascinerende land biedt verschillende klimaten, natuur en levensstijlen. Van prachtige middeleeuwse stadjes, indrukwekkende bergketens in de Alpen, modieuze grote steden tot droomstranden langs de uitgestrekte kust. We zijn er zeker van dat Itali\u00eb voor ieder wat wils heeft!  <\/p><a href=\"\/planifier-consultation\" class=\"btn btn-primary\">Engage la conversation<\/a><\/div><\/div>\n<\/div>\n\n\n\n<div class=\"wp-block-column is-layout-flow wp-block-column-is-layout-flow\">\n<div class=\"wp-block-educatius-bordered-text container\"><div class=\"quick-fact-section\"><h6 class=\"text-block-title text-primary\"><strong>Korte feiten:<\/strong><\/h6><ul class=\"list-group text-primary\"><li class=\"list-item\"><span style=\", sans-serif;font-weight: var(--bs-body-font-weight);text-align: var(--bs-body-text-align)\"><strong>Programmatypes:<\/strong><\/span><strong><span style=\", sans-serif;font-weight: var(--bs-body-font-weight);text-align: var(--bs-body-text-align)\"> Classic en Select<\/span><\/strong><br><\/li><br><li class=\"list-item\"><span style=\", sans-serif;font-weight: var(--bs-body-font-weight);text-align: var(--bs-body-text-align)\"><strong>Programmaduur:<\/strong><\/span><strong><span style=\", sans-serif;font-weight: var(--bs-body-font-weight);text-align: var(--bs-body-text-align)\"> Academisch jaar of semester<\/span><\/strong><br><\/li><br><li class=\"list-item\"><span style=\", sans-serif;font-weight: var(--bs-body-font-weight);text-align: var(--bs-body-text-align)\"><strong>Visumtype:<\/strong><\/span><strong><span style=\", sans-serif;font-weight: var(--bs-body-font-weight);text-align: var(--bs-body-text-align)\"> Studentenvisum<\/span><\/strong><br><\/li><br><li class=\"list-item\"><span style=\", sans-serif;font-weight: var(--bs-body-font-weight);text-align: var(--bs-body-text-align)\"><strong>Taalvereisten: <\/strong><\/span><strong><span style=\", sans-serif;font-weight: var(--bs-body-font-weight);text-align: var(--bs-body-text-align)\"> Basiskennis van het Italiaans is gewenst<\/span><\/strong><\/li><\/ul><\/div><\/div>\n<\/div>\n<\/div>\n\n\n\n<section class=\"wp-block-educatius-left-image-and-text highlight-section py-1 py-sm-5 py-md-5 py-5\"><div class=\"container my-3\"><div class=\"row\"><div class=\"col-md-6\"><img decoding=\"async\" src=\"https:\/\/powered-by.qbank.se\/educatius\/media\/289df84d26002f38f3562ebc1a964ae3.jpg\" class=\"w-100\"\/><\/div><div class=\"col-md-6\"><div class=\"text-block-wrap py-md-0 px-md-5\"><span class=\"text-block-title\"><\/span><h3 class=\"text-block-title\">Over middelbare scholen in Itali\u00eb<\/h3><p>Als uitwisselingsstudent in Itali\u00eb krijg je de kans om te ervaren hoe het is om als een echte Italiaanse tiener te leven. Je krijgt de mogelijkheid om elke dag je taalvaardigheden te oefenen en je Italiaanse klasgenoten te leren kennen. Het bijwonen van een Italiaanse middelbare school is een spannende ervaring die je zowel als student en als burger zal ontwikkelen.  <\/p><a href=\"\/planifier-consultation\" class=\"btn btn-outline-primary btn-lg\">Engage la conversation<\/a><\/div><\/div><\/div><\/div><\/section>\n\n\n\n<div class=\"wp-block-columns container is-layout-flex wp-container-core-columns-is-layout-2 wp-block-columns-is-layout-flex\">\n<div class=\"wp-block-column is-layout-flow wp-block-column-is-layout-flow\" style=\"flex-basis:50%\">\n<figure class=\"wp-block-embed is-type-video is-provider-vimeo wp-block-embed-vimeo wp-embed-aspect-16-9 wp-has-aspect-ratio\"><div class=\"wp-block-embed__wrapper\">\n<iframe loading=\"lazy\" src=\"https:\/\/player.vimeo.com\/video\/797320754?dnt=1&amp;app_id=122963\" width=\"640\" height=\"360\" frameborder=\"0\" allow=\"autoplay; fullscreen; picture-in-picture; clipboard-write; encrypted-media\"><\/iframe>\n<\/div><\/figure>\n<\/div>\n\n\n\n<div class=\"wp-block-column is-layout-flow wp-block-column-is-layout-flow\" style=\"flex-basis:1%\"><\/div>\n\n\n\n<div class=\"wp-block-column is-layout-flow wp-block-column-is-layout-flow\" style=\"flex-basis:48%\">\n<h3 class=\"wp-block-heading has-primary-blue-color has-text-color\" id=\"h-ontvang-onze-schoolbrochure\">Ontvang onze schoolbrochure<\/h3>\n\n\n\n<p>Ontvang onze middelbare school brochure voor meer informatie over onze uitwisselingsprogramma&#8217;s!<\/p>\n\n\n\n<div class=\"wp-block-educatius-edu-button container\"><a rel=\"noopener\" class=\"btn btn-lg btn-primary\" href=\"\/brochure-des-ecoles-a-letranger\" style=\"color:#000000;background-color:#fff04f\">Lees de brochure&nbsp;<\/a><\/div>\n<\/div>\n<\/div>\n\n\n\n<div class=\"wp-block-group is-layout-flow wp-block-group-is-layout-flow\">\n<div class=\"wp-block-columns is-layout-flex wp-container-core-columns-is-layout-4 wp-block-columns-is-layout-flex\">\n<div class=\"wp-block-column is-layout-flow wp-block-column-is-layout-flow\" style=\"flex-basis:100%\">\n<div class=\"wp-block-group has-very-light-blue-background-color has-background is-layout-flow wp-block-group-is-layout-flow\">\n<div class=\"wp-block-educatius-underscore-heading container\"><h2 class=\"section-title text-center mx-auto mt-3 mb-5\">Veelgestelde vragen<\/h2><\/div>\n\n\n\n<div class=\"wp-block-columns container is-layout-flex wp-container-core-columns-is-layout-3 wp-block-columns-is-layout-flex\">\n<div class=\"wp-block-column is-layout-flow wp-block-column-is-layout-flow\">\n<div class=\"wp-block-educatius-faq-accordion container\"><div class=\"accordion\" id=\"accordionExample\"><div class=\"accordion-item\"><h2 class=\"accordion-header\" id=\"heading244\"><button class=\"accordion-button collapsed\" type=\"button\" data-bs-toggle=\"collapse\" data-bs-target=\"#tab244\" aria-expanded=\"false\" aria-controls=\"tab244\">Pourquoi \u00e9tudier dans un programme international en Italie ?<\/button><\/h2><div id=\"tab244\" class=\"accordion-collapse collapse\" aria-labelledby=\"heading244\" data-bs-parent=\"#accordionExample\"><div class=\"accordion-body\"><p>Passer ton ann\u00e9e d&#8217;\u00e9change en Italie te permettra de vivre dans l&#8217;un des pays les plus charmants du monde. Les villes italiennes de Venise, Florence et Rome sont connues pour \u00eatre trois des villes les plus romantiques au monde, tout comme la langue italienne. Si tu es amateur des belles choses de la vie, l&#8217;Italie est faite pour toi. Pr\u00e9pare-toi \u00e0 une ann\u00e9e d&#8217;\u00e9change remplie de paysages \u00e0 couper le souffle, de conversations intenses en italien, et, bien s\u00fbr, de la meilleure pizza du monde !<\/p><\/div><\/div><\/div><div class=\"accordion-item\"><h2 class=\"accordion-header\" id=\"heading9409\"><button class=\"accordion-button collapsed\" type=\"button\" data-bs-toggle=\"collapse\" data-bs-target=\"#tab9409\" aria-expanded=\"false\" aria-controls=\"tab9409\">Que fournit une famille d&#8217;accueil italienne ?<\/button><\/h2><div id=\"tab9409\" class=\"accordion-collapse collapse\" aria-labelledby=\"heading9409\" data-bs-parent=\"#accordionExample\"><div class=\"accordion-body\"><p>S\u00e9journer dans une famille d&#8217;accueil italienne est le meilleur moyen de t&#8217;immerger dans la culture italienne. Tu auras l&#8217;occasion de pratiquer tes comp\u00e9tences linguistiques, d&#8217;en apprendre davantage sur les traditions et coutumes italiennes, et de savourer la cuisine italienne faite maison. Mais surtout, tu feras partie d&#8217;une famille italienne attentionn\u00e9e, d\u00e9sireuse de te montrer leur version du pays.<br><br>L&#8217;un des traits les plus connus de l&#8217;Italie est que les Italiens sont tr\u00e8s proches de leur famille. Les Italiens organisent souvent des r\u00e9unions familiales et aiment passer du temps avec tous les membres. Cela signifie que tu auras un aper\u00e7u intime de la culture, que tu rencontreras de nouveaux amis, et que tu auras de nombreuses occasions de pratiquer tes comp\u00e9tences en italien.<br><br>La nourriture est \u00e9videmment une autre partie essentielle de la culture italienne. Ta famille d&#8217;accueil pr\u00e9parera tous tes repas pendant ton ann\u00e9e d&#8217;\u00e9change. Tu auras l&#8217;occasion de d\u00e9guster de d\u00e9licieux repas, tous faits avec des ingr\u00e9dients authentiques. Pr\u00e9pare-toi \u00e0 une ann\u00e9e remplie de plats \u00e0 base de p\u00e2tes, de pizzas cuites au four, de bruschetta, de jambon prosciutto, de tiramisus, et bien plus encore.<\/p><\/div><\/div><\/div><div class=\"accordion-item\"><h2 class=\"accordion-header\" id=\"heading1362\"><button class=\"accordion-button collapsed\" type=\"button\" data-bs-toggle=\"collapse\" data-bs-target=\"#tab1362\" aria-expanded=\"false\" aria-controls=\"tab1362\">Quels programmes proposez-vous en Italie ?<\/button><\/h2><div id=\"tab1362\" class=\"accordion-collapse collapse\" aria-labelledby=\"heading1362\" data-bs-parent=\"#accordionExample\"><div class=\"accordion-body\"><p>En Italie, nous proposons nos programmes Classic et Select.<\/p><\/div><\/div><\/div><\/div><\/div>\n<\/div>\n<\/div>\n<\/div>\n<\/div>\n<\/div>\n<\/div>\n","protected":false},"excerpt":{"rendered":"<p>Ontvang onze schoolbrochure Ontvang onze middelbare school brochure voor meer informatie over onze uitwisselingsprogramma&#8217;s!<\/p>\n","protected":false},"author":6,"featured_media":0,"parent":23279,"menu_order":0,"comment_status":"closed","ping_status":"closed","template":"","meta":{"_acf_changed":false,"inline_featured_image":false,"footnotes":""},"school_category":[],"wf_page_folders":[358],"class_list":["post-23452","page","type-page","status-publish","hentry"],"acf":[],"yoast_head":"<!-- This site is optimized with the Yoast SEO Premium plugin v23.4 (Yoast SEO v23.6) - https:\/\/yoast.com\/wordpress\/plugins\/seo\/ -->\n<title>Middelbare schooluitwisseling in Itali\u00eb<\/title>\n<meta name=\"description\" content=\"\u00c9tudie dans une \u00e9cole italienne pendant une ann\u00e9e. Apprends l&#039;italien et explore la culture. Deviens \u00e9tudiant d&#039;\u00e9change avec Educatius !\" \/>\n<meta name=\"robots\" content=\"index, follow, max-snippet:-1, max-image-preview:large, max-video-preview:-1\" \/>\n<link rel=\"canonical\" href=\"https:\/\/www.sts-education.be\/nl\/scholen-in-het-buitenland\/italie\" \/>\n<meta property=\"og:locale\" content=\"nl_BE\" \/>\n<meta property=\"og:type\" content=\"article\" \/>\n<meta property=\"og:title\" content=\"Itali\u00eb\" \/>\n<meta property=\"og:description\" content=\"\u00c9tudie dans une \u00e9cole italienne pendant une ann\u00e9e. Apprends l&#039;italien et explore la culture. Deviens \u00e9tudiant d&#039;\u00e9change avec Educatius !\" \/>\n<meta property=\"og:url\" content=\"https:\/\/www.sts-education.be\/nl\/scholen-in-het-buitenland\/italie\" \/>\n<meta property=\"og:site_name\" content=\"sts-education.be\" \/>\n<meta property=\"article:modified_time\" content=\"2025-09-02T10:22:27+00:00\" \/>\n<meta property=\"og:image\" content=\"https:\/\/powered-by.qbank.se\/educatius\/media\/ef36bd288598753e5d732ce574984a2c.jpg\" \/>\n<meta name=\"twitter:card\" content=\"summary_large_image\" \/>\n<meta name=\"twitter:label1\" content=\"Est. reading time\" \/>\n\t<meta name=\"twitter:data1\" content=\"2 minutes\" \/>\n<script type=\"application\/ld+json\" class=\"yoast-schema-graph\">{\"@context\":\"https:\/\/schema.org\",\"@graph\":[{\"@type\":\"WebPage\",\"@id\":\"https:\/\/www.sts-education.be\/nl\/scholen-in-het-buitenland\/italie\",\"url\":\"https:\/\/www.sts-education.be\/nl\/scholen-in-het-buitenland\/italie\",\"name\":\"Middelbare schooluitwisseling in Itali\u00eb\",\"isPartOf\":{\"@id\":\"https:\/\/www.sts-education.be\/nl#website\"},\"primaryImageOfPage\":{\"@id\":\"https:\/\/www.sts-education.be\/nl\/scholen-in-het-buitenland\/italie#primaryimage\"},\"image\":{\"@id\":\"https:\/\/www.sts-education.be\/nl\/scholen-in-het-buitenland\/italie#primaryimage\"},\"thumbnailUrl\":\"https:\/\/powered-by.qbank.se\/educatius\/media\/ef36bd288598753e5d732ce574984a2c.jpg\",\"datePublished\":\"2024-08-09T11:00:36+00:00\",\"dateModified\":\"2025-09-02T10:22:27+00:00\",\"description\":\"\u00c9tudie dans une \u00e9cole italienne pendant une ann\u00e9e. Apprends l'italien et explore la culture. Deviens \u00e9tudiant d'\u00e9change avec Educatius !\",\"breadcrumb\":{\"@id\":\"https:\/\/www.sts-education.be\/nl\/scholen-in-het-buitenland\/italie#breadcrumb\"},\"inLanguage\":\"nl-BE\",\"potentialAction\":[{\"@type\":\"ReadAction\",\"target\":[\"https:\/\/www.sts-education.be\/nl\/scholen-in-het-buitenland\/italie\"]}]},{\"@type\":\"ImageObject\",\"inLanguage\":\"nl-BE\",\"@id\":\"https:\/\/www.sts-education.be\/nl\/scholen-in-het-buitenland\/italie#primaryimage\",\"url\":\"https:\/\/powered-by.qbank.se\/educatius\/media\/ef36bd288598753e5d732ce574984a2c.jpg\",\"contentUrl\":\"https:\/\/powered-by.qbank.se\/educatius\/media\/ef36bd288598753e5d732ce574984a2c.jpg\"},{\"@type\":\"BreadcrumbList\",\"@id\":\"https:\/\/www.sts-education.be\/nl\/scholen-in-het-buitenland\/italie#breadcrumb\",\"itemListElement\":[{\"@type\":\"ListItem\",\"position\":1,\"name\":\"Accueil\",\"item\":\"https:\/\/www.sts-education.be\/nl\"},{\"@type\":\"ListItem\",\"position\":2,\"name\":\"School in het buitenland\",\"item\":\"https:\/\/www.sts-education.be\/nl\/scholen-in-het-buitenland\"},{\"@type\":\"ListItem\",\"position\":3,\"name\":\"Itali\u00eb\"}]},{\"@type\":\"WebSite\",\"@id\":\"https:\/\/www.sts-education.be\/nl#website\",\"url\":\"https:\/\/www.sts-education.be\/nl\",\"name\":\"sts-education.be\",\"description\":\"Unlock the world!\",\"publisher\":{\"@id\":\"https:\/\/www.sts-education.be\/nl#organization\"},\"potentialAction\":[{\"@type\":\"SearchAction\",\"target\":{\"@type\":\"EntryPoint\",\"urlTemplate\":\"https:\/\/www.sts-education.be\/nl?s={search_term_string}\"},\"query-input\":{\"@type\":\"PropertyValueSpecification\",\"valueRequired\":true,\"valueName\":\"search_term_string\"}}],\"inLanguage\":\"nl-BE\"},{\"@type\":\"Organization\",\"@id\":\"https:\/\/www.sts-education.be\/nl#organization\",\"name\":\"sts-education.be\",\"url\":\"https:\/\/www.sts-education.be\/nl\",\"logo\":{\"@type\":\"ImageObject\",\"inLanguage\":\"nl-BE\",\"@id\":\"https:\/\/www.sts-education.be\/nl#\/schema\/logo\/image\/\",\"url\":\"https:\/\/www.sts-education.be\/wp-content\/uploads\/sites\/2\/2025\/09\/cropped-STS-round-yellow-bkgr.png\",\"contentUrl\":\"https:\/\/www.sts-education.be\/wp-content\/uploads\/sites\/2\/2025\/09\/cropped-STS-round-yellow-bkgr.png\",\"width\":500,\"height\":460,\"caption\":\"sts-education.be\"},\"image\":{\"@id\":\"https:\/\/www.sts-education.be\/nl#\/schema\/logo\/image\/\"}}]}<\/script>\n<!-- \/ Yoast SEO Premium plugin. -->","yoast_head_json":{"title":"Middelbare schooluitwisseling in Itali\u00eb","description":"\u00c9tudie dans une \u00e9cole italienne pendant une ann\u00e9e. Apprends l'italien et explore la culture. Deviens \u00e9tudiant d'\u00e9change avec Educatius !","robots":{"index":"index","follow":"follow","max-snippet":"max-snippet:-1","max-image-preview":"max-image-preview:large","max-video-preview":"max-video-preview:-1"},"canonical":"https:\/\/www.sts-education.be\/nl\/scholen-in-het-buitenland\/italie","og_locale":"nl_BE","og_type":"article","og_title":"Itali\u00eb","og_description":"\u00c9tudie dans une \u00e9cole italienne pendant une ann\u00e9e. Apprends l'italien et explore la culture. Deviens \u00e9tudiant d'\u00e9change avec Educatius !","og_url":"https:\/\/www.sts-education.be\/nl\/scholen-in-het-buitenland\/italie","og_site_name":"sts-education.be","article_modified_time":"2025-09-02T10:22:27+00:00","og_image":[{"url":"https:\/\/powered-by.qbank.se\/educatius\/media\/ef36bd288598753e5d732ce574984a2c.jpg"}],"twitter_card":"summary_large_image","twitter_misc":{"Est. reading time":"2 minutes"},"schema":{"@context":"https:\/\/schema.org","@graph":[{"@type":"WebPage","@id":"https:\/\/www.sts-education.be\/nl\/scholen-in-het-buitenland\/italie","url":"https:\/\/www.sts-education.be\/nl\/scholen-in-het-buitenland\/italie","name":"Middelbare schooluitwisseling in Itali\u00eb","isPartOf":{"@id":"https:\/\/www.sts-education.be\/nl#website"},"primaryImageOfPage":{"@id":"https:\/\/www.sts-education.be\/nl\/scholen-in-het-buitenland\/italie#primaryimage"},"image":{"@id":"https:\/\/www.sts-education.be\/nl\/scholen-in-het-buitenland\/italie#primaryimage"},"thumbnailUrl":"https:\/\/powered-by.qbank.se\/educatius\/media\/ef36bd288598753e5d732ce574984a2c.jpg","datePublished":"2024-08-09T11:00:36+00:00","dateModified":"2025-09-02T10:22:27+00:00","description":"\u00c9tudie dans une \u00e9cole italienne pendant une ann\u00e9e. Apprends l'italien et explore la culture. Deviens \u00e9tudiant d'\u00e9change avec Educatius !","breadcrumb":{"@id":"https:\/\/www.sts-education.be\/nl\/scholen-in-het-buitenland\/italie#breadcrumb"},"inLanguage":"nl-BE","potentialAction":[{"@type":"ReadAction","target":["https:\/\/www.sts-education.be\/nl\/scholen-in-het-buitenland\/italie"]}]},{"@type":"ImageObject","inLanguage":"nl-BE","@id":"https:\/\/www.sts-education.be\/nl\/scholen-in-het-buitenland\/italie#primaryimage","url":"https:\/\/powered-by.qbank.se\/educatius\/media\/ef36bd288598753e5d732ce574984a2c.jpg","contentUrl":"https:\/\/powered-by.qbank.se\/educatius\/media\/ef36bd288598753e5d732ce574984a2c.jpg"},{"@type":"BreadcrumbList","@id":"https:\/\/www.sts-education.be\/nl\/scholen-in-het-buitenland\/italie#breadcrumb","itemListElement":[{"@type":"ListItem","position":1,"name":"Accueil","item":"https:\/\/www.sts-education.be\/nl"},{"@type":"ListItem","position":2,"name":"School in het buitenland","item":"https:\/\/www.sts-education.be\/nl\/scholen-in-het-buitenland"},{"@type":"ListItem","position":3,"name":"Itali\u00eb"}]},{"@type":"WebSite","@id":"https:\/\/www.sts-education.be\/nl#website","url":"https:\/\/www.sts-education.be\/nl","name":"sts-education.be","description":"Unlock the world!","publisher":{"@id":"https:\/\/www.sts-education.be\/nl#organization"},"potentialAction":[{"@type":"SearchAction","target":{"@type":"EntryPoint","urlTemplate":"https:\/\/www.sts-education.be\/nl?s={search_term_string}"},"query-input":{"@type":"PropertyValueSpecification","valueRequired":true,"valueName":"search_term_string"}}],"inLanguage":"nl-BE"},{"@type":"Organization","@id":"https:\/\/www.sts-education.be\/nl#organization","name":"sts-education.be","url":"https:\/\/www.sts-education.be\/nl","logo":{"@type":"ImageObject","inLanguage":"nl-BE","@id":"https:\/\/www.sts-education.be\/nl#\/schema\/logo\/image\/","url":"https:\/\/www.sts-education.be\/wp-content\/uploads\/sites\/2\/2025\/09\/cropped-STS-round-yellow-bkgr.png","contentUrl":"https:\/\/www.sts-education.be\/wp-content\/uploads\/sites\/2\/2025\/09\/cropped-STS-round-yellow-bkgr.png","width":500,"height":460,"caption":"sts-education.be"},"image":{"@id":"https:\/\/www.sts-education.be\/nl#\/schema\/logo\/image\/"}}]}},"_links":{"self":[{"href":"https:\/\/www.sts-education.be\/nl\/wp-json\/wp\/v2\/pages\/23452"}],"collection":[{"href":"https:\/\/www.sts-education.be\/nl\/wp-json\/wp\/v2\/pages"}],"about":[{"href":"https:\/\/www.sts-education.be\/nl\/wp-json\/wp\/v2\/types\/page"}],"author":[{"embeddable":true,"href":"https:\/\/www.sts-education.be\/nl\/wp-json\/wp\/v2\/users\/6"}],"replies":[{"embeddable":true,"href":"https:\/\/www.sts-education.be\/nl\/wp-json\/wp\/v2\/comments?post=23452"}],"version-history":[{"count":4,"href":"https:\/\/www.sts-education.be\/nl\/wp-json\/wp\/v2\/pages\/23452\/revisions"}],"predecessor-version":[{"id":24247,"href":"https:\/\/www.sts-education.be\/nl\/wp-json\/wp\/v2\/pages\/23452\/revisions\/24247"}],"up":[{"embeddable":true,"href":"https:\/\/www.sts-education.be\/nl\/wp-json\/wp\/v2\/pages\/23279"}],"wp:attachment":[{"href":"https:\/\/www.sts-education.be\/nl\/wp-json\/wp\/v2\/media?parent=23452"}],"wp:term":[{"taxonomy":"school_category","embeddable":true,"href":"https:\/\/www.sts-education.be\/nl\/wp-json\/wp\/v2\/school_category?post=23452"},{"taxonomy":"wf_page_folders","embeddable":true,"href":"https:\/\/www.sts-education.be\/nl\/wp-json\/wp\/v2\/wf_page_folders?post=23452"}],"curies":[{"name":"wp","href":"https:\/\/api.w.org\/{rel}","templated":true}]}}