{"id":23439,"date":"2024-08-28T08:00:42","date_gmt":"2024-08-28T08:00:42","guid":{"rendered":"https:\/\/www.educatius.be\/online-school\/diplomaprogrammas\/full-time-u-s-high-school-diploma-online"},"modified":"2025-09-02T10:35:41","modified_gmt":"2025-09-02T10:35:41","slug":"full-time-u-s-high-school-diploma-online","status":"publish","type":"page","link":"https:\/\/www.sts-education.be\/nl\/online-school\/diplomaprogrammas\/full-time-u-s-high-school-diploma-online","title":{"rendered":"Full-time U.S. High School Diploma Online"},"content":{"rendered":"\n<section class=\"inner-banner-section\"><div class=\"inner-banner-wrap\"><img decoding=\"async\" src=\"https:\/\/powered-by.qbank.se\/educatius\/media\/d0618c769cba518c8d8a23cd7db7d818.jpg\"\/><\/div><\/section><section class=\"banner-blue-box\" style=\"background:#fff04f\"><h1 style=\"color:#000000\">Full-time U.S. High School Diploma Online<\/h1><p style=\"color:#000000\">Dit programma is bedoeld voor studenten die niet naar een lokale school in hun eigen land willen gaan, maar een diploma van een Amerikaanse school willen halen door online te studeren.<\/p><\/section>\n\n\n<div class=\"container\"><span><span><a href=\"https:\/\/www.sts-education.be\/nl\">Accueil<\/a><\/span><\/span><\/div>\n\n\n\n<div class=\"wp-block-columns container is-layout-flex wp-container-core-columns-is-layout-1 wp-block-columns-is-layout-flex\">\n<div class=\"wp-block-column is-layout-flow wp-block-column-is-layout-flow\">\n<div class=\"wp-block-educatius-title-paragraph-darkbutton container\"><div class=\"text-block-wrap py-4 py-md-0\"><h3 class=\"text-block-title text-primary\">Full-time U.S. High School Diploma Online<\/h3><p class=\"text-primary\">Dit programma is de ideale manier om je middelbare school af te ronden en een diploma op een Amerikaanse school te behalen. Studenten behalen de kwalificaties die ze nodig hebben om verder te studeren, stage te lopen of te werken. <br><br><strong>Online cursussen&nbsp;<\/strong> <br>Verdien een Amerikaans diploma door tot 25 studiepunten te verzamelen tijdens een voltijds studie. Als je al naar de middelbare school bent geweest, tellen sommige of al je studiepunten mee voor je diploma. Studenten die nooit op een middelbare school hebben gestudeerd, behalen alle vereiste studiepunten online. Alle studenten moeten verplichte middelbare schoolcursussen volgen, evenals cursussen Engels en Amerikaanse geschiedenis. Daarnaast kunnen studenten keuzevakken kiezen voor extra studiepunten.    <br><br><strong>Flexibele voltijdstudie<\/strong><br>Voltijd studeren kan veeleisend zijn, maar dit programma is flexibel. Cursussen zijn asynchroon, wat betekent dat je kunt studeren op tijden die jou uitkomen en in je eigen tempo. Je kunt ook op elk gewenst moment beginnen. Je hebt nog steeds live interactie met docenten en begeleiders voor de kerncursussen, maar het programma is ontworpen om je succes te ondersteunen.   &nbsp;<br><br><strong>Persoonlijke ondersteuning<\/strong><br>Elke student krijgt persoonlijke academische ondersteuning om hem of haar te helpen bij het plannen van het online leren. We beginnen met het bekijken van je cijferlijsten als je al een cursus op de middelbare school hebt gevolgd. We beoordelen ook je Engelse taalvaardigheden en bespreken je ambities na het afstuderen.  <\/p><a href=\"\/ecole-en-ligne\/nous-contacter-programme-en-ligne\" class=\"btn btn-primary\">Engage la conversation<\/a><\/div><\/div>\n<\/div>\n\n\n\n<div class=\"wp-block-column is-layout-flow wp-block-column-is-layout-flow\">\n<div class=\"wp-block-educatius-bordered-text container\"><div class=\"quick-fact-section\"><h6 class=\"text-block-title text-primary\"><strong>Snelle informatie: <\/strong><\/h6><ul class=\"list-group text-primary\"><li class=\"list-item\">Online een middelbareschooldiploma halen<\/li><br><li class=\"list-item\">Vakken die je thuis al hebt gevolgd, worden meegerekend.<\/li><br><li class=\"list-item\">Voltijd online studie<\/li><br><li class=\"list-item\">Start wanneer jij wilt en studeer in je eigen tempo<\/li><br><li class=\"list-item\">Hulp bij het kiezen van de juiste cursussen<\/li><br><li class=\"list-item\">Je krijgt ondersteuning om op koers te blijven tot je afstudeert<\/li><\/ul><\/div><\/div>\n<\/div>\n<\/div>\n\n\n\n<div class=\"wp-block-educatius-underscore-heading container\"><h2 class=\"section-title text-center mx-auto mt-3 mb-5\">Onze partnerschool<\/h2><\/div>\n\n\n\n<div class=\"wp-block-group container is-layout-constrained wp-block-group-is-layout-constrained\">\n<div class=\"wp-block-columns is-layout-flex wp-container-core-columns-is-layout-2 wp-block-columns-is-layout-flex\">\n<div class=\"wp-block-column is-layout-flow wp-block-column-is-layout-flow\">\n<figure class=\"wp-block-image size-full\"><img decoding=\"async\" src=\"https:\/\/powered-by.qbank.se\/educatius\/media\/06b9554696791e906aaea89352794839.jpg\" alt=\"\" class=\"wp-image-8783\"\/><\/figure>\n<\/div>\n\n\n\n<div class=\"wp-block-column is-layout-flow wp-block-column-is-layout-flow\">\n<h3 class=\"wp-block-heading has-primary-blue-color has-text-color\" id=\"h-welkom-bij-thornton-academy\">Welkom bij Thornton Academy<\/h3>\n\n\n\n<p>Thornton Academy biedt cursussen aan als onderdeel van het Amerikaanse online diplomaprogramma. Deze prestigieuze kostschool is opgericht in 1811 en heeft een lange geschiedenis van uitmuntendheid. Tegenwoordig is de school volledig geaccrediteerd door de New England Association of Schools and Colleges. Het is ook een van de slechts vier Apple Distinguished Schools, als erkenning voor het wereldwijde gebruik van onderwijstechnologie. Thornton Academy verwelkomt elk jaar 1.600 studenten op de prachtige campus en nog veel meer internationale studenten zoals jij in de gerenommeerde digitale programma&#8217;s.    <\/p>\n<\/div>\n<\/div>\n<\/div>\n\n\n\n<div class=\"wp-block-educatius-underscore-heading container\"><h2 class=\"section-title text-center mx-auto mt-3 mb-5\">Het proces<\/h2><\/div>\n\n\n\n<section class=\"wp-block-educatius-progress-bar process-section\"><div class=\"container\"><div class=\"process-wrapper\"><div class=\"process-list\"><div class=\"section d-flex\"><div class=\"point\"><span>1.  <\/span><p><strong>Kies je programma<br><\/strong>Zoek het programma dat past bij jouw (academische) doelen te bereiken en meld je aan.<strong><br><\/strong><\/p><\/div><div class=\"point\"><span>2.<\/span><p><strong>Stuur ons je rapporten<\/strong><br>Stuur ons de documenten voor je inschrijving en je cijferlijsten van je huidige school.<strong><br><\/strong><\/p><\/div><\/div><div class=\"section d-flex\"><div class=\"point\"><span>3.<\/span><p><strong>Profiteer van je studie<\/strong><br>Zodra je bent toegelaten, krijg je toegang tot ons gepersonaliseerde leerplatform.<\/p><\/div><div class=\"point\"><span>4.<\/span><p><strong>Behaal je diploma <\/strong><br>Rond je opleiding af en begin met het plannen van de volgende stappen in je academische toekomst.<\/p><\/div><\/div><\/div><ul class=\"process-line\"><li><li><li><li><\/ul><\/div><\/div><\/section>\n\n\n\n<section class=\"wp-block-educatius-right-image-and-text highlight-section-reverse py-1 py-sm-5 py-md-5 py-5\"><div class=\"container my-3\"><div class=\"row\"><div class=\"col-md-6 order-md-1\"><img decoding=\"async\" src=\"https:\/\/powered-by.qbank.se\/educatius\/media\/7a45114aa2fd2789a144aac7d8ee89dd.jpg\" class=\"w-100\"\/><\/div><div class=\"col-md-6 order-md-0\"><div class=\"text-block-wrap py-md-0 px-md-5\"><span class=\"text-block-title\"><\/span><h3 class=\"text-block-title\">Krijg gratis academische bijles<\/h3><p>Studenten van Educatius Academy kunnen 24 uur per dag, 365 dagen per jaar praten met academische tutoren. Zij kunnen je helpen de vakken die je studeert beter te begrijpen, je huiswerk af te maken en je voor te bereiden op je examens. De kosten zijn inbegrepen in de prijs van je programma en er zijn nog veel meer ondersteunende diensten die je kunt ontdekken.  <br><a href=\"http:\/\/educatiusacademy.org\/whats-included\/\"><\/a><\/p><a href=\"\/ecole-en-ligne\/ce-qui-est-inclus\" class=\"btn btn-outline-primary btn-lg\">D\u00e9couvre ce qui est inclus dans ton programme<\/a><\/div><\/div><\/div><\/div><\/section>\n\n\n\n<div class=\"wp-block-educatius-testimonial-slider students-feedback-wrap bg-lightest-blue\"><div class=\"container\"><div class=\"row\"><div class=\"col-md-6\"><div class=\"student-img-swipe swiper\"><div class=\"swiper-wrapper\"><div class=\"swiper-slide student-img-wrap\"><img decoding=\"async\" src=\"https:\/\/powered-by.qbank.se\/educatius\/media\/a8c5a574b9a94333c257c08bc2879291.jpg\" class=\"w-100\"\/><\/div><\/div><\/div><\/div><div class=\"col-md-6\"><div class=\"student-feedback-column p-5\"><div class=\"student-feedback-text swiper position-relative pb-5\"><div class=\"swiper-wrapper\"><div class=\"swiper-slide feedback-text-wrap\"><p class=\"mb-5\"><em>\u00ab Les professeurs sont tellement gentils et serviables, et j&#8217;adore le fait que je puisse g\u00e9rer mon propre temps. La plateforme est facile \u00e0 utiliser et dispose de nombreux outils utiles qui m&#8217;aident \u00e0 progresser. Je recommanderais cela \u00e0 tout le monde ! \u00bb<br><\/em><\/p><p class=\"feedback-author\"> &#8211; Tamaya, 17 ans, Fran\u00e7aise<\/p><\/div><\/div><div class=\"swiper-pagination student-feedback-dots d-flex align-items-center\"><\/div><\/div><\/div><\/div><\/div><\/div><\/div>\n\n\n\n<section class=\"wp-block-educatius-right-image-and-text highlight-section-reverse py-1 py-sm-5 py-md-5 py-5\" style=\"background:#ffffff\"><div class=\"container my-3\"><div class=\"row\"><div class=\"col-md-6 order-md-1\"><img decoding=\"async\" src=\"https:\/\/powered-by.qbank.se\/educatius\/media\/fbb3f228ce936db079918525b07ff87c.jpg\" class=\"w-100\"><\/div><div class=\"col-md-6 order-md-0\"><div class=\"text-block-wrap py-md-0 px-md-5\"><span class=\"text-block-title text-primary\"><\/span><h3 class=\"text-block-title text-primary\">Boek een gratis adviesgesprek<\/h3><p>Boek een persoonlijk gesprek met ons en vertel ons over je academische doelen. Samen vinden we de beste manier om je te helpen naar je droombestemming te reizen. <\/p><a href=\"https:\/\/www.sts-education.be\/nl\/online-school\/contact-opnemen-online-programmas\" class=\"btn btn-outline-primary btn-lg\">Start het gesprek<\/a><\/div><\/div><\/div><\/div><\/section>\n","protected":false},"excerpt":{"rendered":"<p>Welkom bij Thornton Academy Thornton Academy biedt cursussen aan als onderdeel van het Amerikaanse online diplomaprogramma. Deze prestigieuze kostschool is opgericht in 1811 en heeft een lange geschiedenis van uitmuntendheid. Tegenwoordig is de school volledig geaccrediteerd door de New England Association of Schools and Colleges. Het is ook een van de slechts vier Apple Distinguished [&hellip;]<\/p>\n","protected":false},"author":6,"featured_media":0,"parent":23435,"menu_order":0,"comment_status":"closed","ping_status":"closed","template":"","meta":{"_acf_changed":false,"inline_featured_image":false,"footnotes":""},"school_category":[],"wf_page_folders":[145],"class_list":["post-23439","page","type-page","status-publish","hentry"],"acf":[],"yoast_head":"<!-- This site is optimized with the Yoast SEO Premium plugin v23.4 (Yoast SEO v23.6) - https:\/\/yoast.com\/wordpress\/plugins\/seo\/ -->\n<title>Full-time Diploma<\/title>\n<meta name=\"description\" content=\"Dit programma is de ideale manier om je middelbare school af te ronden en een Amerikaans diploma te behalen. Lees hier meer\" \/>\n<meta name=\"robots\" content=\"index, follow, max-snippet:-1, max-image-preview:large, max-video-preview:-1\" \/>\n<link rel=\"canonical\" href=\"https:\/\/www.sts-education.be\/nl\/online-school\/diplomaprogrammas\/full-time-u-s-high-school-diploma-online\" \/>\n<meta property=\"og:locale\" content=\"nl_BE\" \/>\n<meta property=\"og:type\" content=\"article\" \/>\n<meta property=\"og:title\" content=\"Full-time U.S. High School Diploma Online\" \/>\n<meta property=\"og:description\" content=\"Dit programma is de ideale manier om je middelbare school af te ronden en een Amerikaans diploma te behalen. Lees hier meer\" \/>\n<meta property=\"og:url\" content=\"https:\/\/www.sts-education.be\/nl\/online-school\/diplomaprogrammas\/full-time-u-s-high-school-diploma-online\" \/>\n<meta property=\"og:site_name\" content=\"sts-education.be\" \/>\n<meta property=\"article:modified_time\" content=\"2025-09-02T10:35:41+00:00\" \/>\n<meta property=\"og:image\" content=\"https:\/\/powered-by.qbank.se\/educatius\/media\/d0618c769cba518c8d8a23cd7db7d818.jpg\" \/>\n<meta name=\"twitter:card\" content=\"summary_large_image\" \/>\n<meta name=\"twitter:label1\" content=\"Est. reading time\" \/>\n\t<meta name=\"twitter:data1\" content=\"4 minutes\" \/>\n<script type=\"application\/ld+json\" class=\"yoast-schema-graph\">{\"@context\":\"https:\/\/schema.org\",\"@graph\":[{\"@type\":\"WebPage\",\"@id\":\"https:\/\/www.sts-education.be\/nl\/online-school\/diplomaprogrammas\/full-time-u-s-high-school-diploma-online\",\"url\":\"https:\/\/www.sts-education.be\/nl\/online-school\/diplomaprogrammas\/full-time-u-s-high-school-diploma-online\",\"name\":\"Full-time Diploma\",\"isPartOf\":{\"@id\":\"https:\/\/www.sts-education.be\/nl#website\"},\"primaryImageOfPage\":{\"@id\":\"https:\/\/www.sts-education.be\/nl\/online-school\/diplomaprogrammas\/full-time-u-s-high-school-diploma-online#primaryimage\"},\"image\":{\"@id\":\"https:\/\/www.sts-education.be\/nl\/online-school\/diplomaprogrammas\/full-time-u-s-high-school-diploma-online#primaryimage\"},\"thumbnailUrl\":\"https:\/\/powered-by.qbank.se\/educatius\/media\/d0618c769cba518c8d8a23cd7db7d818.jpg\",\"datePublished\":\"2024-08-28T08:00:42+00:00\",\"dateModified\":\"2025-09-02T10:35:41+00:00\",\"description\":\"Dit programma is de ideale manier om je middelbare school af te ronden en een Amerikaans diploma te behalen. Lees hier meer\",\"breadcrumb\":{\"@id\":\"https:\/\/www.sts-education.be\/nl\/online-school\/diplomaprogrammas\/full-time-u-s-high-school-diploma-online#breadcrumb\"},\"inLanguage\":\"nl-BE\",\"potentialAction\":[{\"@type\":\"ReadAction\",\"target\":[\"https:\/\/www.sts-education.be\/nl\/online-school\/diplomaprogrammas\/full-time-u-s-high-school-diploma-online\"]}]},{\"@type\":\"ImageObject\",\"inLanguage\":\"nl-BE\",\"@id\":\"https:\/\/www.sts-education.be\/nl\/online-school\/diplomaprogrammas\/full-time-u-s-high-school-diploma-online#primaryimage\",\"url\":\"https:\/\/powered-by.qbank.se\/educatius\/media\/d0618c769cba518c8d8a23cd7db7d818.jpg\",\"contentUrl\":\"https:\/\/powered-by.qbank.se\/educatius\/media\/d0618c769cba518c8d8a23cd7db7d818.jpg\"},{\"@type\":\"BreadcrumbList\",\"@id\":\"https:\/\/www.sts-education.be\/nl\/online-school\/diplomaprogrammas\/full-time-u-s-high-school-diploma-online#breadcrumb\",\"itemListElement\":[{\"@type\":\"ListItem\",\"position\":1,\"name\":\"Accueil\",\"item\":\"https:\/\/www.sts-education.be\/nl\"},{\"@type\":\"ListItem\",\"position\":2,\"name\":\"Online school\",\"item\":\"https:\/\/www.sts-education.be\/nl\/online-school\"},{\"@type\":\"ListItem\",\"position\":3,\"name\":\"Diplomaprogramma's\",\"item\":\"https:\/\/www.sts-education.be\/nl\/online-school\/diplomaprogrammas\"},{\"@type\":\"ListItem\",\"position\":4,\"name\":\"Full-time Diploma\"}]},{\"@type\":\"WebSite\",\"@id\":\"https:\/\/www.sts-education.be\/nl#website\",\"url\":\"https:\/\/www.sts-education.be\/nl\",\"name\":\"sts-education.be\",\"description\":\"Unlock the world!\",\"publisher\":{\"@id\":\"https:\/\/www.sts-education.be\/nl#organization\"},\"potentialAction\":[{\"@type\":\"SearchAction\",\"target\":{\"@type\":\"EntryPoint\",\"urlTemplate\":\"https:\/\/www.sts-education.be\/nl?s={search_term_string}\"},\"query-input\":{\"@type\":\"PropertyValueSpecification\",\"valueRequired\":true,\"valueName\":\"search_term_string\"}}],\"inLanguage\":\"nl-BE\"},{\"@type\":\"Organization\",\"@id\":\"https:\/\/www.sts-education.be\/nl#organization\",\"name\":\"sts-education.be\",\"url\":\"https:\/\/www.sts-education.be\/nl\",\"logo\":{\"@type\":\"ImageObject\",\"inLanguage\":\"nl-BE\",\"@id\":\"https:\/\/www.sts-education.be\/nl#\/schema\/logo\/image\/\",\"url\":\"https:\/\/www.sts-education.be\/wp-content\/uploads\/sites\/2\/2025\/09\/cropped-STS-round-yellow-bkgr.png\",\"contentUrl\":\"https:\/\/www.sts-education.be\/wp-content\/uploads\/sites\/2\/2025\/09\/cropped-STS-round-yellow-bkgr.png\",\"width\":500,\"height\":460,\"caption\":\"sts-education.be\"},\"image\":{\"@id\":\"https:\/\/www.sts-education.be\/nl#\/schema\/logo\/image\/\"}}]}<\/script>\n<!-- \/ Yoast SEO Premium plugin. -->","yoast_head_json":{"title":"Full-time Diploma","description":"Dit programma is de ideale manier om je middelbare school af te ronden en een Amerikaans diploma te behalen. Lees hier meer","robots":{"index":"index","follow":"follow","max-snippet":"max-snippet:-1","max-image-preview":"max-image-preview:large","max-video-preview":"max-video-preview:-1"},"canonical":"https:\/\/www.sts-education.be\/nl\/online-school\/diplomaprogrammas\/full-time-u-s-high-school-diploma-online","og_locale":"nl_BE","og_type":"article","og_title":"Full-time U.S. High School Diploma Online","og_description":"Dit programma is de ideale manier om je middelbare school af te ronden en een Amerikaans diploma te behalen. Lees hier meer","og_url":"https:\/\/www.sts-education.be\/nl\/online-school\/diplomaprogrammas\/full-time-u-s-high-school-diploma-online","og_site_name":"sts-education.be","article_modified_time":"2025-09-02T10:35:41+00:00","og_image":[{"url":"https:\/\/powered-by.qbank.se\/educatius\/media\/d0618c769cba518c8d8a23cd7db7d818.jpg"}],"twitter_card":"summary_large_image","twitter_misc":{"Est. reading time":"4 minutes"},"schema":{"@context":"https:\/\/schema.org","@graph":[{"@type":"WebPage","@id":"https:\/\/www.sts-education.be\/nl\/online-school\/diplomaprogrammas\/full-time-u-s-high-school-diploma-online","url":"https:\/\/www.sts-education.be\/nl\/online-school\/diplomaprogrammas\/full-time-u-s-high-school-diploma-online","name":"Full-time Diploma","isPartOf":{"@id":"https:\/\/www.sts-education.be\/nl#website"},"primaryImageOfPage":{"@id":"https:\/\/www.sts-education.be\/nl\/online-school\/diplomaprogrammas\/full-time-u-s-high-school-diploma-online#primaryimage"},"image":{"@id":"https:\/\/www.sts-education.be\/nl\/online-school\/diplomaprogrammas\/full-time-u-s-high-school-diploma-online#primaryimage"},"thumbnailUrl":"https:\/\/powered-by.qbank.se\/educatius\/media\/d0618c769cba518c8d8a23cd7db7d818.jpg","datePublished":"2024-08-28T08:00:42+00:00","dateModified":"2025-09-02T10:35:41+00:00","description":"Dit programma is de ideale manier om je middelbare school af te ronden en een Amerikaans diploma te behalen. Lees hier meer","breadcrumb":{"@id":"https:\/\/www.sts-education.be\/nl\/online-school\/diplomaprogrammas\/full-time-u-s-high-school-diploma-online#breadcrumb"},"inLanguage":"nl-BE","potentialAction":[{"@type":"ReadAction","target":["https:\/\/www.sts-education.be\/nl\/online-school\/diplomaprogrammas\/full-time-u-s-high-school-diploma-online"]}]},{"@type":"ImageObject","inLanguage":"nl-BE","@id":"https:\/\/www.sts-education.be\/nl\/online-school\/diplomaprogrammas\/full-time-u-s-high-school-diploma-online#primaryimage","url":"https:\/\/powered-by.qbank.se\/educatius\/media\/d0618c769cba518c8d8a23cd7db7d818.jpg","contentUrl":"https:\/\/powered-by.qbank.se\/educatius\/media\/d0618c769cba518c8d8a23cd7db7d818.jpg"},{"@type":"BreadcrumbList","@id":"https:\/\/www.sts-education.be\/nl\/online-school\/diplomaprogrammas\/full-time-u-s-high-school-diploma-online#breadcrumb","itemListElement":[{"@type":"ListItem","position":1,"name":"Accueil","item":"https:\/\/www.sts-education.be\/nl"},{"@type":"ListItem","position":2,"name":"Online school","item":"https:\/\/www.sts-education.be\/nl\/online-school"},{"@type":"ListItem","position":3,"name":"Diplomaprogramma's","item":"https:\/\/www.sts-education.be\/nl\/online-school\/diplomaprogrammas"},{"@type":"ListItem","position":4,"name":"Full-time Diploma"}]},{"@type":"WebSite","@id":"https:\/\/www.sts-education.be\/nl#website","url":"https:\/\/www.sts-education.be\/nl","name":"sts-education.be","description":"Unlock the world!","publisher":{"@id":"https:\/\/www.sts-education.be\/nl#organization"},"potentialAction":[{"@type":"SearchAction","target":{"@type":"EntryPoint","urlTemplate":"https:\/\/www.sts-education.be\/nl?s={search_term_string}"},"query-input":{"@type":"PropertyValueSpecification","valueRequired":true,"valueName":"search_term_string"}}],"inLanguage":"nl-BE"},{"@type":"Organization","@id":"https:\/\/www.sts-education.be\/nl#organization","name":"sts-education.be","url":"https:\/\/www.sts-education.be\/nl","logo":{"@type":"ImageObject","inLanguage":"nl-BE","@id":"https:\/\/www.sts-education.be\/nl#\/schema\/logo\/image\/","url":"https:\/\/www.sts-education.be\/wp-content\/uploads\/sites\/2\/2025\/09\/cropped-STS-round-yellow-bkgr.png","contentUrl":"https:\/\/www.sts-education.be\/wp-content\/uploads\/sites\/2\/2025\/09\/cropped-STS-round-yellow-bkgr.png","width":500,"height":460,"caption":"sts-education.be"},"image":{"@id":"https:\/\/www.sts-education.be\/nl#\/schema\/logo\/image\/"}}]}},"_links":{"self":[{"href":"https:\/\/www.sts-education.be\/nl\/wp-json\/wp\/v2\/pages\/23439"}],"collection":[{"href":"https:\/\/www.sts-education.be\/nl\/wp-json\/wp\/v2\/pages"}],"about":[{"href":"https:\/\/www.sts-education.be\/nl\/wp-json\/wp\/v2\/types\/page"}],"author":[{"embeddable":true,"href":"https:\/\/www.sts-education.be\/nl\/wp-json\/wp\/v2\/users\/6"}],"replies":[{"embeddable":true,"href":"https:\/\/www.sts-education.be\/nl\/wp-json\/wp\/v2\/comments?post=23439"}],"version-history":[{"count":2,"href":"https:\/\/www.sts-education.be\/nl\/wp-json\/wp\/v2\/pages\/23439\/revisions"}],"predecessor-version":[{"id":24282,"href":"https:\/\/www.sts-education.be\/nl\/wp-json\/wp\/v2\/pages\/23439\/revisions\/24282"}],"up":[{"embeddable":true,"href":"https:\/\/www.sts-education.be\/nl\/wp-json\/wp\/v2\/pages\/23435"}],"wp:attachment":[{"href":"https:\/\/www.sts-education.be\/nl\/wp-json\/wp\/v2\/media?parent=23439"}],"wp:term":[{"taxonomy":"school_category","embeddable":true,"href":"https:\/\/www.sts-education.be\/nl\/wp-json\/wp\/v2\/school_category?post=23439"},{"taxonomy":"wf_page_folders","embeddable":true,"href":"https:\/\/www.sts-education.be\/nl\/wp-json\/wp\/v2\/wf_page_folders?post=23439"}],"curies":[{"name":"wp","href":"https:\/\/api.w.org\/{rel}","templated":true}]}}