{"id":23437,"date":"2022-10-27T12:25:06","date_gmt":"2022-10-27T12:25:06","guid":{"rendered":"https:\/\/www.educatius.be\/online-school\/diplomaprogrammas\/online-dual-diploma"},"modified":"2025-09-02T10:35:57","modified_gmt":"2025-09-02T10:35:57","slug":"online-dual-diploma","status":"publish","type":"page","link":"https:\/\/www.sts-education.be\/nl\/online-school\/diplomaprogrammas\/online-dual-diploma","title":{"rendered":"Online Dual Diploma"},"content":{"rendered":"\n<section class=\"inner-banner-section\"><div class=\"inner-banner-wrap\"><img decoding=\"async\" src=\"https:\/\/powered-by.qbank.se\/educatius\/media\/2a503cef55f090471fbc2a26fda0ae83.jpg\"\/><\/div><\/section><section class=\"banner-blue-box\" style=\"background:#fff04f\"><h1 style=\"color:#000000\">All-Online Dual Diploma<\/h1><p style=\"color:#000000\">Het All-Online Dual Diploma programma is ontworpen voor studenten die een internationale onderwijservaring willen zonder in het buitenland te studeren.<\/p><\/section>\n\n\n<div class=\"container\"><span><span><a href=\"https:\/\/www.sts-education.be\/nl\">Accueil<\/a><\/span><\/span><\/div>\n\n\n\n<div class=\"wp-block-columns container is-layout-flex wp-container-core-columns-is-layout-1 wp-block-columns-is-layout-flex\">\n<div class=\"wp-block-column is-layout-flow wp-block-column-is-layout-flow\">\n<div class=\"wp-block-educatius-title-paragraph-darkbutton container\"><div class=\"text-block-wrap py-4 py-md-0\"><h3 class=\"text-block-title text-primary\">All-Online Dual Diploma<\/h3><p class=\"text-primary\">Het All-Online Dual Diploma programma is ontworpen voor studenten die een internationale onderwijservaring willen, maar niet in staat zijn om in de Verenigde Staten te studeren als uitwisselingsstudent.<br><br><br><strong>Online programma + thuisstudie<\/strong><br>Je krijgt een dubbel diploma als je de middelbare school in je eigen land afmaakt en zes studiepunten behaalt op een Amerikaanse school. Volg zes online cursussen bij onze Amerikaanse partners om de zes studiepunten te behalen die je nodig hebt terwijl je naar een school in je eigen land gaat. Aan het eind ontvang je twee diploma&#8217;s &#8211; een van je plaatselijke school en een van je school in de Verenigde Staten!  <br><br><strong>Welkom bij de Washington Academy<\/strong><br>Onze partner, de Washington Academy, biedt cursussen aan als onderdeel van het Hybrid Dual Diploma programma. De in 1792 opgerichte Washington Academy is een van de oudste onderwijsinstellingen in de Verenigde Staten. Ze is volledig geaccrediteerd door de New England Association of Schools and Colleges en staat hoog aangeschreven bij studenten van over de hele wereld. Elk jaar verwelkomt Washington Academy 500 studenten op de campus in Maine en nog veel meer internationale studenten zoals jij in de online lessen. Bovendien wordt 92% van onze afgestudeerden toegelaten tot een selectieve hogeschool of universiteit.    <br><br><strong>Studeren wanneer jij wilt<\/strong><br>Je kunt online zes studiepunten behalen in een, twee of drie jaar. Kies ervoor om tijdens het schooljaar of tijdens de zomervakantie te studeren. De cursussen zijn asynchroon, dus je kunt beginnen wanneer je wilt en in je eigen tempo leren. Natuurlijk heb je wel contact met je docenten en klasgenoten, dus verwacht twee keer per maand live sessies in je hoofdklassen.   <br><br><strong>Volg de vakken die je interesseren<\/strong><br>Sommige vakken zijn verplicht, zoals Amerikaanse geschiedenis en Engels. Maar je kunt ook keuzevakken kiezen, fascinerende onderwerpen die op de meeste middelbare scholen niet beschikbaar zijn. Het is leuk om je te verdiepen in onderwerpen die je interesseren en het kan je helpen om je studie na de middelbare school vorm te geven.  <br><a href=\"http:\/\/educatiusacademy.org\/enroll-now\/\"><\/a><\/p><a href=\"\/ecole-en-ligne\/nous-contacter-programme-en-ligne\" class=\"btn btn-primary\">Contacte-nous<\/a><\/div><\/div>\n<\/div>\n\n\n\n<div class=\"wp-block-column is-layout-flow wp-block-column-is-layout-flow\">\n<div class=\"wp-block-educatius-bordered-text container\"><div class=\"quick-fact-section\"><h6 class=\"text-block-title text-primary\"><strong>Korte feiten:<\/strong><\/h6><ul class=\"list-group text-primary\"><li class=\"list-item\">Krijg zes online studiepunten<br><\/li><br><li class=\"list-item\">Studeer over \u00e9\u00e9n, twee of drie jaar<br><\/li><br><li class=\"list-item\">Online studeren tijdens het schooljaar of de zomer<br><\/li><br><li class=\"list-item\">Start op het moment dat jij wilt en studeer in je eigen tempo<\/li><\/ul><\/div><\/div>\n<\/div>\n<\/div>\n\n\n\n<div class=\"wp-block-educatius-underscore-heading container\"><h2 class=\"section-title text-center mx-auto mt-3 mb-5\">Onze partners voor het All-Online Dual Diploma<\/h2><\/div>\n\n\n\n<div class=\"wp-block-group container is-layout-constrained wp-block-group-is-layout-constrained\">\n<div class=\"wp-block-columns is-layout-flex wp-container-core-columns-is-layout-2 wp-block-columns-is-layout-flex\">\n<div class=\"wp-block-column is-layout-flow wp-block-column-is-layout-flow\">\n<figure class=\"wp-block-image size-full\"><img decoding=\"async\" src=\"https:\/\/powered-by.qbank.se\/educatius\/media\/06b9554696791e906aaea89352794839.jpg\" alt=\"\" class=\"wp-image-8783\"\/><\/figure>\n<\/div>\n\n\n\n<div class=\"wp-block-column is-layout-flow wp-block-column-is-layout-flow\">\n<h3 class=\"wp-block-heading has-primary-blue-color has-text-color\" id=\"h-thornton-academy-maine\">Thornton Academy, Maine<\/h3>\n\n\n\n<p>Onze partnerschool, Thornton Academy, is een van de scholen die onze Amerikaanse middelbare schooldiploma&#8217;s online aanbiedt. Deze prestigieuze kostschool is opgericht in 1811 en heeft een lange geschiedenis van academische uitmuntendheid. Tegenwoordig is de school volledig geaccrediteerd door de New England Association of Schools and Colleges. Thornton Academy is ook een van de vier Apple Distinguished Schools, erkend voor het gebruik van onderwijstechnologie van wereldklasse. Elk jaar verwelkomt Thornton Academy 1600 studenten op de prachtige campus en nog veel meer internationale studenten zoals jij in de gerenommeerde digitale programma&#8217;s.    <\/p>\n<\/div>\n<\/div>\n<\/div>\n\n\n\n<div class=\"wp-block-group container is-layout-constrained wp-block-group-is-layout-constrained\">\n<div class=\"wp-block-group container is-layout-constrained wp-block-group-is-layout-constrained\">\n<div class=\"wp-block-columns is-layout-flex wp-container-core-columns-is-layout-3 wp-block-columns-is-layout-flex\">\n<div class=\"wp-block-column is-layout-flow wp-block-column-is-layout-flow\" style=\"flex-basis:50%\">\n<h3 class=\"wp-block-heading has-primary-blue-color has-text-color\" id=\"h-wayland-academy-wisconsin\">Wayland Academy, Wisconsin<\/h3>\n\n\n\n<p>Onze partnerschool, Wayland Academy, is opgericht in 1855 en staat in de top 5 van kostscholen, voorbereidende scholen en openbare scholen in Wisconsin. De school is door Niche erkend als een van America&#8217;s Best Schools 2022. Wayland Academy ligt in het Middenwesten van Wisconsin en is een onafhankelijke, co-educatieve, voorbereidende school voor internaten en dagstudenten. De kleine schoolomgeving biedt studenten persoonlijke individuele aandacht. Het academische programma op de campus en online biedt een scala aan geavanceerde cursussen.    <\/p>\n<\/div>\n\n\n\n<div class=\"wp-block-column is-layout-flow wp-block-column-is-layout-flow\" style=\"flex-basis:50%\">\n<figure class=\"wp-block-image size-full\"><img decoding=\"async\" src=\"https:\/\/powered-by.qbank.se\/educatius\/media\/9cff3bcaae0aa2d6e4d5f44da452a66c.webp\" alt=\"\" class=\"wp-image-8785\"\/><\/figure>\n<\/div>\n<\/div>\n<\/div>\n<\/div>\n\n\n\n<div class=\"wp-block-educatius-underscore-heading container\"><h2 class=\"section-title text-center mx-auto mt-3 mb-5\">Het proces<\/h2><\/div>\n\n\n\n<section class=\"wp-block-educatius-progress-bar process-section\"><div class=\"container\"><div class=\"process-wrapper\"><div class=\"process-list\"><div class=\"section d-flex\"><div class=\"point\"><span>1.  <\/span><p><strong>Kies je programma<br><\/strong>Zoek het programma dat past bij jouw (academische) doelen te bereiken en meld je aan.<strong><br><\/strong><\/p><\/div><div class=\"point\"><span>2.<\/span><p><strong>Stuur ons je rapporten<\/strong><br>Stuur ons de documenten voor je inschrijving en je cijferlijsten van je huidige school.<strong><br><\/strong><\/p><\/div><\/div><div class=\"section d-flex\"><div class=\"point\"><span>3.<\/span><p><strong>Profiteer van je studie<\/strong><br>Zodra je bent toegelaten, krijg je toegang tot ons gepersonaliseerde leerplatform.<\/p><\/div><div class=\"point\"><span>4.<\/span><p><strong>Behaal je diploma <\/strong><br>Rond je opleiding af en begin met het plannen van de volgende stappen in je academische toekomst.<\/p><\/div><\/div><\/div><ul class=\"process-line\"><li><li><li><li><\/ul><\/div><\/div><\/section>\n\n\n\n<div class=\"wp-block-educatius-testimonial-slider students-feedback-wrap bg-lightest-blue\"><div class=\"container\"><div class=\"row\"><div class=\"col-md-6\"><div class=\"student-img-swipe swiper\"><div class=\"swiper-wrapper\"><div class=\"swiper-slide student-img-wrap\"><img decoding=\"async\" src=\"https:\/\/powered-by.qbank.se\/educatius\/media\/0ffe258ac76e674bf236710ea891d791.jpg\" class=\"w-100\"\/><\/div><\/div><\/div><\/div><div class=\"col-md-6\"><div class=\"student-feedback-column p-5\"><div class=\"student-feedback-text swiper position-relative pb-5\"><div class=\"swiper-wrapper\"><div class=\"swiper-slide feedback-text-wrap\"><p class=\"mb-5\"><em>&#8220;La plateforme est tr\u00e8s conviviale et facile \u00e0 utiliser. J&#8217;aime vraiment pouvoir voir mes progr\u00e8s, et le calendrier est tr\u00e8s pratique. Si vous suivez les recommandations des enseignants et de la plateforme, vous ne prendrez pas de retard.&#8221;<\/em><\/p><p class=\"feedback-author\"> &#8211; Patrik, 18 ans, Danois<\/p><\/div><\/div><div class=\"swiper-pagination student-feedback-dots d-flex align-items-center\"><\/div><\/div><\/div><\/div><\/div><\/div><\/div>\n\n\n\n<section class=\"wp-block-educatius-right-image-and-text highlight-section-reverse py-1 py-sm-5 py-md-5 py-5\" style=\"background:#ffffff\"><div class=\"container my-3\"><div class=\"row\"><div class=\"col-md-6 order-md-1\"><img decoding=\"async\" src=\"https:\/\/powered-by.qbank.se\/educatius\/media\/fbb3f228ce936db079918525b07ff87c.jpg\" class=\"w-100\"><\/div><div class=\"col-md-6 order-md-0\"><div class=\"text-block-wrap py-md-0 px-md-5\"><span class=\"text-block-title text-primary\"><\/span><h3 class=\"text-block-title text-primary\">Boek een gratis adviesgesprek<\/h3><p>Boek een persoonlijk gesprek met ons en vertel ons over je academische doelen. Samen vinden we de beste manier om je te helpen naar je droombestemming te reizen. <\/p><a href=\"https:\/\/www.sts-education.be\/nl\/online-school\/contact-opnemen-online-programmas\" class=\"btn btn-outline-primary btn-lg\">Start het gesprek<\/a><\/div><\/div><\/div><\/div><\/section>\n","protected":false},"excerpt":{"rendered":"<p>Thornton Academy, Maine Onze partnerschool, Thornton Academy, is een van de scholen die onze Amerikaanse middelbare schooldiploma&#8217;s online aanbiedt. Deze prestigieuze kostschool is opgericht in 1811 en heeft een lange geschiedenis van academische uitmuntendheid. Tegenwoordig is de school volledig geaccrediteerd door de New England Association of Schools and Colleges. Thornton Academy is ook een van [&hellip;]<\/p>\n","protected":false},"author":6,"featured_media":0,"parent":23435,"menu_order":0,"comment_status":"closed","ping_status":"closed","template":"","meta":{"_acf_changed":false,"inline_featured_image":false,"footnotes":""},"school_category":[],"wf_page_folders":[145],"class_list":["post-23437","page","type-page","status-publish","hentry"],"acf":[],"yoast_head":"<!-- This site is optimized with the Yoast SEO Premium plugin v23.4 (Yoast SEO v23.6) - https:\/\/yoast.com\/wordpress\/plugins\/seo\/ -->\n<title>Online een schooldiploma halen<\/title>\n<meta name=\"description\" content=\"Met dit programma kunnen studenten studiepunten die ze in het buitenland hebben behaald combineren met studiepunten die ze in hun eigen land hebben behaald om twee diploma&#039;s te behalen!\" \/>\n<meta name=\"robots\" content=\"index, follow, max-snippet:-1, max-image-preview:large, max-video-preview:-1\" \/>\n<link rel=\"canonical\" href=\"https:\/\/www.sts-education.be\/nl\/online-school\/diplomaprogrammas\/online-dual-diploma\" \/>\n<meta property=\"og:locale\" content=\"nl_BE\" \/>\n<meta property=\"og:type\" content=\"article\" \/>\n<meta property=\"og:title\" content=\"Online Dual Diploma\" \/>\n<meta property=\"og:description\" content=\"Met dit programma kunnen studenten studiepunten die ze in het buitenland hebben behaald combineren met studiepunten die ze in hun eigen land hebben behaald om twee diploma&#039;s te behalen!\" \/>\n<meta property=\"og:url\" content=\"https:\/\/www.sts-education.be\/nl\/online-school\/diplomaprogrammas\/online-dual-diploma\" \/>\n<meta property=\"og:site_name\" content=\"sts-education.be\" \/>\n<meta property=\"article:modified_time\" content=\"2025-09-02T10:35:57+00:00\" \/>\n<meta property=\"og:image\" content=\"https:\/\/powered-by.qbank.se\/educatius\/media\/2a503cef55f090471fbc2a26fda0ae83.jpg\" \/>\n<meta name=\"twitter:card\" content=\"summary_large_image\" \/>\n<meta name=\"twitter:label1\" content=\"Est. reading time\" \/>\n\t<meta name=\"twitter:data1\" content=\"5 minutes\" \/>\n<script type=\"application\/ld+json\" class=\"yoast-schema-graph\">{\"@context\":\"https:\/\/schema.org\",\"@graph\":[{\"@type\":\"WebPage\",\"@id\":\"https:\/\/www.sts-education.be\/nl\/online-school\/diplomaprogrammas\/online-dual-diploma\",\"url\":\"https:\/\/www.sts-education.be\/nl\/online-school\/diplomaprogrammas\/online-dual-diploma\",\"name\":\"Online een schooldiploma halen\",\"isPartOf\":{\"@id\":\"https:\/\/www.sts-education.be\/nl#website\"},\"primaryImageOfPage\":{\"@id\":\"https:\/\/www.sts-education.be\/nl\/online-school\/diplomaprogrammas\/online-dual-diploma#primaryimage\"},\"image\":{\"@id\":\"https:\/\/www.sts-education.be\/nl\/online-school\/diplomaprogrammas\/online-dual-diploma#primaryimage\"},\"thumbnailUrl\":\"https:\/\/powered-by.qbank.se\/educatius\/media\/2a503cef55f090471fbc2a26fda0ae83.jpg\",\"datePublished\":\"2022-10-27T12:25:06+00:00\",\"dateModified\":\"2025-09-02T10:35:57+00:00\",\"description\":\"Met dit programma kunnen studenten studiepunten die ze in het buitenland hebben behaald combineren met studiepunten die ze in hun eigen land hebben behaald om twee diploma's te behalen!\",\"breadcrumb\":{\"@id\":\"https:\/\/www.sts-education.be\/nl\/online-school\/diplomaprogrammas\/online-dual-diploma#breadcrumb\"},\"inLanguage\":\"nl-BE\",\"potentialAction\":[{\"@type\":\"ReadAction\",\"target\":[\"https:\/\/www.sts-education.be\/nl\/online-school\/diplomaprogrammas\/online-dual-diploma\"]}]},{\"@type\":\"ImageObject\",\"inLanguage\":\"nl-BE\",\"@id\":\"https:\/\/www.sts-education.be\/nl\/online-school\/diplomaprogrammas\/online-dual-diploma#primaryimage\",\"url\":\"https:\/\/powered-by.qbank.se\/educatius\/media\/2a503cef55f090471fbc2a26fda0ae83.jpg\",\"contentUrl\":\"https:\/\/powered-by.qbank.se\/educatius\/media\/2a503cef55f090471fbc2a26fda0ae83.jpg\"},{\"@type\":\"BreadcrumbList\",\"@id\":\"https:\/\/www.sts-education.be\/nl\/online-school\/diplomaprogrammas\/online-dual-diploma#breadcrumb\",\"itemListElement\":[{\"@type\":\"ListItem\",\"position\":1,\"name\":\"Accueil\",\"item\":\"https:\/\/www.sts-education.be\/nl\"},{\"@type\":\"ListItem\",\"position\":2,\"name\":\"Online school\",\"item\":\"https:\/\/www.sts-education.be\/nl\/online-school\"},{\"@type\":\"ListItem\",\"position\":3,\"name\":\"Diplomaprogramma's\",\"item\":\"https:\/\/www.sts-education.be\/nl\/online-school\/diplomaprogrammas\"},{\"@type\":\"ListItem\",\"position\":4,\"name\":\"Dubbele graad alles online\"}]},{\"@type\":\"WebSite\",\"@id\":\"https:\/\/www.sts-education.be\/nl#website\",\"url\":\"https:\/\/www.sts-education.be\/nl\",\"name\":\"sts-education.be\",\"description\":\"Unlock the world!\",\"publisher\":{\"@id\":\"https:\/\/www.sts-education.be\/nl#organization\"},\"potentialAction\":[{\"@type\":\"SearchAction\",\"target\":{\"@type\":\"EntryPoint\",\"urlTemplate\":\"https:\/\/www.sts-education.be\/nl?s={search_term_string}\"},\"query-input\":{\"@type\":\"PropertyValueSpecification\",\"valueRequired\":true,\"valueName\":\"search_term_string\"}}],\"inLanguage\":\"nl-BE\"},{\"@type\":\"Organization\",\"@id\":\"https:\/\/www.sts-education.be\/nl#organization\",\"name\":\"sts-education.be\",\"url\":\"https:\/\/www.sts-education.be\/nl\",\"logo\":{\"@type\":\"ImageObject\",\"inLanguage\":\"nl-BE\",\"@id\":\"https:\/\/www.sts-education.be\/nl#\/schema\/logo\/image\/\",\"url\":\"https:\/\/www.sts-education.be\/wp-content\/uploads\/sites\/2\/2025\/09\/cropped-STS-round-yellow-bkgr.png\",\"contentUrl\":\"https:\/\/www.sts-education.be\/wp-content\/uploads\/sites\/2\/2025\/09\/cropped-STS-round-yellow-bkgr.png\",\"width\":500,\"height\":460,\"caption\":\"sts-education.be\"},\"image\":{\"@id\":\"https:\/\/www.sts-education.be\/nl#\/schema\/logo\/image\/\"}}]}<\/script>\n<!-- \/ Yoast SEO Premium plugin. -->","yoast_head_json":{"title":"Online een schooldiploma halen","description":"Met dit programma kunnen studenten studiepunten die ze in het buitenland hebben behaald combineren met studiepunten die ze in hun eigen land hebben behaald om twee diploma's te behalen!","robots":{"index":"index","follow":"follow","max-snippet":"max-snippet:-1","max-image-preview":"max-image-preview:large","max-video-preview":"max-video-preview:-1"},"canonical":"https:\/\/www.sts-education.be\/nl\/online-school\/diplomaprogrammas\/online-dual-diploma","og_locale":"nl_BE","og_type":"article","og_title":"Online Dual Diploma","og_description":"Met dit programma kunnen studenten studiepunten die ze in het buitenland hebben behaald combineren met studiepunten die ze in hun eigen land hebben behaald om twee diploma's te behalen!","og_url":"https:\/\/www.sts-education.be\/nl\/online-school\/diplomaprogrammas\/online-dual-diploma","og_site_name":"sts-education.be","article_modified_time":"2025-09-02T10:35:57+00:00","og_image":[{"url":"https:\/\/powered-by.qbank.se\/educatius\/media\/2a503cef55f090471fbc2a26fda0ae83.jpg"}],"twitter_card":"summary_large_image","twitter_misc":{"Est. reading time":"5 minutes"},"schema":{"@context":"https:\/\/schema.org","@graph":[{"@type":"WebPage","@id":"https:\/\/www.sts-education.be\/nl\/online-school\/diplomaprogrammas\/online-dual-diploma","url":"https:\/\/www.sts-education.be\/nl\/online-school\/diplomaprogrammas\/online-dual-diploma","name":"Online een schooldiploma halen","isPartOf":{"@id":"https:\/\/www.sts-education.be\/nl#website"},"primaryImageOfPage":{"@id":"https:\/\/www.sts-education.be\/nl\/online-school\/diplomaprogrammas\/online-dual-diploma#primaryimage"},"image":{"@id":"https:\/\/www.sts-education.be\/nl\/online-school\/diplomaprogrammas\/online-dual-diploma#primaryimage"},"thumbnailUrl":"https:\/\/powered-by.qbank.se\/educatius\/media\/2a503cef55f090471fbc2a26fda0ae83.jpg","datePublished":"2022-10-27T12:25:06+00:00","dateModified":"2025-09-02T10:35:57+00:00","description":"Met dit programma kunnen studenten studiepunten die ze in het buitenland hebben behaald combineren met studiepunten die ze in hun eigen land hebben behaald om twee diploma's te behalen!","breadcrumb":{"@id":"https:\/\/www.sts-education.be\/nl\/online-school\/diplomaprogrammas\/online-dual-diploma#breadcrumb"},"inLanguage":"nl-BE","potentialAction":[{"@type":"ReadAction","target":["https:\/\/www.sts-education.be\/nl\/online-school\/diplomaprogrammas\/online-dual-diploma"]}]},{"@type":"ImageObject","inLanguage":"nl-BE","@id":"https:\/\/www.sts-education.be\/nl\/online-school\/diplomaprogrammas\/online-dual-diploma#primaryimage","url":"https:\/\/powered-by.qbank.se\/educatius\/media\/2a503cef55f090471fbc2a26fda0ae83.jpg","contentUrl":"https:\/\/powered-by.qbank.se\/educatius\/media\/2a503cef55f090471fbc2a26fda0ae83.jpg"},{"@type":"BreadcrumbList","@id":"https:\/\/www.sts-education.be\/nl\/online-school\/diplomaprogrammas\/online-dual-diploma#breadcrumb","itemListElement":[{"@type":"ListItem","position":1,"name":"Accueil","item":"https:\/\/www.sts-education.be\/nl"},{"@type":"ListItem","position":2,"name":"Online school","item":"https:\/\/www.sts-education.be\/nl\/online-school"},{"@type":"ListItem","position":3,"name":"Diplomaprogramma's","item":"https:\/\/www.sts-education.be\/nl\/online-school\/diplomaprogrammas"},{"@type":"ListItem","position":4,"name":"Dubbele graad alles online"}]},{"@type":"WebSite","@id":"https:\/\/www.sts-education.be\/nl#website","url":"https:\/\/www.sts-education.be\/nl","name":"sts-education.be","description":"Unlock the world!","publisher":{"@id":"https:\/\/www.sts-education.be\/nl#organization"},"potentialAction":[{"@type":"SearchAction","target":{"@type":"EntryPoint","urlTemplate":"https:\/\/www.sts-education.be\/nl?s={search_term_string}"},"query-input":{"@type":"PropertyValueSpecification","valueRequired":true,"valueName":"search_term_string"}}],"inLanguage":"nl-BE"},{"@type":"Organization","@id":"https:\/\/www.sts-education.be\/nl#organization","name":"sts-education.be","url":"https:\/\/www.sts-education.be\/nl","logo":{"@type":"ImageObject","inLanguage":"nl-BE","@id":"https:\/\/www.sts-education.be\/nl#\/schema\/logo\/image\/","url":"https:\/\/www.sts-education.be\/wp-content\/uploads\/sites\/2\/2025\/09\/cropped-STS-round-yellow-bkgr.png","contentUrl":"https:\/\/www.sts-education.be\/wp-content\/uploads\/sites\/2\/2025\/09\/cropped-STS-round-yellow-bkgr.png","width":500,"height":460,"caption":"sts-education.be"},"image":{"@id":"https:\/\/www.sts-education.be\/nl#\/schema\/logo\/image\/"}}]}},"_links":{"self":[{"href":"https:\/\/www.sts-education.be\/nl\/wp-json\/wp\/v2\/pages\/23437"}],"collection":[{"href":"https:\/\/www.sts-education.be\/nl\/wp-json\/wp\/v2\/pages"}],"about":[{"href":"https:\/\/www.sts-education.be\/nl\/wp-json\/wp\/v2\/types\/page"}],"author":[{"embeddable":true,"href":"https:\/\/www.sts-education.be\/nl\/wp-json\/wp\/v2\/users\/6"}],"replies":[{"embeddable":true,"href":"https:\/\/www.sts-education.be\/nl\/wp-json\/wp\/v2\/comments?post=23437"}],"version-history":[{"count":2,"href":"https:\/\/www.sts-education.be\/nl\/wp-json\/wp\/v2\/pages\/23437\/revisions"}],"predecessor-version":[{"id":24283,"href":"https:\/\/www.sts-education.be\/nl\/wp-json\/wp\/v2\/pages\/23437\/revisions\/24283"}],"up":[{"embeddable":true,"href":"https:\/\/www.sts-education.be\/nl\/wp-json\/wp\/v2\/pages\/23435"}],"wp:attachment":[{"href":"https:\/\/www.sts-education.be\/nl\/wp-json\/wp\/v2\/media?parent=23437"}],"wp:term":[{"taxonomy":"school_category","embeddable":true,"href":"https:\/\/www.sts-education.be\/nl\/wp-json\/wp\/v2\/school_category?post=23437"},{"taxonomy":"wf_page_folders","embeddable":true,"href":"https:\/\/www.sts-education.be\/nl\/wp-json\/wp\/v2\/wf_page_folders?post=23437"}],"curies":[{"name":"wp","href":"https:\/\/api.w.org\/{rel}","templated":true}]}}