{"id":23429,"date":"2024-08-28T08:00:06","date_gmt":"2024-08-28T08:00:06","guid":{"rendered":"https:\/\/www.educatius.be\/online-school\/global-skills-prep-camp"},"modified":"2025-09-02T10:40:27","modified_gmt":"2025-09-02T10:40:27","slug":"global-skills-prep-camp","status":"publish","type":"page","link":"https:\/\/www.sts-education.be\/nl\/online-school\/global-skills-prep-camp","title":{"rendered":"Global Skills Prep Camp"},"content":{"rendered":"\n<section class=\"inner-banner-section\"><div class=\"inner-banner-wrap\"><img decoding=\"async\" src=\"https:\/\/powered-by.qbank.se\/educatius\/media\/7cbb793c46d7cad3981035cf922bd3f1.jpg\"\/><\/div><\/section><section class=\"banner-blue-box\" style=\"background:#fff04f\"><h1 style=\"color:#000000\">Global Skills Prep Camp<\/h1><p style=\"color:#000000\">Navigeer door de wereld van het voortgezet onderwijs in het buitenland: een online cursus van 15 uur om je academische en mondiale zelfvertrouwen een boost te geven.<\/p><\/section>\n\n\n<div class=\"container\"><span><span><a href=\"https:\/\/www.sts-education.be\/nl\">Accueil<\/a><\/span><\/span><\/div>\n\n\n\n<div class=\"wp-block-group is-layout-constrained wp-block-group-is-layout-constrained\">\n<div class=\"wp-block-columns container is-layout-flex wp-container-core-columns-is-layout-1 wp-block-columns-is-layout-flex\">\n<div class=\"wp-block-column is-layout-flow wp-block-column-is-layout-flow\">\n<div class=\"wp-block-educatius-title-paragraph-darkbutton container\"><div class=\"text-block-wrap py-4 py-md-0\"><h3 class=\"text-block-title text-primary\">Optimale voorbereiding op de uitwisseling<\/h3><p class=\"text-primary\">Deelnemen aan een uitwisselingsprogramma is een avontuur dat je maar \u00e9\u00e9n keer in je leven beleeft. Het <em>Global Skills<\/em> Preparation Camp is ideaal om je voorbereiding een boost te geven, inclusief essenti\u00eble vaardigheden zoals cultureel bewustzijn, zelfvertrouwen, het gebruik van AI-tools om het leren te ondersteunen en zelfvertrouwen tijdens het spreken van Engels. <br><br><strong>Verbeter je mondiale vaardigheden in 10 online sessies<\/strong><br>Deze 15 uur durende online cursus omvat 10 sessies die zijn ontworpen om je academische succes en levenslang leren te maximaliseren. We behandelen de unieke uitdagingen van internationaal studeren en spannende ervaringen in het buitenland. De cursus verbetert niet alleen je Engelse en mondiale vaardigheden, maar bereidt je ook voor op de sociale, emotionele en culturele aspecten van een uitwisselingsprogramma.  <br><br><strong>Zelfverzekerd, verrijkt en klaar om te gaan<\/strong><br>Aan het einde van de cursus zul je je klaar voelen om lessen te volgen, nieuwe vrienden te maken en het dagelijkse leven in je gastland te verkennen. Bovendien heb je contacten gelegd met andere uitwisselingsstudenten met wie je tijdens deze onvergetelijke ervaring in contact kunt blijven. <br><br><strong>Neem contact met ons op om te zien welke startdata beschikbaar zijn in 2024.<\/strong><\/p><a href=\"\/ecole-en-ligne\/nous-contacter-programme-en-ligne\" class=\"btn btn-primary\">Prends contact<\/a><\/div><\/div>\n<\/div>\n\n\n\n<div class=\"wp-block-column is-layout-flow wp-block-column-is-layout-flow\">\n<div class=\"wp-block-educatius-bordered-text container\"><div class=\"quick-fact-section\"><h6 class=\"text-block-title text-primary\"><strong>Korte feiten:<\/strong>  <br><\/h6><ul class=\"list-group text-primary\"><li class=\"list-item\">Prijs: 600 EUR<br><\/li><br><li class=\"list-item\">10 lessen van elk 90 minuten &#8211; in totaal 15 uur.<\/li><br><li class=\"list-item\">De cursus staat open voor alle studenten die zich voorbereiden op een studie in het buitenland, ongeacht hun bestemming.<\/li><br><li class=\"list-item\"><span style=\"font-weight: var(--bs-body-font-weight);text-align: var(--bs-body-text-align)\">Elke student die de cursus met succes afrondt, ontvangt een certificaat.<br><\/span><\/li><br><\/ul><a href=\"https:\/\/powered-by.qbank.se\/educatius\/media\/d0f993ffa1de9163ba93ef6e425faf4f.pdf\" class=\"btn btn-outline-primary\">T\u00e9l\u00e9charger la description du cours<\/a><\/div><\/div>\n<\/div>\n<\/div>\n<\/div>\n\n\n\n<div class=\"wp-block-group mb-5 is-layout-constrained wp-block-group-is-layout-constrained\">\n<div class=\"wp-block-columns container edu-text-para-card-block is-layout-flex wp-container-core-columns-is-layout-2 wp-block-columns-is-layout-flex\">\n<div class=\"wp-block-column has-white-color has-black-background-color has-text-color has-background is-layout-flow wp-block-column-is-layout-flow\">\n<div class=\"wp-block-educatius-title-paragraph-darkbutton container\"><div class=\"text-block-wrap py-4 py-md-0\"><h3 class=\"text-block-title text-primary\">Kan ik meedoen?<\/h3><p class=\"text-primary\">Je kunt je inschrijven voor de cursus als je je voorbereidt op een uitwisselingsprogramma, ongeacht de bestemming. De cursus is geschikt voor alle studenten met een B2 &#8211; C1 niveau Engels. We zullen je vragen een Engelse test af te leggen.  <\/p><\/div><\/div>\n<\/div>\n\n\n\n<div class=\"wp-block-column has-white-color has-black-background-color has-text-color has-background has-link-color wp-elements-5e45a76557b1967584bff2876db63d87 is-layout-flow wp-block-column-is-layout-flow\">\n<div class=\"wp-block-educatius-title-paragraph-darkbutton container\"><div class=\"text-block-wrap py-4 py-md-0\"><h3 class=\"text-block-title text-primary\">Wat zal ik leren?<\/h3><p class=\"text-primary\">Leren om te leren<br>Emotionele ontwikkeling<br>Eigenwaarde opbouwen<br>Kritisch denken 1<br>Kritisch denken 2<br>Cultureel bewustzijn<br>Omgaan met cultuurschok<br>Communicatie<br>Samenwerking en sociale verantwoordelijkheid<br>Creativiteit<\/p><\/div><\/div>\n<\/div>\n\n\n\n<div class=\"wp-block-column has-white-color has-black-background-color has-text-color has-background is-layout-flow wp-block-column-is-layout-flow\">\n<div class=\"wp-block-educatius-title-paragraph-darkbutton container\"><div class=\"text-block-wrap py-4 py-md-0\"><h3 class=\"text-block-title text-primary\">Hoe werkt het?<\/h3><p class=\"text-primary\">Je wordt in een klas geplaatst met andere studenten die zich ook voorbereiden op hun studie in het buitenland. De lesstof &#8211; volgens het Cambridge Life Skills framework &#8211; is boeiend met een reeks teksten en video&#8217;s en gaat gepaard met activiteiten en discussieforums op het aanvullende online platform. We sturen je een welkomstbrief voordat de cursus begint, met data, links en alle details die je nodig hebt.  <\/p><\/div><\/div>\n<\/div>\n<\/div>\n<\/div>\n\n\n\n<div class=\"wp-block-educatius-underscore-heading container\"><h2 class=\"section-title text-center mx-auto mt-3 mb-5\">Wat anderen over de cursus zeggen<\/h2><\/div>\n\n\n\n<div class=\"wp-block-educatius-testimonial-slider students-feedback-wrap bg-lightest-blue\"><div class=\"container\"><div class=\"row\"><div class=\"col-md-6\"><div class=\"student-img-swipe swiper\"><div class=\"swiper-wrapper\"><div class=\"swiper-slide student-img-wrap\"><img decoding=\"async\" src=\"https:\/\/powered-by.qbank.se\/educatius\/media\/6a67ad49461a5940715c8257a5902b79.jpg\" class=\"w-100\"\/><\/div><div class=\"swiper-slide student-img-wrap\"><img decoding=\"async\" src=\"https:\/\/powered-by.qbank.se\/educatius\/media\/d18dad6d6c0dd9aff9e3dd729fd0fe81.jpg\" class=\"w-100\"\/><\/div><div class=\"swiper-slide student-img-wrap\"><img decoding=\"async\" src=\"https:\/\/powered-by.qbank.se\/educatius\/media\/aa4e319d28b0e5f982bcc2fdc940deb8.jpg\" class=\"w-100\"\/><\/div><\/div><\/div><\/div><div class=\"col-md-6\"><div class=\"student-feedback-column p-5\"><div class=\"student-feedback-text swiper position-relative pb-5\"><div class=\"swiper-wrapper\"><div class=\"swiper-slide feedback-text-wrap\"><p class=\"mb-5\"><em>\u00ab C&#8217;\u00e9tait un excellent cours ! C&#8217;\u00e9tait tellement amusant de rencontrer d&#8217;autres \u00e9tudiants de l&#8217;ann\u00e9e d&#8217;\u00e9change. Yasmin \u00e9tait vraiment gentille et attentionn\u00e9e. 10\/10 pour l&#8217;enseignante ! \u00bb<br><\/em><\/p><p class=\"feedback-author\"><\/p><\/div><div class=\"swiper-slide feedback-text-wrap\"><p class=\"mb-5\"><em>\u00ab C&#8217;\u00e9tait tr\u00e8s agr\u00e9able et utile de faire les t\u00e2ches et de discuter avec les autres \u00e9tudiants, car ils vont vivre la m\u00eame exp\u00e9rience que toi. \u00bb<br><\/em><\/p><p class=\"feedback-author\"><\/p><\/div><div class=\"swiper-slide feedback-text-wrap\"><p class=\"mb-5\"><em>\u00ab Je pense que le cours est vraiment int\u00e9ressant et que les sujets choisis sont appropri\u00e9s et pertinents. \u00bb<br><\/em><\/p><p class=\"feedback-author\"> <\/p><\/div><\/div><div class=\"swiper-pagination student-feedback-dots d-flex align-items-center\"><\/div><\/div><\/div><\/div><\/div><\/div><\/div>\n\n\n\n<section class=\"wp-block-educatius-right-image-and-text highlight-section-reverse py-1 py-sm-5 py-md-5 py-5\" style=\"background:#ffffff\"><div class=\"container my-3\"><div class=\"row\"><div class=\"col-md-6 order-md-1\"><img decoding=\"async\" src=\"https:\/\/powered-by.qbank.se\/educatius\/media\/fbb3f228ce936db079918525b07ff87c.jpg\" class=\"w-100\"><\/div><div class=\"col-md-6 order-md-0\"><div class=\"text-block-wrap py-md-0 px-md-5\"><span class=\"text-block-title text-primary\"><\/span><h3 class=\"text-block-title text-primary\">Boek een gratis adviesgesprek<\/h3><p>Boek een persoonlijk gesprek met ons en vertel ons over je academische doelen. Samen vinden we de beste manier om je te helpen naar je droombestemming te reizen. <\/p><a href=\"https:\/\/www.sts-education.be\/nl\/online-school\/contact-opnemen-online-programmas\" class=\"btn btn-outline-primary btn-lg\">Start het gesprek<\/a><\/div><\/div><\/div><\/div><\/section>\n","protected":false},"excerpt":{"rendered":"","protected":false},"author":6,"featured_media":22978,"parent":23423,"menu_order":0,"comment_status":"closed","ping_status":"closed","template":"","meta":{"_acf_changed":false,"inline_featured_image":false,"footnotes":""},"school_category":[],"wf_page_folders":[145],"class_list":["post-23429","page","type-page","status-publish","has-post-thumbnail","hentry"],"acf":[],"yoast_head":"<!-- This site is optimized with the Yoast SEO Premium plugin v23.4 (Yoast SEO v23.6) - https:\/\/yoast.com\/wordpress\/plugins\/seo\/ -->\n<title>Global Skills Prep Camp<\/title>\n<meta name=\"description\" content=\"Bereid je voor op je uitwisseling met onze 15 uur durende online cursus. Verbeter je sociale vaardigheden, taalvaardigheden en meer!\" \/>\n<meta name=\"robots\" content=\"index, follow, max-snippet:-1, max-image-preview:large, max-video-preview:-1\" \/>\n<link rel=\"canonical\" href=\"https:\/\/www.sts-education.be\/nl\/online-school\/global-skills-prep-camp\" \/>\n<meta property=\"og:locale\" content=\"nl_BE\" \/>\n<meta property=\"og:type\" content=\"article\" \/>\n<meta property=\"og:title\" content=\"Global Skills Prep Camp\" \/>\n<meta property=\"og:description\" content=\"Bereid je voor op je uitwisseling met onze 15 uur durende online cursus. Verbeter je sociale vaardigheden, taalvaardigheden en meer!\" \/>\n<meta property=\"og:url\" content=\"https:\/\/www.sts-education.be\/nl\/online-school\/global-skills-prep-camp\" \/>\n<meta property=\"og:site_name\" content=\"sts-education.be\" \/>\n<meta property=\"article:modified_time\" content=\"2025-09-02T10:40:27+00:00\" \/>\n<meta property=\"og:image\" content=\"https:\/\/www.sts-education.be\/wp-content\/uploads\/sites\/2\/2024\/01\/Hero-Global-skills-online-course.jpg\" \/>\n\t<meta property=\"og:image:width\" content=\"1600\" \/>\n\t<meta property=\"og:image:height\" content=\"600\" \/>\n\t<meta property=\"og:image:type\" content=\"image\/jpeg\" \/>\n<meta name=\"twitter:card\" content=\"summary_large_image\" \/>\n<meta name=\"twitter:label1\" content=\"Est. reading time\" \/>\n\t<meta name=\"twitter:data1\" content=\"4 minutes\" \/>\n<script type=\"application\/ld+json\" class=\"yoast-schema-graph\">{\"@context\":\"https:\/\/schema.org\",\"@graph\":[{\"@type\":\"WebPage\",\"@id\":\"https:\/\/www.sts-education.be\/nl\/online-school\/global-skills-prep-camp\",\"url\":\"https:\/\/www.sts-education.be\/nl\/online-school\/global-skills-prep-camp\",\"name\":\"Global Skills Prep Camp\",\"isPartOf\":{\"@id\":\"https:\/\/www.sts-education.be\/nl#website\"},\"primaryImageOfPage\":{\"@id\":\"https:\/\/www.sts-education.be\/nl\/online-school\/global-skills-prep-camp#primaryimage\"},\"image\":{\"@id\":\"https:\/\/www.sts-education.be\/nl\/online-school\/global-skills-prep-camp#primaryimage\"},\"thumbnailUrl\":\"https:\/\/www.sts-education.be\/wp-content\/uploads\/sites\/2\/2024\/01\/Hero-Global-skills-online-course.jpg\",\"datePublished\":\"2024-08-28T08:00:06+00:00\",\"dateModified\":\"2025-09-02T10:40:27+00:00\",\"description\":\"Bereid je voor op je uitwisseling met onze 15 uur durende online cursus. Verbeter je sociale vaardigheden, taalvaardigheden en meer!\",\"breadcrumb\":{\"@id\":\"https:\/\/www.sts-education.be\/nl\/online-school\/global-skills-prep-camp#breadcrumb\"},\"inLanguage\":\"nl-BE\",\"potentialAction\":[{\"@type\":\"ReadAction\",\"target\":[\"https:\/\/www.sts-education.be\/nl\/online-school\/global-skills-prep-camp\"]}]},{\"@type\":\"ImageObject\",\"inLanguage\":\"nl-BE\",\"@id\":\"https:\/\/www.sts-education.be\/nl\/online-school\/global-skills-prep-camp#primaryimage\",\"url\":\"https:\/\/www.sts-education.be\/wp-content\/uploads\/sites\/2\/2024\/01\/Hero-Global-skills-online-course.jpg\",\"contentUrl\":\"https:\/\/www.sts-education.be\/wp-content\/uploads\/sites\/2\/2024\/01\/Hero-Global-skills-online-course.jpg\",\"width\":1600,\"height\":600},{\"@type\":\"BreadcrumbList\",\"@id\":\"https:\/\/www.sts-education.be\/nl\/online-school\/global-skills-prep-camp#breadcrumb\",\"itemListElement\":[{\"@type\":\"ListItem\",\"position\":1,\"name\":\"Accueil\",\"item\":\"https:\/\/www.sts-education.be\/nl\"},{\"@type\":\"ListItem\",\"position\":2,\"name\":\"Online school\",\"item\":\"https:\/\/www.sts-education.be\/nl\/online-school\"},{\"@type\":\"ListItem\",\"position\":3,\"name\":\"Global Skills Prep Camp\"}]},{\"@type\":\"WebSite\",\"@id\":\"https:\/\/www.sts-education.be\/nl#website\",\"url\":\"https:\/\/www.sts-education.be\/nl\",\"name\":\"sts-education.be\",\"description\":\"Unlock the world!\",\"publisher\":{\"@id\":\"https:\/\/www.sts-education.be\/nl#organization\"},\"potentialAction\":[{\"@type\":\"SearchAction\",\"target\":{\"@type\":\"EntryPoint\",\"urlTemplate\":\"https:\/\/www.sts-education.be\/nl?s={search_term_string}\"},\"query-input\":{\"@type\":\"PropertyValueSpecification\",\"valueRequired\":true,\"valueName\":\"search_term_string\"}}],\"inLanguage\":\"nl-BE\"},{\"@type\":\"Organization\",\"@id\":\"https:\/\/www.sts-education.be\/nl#organization\",\"name\":\"sts-education.be\",\"url\":\"https:\/\/www.sts-education.be\/nl\",\"logo\":{\"@type\":\"ImageObject\",\"inLanguage\":\"nl-BE\",\"@id\":\"https:\/\/www.sts-education.be\/nl#\/schema\/logo\/image\/\",\"url\":\"https:\/\/www.sts-education.be\/wp-content\/uploads\/sites\/2\/2025\/09\/cropped-STS-round-yellow-bkgr.png\",\"contentUrl\":\"https:\/\/www.sts-education.be\/wp-content\/uploads\/sites\/2\/2025\/09\/cropped-STS-round-yellow-bkgr.png\",\"width\":500,\"height\":460,\"caption\":\"sts-education.be\"},\"image\":{\"@id\":\"https:\/\/www.sts-education.be\/nl#\/schema\/logo\/image\/\"}}]}<\/script>\n<!-- \/ Yoast SEO Premium plugin. -->","yoast_head_json":{"title":"Global Skills Prep Camp","description":"Bereid je voor op je uitwisseling met onze 15 uur durende online cursus. Verbeter je sociale vaardigheden, taalvaardigheden en meer!","robots":{"index":"index","follow":"follow","max-snippet":"max-snippet:-1","max-image-preview":"max-image-preview:large","max-video-preview":"max-video-preview:-1"},"canonical":"https:\/\/www.sts-education.be\/nl\/online-school\/global-skills-prep-camp","og_locale":"nl_BE","og_type":"article","og_title":"Global Skills Prep Camp","og_description":"Bereid je voor op je uitwisseling met onze 15 uur durende online cursus. Verbeter je sociale vaardigheden, taalvaardigheden en meer!","og_url":"https:\/\/www.sts-education.be\/nl\/online-school\/global-skills-prep-camp","og_site_name":"sts-education.be","article_modified_time":"2025-09-02T10:40:27+00:00","og_image":[{"width":1600,"height":600,"url":"https:\/\/www.sts-education.be\/wp-content\/uploads\/sites\/2\/2024\/01\/Hero-Global-skills-online-course.jpg","type":"image\/jpeg"}],"twitter_card":"summary_large_image","twitter_misc":{"Est. reading time":"4 minutes"},"schema":{"@context":"https:\/\/schema.org","@graph":[{"@type":"WebPage","@id":"https:\/\/www.sts-education.be\/nl\/online-school\/global-skills-prep-camp","url":"https:\/\/www.sts-education.be\/nl\/online-school\/global-skills-prep-camp","name":"Global Skills Prep Camp","isPartOf":{"@id":"https:\/\/www.sts-education.be\/nl#website"},"primaryImageOfPage":{"@id":"https:\/\/www.sts-education.be\/nl\/online-school\/global-skills-prep-camp#primaryimage"},"image":{"@id":"https:\/\/www.sts-education.be\/nl\/online-school\/global-skills-prep-camp#primaryimage"},"thumbnailUrl":"https:\/\/www.sts-education.be\/wp-content\/uploads\/sites\/2\/2024\/01\/Hero-Global-skills-online-course.jpg","datePublished":"2024-08-28T08:00:06+00:00","dateModified":"2025-09-02T10:40:27+00:00","description":"Bereid je voor op je uitwisseling met onze 15 uur durende online cursus. Verbeter je sociale vaardigheden, taalvaardigheden en meer!","breadcrumb":{"@id":"https:\/\/www.sts-education.be\/nl\/online-school\/global-skills-prep-camp#breadcrumb"},"inLanguage":"nl-BE","potentialAction":[{"@type":"ReadAction","target":["https:\/\/www.sts-education.be\/nl\/online-school\/global-skills-prep-camp"]}]},{"@type":"ImageObject","inLanguage":"nl-BE","@id":"https:\/\/www.sts-education.be\/nl\/online-school\/global-skills-prep-camp#primaryimage","url":"https:\/\/www.sts-education.be\/wp-content\/uploads\/sites\/2\/2024\/01\/Hero-Global-skills-online-course.jpg","contentUrl":"https:\/\/www.sts-education.be\/wp-content\/uploads\/sites\/2\/2024\/01\/Hero-Global-skills-online-course.jpg","width":1600,"height":600},{"@type":"BreadcrumbList","@id":"https:\/\/www.sts-education.be\/nl\/online-school\/global-skills-prep-camp#breadcrumb","itemListElement":[{"@type":"ListItem","position":1,"name":"Accueil","item":"https:\/\/www.sts-education.be\/nl"},{"@type":"ListItem","position":2,"name":"Online school","item":"https:\/\/www.sts-education.be\/nl\/online-school"},{"@type":"ListItem","position":3,"name":"Global Skills Prep Camp"}]},{"@type":"WebSite","@id":"https:\/\/www.sts-education.be\/nl#website","url":"https:\/\/www.sts-education.be\/nl","name":"sts-education.be","description":"Unlock the world!","publisher":{"@id":"https:\/\/www.sts-education.be\/nl#organization"},"potentialAction":[{"@type":"SearchAction","target":{"@type":"EntryPoint","urlTemplate":"https:\/\/www.sts-education.be\/nl?s={search_term_string}"},"query-input":{"@type":"PropertyValueSpecification","valueRequired":true,"valueName":"search_term_string"}}],"inLanguage":"nl-BE"},{"@type":"Organization","@id":"https:\/\/www.sts-education.be\/nl#organization","name":"sts-education.be","url":"https:\/\/www.sts-education.be\/nl","logo":{"@type":"ImageObject","inLanguage":"nl-BE","@id":"https:\/\/www.sts-education.be\/nl#\/schema\/logo\/image\/","url":"https:\/\/www.sts-education.be\/wp-content\/uploads\/sites\/2\/2025\/09\/cropped-STS-round-yellow-bkgr.png","contentUrl":"https:\/\/www.sts-education.be\/wp-content\/uploads\/sites\/2\/2025\/09\/cropped-STS-round-yellow-bkgr.png","width":500,"height":460,"caption":"sts-education.be"},"image":{"@id":"https:\/\/www.sts-education.be\/nl#\/schema\/logo\/image\/"}}]}},"_links":{"self":[{"href":"https:\/\/www.sts-education.be\/nl\/wp-json\/wp\/v2\/pages\/23429"}],"collection":[{"href":"https:\/\/www.sts-education.be\/nl\/wp-json\/wp\/v2\/pages"}],"about":[{"href":"https:\/\/www.sts-education.be\/nl\/wp-json\/wp\/v2\/types\/page"}],"author":[{"embeddable":true,"href":"https:\/\/www.sts-education.be\/nl\/wp-json\/wp\/v2\/users\/6"}],"replies":[{"embeddable":true,"href":"https:\/\/www.sts-education.be\/nl\/wp-json\/wp\/v2\/comments?post=23429"}],"version-history":[{"count":7,"href":"https:\/\/www.sts-education.be\/nl\/wp-json\/wp\/v2\/pages\/23429\/revisions"}],"predecessor-version":[{"id":24290,"href":"https:\/\/www.sts-education.be\/nl\/wp-json\/wp\/v2\/pages\/23429\/revisions\/24290"}],"up":[{"embeddable":true,"href":"https:\/\/www.sts-education.be\/nl\/wp-json\/wp\/v2\/pages\/23423"}],"wp:featuredmedia":[{"embeddable":true,"href":"https:\/\/www.sts-education.be\/nl\/wp-json\/wp\/v2\/media\/22978"}],"wp:attachment":[{"href":"https:\/\/www.sts-education.be\/nl\/wp-json\/wp\/v2\/media?parent=23429"}],"wp:term":[{"taxonomy":"school_category","embeddable":true,"href":"https:\/\/www.sts-education.be\/nl\/wp-json\/wp\/v2\/school_category?post=23429"},{"taxonomy":"wf_page_folders","embeddable":true,"href":"https:\/\/www.sts-education.be\/nl\/wp-json\/wp\/v2\/wf_page_folders?post=23429"}],"curies":[{"name":"wp","href":"https:\/\/api.w.org\/{rel}","templated":true}]}}