{"id":23425,"date":"2024-08-28T08:00:14","date_gmt":"2024-08-28T08:00:14","guid":{"rendered":"https:\/\/www.educatius.be\/online-school\/wat-is-inbegrepen"},"modified":"2025-11-27T10:44:56","modified_gmt":"2025-11-27T10:44:56","slug":"wat-is-inbegrepen","status":"publish","type":"page","link":"https:\/\/www.sts-education.be\/nl\/online-school\/wat-is-inbegrepen","title":{"rendered":"Wat is inbegrepen"},"content":{"rendered":"\n<section class=\"inner-banner-section\"><div class=\"inner-banner-wrap\"><img decoding=\"async\" src=\"https:\/\/powered-by.qbank.se\/educatius\/media\/2e8f8fdffba0ebb520aaa5d037f3c30e.png\"\/><\/div><\/section><section class=\"banner-blue-box\" style=\"background:#fff04f\"><h1 style=\"color:#ffffff\">Inclus dans ton programme<\/h1><p style=\"color:#ffffff\">Nous soutenons chaque \u00e9tudiant(e) d&#8217;Educatius Academy tout au long de son parcours \u00e9ducatif.<\/p><\/section>\n<div class=\"container\"><span><span><a href=\"https:\/\/www.sts-education.be\/nl\">Accueil<\/a><\/span><\/span><\/div>\n\n<div class=\"wp-block-columns container is-layout-flex wp-container-core-columns-is-layout-1 wp-block-columns-is-layout-flex\">\n<div class=\"wp-block-column is-layout-flow wp-block-column-is-layout-flow\">\n<div class=\"wp-block-educatius-title-paragraph-darkbutton container\"><div class=\"text-block-wrap py-4 py-md-0\"><h3 class=\"text-block-title text-primary\">Qu&#8217;est-ce qui est inclus ?<\/h3><p class=\"text-primary\">Nous soutenons chaque \u00e9tudiant(e) d&#8217;Educatius Academy tout au long de son parcours \u00e9ducatif. Voici comment nous proc\u00e9dons.<br><br><strong>English Prep Camp<br><\/strong>L&#8217;English Prep Camp est un programme en ligne dynamique et engageant o\u00f9 tu peux am\u00e9liorer ton anglais aux c\u00f4t\u00e9s d&#8217;\u00e9tudiants ambitieux qui partagent ton aspiration \u00e0 \u00e9tudier \u00e0 l&#8217;international.<br><a href=\"https:\/\/www.educatius.be\/ecole-en-ligne\/english-prep-camp\">Plus d&#8217;informations sur l&#8217;English Prep Camp<\/a>.<br><br><strong>Conseil acad\u00e9mique<\/strong><br>Re\u00e7ois des conseils et un accompagnement personnalis\u00e9 d&#8217;un conseiller acad\u00e9mique exp\u00e9riment\u00e9 pour trouver le bon programme, cr\u00e9er un emploi du temps et respecter les d\u00e9lais pendant tes \u00e9tudes.<br><a href=\"https:\/\/www.educatius.be\/ecole-en-ligne\/orientation-academique\">D\u00e9couvres-en plus sur notre Conseil acad\u00e9mique.<br><\/a><br><strong>Tutorat acad\u00e9mique<\/strong><br>Un tutorat individuel est disponible 24 heures sur 24, 7 jours sur 7. Ce soutien \u00e0 la demande peut t&#8217;aider \u00e0 combler tes lacunes dans certaines mati\u00e8res, \u00e0 v\u00e9rifier tes devoirs et \u00e0 te pr\u00e9parer aux examens.<br><a href=\"https:\/\/www.educatius.be\/ecole-en-ligne\/tutorat-academique\">D\u00e9couvre comment fonctionne notre Tutorat acad\u00e9mique.<\/a><br><br><strong>Conseil universitaire<\/strong><br>Gr\u00e2ce \u00e0 notre Programme de conseil universitaire, nous travaillerons en \u00e9troite collaboration avec toi pour t&#8217;aider \u00e0 trouver des universit\u00e9s qui correspondent \u00e0 ton niveau acad\u00e9mique et \u00e0 tes int\u00e9r\u00eats. Nous t&#8217;accompagnerons tout au long du processus de candidature. Notre r\u00e9seau de plus de 300 \u00e9coles offre des opportunit\u00e9s de bourses d&#8217;\u00e9tudes, des dispenses de frais de candidature et une acceptation garantie dans au moins une \u00e9cole partenaire.<br><a href=\"https:\/\/www.educatius.be\/ecole-en-ligne\/orientation-universitaire\">Lis-en plus sur notre Conseil universitaire<\/a>.<\/p><a href=\"\/ecole-en-ligne\/nous-contacter-programme-en-ligne\" class=\"btn btn-primary\">Contacte-nous<\/a><\/div><\/div>\n<\/div>\n\n\n\n<div class=\"wp-block-column is-layout-flow wp-block-column-is-layout-flow\">\n<div class=\"wp-block-educatius-bordered-text container\"><div class=\"quick-fact-section\"><h6 class=\"text-block-title text-primary\"><strong>Korte feiten:<\/strong><\/h6><ul class=\"list-group text-primary\"><li class=\"list-item\">Gratis inbegrepen in je programma<br><\/li><br><li class=\"list-item\">Ondersteuning in elk stadium<br><\/li><br><li class=\"list-item\">Ondersteuning naar vraag<br><\/li><\/ul><\/div><\/div>\n<\/div>\n<\/div>\n\n<div class=\"wp-block-group container is-layout-flow wp-block-group-is-layout-flow\">\n<div class=\"wp-block-educatius-underscore-heading container\"><h2 class=\"section-title text-center mx-auto mt-3 mb-5\">English Prep Camp<\/h2><\/div>\n<\/div>\n\n<div class=\"wp-block-group is-layout-flow wp-block-group-is-layout-flow\">\n<p><a href=\"https:\/\/www.educatiusacademy.org\/enroll-now\/\"><\/a><\/p>\n\n\n\n<section class=\"wp-block-educatius-progress-bar process-section\"><div class=\"container\"><div class=\"process-wrapper\"><div class=\"process-list\"><div class=\"section d-flex\"><div class=\"point\"><span>1.<\/span><p><strong>Boek online een afspraak<\/strong><br>Praat met een adviseur over je verwachtingen.<\/p><\/div><div class=\"point\"><span>2.<\/span><p><strong>Adequaat niveau <\/strong><br>Doe een online Engelse test om je niveau te bepalen. Het Educatius Academy team zal bevestigen in welke groep je terecht komt. <\/p><\/div><\/div><div class=\"section d-flex\"><div class=\"point\"><span>3 .<\/span><p><strong>Geniet van je lessen<\/strong><br>Verbeter je Engels snel en ontmoet andere studenten van over de hele wereld!<\/p><\/div><div class=\"point\"><span>4.<\/span><p><strong>Begin met studeren voor je diploma<\/strong><br>Zodra je het voorbereidingskamp Engels hebt afgerond, ben je klaar om te beginnen met je online cursussen.<\/p><\/div><\/div><\/div><ul class=\"process-line\"><li><li><li><li><\/ul><\/div><\/div><\/section>\n<\/div>\n","protected":false},"excerpt":{"rendered":"","protected":false},"author":6,"featured_media":0,"parent":23423,"menu_order":0,"comment_status":"closed","ping_status":"closed","template":"","meta":{"_acf_changed":false,"inline_featured_image":false,"footnotes":""},"school_category":[],"wf_page_folders":[145],"class_list":["post-23425","page","type-page","status-publish","hentry"],"acf":[],"yoast_head":"<!-- This site is optimized with the Yoast SEO Premium plugin v23.4 (Yoast SEO v23.6) - https:\/\/yoast.com\/wordpress\/plugins\/seo\/ -->\n<title>Inbegrepen in je online programma<\/title>\n<meta name=\"description\" content=\"We helpen elke Educatius Academy student door hun academische avontuur. Hier is hoe het werkt.\" \/>\n<meta name=\"robots\" content=\"index, follow, max-snippet:-1, max-image-preview:large, max-video-preview:-1\" \/>\n<link rel=\"canonical\" href=\"https:\/\/www.sts-education.be\/nl\/online-school\/wat-is-inbegrepen\" \/>\n<meta property=\"og:locale\" content=\"nl_BE\" \/>\n<meta property=\"og:type\" content=\"article\" \/>\n<meta property=\"og:title\" content=\"Wat is inbegrepen\" \/>\n<meta property=\"og:description\" content=\"We helpen elke Educatius Academy student door hun academische avontuur. Hier is hoe het werkt.\" \/>\n<meta property=\"og:url\" content=\"https:\/\/www.sts-education.be\/nl\/online-school\/wat-is-inbegrepen\" \/>\n<meta property=\"og:site_name\" content=\"sts-education.be\" \/>\n<meta property=\"article:modified_time\" content=\"2025-11-27T10:44:56+00:00\" \/>\n<meta property=\"og:image\" content=\"https:\/\/powered-by.qbank.se\/educatius\/media\/2e8f8fdffba0ebb520aaa5d037f3c30e.png\" \/>\n<meta name=\"twitter:card\" content=\"summary_large_image\" \/>\n<meta name=\"twitter:label1\" content=\"Est. reading time\" \/>\n\t<meta name=\"twitter:data1\" content=\"2 minutes\" \/>\n<script type=\"application\/ld+json\" class=\"yoast-schema-graph\">{\"@context\":\"https:\/\/schema.org\",\"@graph\":[{\"@type\":\"WebPage\",\"@id\":\"https:\/\/www.sts-education.be\/nl\/online-school\/wat-is-inbegrepen\",\"url\":\"https:\/\/www.sts-education.be\/nl\/online-school\/wat-is-inbegrepen\",\"name\":\"Inbegrepen in je online programma\",\"isPartOf\":{\"@id\":\"https:\/\/www.sts-education.be\/nl#website\"},\"primaryImageOfPage\":{\"@id\":\"https:\/\/www.sts-education.be\/nl\/online-school\/wat-is-inbegrepen#primaryimage\"},\"image\":{\"@id\":\"https:\/\/www.sts-education.be\/nl\/online-school\/wat-is-inbegrepen#primaryimage\"},\"thumbnailUrl\":\"https:\/\/powered-by.qbank.se\/educatius\/media\/2e8f8fdffba0ebb520aaa5d037f3c30e.png\",\"datePublished\":\"2024-08-28T08:00:14+00:00\",\"dateModified\":\"2025-11-27T10:44:56+00:00\",\"description\":\"We helpen elke Educatius Academy student door hun academische avontuur. Hier is hoe het werkt.\",\"breadcrumb\":{\"@id\":\"https:\/\/www.sts-education.be\/nl\/online-school\/wat-is-inbegrepen#breadcrumb\"},\"inLanguage\":\"nl-BE\",\"potentialAction\":[{\"@type\":\"ReadAction\",\"target\":[\"https:\/\/www.sts-education.be\/nl\/online-school\/wat-is-inbegrepen\"]}]},{\"@type\":\"ImageObject\",\"inLanguage\":\"nl-BE\",\"@id\":\"https:\/\/www.sts-education.be\/nl\/online-school\/wat-is-inbegrepen#primaryimage\",\"url\":\"https:\/\/powered-by.qbank.se\/educatius\/media\/2e8f8fdffba0ebb520aaa5d037f3c30e.png\",\"contentUrl\":\"https:\/\/powered-by.qbank.se\/educatius\/media\/2e8f8fdffba0ebb520aaa5d037f3c30e.png\"},{\"@type\":\"BreadcrumbList\",\"@id\":\"https:\/\/www.sts-education.be\/nl\/online-school\/wat-is-inbegrepen#breadcrumb\",\"itemListElement\":[{\"@type\":\"ListItem\",\"position\":1,\"name\":\"Accueil\",\"item\":\"https:\/\/www.sts-education.be\/nl\"},{\"@type\":\"ListItem\",\"position\":2,\"name\":\"Online school\",\"item\":\"https:\/\/www.sts-education.be\/nl\/online-school\"},{\"@type\":\"ListItem\",\"position\":3,\"name\":\"Wat is inbegrepen\"}]},{\"@type\":\"WebSite\",\"@id\":\"https:\/\/www.sts-education.be\/nl#website\",\"url\":\"https:\/\/www.sts-education.be\/nl\",\"name\":\"sts-education.be\",\"description\":\"Unlock the world!\",\"publisher\":{\"@id\":\"https:\/\/www.sts-education.be\/nl#organization\"},\"potentialAction\":[{\"@type\":\"SearchAction\",\"target\":{\"@type\":\"EntryPoint\",\"urlTemplate\":\"https:\/\/www.sts-education.be\/nl?s={search_term_string}\"},\"query-input\":{\"@type\":\"PropertyValueSpecification\",\"valueRequired\":true,\"valueName\":\"search_term_string\"}}],\"inLanguage\":\"nl-BE\"},{\"@type\":\"Organization\",\"@id\":\"https:\/\/www.sts-education.be\/nl#organization\",\"name\":\"sts-education.be\",\"url\":\"https:\/\/www.sts-education.be\/nl\",\"logo\":{\"@type\":\"ImageObject\",\"inLanguage\":\"nl-BE\",\"@id\":\"https:\/\/www.sts-education.be\/nl#\/schema\/logo\/image\/\",\"url\":\"https:\/\/www.sts-education.be\/wp-content\/uploads\/sites\/2\/2025\/09\/cropped-STS-round-yellow-bkgr.png\",\"contentUrl\":\"https:\/\/www.sts-education.be\/wp-content\/uploads\/sites\/2\/2025\/09\/cropped-STS-round-yellow-bkgr.png\",\"width\":500,\"height\":460,\"caption\":\"sts-education.be\"},\"image\":{\"@id\":\"https:\/\/www.sts-education.be\/nl#\/schema\/logo\/image\/\"}}]}<\/script>\n<!-- \/ Yoast SEO Premium plugin. -->","yoast_head_json":{"title":"Inbegrepen in je online programma","description":"We helpen elke Educatius Academy student door hun academische avontuur. Hier is hoe het werkt.","robots":{"index":"index","follow":"follow","max-snippet":"max-snippet:-1","max-image-preview":"max-image-preview:large","max-video-preview":"max-video-preview:-1"},"canonical":"https:\/\/www.sts-education.be\/nl\/online-school\/wat-is-inbegrepen","og_locale":"nl_BE","og_type":"article","og_title":"Wat is inbegrepen","og_description":"We helpen elke Educatius Academy student door hun academische avontuur. Hier is hoe het werkt.","og_url":"https:\/\/www.sts-education.be\/nl\/online-school\/wat-is-inbegrepen","og_site_name":"sts-education.be","article_modified_time":"2025-11-27T10:44:56+00:00","og_image":[{"url":"https:\/\/powered-by.qbank.se\/educatius\/media\/2e8f8fdffba0ebb520aaa5d037f3c30e.png"}],"twitter_card":"summary_large_image","twitter_misc":{"Est. reading time":"2 minutes"},"schema":{"@context":"https:\/\/schema.org","@graph":[{"@type":"WebPage","@id":"https:\/\/www.sts-education.be\/nl\/online-school\/wat-is-inbegrepen","url":"https:\/\/www.sts-education.be\/nl\/online-school\/wat-is-inbegrepen","name":"Inbegrepen in je online programma","isPartOf":{"@id":"https:\/\/www.sts-education.be\/nl#website"},"primaryImageOfPage":{"@id":"https:\/\/www.sts-education.be\/nl\/online-school\/wat-is-inbegrepen#primaryimage"},"image":{"@id":"https:\/\/www.sts-education.be\/nl\/online-school\/wat-is-inbegrepen#primaryimage"},"thumbnailUrl":"https:\/\/powered-by.qbank.se\/educatius\/media\/2e8f8fdffba0ebb520aaa5d037f3c30e.png","datePublished":"2024-08-28T08:00:14+00:00","dateModified":"2025-11-27T10:44:56+00:00","description":"We helpen elke Educatius Academy student door hun academische avontuur. Hier is hoe het werkt.","breadcrumb":{"@id":"https:\/\/www.sts-education.be\/nl\/online-school\/wat-is-inbegrepen#breadcrumb"},"inLanguage":"nl-BE","potentialAction":[{"@type":"ReadAction","target":["https:\/\/www.sts-education.be\/nl\/online-school\/wat-is-inbegrepen"]}]},{"@type":"ImageObject","inLanguage":"nl-BE","@id":"https:\/\/www.sts-education.be\/nl\/online-school\/wat-is-inbegrepen#primaryimage","url":"https:\/\/powered-by.qbank.se\/educatius\/media\/2e8f8fdffba0ebb520aaa5d037f3c30e.png","contentUrl":"https:\/\/powered-by.qbank.se\/educatius\/media\/2e8f8fdffba0ebb520aaa5d037f3c30e.png"},{"@type":"BreadcrumbList","@id":"https:\/\/www.sts-education.be\/nl\/online-school\/wat-is-inbegrepen#breadcrumb","itemListElement":[{"@type":"ListItem","position":1,"name":"Accueil","item":"https:\/\/www.sts-education.be\/nl"},{"@type":"ListItem","position":2,"name":"Online school","item":"https:\/\/www.sts-education.be\/nl\/online-school"},{"@type":"ListItem","position":3,"name":"Wat is inbegrepen"}]},{"@type":"WebSite","@id":"https:\/\/www.sts-education.be\/nl#website","url":"https:\/\/www.sts-education.be\/nl","name":"sts-education.be","description":"Unlock the world!","publisher":{"@id":"https:\/\/www.sts-education.be\/nl#organization"},"potentialAction":[{"@type":"SearchAction","target":{"@type":"EntryPoint","urlTemplate":"https:\/\/www.sts-education.be\/nl?s={search_term_string}"},"query-input":{"@type":"PropertyValueSpecification","valueRequired":true,"valueName":"search_term_string"}}],"inLanguage":"nl-BE"},{"@type":"Organization","@id":"https:\/\/www.sts-education.be\/nl#organization","name":"sts-education.be","url":"https:\/\/www.sts-education.be\/nl","logo":{"@type":"ImageObject","inLanguage":"nl-BE","@id":"https:\/\/www.sts-education.be\/nl#\/schema\/logo\/image\/","url":"https:\/\/www.sts-education.be\/wp-content\/uploads\/sites\/2\/2025\/09\/cropped-STS-round-yellow-bkgr.png","contentUrl":"https:\/\/www.sts-education.be\/wp-content\/uploads\/sites\/2\/2025\/09\/cropped-STS-round-yellow-bkgr.png","width":500,"height":460,"caption":"sts-education.be"},"image":{"@id":"https:\/\/www.sts-education.be\/nl#\/schema\/logo\/image\/"}}]}},"_links":{"self":[{"href":"https:\/\/www.sts-education.be\/nl\/wp-json\/wp\/v2\/pages\/23425"}],"collection":[{"href":"https:\/\/www.sts-education.be\/nl\/wp-json\/wp\/v2\/pages"}],"about":[{"href":"https:\/\/www.sts-education.be\/nl\/wp-json\/wp\/v2\/types\/page"}],"author":[{"embeddable":true,"href":"https:\/\/www.sts-education.be\/nl\/wp-json\/wp\/v2\/users\/6"}],"replies":[{"embeddable":true,"href":"https:\/\/www.sts-education.be\/nl\/wp-json\/wp\/v2\/comments?post=23425"}],"version-history":[{"count":4,"href":"https:\/\/www.sts-education.be\/nl\/wp-json\/wp\/v2\/pages\/23425\/revisions"}],"predecessor-version":[{"id":24684,"href":"https:\/\/www.sts-education.be\/nl\/wp-json\/wp\/v2\/pages\/23425\/revisions\/24684"}],"up":[{"embeddable":true,"href":"https:\/\/www.sts-education.be\/nl\/wp-json\/wp\/v2\/pages\/23423"}],"wp:attachment":[{"href":"https:\/\/www.sts-education.be\/nl\/wp-json\/wp\/v2\/media?parent=23425"}],"wp:term":[{"taxonomy":"school_category","embeddable":true,"href":"https:\/\/www.sts-education.be\/nl\/wp-json\/wp\/v2\/school_category?post=23425"},{"taxonomy":"wf_page_folders","embeddable":true,"href":"https:\/\/www.sts-education.be\/nl\/wp-json\/wp\/v2\/wf_page_folders?post=23425"}],"curies":[{"name":"wp","href":"https:\/\/api.w.org\/{rel}","templated":true}]}}