{"id":23423,"date":"2024-08-28T09:00:22","date_gmt":"2024-08-28T09:00:22","guid":{"rendered":"https:\/\/www.educatius.be\/online-school"},"modified":"2025-09-02T10:31:51","modified_gmt":"2025-09-02T10:31:51","slug":"online-school","status":"publish","type":"page","link":"https:\/\/www.sts-education.be\/nl\/online-school","title":{"rendered":"Online school"},"content":{"rendered":"\n<section class=\"inner-banner-section\"><div class=\"inner-banner-wrap\"><img decoding=\"async\" src=\"https:\/\/powered-by.qbank.se\/educatius\/media\/1128689410a8e04205cd4da67123ff8f.jpg\"\/><\/div><\/section><section class=\"banner-blue-box\" style=\"background:#fff04f\"><h1 style=\"color:#000000\">Online school<\/h1><p style=\"color:#000000\">Versnel de academische carri\u00e8re van je dromen door in het buitenland te studeren &#8211; vanuit je eigen land.<\/p><\/section>\n\n\n<div class=\"container\"><span><span><a href=\"https:\/\/www.sts-education.be\/nl\">Accueil<\/a><\/span><\/span><\/div>\n\n\n\n<div class=\"wp-block-columns container has-white-background-color has-background is-layout-flex wp-container-core-columns-is-layout-1 wp-block-columns-is-layout-flex\">\n<div class=\"wp-block-column is-layout-flow wp-block-column-is-layout-flow\">\n<h3 class=\"wp-block-heading has-primary-blue-color has-text-color\" id=\"h-studeren-bij-educatius-academie\">Studeren bij Educatius Academie<\/h3>\n\n\n\n<p>Schrijf u in voor een Educatius Academy programma en volg virtuele lessen bij een volledig geaccrediteerde Amerikaanse school terwijl u thuis studeert. Begin wanneer u wilt en studeer in uw eigen tempo. Je profiteert van academische ondersteuning en persoonlijke begeleiding voor, tijdens en na je studie. Met de Educatius Academy zet je een grote stap op weg naar de toekomst waar je altijd al van gedroomd hebt.   <\/p>\n\n\n\n<div class=\"wp-block-educatius-edu-button container\"><a rel=\"noopener\" class=\"btn btn-lg btn-primary\" href=\"\/ecole-en-ligne\/nous-contacter-programme-en-ligne\" style=\"color:#000000;background-color:#fff04f\">Ga het gesprek aan<\/a><\/div>\n<\/div>\n\n\n\n<div class=\"wp-block-column is-layout-flow wp-block-column-is-layout-flow\">\n<figure class=\"wp-block-embed is-type-video is-provider-vimeo wp-block-embed-vimeo wp-embed-aspect-16-9 wp-has-aspect-ratio\"><div class=\"wp-block-embed__wrapper\">\n<iframe loading=\"lazy\" title=\"Educatius Academy\" src=\"https:\/\/player.vimeo.com\/video\/778207539?dnt=1&amp;app_id=122963\" width=\"640\" height=\"360\" frameborder=\"0\" allow=\"autoplay; fullscreen; picture-in-picture; clipboard-write; encrypted-media; web-share\" referrerpolicy=\"strict-origin-when-cross-origin\"><\/iframe>\n<\/div><\/figure>\n<\/div>\n<\/div>\n\n\n\n<div class=\"wp-block-group is-layout-flow wp-block-group-is-layout-flow\">\n<div class=\"wp-block-educatius-underscore-heading container\"><h2 class=\"section-title text-center mx-auto mt-3 mb-5\">Wat is inbegrepen<\/h2><\/div>\n\n\n\n<section class=\"wp-block-educatius-large-icon-and-text whats-included-section text-center py-3\"><div class=\"container\"><div class=\"row\"><div class=\"col\"><img decoding=\"async\" src=\"https:\/\/powered-by.qbank.se\/educatius\/media\/f832012aa9c2b51641e64e901024047c.svg\"\/><h6>\u00c9coles prestigieuses<\/h6><p>Suis des cours dans une \u00e9cole du secondaire renomm\u00e9e avec une r\u00e9putation exceptionnelle.<\/p><\/div><div class=\"col\"><img decoding=\"async\" src=\"https:\/\/powered-by.qbank.se\/educatius\/media\/45aea7db0f03fecc77f969bd296cdc62.svg\"\/><h6>Avantage concurrentiel<\/h6><p>D\u00e9marque-toi lors de tes candidatures \u00e0 l&#8217;universit\u00e9, pour des stages et des emplois<\/p><\/div><div class=\"col\"><img decoding=\"async\" src=\"https:\/\/powered-by.qbank.se\/educatius\/media\/9c8c3c20976adbc398d5366a0cd2f817.svg\"\/><h6>Apprentissage autonome<\/h6><p>Interagis avec des enseignants et des tuteurs tout au long de tes \u00e9tudes \u00e0 ton propre rythme<\/p><\/div><div class=\"col\"><img decoding=\"async\" src=\"https:\/\/powered-by.qbank.se\/educatius\/media\/c58445494b2ebb539045e034fd00d80b.svg\"\/><h6>R\u00eaves r\u00e9alis\u00e9s<\/h6><p>Compte sur nous pour un accompagnement personnalis\u00e9 avant, pendant et apr\u00e8s ton programme<\/p><\/div><\/div><\/div><\/section>\n<\/div>\n\n\n\n<div class=\"wp-block-group is-layout-constrained wp-block-group-is-layout-constrained\">\n<div class=\"wp-block-educatius-underscore-heading container\"><h2 class=\"section-title text-center mx-auto mt-3 mb-5\">Onze programma&#8217;s<\/h2><\/div>\n<\/div>\n\n\n\n<div class=\"wp-block-columns has-gray-background-color has-background is-layout-flex wp-container-core-columns-is-layout-3 wp-block-columns-is-layout-flex\">\n<div class=\"wp-block-column is-layout-flow wp-block-column-is-layout-flow\" style=\"flex-basis:100%\">\n<div class=\"wp-block-group container is-layout-constrained wp-block-group-is-layout-constrained\">\n<div class=\"wp-block-columns is-layout-flex wp-container-core-columns-is-layout-2 wp-block-columns-is-layout-flex\">\n<div class=\"wp-block-column is-layout-flow wp-block-column-is-layout-flow\">\n<figure class=\"wp-block-image size-full is-style-default\"><img decoding=\"async\" src=\"https:\/\/powered-by.qbank.se\/educatius\/media\/f22ea08300e3e574c09257abee4149be.jpg\" alt=\"\" class=\"wp-image-10746\"\/><\/figure>\n\n\n\n<h4 class=\"wp-block-heading\" id=\"h-diplomaprogramma-s\">Diplomaprogramma&#8217;s<\/h4>\n\n\n\n<p>Er zijn veel manieren om het academische huzarenstukje van het behalen van een Amerikaans diploma te bereiken. Vind het programma dat bij je past. <\/p>\n\n\n\n<div class=\"wp-block-educatius-edu-button container\"><a rel=\"noopener\" class=\"btn btn-lg btn-primary\" href=\"\/ecole-en-ligne\/programmes-diplomants\" target=\"\" style=\"color:#000000;background-color:#fff04f\">Lees meer<\/a><\/div>\n<\/div>\n\n\n\n<div class=\"wp-block-column is-layout-flow wp-block-column-is-layout-flow\">\n<figure class=\"wp-block-image size-full is-style-default\"><img decoding=\"async\" src=\"https:\/\/powered-by.qbank.se\/educatius\/media\/bef40f55e8ec1e2d878b9c8157c4277b.jpg\" alt=\"\" class=\"wp-image-10748\"\/><\/figure>\n\n\n\n<h4 class=\"wp-block-heading\" id=\"h-losse-cursussen\">Losse cursussen<\/h4>\n\n\n\n<p>Verdiep je kennis van een onderwerp dat je interesseert door een online cursus te volgen aan een Amerikaanse school. Eenvoudige cursussen zijn ook een uitstekende manier om de basis te leggen voor wat je op de universiteit gaat studeren. <\/p>\n\n\n\n<div class=\"wp-block-educatius-edu-button container\"><a rel=\"noopener\" class=\"btn btn-lg btn-primary\" href=\"\/ecole-en-ligne\/cours-simples\" style=\"color:#000000;background-color:#fff04f\">Lees meer<\/a><\/div>\n<\/div>\n<\/div>\n<\/div>\n<\/div>\n<\/div>\n\n\n\n<section class=\"wp-block-educatius-left-image-and-text highlight-section py-1 py-sm-5 py-md-5\"><div class=\"container my-3\"><div class=\"row\"><div class=\"col-md-6\"><img decoding=\"async\" src=\"https:\/\/powered-by.qbank.se\/educatius\/media\/22e5bd72848fd6a2d1516a0cf00e6933.jpg\" class=\"w-100\"\/><\/div><div class=\"col-md-6\"><div class=\"text-block-wrap py-md-0 px-md-5\"><span class=\"text-block-title\">Online voorbereidende cursus<\/span><h3 class=\"text-block-title\">Voorbereidingskamp wereldvaardigheden<\/h3><p>Bereid je voor op je academische carri\u00e8re met onze 15 uur durende online cursus bestaande uit 10 sessies die zijn ontworpen voor internationaal succes. Verbeter je Engelse en mondiale vaardigheden en krijg tegelijkertijd het vertrouwen om de sociale, emotionele en culturele uitdagingen van je aankomende uitwisselingsprogramma aan te gaan. <\/p><a href=\"\/ecole-en-ligne\/global-skills-prep-camp\" class=\"btn btn-outline-primary btn-lg\">En savoir plus<\/a><\/div><\/div><\/div><\/div><\/section>\n\n\n\n<div class=\"wp-block-educatius-underscore-heading container\"><h2 class=\"section-title text-center mx-auto mt-3 mb-5\"> Wat onze oud-studenten te zeggen hebben<\/h2><\/div>\n\n\n\n<div class=\"wp-block-educatius-testimonial-slider students-feedback-wrap bg-lightest-blue\"><div class=\"container\"><div class=\"row\"><div class=\"col-md-6\"><div class=\"student-img-swipe swiper\"><div class=\"swiper-wrapper\"><div class=\"swiper-slide student-img-wrap\"><img decoding=\"async\" src=\"https:\/\/powered-by.qbank.se\/educatius\/media\/a8c5a574b9a94333c257c08bc2879291.jpg\" class=\"w-100\"\/><\/div><div class=\"swiper-slide student-img-wrap\"><img decoding=\"async\" src=\"https:\/\/powered-by.qbank.se\/educatius\/media\/8e55263e0195ebbd53197016d8a9b4c6.jpg\" class=\"w-100\"\/><\/div><\/div><\/div><\/div><div class=\"col-md-6\"><div class=\"student-feedback-column p-5\"><div class=\"student-feedback-text swiper position-relative pb-5\"><div class=\"swiper-wrapper\"><div class=\"swiper-slide feedback-text-wrap\"><p class=\"mb-5\"><em>\u00ab Les enseignants sont tellement gentils et serviables, et j&#8217;aime le fait que je puisse g\u00e9rer mon temps comme je le souhaite. La plateforme est facile \u00e0 utiliser et regorge d&#8217;outils utiles qui m&#8217;aident \u00e0 progresser. Je la recommanderais \u00e0 tout le monde ! \u00bb<br><\/em><\/p><p class=\"feedback-author\"> &#8211; Tamaya, 17 ans, Fran\u00e7aise<\/p><\/div><div class=\"swiper-slide feedback-text-wrap\"><p class=\"mb-5\"><em>\u00ab La plateforme est tr\u00e8s conviviale et facile \u00e0 naviguer. J&#8217;aime beaucoup pouvoir suivre mes progr\u00e8s et le calendrier est vraiment pratique. Si tu suis les recommandations des enseignants et de la plateforme, tu ne prendras pas de retard. \u00bb<br><\/em><\/p><p class=\"feedback-author\"> &#8211; Patrik, 18 ans, Danois<\/p><\/div><\/div><div class=\"swiper-pagination student-feedback-dots d-flex align-items-center\"><\/div><\/div><\/div><\/div><\/div><\/div><\/div>\n\n\n\n<div style=\"height:30px\" aria-hidden=\"true\" class=\"wp-block-spacer\"><\/div>\n\n\n\n<div class=\"wp-block-educatius-underscore-heading container\"><h2 class=\"section-title text-center mx-auto mt-3 mb-5\">Het proces<\/h2><\/div>\n\n\n\n<section class=\"wp-block-educatius-progress-bar process-section\"><div class=\"container\"><div class=\"process-wrapper\"><div class=\"process-list\"><div class=\"section d-flex\"><div class=\"point\"><span>1.  <\/span><p><strong>Kies je programma<br><\/strong>Zoek het programma dat past bij jouw (academische) doelen te bereiken en meld je aan.<strong><br><\/strong><\/p><\/div><div class=\"point\"><span>2.<\/span><p><strong>Stuur ons je rapporten<\/strong><br>Stuur ons de documenten voor je inschrijving en je cijferlijsten van je huidige school.<strong><br><\/strong><\/p><\/div><\/div><div class=\"section d-flex\"><div class=\"point\"><span>3.<\/span><p><strong>Profiteer van je studie<\/strong><br>Zodra je bent toegelaten, krijg je toegang tot ons gepersonaliseerde leerplatform.<\/p><\/div><div class=\"point\"><span>4.<\/span><p><strong>Behaal je diploma <\/strong><br>Rond je opleiding af en begin met het plannen van de volgende stappen in je academische toekomst.<\/p><\/div><\/div><\/div><ul class=\"process-line\"><li><li><li><li><\/ul><\/div><\/div><\/section>\n\n\n\n<section class=\"wp-block-educatius-right-image-and-text highlight-section-reverse py-1 py-sm-5 py-md-5 py-5\" style=\"background:#ffffff\"><div class=\"container my-3\"><div class=\"row\"><div class=\"col-md-6 order-md-1\"><img decoding=\"async\" src=\"https:\/\/powered-by.qbank.se\/educatius\/media\/fbb3f228ce936db079918525b07ff87c.jpg\" class=\"w-100\"><\/div><div class=\"col-md-6 order-md-0\"><div class=\"text-block-wrap py-md-0 px-md-5\"><span class=\"text-block-title text-primary\"><\/span><h3 class=\"text-block-title text-primary\">Boek een gratis adviesgesprek<\/h3><p>Boek een persoonlijk gesprek met ons en vertel ons over je academische doelen. Samen vinden we de beste manier om je te helpen naar je droombestemming te reizen. <\/p><a href=\"https:\/\/www.sts-education.be\/nl\/online-school\/contact-opnemen-online-programmas\" class=\"btn btn-outline-primary btn-lg\">Start het gesprek<\/a><\/div><\/div><\/div><\/div><\/section>\n","protected":false},"excerpt":{"rendered":"<p>Studeren bij Educatius Academie Schrijf u in voor een Educatius Academy programma en volg virtuele lessen bij een volledig geaccrediteerde Amerikaanse school terwijl u thuis studeert. Begin wanneer u wilt en studeer in uw eigen tempo. Je profiteert van academische ondersteuning en persoonlijke begeleiding voor, tijdens en na je studie. Met de Educatius Academy zet [&hellip;]<\/p>\n","protected":false},"author":6,"featured_media":0,"parent":0,"menu_order":0,"comment_status":"closed","ping_status":"closed","template":"","meta":{"_acf_changed":false,"inline_featured_image":false,"footnotes":""},"school_category":[],"wf_page_folders":[145],"class_list":["post-23423","page","type-page","status-publish","hentry"],"acf":[],"yoast_head":"<!-- This site is optimized with the Yoast SEO Premium plugin v23.4 (Yoast SEO v23.6) - https:\/\/yoast.com\/wordpress\/plugins\/seo\/ -->\n<title>School vanuit huis - online cursussen en diploma&#039;s<\/title>\n<meta name=\"description\" content=\"Versnel je droomcarri\u00e8re door in het buitenland te studeren, vanuit huis! Begin nu\" \/>\n<meta name=\"robots\" content=\"index, follow, max-snippet:-1, max-image-preview:large, max-video-preview:-1\" \/>\n<link rel=\"canonical\" href=\"https:\/\/www.sts-education.be\/nl\/online-school\" \/>\n<meta property=\"og:locale\" content=\"nl_BE\" \/>\n<meta property=\"og:type\" content=\"article\" \/>\n<meta property=\"og:title\" content=\"Online school\" \/>\n<meta property=\"og:description\" content=\"Versnel je droomcarri\u00e8re door in het buitenland te studeren, vanuit huis! Begin nu\" \/>\n<meta property=\"og:url\" content=\"https:\/\/www.sts-education.be\/nl\/online-school\" \/>\n<meta property=\"og:site_name\" content=\"sts-education.be\" \/>\n<meta property=\"article:modified_time\" content=\"2025-09-02T10:31:51+00:00\" \/>\n<meta property=\"og:image\" content=\"https:\/\/powered-by.qbank.se\/educatius\/media\/1128689410a8e04205cd4da67123ff8f.jpg\" \/>\n<meta name=\"twitter:card\" content=\"summary_large_image\" \/>\n<meta name=\"twitter:label1\" content=\"Est. reading time\" \/>\n\t<meta name=\"twitter:data1\" content=\"5 minutes\" \/>\n<script type=\"application\/ld+json\" class=\"yoast-schema-graph\">{\"@context\":\"https:\/\/schema.org\",\"@graph\":[{\"@type\":\"WebPage\",\"@id\":\"https:\/\/www.sts-education.be\/nl\/online-school\",\"url\":\"https:\/\/www.sts-education.be\/nl\/online-school\",\"name\":\"School vanuit huis - online cursussen en diploma's\",\"isPartOf\":{\"@id\":\"https:\/\/www.sts-education.be\/nl#website\"},\"primaryImageOfPage\":{\"@id\":\"https:\/\/www.sts-education.be\/nl\/online-school#primaryimage\"},\"image\":{\"@id\":\"https:\/\/www.sts-education.be\/nl\/online-school#primaryimage\"},\"thumbnailUrl\":\"https:\/\/powered-by.qbank.se\/educatius\/media\/1128689410a8e04205cd4da67123ff8f.jpg\",\"datePublished\":\"2024-08-28T09:00:22+00:00\",\"dateModified\":\"2025-09-02T10:31:51+00:00\",\"description\":\"Versnel je droomcarri\u00e8re door in het buitenland te studeren, vanuit huis! Begin nu\",\"breadcrumb\":{\"@id\":\"https:\/\/www.sts-education.be\/nl\/online-school#breadcrumb\"},\"inLanguage\":\"nl-BE\",\"potentialAction\":[{\"@type\":\"ReadAction\",\"target\":[\"https:\/\/www.sts-education.be\/nl\/online-school\"]}]},{\"@type\":\"ImageObject\",\"inLanguage\":\"nl-BE\",\"@id\":\"https:\/\/www.sts-education.be\/nl\/online-school#primaryimage\",\"url\":\"https:\/\/powered-by.qbank.se\/educatius\/media\/1128689410a8e04205cd4da67123ff8f.jpg\",\"contentUrl\":\"https:\/\/powered-by.qbank.se\/educatius\/media\/1128689410a8e04205cd4da67123ff8f.jpg\"},{\"@type\":\"BreadcrumbList\",\"@id\":\"https:\/\/www.sts-education.be\/nl\/online-school#breadcrumb\",\"itemListElement\":[{\"@type\":\"ListItem\",\"position\":1,\"name\":\"Accueil\",\"item\":\"https:\/\/www.sts-education.be\/nl\"},{\"@type\":\"ListItem\",\"position\":2,\"name\":\"Online school\"}]},{\"@type\":\"WebSite\",\"@id\":\"https:\/\/www.sts-education.be\/nl#website\",\"url\":\"https:\/\/www.sts-education.be\/nl\",\"name\":\"sts-education.be\",\"description\":\"Unlock the world!\",\"publisher\":{\"@id\":\"https:\/\/www.sts-education.be\/nl#organization\"},\"potentialAction\":[{\"@type\":\"SearchAction\",\"target\":{\"@type\":\"EntryPoint\",\"urlTemplate\":\"https:\/\/www.sts-education.be\/nl?s={search_term_string}\"},\"query-input\":{\"@type\":\"PropertyValueSpecification\",\"valueRequired\":true,\"valueName\":\"search_term_string\"}}],\"inLanguage\":\"nl-BE\"},{\"@type\":\"Organization\",\"@id\":\"https:\/\/www.sts-education.be\/nl#organization\",\"name\":\"sts-education.be\",\"url\":\"https:\/\/www.sts-education.be\/nl\",\"logo\":{\"@type\":\"ImageObject\",\"inLanguage\":\"nl-BE\",\"@id\":\"https:\/\/www.sts-education.be\/nl#\/schema\/logo\/image\/\",\"url\":\"https:\/\/www.sts-education.be\/wp-content\/uploads\/sites\/2\/2025\/09\/cropped-STS-round-yellow-bkgr.png\",\"contentUrl\":\"https:\/\/www.sts-education.be\/wp-content\/uploads\/sites\/2\/2025\/09\/cropped-STS-round-yellow-bkgr.png\",\"width\":500,\"height\":460,\"caption\":\"sts-education.be\"},\"image\":{\"@id\":\"https:\/\/www.sts-education.be\/nl#\/schema\/logo\/image\/\"}}]}<\/script>\n<!-- \/ Yoast SEO Premium plugin. -->","yoast_head_json":{"title":"School vanuit huis - online cursussen en diploma's","description":"Versnel je droomcarri\u00e8re door in het buitenland te studeren, vanuit huis! Begin nu","robots":{"index":"index","follow":"follow","max-snippet":"max-snippet:-1","max-image-preview":"max-image-preview:large","max-video-preview":"max-video-preview:-1"},"canonical":"https:\/\/www.sts-education.be\/nl\/online-school","og_locale":"nl_BE","og_type":"article","og_title":"Online school","og_description":"Versnel je droomcarri\u00e8re door in het buitenland te studeren, vanuit huis! Begin nu","og_url":"https:\/\/www.sts-education.be\/nl\/online-school","og_site_name":"sts-education.be","article_modified_time":"2025-09-02T10:31:51+00:00","og_image":[{"url":"https:\/\/powered-by.qbank.se\/educatius\/media\/1128689410a8e04205cd4da67123ff8f.jpg"}],"twitter_card":"summary_large_image","twitter_misc":{"Est. reading time":"5 minutes"},"schema":{"@context":"https:\/\/schema.org","@graph":[{"@type":"WebPage","@id":"https:\/\/www.sts-education.be\/nl\/online-school","url":"https:\/\/www.sts-education.be\/nl\/online-school","name":"School vanuit huis - online cursussen en diploma's","isPartOf":{"@id":"https:\/\/www.sts-education.be\/nl#website"},"primaryImageOfPage":{"@id":"https:\/\/www.sts-education.be\/nl\/online-school#primaryimage"},"image":{"@id":"https:\/\/www.sts-education.be\/nl\/online-school#primaryimage"},"thumbnailUrl":"https:\/\/powered-by.qbank.se\/educatius\/media\/1128689410a8e04205cd4da67123ff8f.jpg","datePublished":"2024-08-28T09:00:22+00:00","dateModified":"2025-09-02T10:31:51+00:00","description":"Versnel je droomcarri\u00e8re door in het buitenland te studeren, vanuit huis! Begin nu","breadcrumb":{"@id":"https:\/\/www.sts-education.be\/nl\/online-school#breadcrumb"},"inLanguage":"nl-BE","potentialAction":[{"@type":"ReadAction","target":["https:\/\/www.sts-education.be\/nl\/online-school"]}]},{"@type":"ImageObject","inLanguage":"nl-BE","@id":"https:\/\/www.sts-education.be\/nl\/online-school#primaryimage","url":"https:\/\/powered-by.qbank.se\/educatius\/media\/1128689410a8e04205cd4da67123ff8f.jpg","contentUrl":"https:\/\/powered-by.qbank.se\/educatius\/media\/1128689410a8e04205cd4da67123ff8f.jpg"},{"@type":"BreadcrumbList","@id":"https:\/\/www.sts-education.be\/nl\/online-school#breadcrumb","itemListElement":[{"@type":"ListItem","position":1,"name":"Accueil","item":"https:\/\/www.sts-education.be\/nl"},{"@type":"ListItem","position":2,"name":"Online school"}]},{"@type":"WebSite","@id":"https:\/\/www.sts-education.be\/nl#website","url":"https:\/\/www.sts-education.be\/nl","name":"sts-education.be","description":"Unlock the world!","publisher":{"@id":"https:\/\/www.sts-education.be\/nl#organization"},"potentialAction":[{"@type":"SearchAction","target":{"@type":"EntryPoint","urlTemplate":"https:\/\/www.sts-education.be\/nl?s={search_term_string}"},"query-input":{"@type":"PropertyValueSpecification","valueRequired":true,"valueName":"search_term_string"}}],"inLanguage":"nl-BE"},{"@type":"Organization","@id":"https:\/\/www.sts-education.be\/nl#organization","name":"sts-education.be","url":"https:\/\/www.sts-education.be\/nl","logo":{"@type":"ImageObject","inLanguage":"nl-BE","@id":"https:\/\/www.sts-education.be\/nl#\/schema\/logo\/image\/","url":"https:\/\/www.sts-education.be\/wp-content\/uploads\/sites\/2\/2025\/09\/cropped-STS-round-yellow-bkgr.png","contentUrl":"https:\/\/www.sts-education.be\/wp-content\/uploads\/sites\/2\/2025\/09\/cropped-STS-round-yellow-bkgr.png","width":500,"height":460,"caption":"sts-education.be"},"image":{"@id":"https:\/\/www.sts-education.be\/nl#\/schema\/logo\/image\/"}}]}},"_links":{"self":[{"href":"https:\/\/www.sts-education.be\/nl\/wp-json\/wp\/v2\/pages\/23423"}],"collection":[{"href":"https:\/\/www.sts-education.be\/nl\/wp-json\/wp\/v2\/pages"}],"about":[{"href":"https:\/\/www.sts-education.be\/nl\/wp-json\/wp\/v2\/types\/page"}],"author":[{"embeddable":true,"href":"https:\/\/www.sts-education.be\/nl\/wp-json\/wp\/v2\/users\/6"}],"replies":[{"embeddable":true,"href":"https:\/\/www.sts-education.be\/nl\/wp-json\/wp\/v2\/comments?post=23423"}],"version-history":[{"count":2,"href":"https:\/\/www.sts-education.be\/nl\/wp-json\/wp\/v2\/pages\/23423\/revisions"}],"predecessor-version":[{"id":24267,"href":"https:\/\/www.sts-education.be\/nl\/wp-json\/wp\/v2\/pages\/23423\/revisions\/24267"}],"wp:attachment":[{"href":"https:\/\/www.sts-education.be\/nl\/wp-json\/wp\/v2\/media?parent=23423"}],"wp:term":[{"taxonomy":"school_category","embeddable":true,"href":"https:\/\/www.sts-education.be\/nl\/wp-json\/wp\/v2\/school_category?post=23423"},{"taxonomy":"wf_page_folders","embeddable":true,"href":"https:\/\/www.sts-education.be\/nl\/wp-json\/wp\/v2\/wf_page_folders?post=23423"}],"curies":[{"name":"wp","href":"https:\/\/api.w.org\/{rel}","templated":true}]}}