{"id":23285,"date":"2024-08-09T11:00:50","date_gmt":"2024-08-09T11:00:50","guid":{"rendered":"https:\/\/www.educatius.be\/scholen-in-het-buitenland\/frankrijk"},"modified":"2025-09-02T10:21:45","modified_gmt":"2025-09-02T10:21:45","slug":"frankrijk","status":"publish","type":"page","link":"https:\/\/www.sts-education.be\/nl\/scholen-in-het-buitenland\/frankrijk","title":{"rendered":"Frankrijk"},"content":{"rendered":"\n<section class=\"inner-banner-section\"><div class=\"inner-banner-wrap\"><img decoding=\"async\" src=\"https:\/\/powered-by.qbank.se\/educatius\/media\/942a764a025ebb9250882be951b58743.jpg\"\/><\/div><\/section><section class=\"banner-blue-box\" style=\"background:#fff04f\"><h1 style=\"color:#000000\">Schooluitwisseling in Frankrijk<\/h1><p style=\"color:#000000\">Ontdek de Franse cultuur en taal.<\/p><\/section>\n\n\n<div class=\"container\"><span><span><a href=\"https:\/\/www.sts-education.be\/nl\">Accueil<\/a><\/span><\/span><\/div>\n\n\n\n<div class=\"wp-block-columns container is-layout-flex wp-container-core-columns-is-layout-1 wp-block-columns-is-layout-flex\">\n<div class=\"wp-block-column is-layout-flow wp-block-column-is-layout-flow\">\n<div class=\"wp-block-educatius-title-paragraph-darkbutton container\"><div class=\"text-block-wrap py-4 py-md-0\"><h3 class=\"text-block-title text-primary\">Word uitwisselingsstudent in Frankrijk<\/h3><p class=\"text-primary\">Word uitwisselingsstudent in Frankrijk, de fascinerende West-Europese natie die jaar na jaar het grootste aantal toeristen ter wereld blijft trekken. Het is gemakkelijk te zien wat mensen hier aantrekt; Frankrijk is een uitgestrekt land met veel om te ontdekken, historische bezienswaardigheden, monumenten en kastelen in het hele land. <\/p><a href=\"\/planifier-consultation\" class=\"btn btn-primary\">Engage la conversation<\/a><\/div><\/div>\n<\/div>\n\n\n\n<div class=\"wp-block-column is-layout-flow wp-block-column-is-layout-flow\">\n<div class=\"wp-block-educatius-bordered-text container\"><div class=\"quick-fact-section\"><h6 class=\"text-block-title text-primary\"><strong>Korte feiten:<\/strong><\/h6><ul class=\"list-group text-primary\"><li class=\"list-item\"><strong>Type programma:<\/strong> Classic, Select en Boarding<br><\/li><br><li class=\"list-item\"><strong>Looptijd:<\/strong> Academisch jaar of semester<br><\/li><br><li class=\"list-item\"><strong>Soort visum:<\/strong> Studentenvisum<br><\/li><br><li class=\"list-item\"><strong>Taal:<\/strong> Basiskennis Frans gewenst<\/li><\/ul><\/div><\/div>\n<\/div>\n<\/div>\n\n\n\n<section class=\"wp-block-educatius-large-icon-and-text whats-included-section text-center py-3\"><div class=\"container\"><div class=\"row\"><div class=\"col\"><img decoding=\"async\" src=\"https:\/\/powered-by.qbank.se\/educatius\/wordpress\/\/wavinghand%20-%20yellow%20circle.png\"><h6>High School Experts<\/h6><p>De grootste organisatie ter wereld die zich toelegt op programma&#8217;s voor middelbare scholen<\/p><\/div><div class=\"col\"><img decoding=\"async\" src=\"https:\/\/powered-by.qbank.se\/educatius\/wordpress\/\/smileyheart%20-%20yellow%20circle.png\"><h6>Gepersonaliseerde ervaring<\/h6><p>Onafhankelijke online en internationale programma&#8217;s die speciaal voor u zijn ontworpen<\/p><\/div><div class=\"col\"><img decoding=\"async\" src=\"https:\/\/powered-by.qbank.se\/educatius\/wordpress\/\/speech%20-%20yellow%20circle.png\"><h6>24\/7 ondersteuning<\/h6><p>Voor scholieren in onze programma&#8217;s<\/p><\/div><div class=\"col\"><img decoding=\"async\" src=\"https:\/\/powered-by.qbank.se\/educatius\/wordpress\/\/heart%20-%20yellow%20circle10.png\"><h6>Teruggeven<\/h6><p>Aiducatius ondersteunt projecten in Afrika en Latijns-Amerika<\/p><\/div><\/div><\/div><\/section>\n\n\n\n<section class=\"wp-block-educatius-left-image-and-text highlight-section py-1 py-sm-5 py-md-5 py-5\"><div class=\"container my-3\"><div class=\"row\"><div class=\"col-md-6\"><img decoding=\"async\" src=\"https:\/\/powered-by.qbank.se\/educatius\/media\/c76b2a69175f5873c57e7ceb033228ac.jpg\" class=\"w-100\"\/><\/div><div class=\"col-md-6\"><div class=\"text-block-wrap py-md-0 px-md-5\"><span class=\"text-block-title\"><\/span><h3 class=\"text-block-title\">Over middelbare scholen in Frankrijk<\/h3><p>Als uitwisselingsstudent in Frankrijk ga je naar een reguliere Franse school genaamd &#8220;Le Lyc\u00e9e&#8221;. Lyc\u00e9es in Frankrijk hebben een uitstekende reputatie en de leraren hebben hoge verwachtingen van hun leerlingen. <br><br>Al je lessen zijn in het Frans, wat in het begin een beetje moeilijk kan zijn, maar je docenten zullen je begrijpen en je de ondersteuning geven die je nodig hebt. Je zult merken dat je Franse taalvaardigheden elke dag beter worden. <\/p><a href=\"\/planifier-consultation\" class=\"btn btn-outline-primary btn-lg\">Contacte-nous<\/a><\/div><\/div><\/div><\/div><\/section>\n\n\n\n<div class=\"wp-block-columns container is-layout-flex wp-container-core-columns-is-layout-2 wp-block-columns-is-layout-flex\">\n<div class=\"wp-block-column is-layout-flow wp-block-column-is-layout-flow\" style=\"flex-basis:48%\">\n<h3 class=\"wp-block-heading has-primary-blue-color has-text-color\" id=\"h-bekijk-onze-brochure\">Bekijk onze brochure!<\/h3>\n\n\n\n<p>Download onze scholenbrochure voor meer informatie over onze uitwisselingsprogramma&#8217;s!<\/p>\n\n\n\n<div class=\"wp-block-educatius-edu-button container\"><a rel=\"noopener\" class=\"btn btn-lg btn-primary\" href=\"\/brochure-des-ecoles-a-letranger\" style=\"color:#000000;background-color:#fff04f\">ontdek de brochure<\/a><\/div>\n<\/div>\n\n\n\n<div class=\"wp-block-column is-layout-flow wp-block-column-is-layout-flow\" style=\"flex-basis:1%\"><\/div>\n\n\n\n<div class=\"wp-block-column is-layout-flow wp-block-column-is-layout-flow\" style=\"flex-basis:50%\">\n<figure class=\"wp-block-embed is-type-video is-provider-vimeo wp-block-embed-vimeo wp-embed-aspect-16-9 wp-has-aspect-ratio\"><div class=\"wp-block-embed__wrapper\">\n<iframe loading=\"lazy\" src=\"https:\/\/player.vimeo.com\/video\/797320754?dnt=1&amp;app_id=122963\" width=\"640\" height=\"360\" frameborder=\"0\" allow=\"autoplay; fullscreen; picture-in-picture; clipboard-write\"><\/iframe>\n<\/div><\/figure>\n<\/div>\n<\/div>\n\n\n\n<div class=\"wp-block-group is-layout-flow wp-block-group-is-layout-flow\">\n<div class=\"wp-block-columns is-layout-flex wp-container-core-columns-is-layout-4 wp-block-columns-is-layout-flex\">\n<div class=\"wp-block-column is-layout-flow wp-block-column-is-layout-flow\" style=\"flex-basis:100%\">\n<div class=\"wp-block-group has-very-light-blue-background-color has-background is-layout-flow wp-block-group-is-layout-flow\">\n<div class=\"wp-block-educatius-underscore-heading container\"><h2 class=\"section-title text-center mx-auto mt-3 mb-5\">Veelgestelde vragen<\/h2><\/div>\n\n\n\n<div class=\"wp-block-columns container is-layout-flex wp-container-core-columns-is-layout-3 wp-block-columns-is-layout-flex\">\n<div class=\"wp-block-column is-layout-flow wp-block-column-is-layout-flow\">\n<div class=\"wp-block-educatius-faq-accordion container\"><div class=\"accordion\" id=\"accordionExample\"><div class=\"accordion-item\"><h2 class=\"accordion-header\" id=\"heading244\"><button class=\"accordion-button collapsed\" type=\"button\" data-bs-toggle=\"collapse\" data-bs-target=\"#tab244\" aria-expanded=\"false\" aria-controls=\"tab244\">Pourquoi \u00e9tudier dans un programme international en France ?<\/button><\/h2><div id=\"tab244\" class=\"accordion-collapse collapse\" aria-labelledby=\"heading244\" data-bs-parent=\"#accordionExample\"><div class=\"accordion-body\"><p>En tant qu&#8217;\u00e9tudiant(e) d&#8217;\u00e9change en France, tu auras l&#8217;opportunit\u00e9 de d\u00e9couvrir le pays au-del\u00e0 de la perspective touristique. En vivant avec une famille attentionn\u00e9e et en \u00e9tudiant dans un \u00e9tablissement local, tu obtiendras un v\u00e9ritable aper\u00e7u de la culture et du mode de vie fran\u00e7ais, au quotidien. Avant m\u00eame de t&#8217;en rendre compte, tu te d\u00e9couvriras un excellent niveau en fran\u00e7ais, une langue magnifique, ce qui est une raison suffisante pour venir ici.<\/p><\/div><\/div><\/div><div class=\"accordion-item\"><h2 class=\"accordion-header\" id=\"heading9409\"><button class=\"accordion-button collapsed\" type=\"button\" data-bs-toggle=\"collapse\" data-bs-target=\"#tab9409\" aria-expanded=\"false\" aria-controls=\"tab9409\">Que fournit une famille d&#8217;accueil fran\u00e7aise ?<\/button><\/h2><div id=\"tab9409\" class=\"accordion-collapse collapse\" aria-labelledby=\"heading9409\" data-bs-parent=\"#accordionExample\"><div class=\"accordion-body\"><p>En s\u00e9journant chez une famille d&#8217;accueil fran\u00e7aise, tu auras un aper\u00e7u approfondi de la vie quotidienne dans le pays. Vivre avec des natifs est le meilleur moyen de d\u00e9couvrir la France de l&#8217;int\u00e9rieur. Tu d\u00e9couvriras la culture fran\u00e7aise au-del\u00e0 de ses st\u00e9r\u00e9otypes habituels et tu feras connaissance avec une famille gentille et attentionn\u00e9e quelque part dans le pays. Nos familles d&#8217;accueil sont vari\u00e9es et attendent avec impatience de t&#8217;accueillir dans leurs foyers.<br><br>La culture culinaire en France est connue dans le monde entier. Un st\u00e9r\u00e9otype qui est en fait vrai est que les Fran\u00e7ais consomment beaucoup de pain, de croissants et de fromage. Leurs d\u00eeners se terminent souvent par un plateau de fromages, et tu auras l&#8217;occasion de go\u00fbter \u00e0 toutes sortes de d\u00e9licieux fromages pendant ton ann\u00e9e d&#8217;\u00e9change ici.<br><br>N&#8217;oublie pas non plus que ta famille d&#8217;accueil sera curieuse de d\u00e9couvrir ta culture alimentaire. N&#8217;h\u00e9site pas \u00e0 leur faire d\u00e9couvrir de temps en temps quelques plats et p\u00e2tisseries typiques de ton pays. Ils appr\u00e9cieront cela autant que tu appr\u00e9cieras de d\u00e9guster de d\u00e9licieuses cr\u00eapes, pains au chocolat et quiches cr\u00e9meuses pendant ton s\u00e9jour dans le pays.<\/p><\/div><\/div><\/div><div class=\"accordion-item\"><h2 class=\"accordion-header\" id=\"heading1362\"><button class=\"accordion-button collapsed\" type=\"button\" data-bs-toggle=\"collapse\" data-bs-target=\"#tab1362\" aria-expanded=\"false\" aria-controls=\"tab1362\">Quel programme proposez-vous en France ?<\/button><\/h2><div id=\"tab1362\" class=\"accordion-collapse collapse\" aria-labelledby=\"heading1362\" data-bs-parent=\"#accordionExample\"><div class=\"accordion-body\"><p>Nous offrons une large gamme de programmes scolaires en France. Ces programmes incluent le Lyc\u00e9e Classic, le Lyc\u00e9e Select et l&#8217;Internat. Contacte-nous pour plus d&#8217;informations !<\/p><\/div><\/div><\/div><\/div><\/div>\n<\/div>\n<\/div>\n<\/div>\n<\/div>\n<\/div>\n<\/div>\n","protected":false},"excerpt":{"rendered":"<p>Bekijk onze brochure! Download onze scholenbrochure voor meer informatie over onze uitwisselingsprogramma&#8217;s!<\/p>\n","protected":false},"author":6,"featured_media":0,"parent":23279,"menu_order":0,"comment_status":"closed","ping_status":"closed","template":"","meta":{"_acf_changed":false,"inline_featured_image":false,"footnotes":""},"school_category":[],"wf_page_folders":[358],"class_list":["post-23285","page","type-page","status-publish","hentry"],"acf":[],"yoast_head":"<!-- This site is optimized with the Yoast SEO Premium plugin v23.4 (Yoast SEO v23.6) - https:\/\/yoast.com\/wordpress\/plugins\/seo\/ -->\n<title>Word een uitwisselingsstudent aan een middelbare school in Frankrijk<\/title>\n<meta name=\"description\" content=\"Word uitwisselingsstudent in Frankrijk. Leer Frans en verken de Franse cultuur in een priv\u00e9- of een elite internaatschool.\" \/>\n<meta name=\"robots\" content=\"index, follow, max-snippet:-1, max-image-preview:large, max-video-preview:-1\" \/>\n<link rel=\"canonical\" href=\"https:\/\/www.sts-education.be\/nl\/scholen-in-het-buitenland\/frankrijk\" \/>\n<meta property=\"og:locale\" content=\"nl_BE\" \/>\n<meta property=\"og:type\" content=\"article\" \/>\n<meta property=\"og:title\" content=\"Frankrijk\" \/>\n<meta property=\"og:description\" content=\"Word uitwisselingsstudent in Frankrijk. Leer Frans en verken de Franse cultuur in een priv\u00e9- of een elite internaatschool.\" \/>\n<meta property=\"og:url\" content=\"https:\/\/www.sts-education.be\/nl\/scholen-in-het-buitenland\/frankrijk\" \/>\n<meta property=\"og:site_name\" content=\"sts-education.be\" \/>\n<meta property=\"article:modified_time\" content=\"2025-09-02T10:21:45+00:00\" \/>\n<meta property=\"og:image\" content=\"https:\/\/powered-by.qbank.se\/educatius\/media\/942a764a025ebb9250882be951b58743.jpg\" \/>\n<meta name=\"twitter:card\" content=\"summary_large_image\" \/>\n<meta name=\"twitter:label1\" content=\"Est. reading time\" \/>\n\t<meta name=\"twitter:data1\" content=\"3 minutes\" \/>\n<script type=\"application\/ld+json\" class=\"yoast-schema-graph\">{\"@context\":\"https:\/\/schema.org\",\"@graph\":[{\"@type\":\"WebPage\",\"@id\":\"https:\/\/www.sts-education.be\/nl\/scholen-in-het-buitenland\/frankrijk\",\"url\":\"https:\/\/www.sts-education.be\/nl\/scholen-in-het-buitenland\/frankrijk\",\"name\":\"Word een uitwisselingsstudent aan een middelbare school in Frankrijk\",\"isPartOf\":{\"@id\":\"https:\/\/www.sts-education.be\/nl#website\"},\"primaryImageOfPage\":{\"@id\":\"https:\/\/www.sts-education.be\/nl\/scholen-in-het-buitenland\/frankrijk#primaryimage\"},\"image\":{\"@id\":\"https:\/\/www.sts-education.be\/nl\/scholen-in-het-buitenland\/frankrijk#primaryimage\"},\"thumbnailUrl\":\"https:\/\/powered-by.qbank.se\/educatius\/media\/942a764a025ebb9250882be951b58743.jpg\",\"datePublished\":\"2024-08-09T11:00:50+00:00\",\"dateModified\":\"2025-09-02T10:21:45+00:00\",\"description\":\"Word uitwisselingsstudent in Frankrijk. Leer Frans en verken de Franse cultuur in een priv\u00e9- of een elite internaatschool.\",\"breadcrumb\":{\"@id\":\"https:\/\/www.sts-education.be\/nl\/scholen-in-het-buitenland\/frankrijk#breadcrumb\"},\"inLanguage\":\"nl-BE\",\"potentialAction\":[{\"@type\":\"ReadAction\",\"target\":[\"https:\/\/www.sts-education.be\/nl\/scholen-in-het-buitenland\/frankrijk\"]}]},{\"@type\":\"ImageObject\",\"inLanguage\":\"nl-BE\",\"@id\":\"https:\/\/www.sts-education.be\/nl\/scholen-in-het-buitenland\/frankrijk#primaryimage\",\"url\":\"https:\/\/powered-by.qbank.se\/educatius\/media\/942a764a025ebb9250882be951b58743.jpg\",\"contentUrl\":\"https:\/\/powered-by.qbank.se\/educatius\/media\/942a764a025ebb9250882be951b58743.jpg\"},{\"@type\":\"BreadcrumbList\",\"@id\":\"https:\/\/www.sts-education.be\/nl\/scholen-in-het-buitenland\/frankrijk#breadcrumb\",\"itemListElement\":[{\"@type\":\"ListItem\",\"position\":1,\"name\":\"Accueil\",\"item\":\"https:\/\/www.sts-education.be\/nl\"},{\"@type\":\"ListItem\",\"position\":2,\"name\":\"School in het buitenland\",\"item\":\"https:\/\/www.sts-education.be\/nl\/scholen-in-het-buitenland\"},{\"@type\":\"ListItem\",\"position\":3,\"name\":\"Frankrijk\"}]},{\"@type\":\"WebSite\",\"@id\":\"https:\/\/www.sts-education.be\/nl#website\",\"url\":\"https:\/\/www.sts-education.be\/nl\",\"name\":\"sts-education.be\",\"description\":\"Unlock the world!\",\"publisher\":{\"@id\":\"https:\/\/www.sts-education.be\/nl#organization\"},\"potentialAction\":[{\"@type\":\"SearchAction\",\"target\":{\"@type\":\"EntryPoint\",\"urlTemplate\":\"https:\/\/www.sts-education.be\/nl?s={search_term_string}\"},\"query-input\":{\"@type\":\"PropertyValueSpecification\",\"valueRequired\":true,\"valueName\":\"search_term_string\"}}],\"inLanguage\":\"nl-BE\"},{\"@type\":\"Organization\",\"@id\":\"https:\/\/www.sts-education.be\/nl#organization\",\"name\":\"sts-education.be\",\"url\":\"https:\/\/www.sts-education.be\/nl\",\"logo\":{\"@type\":\"ImageObject\",\"inLanguage\":\"nl-BE\",\"@id\":\"https:\/\/www.sts-education.be\/nl#\/schema\/logo\/image\/\",\"url\":\"https:\/\/www.sts-education.be\/wp-content\/uploads\/sites\/2\/2025\/09\/cropped-STS-round-yellow-bkgr.png\",\"contentUrl\":\"https:\/\/www.sts-education.be\/wp-content\/uploads\/sites\/2\/2025\/09\/cropped-STS-round-yellow-bkgr.png\",\"width\":500,\"height\":460,\"caption\":\"sts-education.be\"},\"image\":{\"@id\":\"https:\/\/www.sts-education.be\/nl#\/schema\/logo\/image\/\"}}]}<\/script>\n<!-- \/ Yoast SEO Premium plugin. -->","yoast_head_json":{"title":"Word een uitwisselingsstudent aan een middelbare school in Frankrijk","description":"Word uitwisselingsstudent in Frankrijk. Leer Frans en verken de Franse cultuur in een priv\u00e9- of een elite internaatschool.","robots":{"index":"index","follow":"follow","max-snippet":"max-snippet:-1","max-image-preview":"max-image-preview:large","max-video-preview":"max-video-preview:-1"},"canonical":"https:\/\/www.sts-education.be\/nl\/scholen-in-het-buitenland\/frankrijk","og_locale":"nl_BE","og_type":"article","og_title":"Frankrijk","og_description":"Word uitwisselingsstudent in Frankrijk. Leer Frans en verken de Franse cultuur in een priv\u00e9- of een elite internaatschool.","og_url":"https:\/\/www.sts-education.be\/nl\/scholen-in-het-buitenland\/frankrijk","og_site_name":"sts-education.be","article_modified_time":"2025-09-02T10:21:45+00:00","og_image":[{"url":"https:\/\/powered-by.qbank.se\/educatius\/media\/942a764a025ebb9250882be951b58743.jpg"}],"twitter_card":"summary_large_image","twitter_misc":{"Est. reading time":"3 minutes"},"schema":{"@context":"https:\/\/schema.org","@graph":[{"@type":"WebPage","@id":"https:\/\/www.sts-education.be\/nl\/scholen-in-het-buitenland\/frankrijk","url":"https:\/\/www.sts-education.be\/nl\/scholen-in-het-buitenland\/frankrijk","name":"Word een uitwisselingsstudent aan een middelbare school in Frankrijk","isPartOf":{"@id":"https:\/\/www.sts-education.be\/nl#website"},"primaryImageOfPage":{"@id":"https:\/\/www.sts-education.be\/nl\/scholen-in-het-buitenland\/frankrijk#primaryimage"},"image":{"@id":"https:\/\/www.sts-education.be\/nl\/scholen-in-het-buitenland\/frankrijk#primaryimage"},"thumbnailUrl":"https:\/\/powered-by.qbank.se\/educatius\/media\/942a764a025ebb9250882be951b58743.jpg","datePublished":"2024-08-09T11:00:50+00:00","dateModified":"2025-09-02T10:21:45+00:00","description":"Word uitwisselingsstudent in Frankrijk. Leer Frans en verken de Franse cultuur in een priv\u00e9- of een elite internaatschool.","breadcrumb":{"@id":"https:\/\/www.sts-education.be\/nl\/scholen-in-het-buitenland\/frankrijk#breadcrumb"},"inLanguage":"nl-BE","potentialAction":[{"@type":"ReadAction","target":["https:\/\/www.sts-education.be\/nl\/scholen-in-het-buitenland\/frankrijk"]}]},{"@type":"ImageObject","inLanguage":"nl-BE","@id":"https:\/\/www.sts-education.be\/nl\/scholen-in-het-buitenland\/frankrijk#primaryimage","url":"https:\/\/powered-by.qbank.se\/educatius\/media\/942a764a025ebb9250882be951b58743.jpg","contentUrl":"https:\/\/powered-by.qbank.se\/educatius\/media\/942a764a025ebb9250882be951b58743.jpg"},{"@type":"BreadcrumbList","@id":"https:\/\/www.sts-education.be\/nl\/scholen-in-het-buitenland\/frankrijk#breadcrumb","itemListElement":[{"@type":"ListItem","position":1,"name":"Accueil","item":"https:\/\/www.sts-education.be\/nl"},{"@type":"ListItem","position":2,"name":"School in het buitenland","item":"https:\/\/www.sts-education.be\/nl\/scholen-in-het-buitenland"},{"@type":"ListItem","position":3,"name":"Frankrijk"}]},{"@type":"WebSite","@id":"https:\/\/www.sts-education.be\/nl#website","url":"https:\/\/www.sts-education.be\/nl","name":"sts-education.be","description":"Unlock the world!","publisher":{"@id":"https:\/\/www.sts-education.be\/nl#organization"},"potentialAction":[{"@type":"SearchAction","target":{"@type":"EntryPoint","urlTemplate":"https:\/\/www.sts-education.be\/nl?s={search_term_string}"},"query-input":{"@type":"PropertyValueSpecification","valueRequired":true,"valueName":"search_term_string"}}],"inLanguage":"nl-BE"},{"@type":"Organization","@id":"https:\/\/www.sts-education.be\/nl#organization","name":"sts-education.be","url":"https:\/\/www.sts-education.be\/nl","logo":{"@type":"ImageObject","inLanguage":"nl-BE","@id":"https:\/\/www.sts-education.be\/nl#\/schema\/logo\/image\/","url":"https:\/\/www.sts-education.be\/wp-content\/uploads\/sites\/2\/2025\/09\/cropped-STS-round-yellow-bkgr.png","contentUrl":"https:\/\/www.sts-education.be\/wp-content\/uploads\/sites\/2\/2025\/09\/cropped-STS-round-yellow-bkgr.png","width":500,"height":460,"caption":"sts-education.be"},"image":{"@id":"https:\/\/www.sts-education.be\/nl#\/schema\/logo\/image\/"}}]}},"_links":{"self":[{"href":"https:\/\/www.sts-education.be\/nl\/wp-json\/wp\/v2\/pages\/23285"}],"collection":[{"href":"https:\/\/www.sts-education.be\/nl\/wp-json\/wp\/v2\/pages"}],"about":[{"href":"https:\/\/www.sts-education.be\/nl\/wp-json\/wp\/v2\/types\/page"}],"author":[{"embeddable":true,"href":"https:\/\/www.sts-education.be\/nl\/wp-json\/wp\/v2\/users\/6"}],"replies":[{"embeddable":true,"href":"https:\/\/www.sts-education.be\/nl\/wp-json\/wp\/v2\/comments?post=23285"}],"version-history":[{"count":6,"href":"https:\/\/www.sts-education.be\/nl\/wp-json\/wp\/v2\/pages\/23285\/revisions"}],"predecessor-version":[{"id":24245,"href":"https:\/\/www.sts-education.be\/nl\/wp-json\/wp\/v2\/pages\/23285\/revisions\/24245"}],"up":[{"embeddable":true,"href":"https:\/\/www.sts-education.be\/nl\/wp-json\/wp\/v2\/pages\/23279"}],"wp:attachment":[{"href":"https:\/\/www.sts-education.be\/nl\/wp-json\/wp\/v2\/media?parent=23285"}],"wp:term":[{"taxonomy":"school_category","embeddable":true,"href":"https:\/\/www.sts-education.be\/nl\/wp-json\/wp\/v2\/school_category?post=23285"},{"taxonomy":"wf_page_folders","embeddable":true,"href":"https:\/\/www.sts-education.be\/nl\/wp-json\/wp\/v2\/wf_page_folders?post=23285"}],"curies":[{"name":"wp","href":"https:\/\/api.w.org\/{rel}","templated":true}]}}