{"id":23283,"date":"2024-08-12T06:00:20","date_gmt":"2024-08-12T06:00:20","guid":{"rendered":"https:\/\/www.educatius.be\/scholen-in-het-buitenland\/spanje"},"modified":"2025-09-02T10:23:17","modified_gmt":"2025-09-02T10:23:17","slug":"spanje","status":"publish","type":"page","link":"https:\/\/www.sts-education.be\/nl\/scholen-in-het-buitenland\/spanje","title":{"rendered":"Spanje"},"content":{"rendered":"\n<section class=\"inner-banner-section\"><div class=\"inner-banner-wrap\"><img decoding=\"async\" src=\"https:\/\/powered-by.qbank.se\/educatius\/media\/6754a5edd36d0c9da7b5a4142d0c6605.jpg\"\/><\/div><\/section><section class=\"banner-blue-box\" style=\"background:#fff04f\"><h1 style=\"color:#000000\">Studeren aan een middelbare school in Spanje<\/h1><p style=\"color:#000000\">Spanje is een kleurrijk land met alles wat je nodig hebt voor een geslaagd jaar in het buitenland. Van lange stranden langs de kust tot indrukwekkende bergketens en middeleeuwse steden, je zult al snel merken dat Spanje het allemaal heeft! <\/p><\/section>\n\n\n<div class=\"container\"><span><span><a href=\"https:\/\/www.sts-education.be\/nl\">Accueil<\/a><\/span><\/span><\/div>\n\n\n\n<div class=\"wp-block-columns container mb-5 is-layout-flex wp-container-core-columns-is-layout-1 wp-block-columns-is-layout-flex\">\n<div class=\"wp-block-column is-layout-flow wp-block-column-is-layout-flow\">\n<div class=\"wp-block-educatius-title-paragraph-darkbutton container\"><div class=\"text-block-wrap py-4 py-md-0\"><h3 class=\"text-block-title text-primary\">Word een uitwisselingsstudent in Spanje<\/h3><p class=\"text-primary\">Word uitwisselingsstudent in het prachtige land Spanje! Spanje is een kleurrijk land dat alles biedt wat je nodig hebt voor een succesvol jaar in het buitenland. De rijke cultuur, het aangename klimaat, de prachtige natuur en de ontspannen levensstijl trekken elk jaar uitwisselingsstudenten van over de hele wereld aan. Je zult snel merken dat Spanje alles heeft, van lange stranden langs de kust tot indrukwekkende bergketens en middeleeuwse stadjes.   <\/p><a href=\"\/planifier-consultation\" class=\"btn btn-primary\">Engage la conversation<\/a><\/div><\/div>\n<\/div>\n\n\n\n<div class=\"wp-block-column is-layout-flow wp-block-column-is-layout-flow\">\n<div class=\"wp-block-educatius-bordered-text container\"><div class=\"quick-fact-section\"><h6 class=\"text-block-title text-primary\"><strong>Korte feiten:<\/strong><\/h6><ul class=\"list-group text-primary\"><li class=\"list-item\"><strong>Programmatypes:<\/strong> Classic, Select en Boarding<br><\/li><br><li class=\"list-item\"><strong>Looptijd: <\/strong>Academisch jaar of semester<br><\/li><br><li class=\"list-item\"><strong>Soort visum:<\/strong> Studentenvisum<br><\/li><br><li class=\"list-item\"><strong>Taal:<\/strong> Basiskennis Spaans gewenst<\/li><\/ul><\/div><\/div>\n<\/div>\n<\/div>\n\n\n\n<section class=\"wp-block-educatius-left-image-and-text highlight-section py-1 py-sm-5 py-md-5 py-5\"><div class=\"container my-3\"><div class=\"row\"><div class=\"col-md-6\"><img decoding=\"async\" src=\"https:\/\/powered-by.qbank.se\/educatius\/media\/a88fd022dcf42b0d75b10eb57886ab04.jpg\" class=\"w-100\"\/><\/div><div class=\"col-md-6\"><div class=\"text-block-wrap py-md-0 px-md-5\"><span class=\"text-block-title\"><\/span><h3 class=\"text-block-title\">Over middelbaar onderwijs in Spanje<\/h3><p>Als uitwisselingsstudent in Spanje krijg je een uitstekende kans om het dagelijkse schoolleven van Spaanse tieners te ervaren.<br><br>De middelbare school in Spanje bestaat uit twee cycli, de ESO en de Bachillerato. Uitwisselingsstudenten zitten meestal in de Bachillerato of in de laatste jaren van de ESO. <\/p><a href=\"\/planifier-consultation\" class=\"btn btn-outline-primary btn-lg\">Contacte-nous<\/a><\/div><\/div><\/div><\/div><\/section>\n\n\n\n<div class=\"wp-block-columns container is-layout-flex wp-container-core-columns-is-layout-2 wp-block-columns-is-layout-flex\">\n<div class=\"wp-block-column is-layout-flow wp-block-column-is-layout-flow\" style=\"flex-basis:48%\">\n<h3 class=\"wp-block-heading has-primary-blue-color has-text-color\" id=\"h-bekijk-onze-brochure\">Bekijk onze brochure!<\/h3>\n\n\n\n<p>Ontdek een wereld aan uitwisselingsprogramma&#8217;s, vraag nu onze brochure aan!<\/p>\n\n\n\n<div class=\"wp-block-educatius-edu-button container\"><a rel=\"noopener\" class=\"btn btn-lg btn-primary\" href=\"\/brochure-des-ecoles-a-letranger\" style=\"color:#000000;background-color:#fff04f\">Lees de brochure&nbsp;<\/a><\/div>\n<\/div>\n\n\n\n<div class=\"wp-block-column is-layout-flow wp-block-column-is-layout-flow\" style=\"flex-basis:1%\"><\/div>\n\n\n\n<div class=\"wp-block-column is-layout-flow wp-block-column-is-layout-flow\" style=\"flex-basis:50%\">\n<figure class=\"wp-block-embed is-type-video is-provider-vimeo wp-block-embed-vimeo wp-embed-aspect-16-9 wp-has-aspect-ratio\"><div class=\"wp-block-embed__wrapper\">\n<iframe loading=\"lazy\" src=\"https:\/\/player.vimeo.com\/video\/797320754?dnt=1&amp;app_id=122963\" width=\"640\" height=\"360\" frameborder=\"0\" allow=\"autoplay; fullscreen; picture-in-picture; clipboard-write\"><\/iframe>\n<\/div><\/figure>\n<\/div>\n<\/div>\n\n\n\n<div class=\"wp-block-group is-layout-flow wp-block-group-is-layout-flow\">\n<div class=\"wp-block-columns is-layout-flex wp-container-core-columns-is-layout-4 wp-block-columns-is-layout-flex\">\n<div class=\"wp-block-column is-layout-flow wp-block-column-is-layout-flow\" style=\"flex-basis:100%\">\n<div class=\"wp-block-group has-very-light-blue-background-color has-background is-layout-flow wp-block-group-is-layout-flow\">\n<div class=\"wp-block-educatius-underscore-heading container\"><h2 class=\"section-title text-center mx-auto mt-3 mb-5\">Veelgestelde vragen<\/h2><\/div>\n\n\n\n<div class=\"wp-block-columns container is-layout-flex wp-container-core-columns-is-layout-3 wp-block-columns-is-layout-flex\">\n<div class=\"wp-block-column is-layout-flow wp-block-column-is-layout-flow\">\n<div class=\"wp-block-educatius-faq-accordion container\"><div class=\"accordion\" id=\"accordionExample\"><div class=\"accordion-item\"><h2 class=\"accordion-header\" id=\"heading244\"><button class=\"accordion-button collapsed\" type=\"button\" data-bs-toggle=\"collapse\" data-bs-target=\"#tab244\" aria-expanded=\"false\" aria-controls=\"tab244\">Pourquoi \u00e9tudier dans un programme international en Espagne ?<\/button><\/h2><div id=\"tab244\" class=\"accordion-collapse collapse\" aria-labelledby=\"heading244\" data-bs-parent=\"#accordionExample\"><div class=\"accordion-body\"><p>Avec plus de 400 millions de locuteurs, l&#8217;espagnol est l&#8217;une des langues les plus parl\u00e9es au monde. \u00c9tudier ici t&#8217;ouvrira de nombreuses portes, tant en termes de possibilit\u00e9s de carri\u00e8re futures qu&#8217;en termes de nouvelles rencontres. Pr\u00e9pare-toi \u00e0 une ann\u00e9e d&#8217;\u00e9change pleine de soleil, d&#8217;apprentissage linguistique et d&#8217;amiti\u00e9s !<\/p><\/div><\/div><\/div><div class=\"accordion-item\"><h2 class=\"accordion-header\" id=\"heading9409\"><button class=\"accordion-button collapsed\" type=\"button\" data-bs-toggle=\"collapse\" data-bs-target=\"#tab9409\" aria-expanded=\"false\" aria-controls=\"tab9409\">Que fournit une famille d&#8217;accueil espagnole ?<\/button><\/h2><div id=\"tab9409\" class=\"accordion-collapse collapse\" aria-labelledby=\"heading9409\" data-bs-parent=\"#accordionExample\"><div class=\"accordion-body\"><p>Les familles d&#8217;accueil espagnoles t&#8217;offrent une vue privil\u00e9gi\u00e9e sur la culture chaleureuse et accueillante du pays, tout en te permettant de progresser rapidement en espagnol gr\u00e2ce \u00e0 des repas d\u00e9licieux et des sorties en famille.<br><br>En tant que membre d&#8217;une famille espagnole, tu d\u00e9couvriras des f\u00eates telles que le D\u00eda de Reyes et El D\u00eda de Todos Los Santos, c\u00e9l\u00e9br\u00e9es diff\u00e9remment selon les r\u00e9gions d&#8217;Espagne. Tu savoureras \u00e9galement des plats typiques comme les croquettes, la tortilla espa\u00f1ola et le gaspacho.<br><br>La cuisine espagnole est reconnue comme l&#8217;une des meilleures au monde. Les plats sont souvent servis \u00e0 des prix tr\u00e8s abordables dans les caf\u00e9s et restaurants. Si tu aimes la gastronomie, tu appr\u00e9cieras certainement ton \u00e9change en Espagne.<\/p><\/div><\/div><\/div><div class=\"accordion-item\"><h2 class=\"accordion-header\" id=\"heading1362\"><button class=\"accordion-button collapsed\" type=\"button\" data-bs-toggle=\"collapse\" data-bs-target=\"#tab1362\" aria-expanded=\"false\" aria-controls=\"tab1362\">Quels programmes sont propos\u00e9s par Educatius en Espagne ?<\/button><\/h2><div id=\"tab1362\" class=\"accordion-collapse collapse\" aria-labelledby=\"heading1362\" data-bs-parent=\"#accordionExample\"><div class=\"accordion-body\"><p>Nous proposons une large gamme de programmes d&#8217;\u00e9tablissements en Espagne. Il s&#8217;agit des programmes Classic, Select, et Internat. Contacte-nous pour plus d&#8217;informations !<\/p><\/div><\/div><\/div><\/div><\/div>\n<\/div>\n<\/div>\n<\/div>\n<\/div>\n<\/div>\n<\/div>\n","protected":false},"excerpt":{"rendered":"<p>Bekijk onze brochure! Ontdek een wereld aan uitwisselingsprogramma&#8217;s, vraag nu onze brochure aan!<\/p>\n","protected":false},"author":6,"featured_media":0,"parent":23279,"menu_order":0,"comment_status":"closed","ping_status":"closed","template":"","meta":{"_acf_changed":false,"inline_featured_image":false,"footnotes":""},"school_category":[],"wf_page_folders":[358],"class_list":["post-23283","page","type-page","status-publish","hentry"],"acf":[],"yoast_head":"<!-- This site is optimized with the Yoast SEO Premium plugin v23.4 (Yoast SEO v23.6) - https:\/\/yoast.com\/wordpress\/plugins\/seo\/ -->\n<title>Word uitwisselingsstudent op een middelbare school in Spanje<\/title>\n<meta name=\"description\" content=\"Word een uitwisselingsstudent in Spanje! Dompel jezelf onder in de Spaanse cultuur terwijl je studeert op een middelbare school. Meld je vandaag nog aan.\" \/>\n<meta name=\"robots\" content=\"index, follow, max-snippet:-1, max-image-preview:large, max-video-preview:-1\" \/>\n<link rel=\"canonical\" href=\"https:\/\/www.sts-education.be\/nl\/scholen-in-het-buitenland\/spanje\" \/>\n<meta property=\"og:locale\" content=\"nl_BE\" \/>\n<meta property=\"og:type\" content=\"article\" \/>\n<meta property=\"og:title\" content=\"Spanje\" \/>\n<meta property=\"og:description\" content=\"Word een uitwisselingsstudent in Spanje! Dompel jezelf onder in de Spaanse cultuur terwijl je studeert op een middelbare school. Meld je vandaag nog aan.\" \/>\n<meta property=\"og:url\" content=\"https:\/\/www.sts-education.be\/nl\/scholen-in-het-buitenland\/spanje\" \/>\n<meta property=\"og:site_name\" content=\"sts-education.be\" \/>\n<meta property=\"article:modified_time\" content=\"2025-09-02T10:23:17+00:00\" \/>\n<meta property=\"og:image\" content=\"https:\/\/powered-by.qbank.se\/educatius\/media\/6754a5edd36d0c9da7b5a4142d0c6605.jpg\" \/>\n<meta name=\"twitter:card\" content=\"summary_large_image\" \/>\n<meta name=\"twitter:label1\" content=\"Est. reading time\" \/>\n\t<meta name=\"twitter:data1\" content=\"3 minutes\" \/>\n<script type=\"application\/ld+json\" class=\"yoast-schema-graph\">{\"@context\":\"https:\/\/schema.org\",\"@graph\":[{\"@type\":\"WebPage\",\"@id\":\"https:\/\/www.sts-education.be\/nl\/scholen-in-het-buitenland\/spanje\",\"url\":\"https:\/\/www.sts-education.be\/nl\/scholen-in-het-buitenland\/spanje\",\"name\":\"Word uitwisselingsstudent op een middelbare school in Spanje\",\"isPartOf\":{\"@id\":\"https:\/\/www.sts-education.be\/nl#website\"},\"primaryImageOfPage\":{\"@id\":\"https:\/\/www.sts-education.be\/nl\/scholen-in-het-buitenland\/spanje#primaryimage\"},\"image\":{\"@id\":\"https:\/\/www.sts-education.be\/nl\/scholen-in-het-buitenland\/spanje#primaryimage\"},\"thumbnailUrl\":\"https:\/\/powered-by.qbank.se\/educatius\/media\/6754a5edd36d0c9da7b5a4142d0c6605.jpg\",\"datePublished\":\"2024-08-12T06:00:20+00:00\",\"dateModified\":\"2025-09-02T10:23:17+00:00\",\"description\":\"Word een uitwisselingsstudent in Spanje! Dompel jezelf onder in de Spaanse cultuur terwijl je studeert op een middelbare school. Meld je vandaag nog aan.\",\"breadcrumb\":{\"@id\":\"https:\/\/www.sts-education.be\/nl\/scholen-in-het-buitenland\/spanje#breadcrumb\"},\"inLanguage\":\"nl-BE\",\"potentialAction\":[{\"@type\":\"ReadAction\",\"target\":[\"https:\/\/www.sts-education.be\/nl\/scholen-in-het-buitenland\/spanje\"]}]},{\"@type\":\"ImageObject\",\"inLanguage\":\"nl-BE\",\"@id\":\"https:\/\/www.sts-education.be\/nl\/scholen-in-het-buitenland\/spanje#primaryimage\",\"url\":\"https:\/\/powered-by.qbank.se\/educatius\/media\/6754a5edd36d0c9da7b5a4142d0c6605.jpg\",\"contentUrl\":\"https:\/\/powered-by.qbank.se\/educatius\/media\/6754a5edd36d0c9da7b5a4142d0c6605.jpg\"},{\"@type\":\"BreadcrumbList\",\"@id\":\"https:\/\/www.sts-education.be\/nl\/scholen-in-het-buitenland\/spanje#breadcrumb\",\"itemListElement\":[{\"@type\":\"ListItem\",\"position\":1,\"name\":\"Accueil\",\"item\":\"https:\/\/www.sts-education.be\/nl\"},{\"@type\":\"ListItem\",\"position\":2,\"name\":\"School in het buitenland\",\"item\":\"https:\/\/www.sts-education.be\/nl\/scholen-in-het-buitenland\"},{\"@type\":\"ListItem\",\"position\":3,\"name\":\"Spanje\"}]},{\"@type\":\"WebSite\",\"@id\":\"https:\/\/www.sts-education.be\/nl#website\",\"url\":\"https:\/\/www.sts-education.be\/nl\",\"name\":\"sts-education.be\",\"description\":\"Unlock the world!\",\"publisher\":{\"@id\":\"https:\/\/www.sts-education.be\/nl#organization\"},\"potentialAction\":[{\"@type\":\"SearchAction\",\"target\":{\"@type\":\"EntryPoint\",\"urlTemplate\":\"https:\/\/www.sts-education.be\/nl?s={search_term_string}\"},\"query-input\":{\"@type\":\"PropertyValueSpecification\",\"valueRequired\":true,\"valueName\":\"search_term_string\"}}],\"inLanguage\":\"nl-BE\"},{\"@type\":\"Organization\",\"@id\":\"https:\/\/www.sts-education.be\/nl#organization\",\"name\":\"sts-education.be\",\"url\":\"https:\/\/www.sts-education.be\/nl\",\"logo\":{\"@type\":\"ImageObject\",\"inLanguage\":\"nl-BE\",\"@id\":\"https:\/\/www.sts-education.be\/nl#\/schema\/logo\/image\/\",\"url\":\"https:\/\/www.sts-education.be\/wp-content\/uploads\/sites\/2\/2025\/09\/cropped-STS-round-yellow-bkgr.png\",\"contentUrl\":\"https:\/\/www.sts-education.be\/wp-content\/uploads\/sites\/2\/2025\/09\/cropped-STS-round-yellow-bkgr.png\",\"width\":500,\"height\":460,\"caption\":\"sts-education.be\"},\"image\":{\"@id\":\"https:\/\/www.sts-education.be\/nl#\/schema\/logo\/image\/\"}}]}<\/script>\n<!-- \/ Yoast SEO Premium plugin. -->","yoast_head_json":{"title":"Word uitwisselingsstudent op een middelbare school in Spanje","description":"Word een uitwisselingsstudent in Spanje! Dompel jezelf onder in de Spaanse cultuur terwijl je studeert op een middelbare school. Meld je vandaag nog aan.","robots":{"index":"index","follow":"follow","max-snippet":"max-snippet:-1","max-image-preview":"max-image-preview:large","max-video-preview":"max-video-preview:-1"},"canonical":"https:\/\/www.sts-education.be\/nl\/scholen-in-het-buitenland\/spanje","og_locale":"nl_BE","og_type":"article","og_title":"Spanje","og_description":"Word een uitwisselingsstudent in Spanje! Dompel jezelf onder in de Spaanse cultuur terwijl je studeert op een middelbare school. Meld je vandaag nog aan.","og_url":"https:\/\/www.sts-education.be\/nl\/scholen-in-het-buitenland\/spanje","og_site_name":"sts-education.be","article_modified_time":"2025-09-02T10:23:17+00:00","og_image":[{"url":"https:\/\/powered-by.qbank.se\/educatius\/media\/6754a5edd36d0c9da7b5a4142d0c6605.jpg"}],"twitter_card":"summary_large_image","twitter_misc":{"Est. reading time":"3 minutes"},"schema":{"@context":"https:\/\/schema.org","@graph":[{"@type":"WebPage","@id":"https:\/\/www.sts-education.be\/nl\/scholen-in-het-buitenland\/spanje","url":"https:\/\/www.sts-education.be\/nl\/scholen-in-het-buitenland\/spanje","name":"Word uitwisselingsstudent op een middelbare school in Spanje","isPartOf":{"@id":"https:\/\/www.sts-education.be\/nl#website"},"primaryImageOfPage":{"@id":"https:\/\/www.sts-education.be\/nl\/scholen-in-het-buitenland\/spanje#primaryimage"},"image":{"@id":"https:\/\/www.sts-education.be\/nl\/scholen-in-het-buitenland\/spanje#primaryimage"},"thumbnailUrl":"https:\/\/powered-by.qbank.se\/educatius\/media\/6754a5edd36d0c9da7b5a4142d0c6605.jpg","datePublished":"2024-08-12T06:00:20+00:00","dateModified":"2025-09-02T10:23:17+00:00","description":"Word een uitwisselingsstudent in Spanje! Dompel jezelf onder in de Spaanse cultuur terwijl je studeert op een middelbare school. Meld je vandaag nog aan.","breadcrumb":{"@id":"https:\/\/www.sts-education.be\/nl\/scholen-in-het-buitenland\/spanje#breadcrumb"},"inLanguage":"nl-BE","potentialAction":[{"@type":"ReadAction","target":["https:\/\/www.sts-education.be\/nl\/scholen-in-het-buitenland\/spanje"]}]},{"@type":"ImageObject","inLanguage":"nl-BE","@id":"https:\/\/www.sts-education.be\/nl\/scholen-in-het-buitenland\/spanje#primaryimage","url":"https:\/\/powered-by.qbank.se\/educatius\/media\/6754a5edd36d0c9da7b5a4142d0c6605.jpg","contentUrl":"https:\/\/powered-by.qbank.se\/educatius\/media\/6754a5edd36d0c9da7b5a4142d0c6605.jpg"},{"@type":"BreadcrumbList","@id":"https:\/\/www.sts-education.be\/nl\/scholen-in-het-buitenland\/spanje#breadcrumb","itemListElement":[{"@type":"ListItem","position":1,"name":"Accueil","item":"https:\/\/www.sts-education.be\/nl"},{"@type":"ListItem","position":2,"name":"School in het buitenland","item":"https:\/\/www.sts-education.be\/nl\/scholen-in-het-buitenland"},{"@type":"ListItem","position":3,"name":"Spanje"}]},{"@type":"WebSite","@id":"https:\/\/www.sts-education.be\/nl#website","url":"https:\/\/www.sts-education.be\/nl","name":"sts-education.be","description":"Unlock the world!","publisher":{"@id":"https:\/\/www.sts-education.be\/nl#organization"},"potentialAction":[{"@type":"SearchAction","target":{"@type":"EntryPoint","urlTemplate":"https:\/\/www.sts-education.be\/nl?s={search_term_string}"},"query-input":{"@type":"PropertyValueSpecification","valueRequired":true,"valueName":"search_term_string"}}],"inLanguage":"nl-BE"},{"@type":"Organization","@id":"https:\/\/www.sts-education.be\/nl#organization","name":"sts-education.be","url":"https:\/\/www.sts-education.be\/nl","logo":{"@type":"ImageObject","inLanguage":"nl-BE","@id":"https:\/\/www.sts-education.be\/nl#\/schema\/logo\/image\/","url":"https:\/\/www.sts-education.be\/wp-content\/uploads\/sites\/2\/2025\/09\/cropped-STS-round-yellow-bkgr.png","contentUrl":"https:\/\/www.sts-education.be\/wp-content\/uploads\/sites\/2\/2025\/09\/cropped-STS-round-yellow-bkgr.png","width":500,"height":460,"caption":"sts-education.be"},"image":{"@id":"https:\/\/www.sts-education.be\/nl#\/schema\/logo\/image\/"}}]}},"_links":{"self":[{"href":"https:\/\/www.sts-education.be\/nl\/wp-json\/wp\/v2\/pages\/23283"}],"collection":[{"href":"https:\/\/www.sts-education.be\/nl\/wp-json\/wp\/v2\/pages"}],"about":[{"href":"https:\/\/www.sts-education.be\/nl\/wp-json\/wp\/v2\/types\/page"}],"author":[{"embeddable":true,"href":"https:\/\/www.sts-education.be\/nl\/wp-json\/wp\/v2\/users\/6"}],"replies":[{"embeddable":true,"href":"https:\/\/www.sts-education.be\/nl\/wp-json\/wp\/v2\/comments?post=23283"}],"version-history":[{"count":6,"href":"https:\/\/www.sts-education.be\/nl\/wp-json\/wp\/v2\/pages\/23283\/revisions"}],"predecessor-version":[{"id":24251,"href":"https:\/\/www.sts-education.be\/nl\/wp-json\/wp\/v2\/pages\/23283\/revisions\/24251"}],"up":[{"embeddable":true,"href":"https:\/\/www.sts-education.be\/nl\/wp-json\/wp\/v2\/pages\/23279"}],"wp:attachment":[{"href":"https:\/\/www.sts-education.be\/nl\/wp-json\/wp\/v2\/media?parent=23283"}],"wp:term":[{"taxonomy":"school_category","embeddable":true,"href":"https:\/\/www.sts-education.be\/nl\/wp-json\/wp\/v2\/school_category?post=23283"},{"taxonomy":"wf_page_folders","embeddable":true,"href":"https:\/\/www.sts-education.be\/nl\/wp-json\/wp\/v2\/wf_page_folders?post=23283"}],"curies":[{"name":"wp","href":"https:\/\/api.w.org\/{rel}","templated":true}]}}