{"id":23281,"date":"2024-08-09T10:00:02","date_gmt":"2024-08-09T10:00:02","guid":{"rendered":"https:\/\/www.educatius.be\/scholen-in-het-buitenland\/duitsland"},"modified":"2025-09-02T10:21:27","modified_gmt":"2025-09-02T10:21:27","slug":"duitsland","status":"publish","type":"page","link":"https:\/\/www.sts-education.be\/nl\/scholen-in-het-buitenland\/duitsland","title":{"rendered":"Duitsland"},"content":{"rendered":"\n<section class=\"inner-banner-section\"><div class=\"inner-banner-wrap\"><img decoding=\"async\" src=\"https:\/\/powered-by.qbank.se\/educatius\/media\/b6d647bef97806f924072628784229c2.jpg\"\/><\/div><\/section><section class=\"banner-blue-box\" style=\"background:#fff04f\"><h1 style=\"color:#000000\">Studeren aan een middelbare school in Duitsland<\/h1><p style=\"color:#000000\">Grote steden, idyllische dorpjes, groene heuvels en prachtige rivieren. Duitsland is een land met een oneindige verscheidenheid aan landschappen en levensstijlen. <\/p><\/section>\n\n\n<div class=\"container\"><span><span><a href=\"https:\/\/www.sts-education.be\/nl\">Accueil<\/a><\/span><\/span><\/div>\n\n\n\n<div class=\"wp-block-columns container is-layout-flex wp-container-core-columns-is-layout-1 wp-block-columns-is-layout-flex\">\n<div class=\"wp-block-column is-layout-flow wp-block-column-is-layout-flow\">\n<div class=\"wp-block-educatius-title-paragraph-darkbutton container\"><div class=\"text-block-wrap py-4 py-md-0\"><h3 class=\"text-block-title text-primary\">Word een uitwisselingsstudent in Duitsland<\/h3><p class=\"text-primary\">Uitwisselingsstudent zijn in Duitsland is de perfecte kans om authentiek te ervaren hoe het is om als Duitser te leven. Door bij een Duits gastgezin te wonen en naar een plaatselijke school te gaan, krijg je een uniek inzicht in de typisch Duitse cultuur en ontwikkel je een uitstekende beheersing van deze alom populaire taal. <\/p><a href=\"\/planifier-consultation\" class=\"btn btn-primary\">Engage la conversation<\/a><\/div><\/div>\n<\/div>\n\n\n\n<div class=\"wp-block-column is-layout-flow wp-block-column-is-layout-flow\">\n<div class=\"wp-block-educatius-bordered-text container\"><div class=\"quick-fact-section\"><h6 class=\"text-block-title text-primary\"><strong>Korte feiten:<\/strong><\/h6><ul class=\"list-group text-primary\"><li class=\"list-item\"><strong>Type programma :<\/strong> Classic<br><\/li><br><li class=\"list-item\"><strong>Looptijd:<\/strong> Academisch jaar of semester<br><\/li><br><li class=\"list-item\"><strong>Soort visum:<\/strong> Studentenvisum<br><\/li><br><li class=\"list-item\"><strong>Taal:<\/strong> Basiskennis Duits gewenst<\/li><\/ul><\/div><\/div>\n<\/div>\n<\/div>\n\n\n\n<section class=\"wp-block-educatius-large-icon-and-text whats-included-section text-center py-3\"><div class=\"container\"><div class=\"row\"><div class=\"col\"><img decoding=\"async\" src=\"https:\/\/powered-by.qbank.se\/educatius\/wordpress\/\/wavinghand%20-%20yellow%20circle.png\"><h6>High School Experts<\/h6><p>De grootste organisatie ter wereld die zich toelegt op programma&#8217;s voor middelbare scholen<\/p><\/div><div class=\"col\"><img decoding=\"async\" src=\"https:\/\/powered-by.qbank.se\/educatius\/wordpress\/\/smileyheart%20-%20yellow%20circle.png\"><h6>Gepersonaliseerde ervaring<\/h6><p>Onafhankelijke online en internationale programma&#8217;s die speciaal voor u zijn ontworpen<\/p><\/div><div class=\"col\"><img decoding=\"async\" src=\"https:\/\/powered-by.qbank.se\/educatius\/wordpress\/\/speech%20-%20yellow%20circle.png\"><h6>24\/7 ondersteuning<\/h6><p>Voor scholieren in onze programma&#8217;s<\/p><\/div><div class=\"col\"><img decoding=\"async\" src=\"https:\/\/powered-by.qbank.se\/educatius\/wordpress\/\/heart%20-%20yellow%20circle10.png\"><h6>Teruggeven<\/h6><p>Aiducatius ondersteunt projecten in Afrika en Latijns-Amerika<\/p><\/div><\/div><\/div><\/section>\n\n\n\n<section class=\"wp-block-educatius-left-image-and-text highlight-section py-1 py-sm-5 py-md-5 py-5\"><div class=\"container my-3\"><div class=\"row\"><div class=\"col-md-6\"><img decoding=\"async\" src=\"https:\/\/powered-by.qbank.se\/educatius\/media\/b94468282c77ce98c794d894337ae500.jpg\" class=\"w-100\"\/><\/div><div class=\"col-md-6\"><div class=\"text-block-wrap py-md-0 px-md-5\"><span class=\"text-block-title\"><\/span><h3 class=\"text-block-title\">Over de school in Duitsland<\/h3><p>Als uitwisselingsstudent in Duitsland ervaar je het leven als een Duitse tiener. De lessen zijn hier over het algemeen vrij informeel en studenten worden aangemoedigd om na te denken en actief deel te nemen aan discussies in de klas. <br><br>Al je lessen zijn in het Duits, wat in het begin een beetje moeilijk kan zijn, maar je docenten staan natuurlijk klaar om je te helpen. Elke dag zul je merken dat je taalvaardigheden verbeteren en al snel kun je net als elke andere Duitse student deelnemen aan discussies. <\/p><a href=\"\/planifier-consultation\" class=\"btn btn-outline-primary btn-lg\">Contacte-nous<\/a><\/div><\/div><\/div><\/div><\/section>\n\n\n\n<div class=\"wp-block-columns container is-layout-flex wp-container-core-columns-is-layout-2 wp-block-columns-is-layout-flex\">\n<div class=\"wp-block-column is-layout-flow wp-block-column-is-layout-flow\" style=\"flex-basis:48%\">\n<h3 class=\"wp-block-heading has-primary-blue-color has-text-color\" id=\"h-bekijk-onze-brochure\">Bekijk onze brochure!<\/h3>\n\n\n\n<p>Lees meer over onze uitwisselingsprogramma&#8217;s in onze brochure voor middelbare scholen!<\/p>\n\n\n\n<div class=\"wp-block-educatius-edu-button container\"><a rel=\"noopener\" class=\"btn btn-lg btn-primary\" href=\"\/brochure-des-ecoles-a-letranger\" style=\"color:#000000;background-color:#fff04f\">Krijg de brochure <\/a><\/div>\n<\/div>\n\n\n\n<div class=\"wp-block-column is-layout-flow wp-block-column-is-layout-flow\" style=\"flex-basis:1%\"><\/div>\n\n\n\n<div class=\"wp-block-column is-layout-flow wp-block-column-is-layout-flow\" style=\"flex-basis:50%\">\n<figure class=\"wp-block-embed is-type-video is-provider-vimeo wp-block-embed-vimeo wp-embed-aspect-16-9 wp-has-aspect-ratio\"><div class=\"wp-block-embed__wrapper\">\n<iframe loading=\"lazy\" src=\"https:\/\/player.vimeo.com\/video\/797320754?dnt=1&amp;app_id=122963\" width=\"640\" height=\"360\" frameborder=\"0\" allow=\"autoplay; fullscreen; picture-in-picture; clipboard-write\"><\/iframe>\n<\/div><\/figure>\n<\/div>\n<\/div>\n\n\n\n<div class=\"wp-block-group is-layout-flow wp-block-group-is-layout-flow\">\n<div class=\"wp-block-columns is-layout-flex wp-container-core-columns-is-layout-4 wp-block-columns-is-layout-flex\">\n<div class=\"wp-block-column is-layout-flow wp-block-column-is-layout-flow\" style=\"flex-basis:100%\">\n<div class=\"wp-block-group has-very-light-blue-background-color has-background is-layout-flow wp-block-group-is-layout-flow\">\n<div class=\"wp-block-educatius-underscore-heading container\"><h2 class=\"section-title text-center mx-auto mt-3 mb-5\">Veelgestelde vragen<\/h2><\/div>\n\n\n\n<div class=\"wp-block-columns container is-layout-flex wp-container-core-columns-is-layout-3 wp-block-columns-is-layout-flex\">\n<div class=\"wp-block-column is-layout-flow wp-block-column-is-layout-flow\">\n<div class=\"wp-block-educatius-faq-accordion container\"><div class=\"accordion\" id=\"accordionExample\"><div class=\"accordion-item\"><h2 class=\"accordion-header\" id=\"heading244\"><button class=\"accordion-button collapsed\" type=\"button\" data-bs-toggle=\"collapse\" data-bs-target=\"#tab244\" aria-expanded=\"false\" aria-controls=\"tab244\">Pourquoi \u00e9tudier dans un programme international en Allemagne ?<\/button><\/h2><div id=\"tab244\" class=\"accordion-collapse collapse\" aria-labelledby=\"heading244\" data-bs-parent=\"#accordionExample\"><div class=\"accordion-body\"><p>En tant que locuteur allemand, tu pourras communiquer avec des millions de personnes \u00e0 travers le monde. Cette comp\u00e9tence ouvrira de nombreuses portes pour toi \u00e0 l&#8217;avenir, notamment sur le plan professionnel. L&#8217;Allemagne est l&#8217;une des plus grandes \u00e9conomies mondiales, et en tant qu&#8217;\u00e9tudiant d&#8217;\u00e9change, tu b\u00e9n\u00e9ficieras d&#8217;un pays avec des habitants accueillants, une \u00e9ducation de qualit\u00e9 et un excellent niveau de vie.<\/p><\/div><\/div><\/div><div class=\"accordion-item\"><h2 class=\"accordion-header\" id=\"heading9409\"><button class=\"accordion-button collapsed\" type=\"button\" data-bs-toggle=\"collapse\" data-bs-target=\"#tab9409\" aria-expanded=\"false\" aria-controls=\"tab9409\">Que fournit une famille d&#8217;accueil allemande ?<\/button><\/h2><div id=\"tab9409\" class=\"accordion-collapse collapse\" aria-labelledby=\"heading9409\" data-bs-parent=\"#accordionExample\"><div class=\"accordion-body\"><p>En vivant avec une famille d&#8217;accueil, tu d\u00e9couvriras ce que c&#8217;est que de vivre comme un v\u00e9ritable habitant. Tu auras l&#8217;occasion de go\u00fbter \u00e0 la cuisine allemande typique, comme les diff\u00e9rentes sortes de saucisses et le sauerbraten, et d&#8217;en apprendre davantage sur les coutumes et les traditions locales. C&#8217;est le moyen id\u00e9al pour d\u00e9couvrir le pays de l&#8217;int\u00e9rieur.<br><br>Comme tu seras constamment entour\u00e9 par la langue allemande, tu deviendras un locuteur fluide beaucoup plus rapidement que tu ne l&#8217;imagines. Veille \u00e0 toujours participer aux conversations avec ta famille d&#8217;accueil, m\u00eame si tu te sens un peu d\u00e9contenanc\u00e9 au d\u00e9but. Parle-leur de ta journ\u00e9e et demande-leur comment s&#8217;est pass\u00e9e la leur. Ainsi, tu deviendras de plus en plus \u00e0 l&#8217;aise chaque jour qui passe.<\/p><\/div><\/div><\/div><div class=\"accordion-item\"><h2 class=\"accordion-header\" id=\"heading1362\"><button class=\"accordion-button collapsed\" type=\"button\" data-bs-toggle=\"collapse\" data-bs-target=\"#tab1362\" aria-expanded=\"false\" aria-controls=\"tab1362\">\u00c0 quoi ressemble une famille d&#8217;accueil en Allemagne ?<\/button><\/h2><div id=\"tab1362\" class=\"accordion-collapse collapse\" aria-labelledby=\"heading1362\" data-bs-parent=\"#accordionExample\"><div class=\"accordion-body\"><p>Nos familles d&#8217;accueil viennent de tous horizons et vivent dans toute l&#8217;Allemagne. Certaines ont des enfants et des animaux de compagnie, certaines vivent dans de grandes maisons \u00e0 la campagne, et d&#8217;autres dans des appartements en ville.<br><br>Ce qu&#8217;elles ont toutes en commun, c&#8217;est une passion pour l&#8217;\u00e9change culturel et une impatience de d\u00e9couvrir qui tu es et d&#8217;o\u00f9 tu viens. Fais-leur d\u00e9couvrir des films et de la musique de ton pays, pr\u00e9pare-leur un plat typique. Il est toujours tr\u00e8s appr\u00e9ci\u00e9 lorsque les \u00e9tudiants font cet effort suppl\u00e9mentaire pour t\u00e9moigner de leur reconnaissance \u00e0 leurs familles d&#8217;accueil.<\/p><\/div><\/div><\/div><div class=\"accordion-item\"><h2 class=\"accordion-header\" id=\"heading7958\"><button class=\"accordion-button collapsed\" type=\"button\" data-bs-toggle=\"collapse\" data-bs-target=\"#tab7958\" aria-expanded=\"false\" aria-controls=\"tab7958\">Quel programme proposez-vous en Allemagne ?<\/button><\/h2><div id=\"tab7958\" class=\"accordion-collapse collapse\" aria-labelledby=\"heading7958\" data-bs-parent=\"#accordionExample\"><div class=\"accordion-body\"><p>En Allemagne, nous proposons notre programme Classic. Le programme Classic est le programme d&#8217;\u00e9change traditionnel, o\u00f9 tu es jumel\u00e9 avec une famille attentionn\u00e9e quelque part en Allemagne. C&#8217;est le programme parfait pour une exp\u00e9rience d&#8217;\u00e9change authentique en Allemagne. Une fois que tu es positionn\u00e9 avec la famille d&#8217;accueil parfaite pour toi, la recherche d&#8217;un excellent \u00e9tablissement scolaire dans la r\u00e9gion commence.<\/p><\/div><\/div><\/div><\/div><\/div>\n<\/div>\n<\/div>\n<\/div>\n<\/div>\n<\/div>\n<\/div>\n","protected":false},"excerpt":{"rendered":"<p>Bekijk onze brochure! Lees meer over onze uitwisselingsprogramma&#8217;s in onze brochure voor middelbare scholen!<\/p>\n","protected":false},"author":6,"featured_media":0,"parent":23279,"menu_order":0,"comment_status":"closed","ping_status":"closed","template":"","meta":{"_acf_changed":false,"inline_featured_image":false,"footnotes":""},"school_category":[],"wf_page_folders":[358],"class_list":["post-23281","page","type-page","status-publish","hentry"],"acf":[],"yoast_head":"<!-- This site is optimized with the Yoast SEO Premium plugin v23.4 (Yoast SEO v23.6) - https:\/\/yoast.com\/wordpress\/plugins\/seo\/ -->\n<title>Studeren aan een middelbare school in Duitsland - internationale studenten<\/title>\n<meta name=\"description\" content=\"Word een internationale student in Duitsland. Ontdek de Duitse cultuur en leer vloeiend Duits spreken!\" \/>\n<meta name=\"robots\" content=\"index, follow, max-snippet:-1, max-image-preview:large, max-video-preview:-1\" \/>\n<link rel=\"canonical\" href=\"https:\/\/www.sts-education.be\/nl\/scholen-in-het-buitenland\/duitsland\" \/>\n<meta property=\"og:locale\" content=\"nl_BE\" \/>\n<meta property=\"og:type\" content=\"article\" \/>\n<meta property=\"og:title\" content=\"Duitsland\" \/>\n<meta property=\"og:description\" content=\"Word een internationale student in Duitsland. Ontdek de Duitse cultuur en leer vloeiend Duits spreken!\" \/>\n<meta property=\"og:url\" content=\"https:\/\/www.sts-education.be\/nl\/scholen-in-het-buitenland\/duitsland\" \/>\n<meta property=\"og:site_name\" content=\"sts-education.be\" \/>\n<meta property=\"article:modified_time\" content=\"2025-09-02T10:21:27+00:00\" \/>\n<meta property=\"og:image\" content=\"https:\/\/powered-by.qbank.se\/educatius\/media\/b6d647bef97806f924072628784229c2.jpg\" \/>\n<meta name=\"twitter:card\" content=\"summary_large_image\" \/>\n<meta name=\"twitter:label1\" content=\"Est. reading time\" \/>\n\t<meta name=\"twitter:data1\" content=\"4 minutes\" \/>\n<script type=\"application\/ld+json\" class=\"yoast-schema-graph\">{\"@context\":\"https:\/\/schema.org\",\"@graph\":[{\"@type\":\"WebPage\",\"@id\":\"https:\/\/www.sts-education.be\/nl\/scholen-in-het-buitenland\/duitsland\",\"url\":\"https:\/\/www.sts-education.be\/nl\/scholen-in-het-buitenland\/duitsland\",\"name\":\"Studeren aan een middelbare school in Duitsland - internationale studenten\",\"isPartOf\":{\"@id\":\"https:\/\/www.sts-education.be\/nl#website\"},\"primaryImageOfPage\":{\"@id\":\"https:\/\/www.sts-education.be\/nl\/scholen-in-het-buitenland\/duitsland#primaryimage\"},\"image\":{\"@id\":\"https:\/\/www.sts-education.be\/nl\/scholen-in-het-buitenland\/duitsland#primaryimage\"},\"thumbnailUrl\":\"https:\/\/powered-by.qbank.se\/educatius\/media\/b6d647bef97806f924072628784229c2.jpg\",\"datePublished\":\"2024-08-09T10:00:02+00:00\",\"dateModified\":\"2025-09-02T10:21:27+00:00\",\"description\":\"Word een internationale student in Duitsland. Ontdek de Duitse cultuur en leer vloeiend Duits spreken!\",\"breadcrumb\":{\"@id\":\"https:\/\/www.sts-education.be\/nl\/scholen-in-het-buitenland\/duitsland#breadcrumb\"},\"inLanguage\":\"nl-BE\",\"potentialAction\":[{\"@type\":\"ReadAction\",\"target\":[\"https:\/\/www.sts-education.be\/nl\/scholen-in-het-buitenland\/duitsland\"]}]},{\"@type\":\"ImageObject\",\"inLanguage\":\"nl-BE\",\"@id\":\"https:\/\/www.sts-education.be\/nl\/scholen-in-het-buitenland\/duitsland#primaryimage\",\"url\":\"https:\/\/powered-by.qbank.se\/educatius\/media\/b6d647bef97806f924072628784229c2.jpg\",\"contentUrl\":\"https:\/\/powered-by.qbank.se\/educatius\/media\/b6d647bef97806f924072628784229c2.jpg\"},{\"@type\":\"BreadcrumbList\",\"@id\":\"https:\/\/www.sts-education.be\/nl\/scholen-in-het-buitenland\/duitsland#breadcrumb\",\"itemListElement\":[{\"@type\":\"ListItem\",\"position\":1,\"name\":\"Accueil\",\"item\":\"https:\/\/www.sts-education.be\/nl\"},{\"@type\":\"ListItem\",\"position\":2,\"name\":\"School in het buitenland\",\"item\":\"https:\/\/www.sts-education.be\/nl\/scholen-in-het-buitenland\"},{\"@type\":\"ListItem\",\"position\":3,\"name\":\"Duitsland\"}]},{\"@type\":\"WebSite\",\"@id\":\"https:\/\/www.sts-education.be\/nl#website\",\"url\":\"https:\/\/www.sts-education.be\/nl\",\"name\":\"sts-education.be\",\"description\":\"Unlock the world!\",\"publisher\":{\"@id\":\"https:\/\/www.sts-education.be\/nl#organization\"},\"potentialAction\":[{\"@type\":\"SearchAction\",\"target\":{\"@type\":\"EntryPoint\",\"urlTemplate\":\"https:\/\/www.sts-education.be\/nl?s={search_term_string}\"},\"query-input\":{\"@type\":\"PropertyValueSpecification\",\"valueRequired\":true,\"valueName\":\"search_term_string\"}}],\"inLanguage\":\"nl-BE\"},{\"@type\":\"Organization\",\"@id\":\"https:\/\/www.sts-education.be\/nl#organization\",\"name\":\"sts-education.be\",\"url\":\"https:\/\/www.sts-education.be\/nl\",\"logo\":{\"@type\":\"ImageObject\",\"inLanguage\":\"nl-BE\",\"@id\":\"https:\/\/www.sts-education.be\/nl#\/schema\/logo\/image\/\",\"url\":\"https:\/\/www.sts-education.be\/wp-content\/uploads\/sites\/2\/2025\/09\/cropped-STS-round-yellow-bkgr.png\",\"contentUrl\":\"https:\/\/www.sts-education.be\/wp-content\/uploads\/sites\/2\/2025\/09\/cropped-STS-round-yellow-bkgr.png\",\"width\":500,\"height\":460,\"caption\":\"sts-education.be\"},\"image\":{\"@id\":\"https:\/\/www.sts-education.be\/nl#\/schema\/logo\/image\/\"}}]}<\/script>\n<!-- \/ Yoast SEO Premium plugin. -->","yoast_head_json":{"title":"Studeren aan een middelbare school in Duitsland - internationale studenten","description":"Word een internationale student in Duitsland. Ontdek de Duitse cultuur en leer vloeiend Duits spreken!","robots":{"index":"index","follow":"follow","max-snippet":"max-snippet:-1","max-image-preview":"max-image-preview:large","max-video-preview":"max-video-preview:-1"},"canonical":"https:\/\/www.sts-education.be\/nl\/scholen-in-het-buitenland\/duitsland","og_locale":"nl_BE","og_type":"article","og_title":"Duitsland","og_description":"Word een internationale student in Duitsland. Ontdek de Duitse cultuur en leer vloeiend Duits spreken!","og_url":"https:\/\/www.sts-education.be\/nl\/scholen-in-het-buitenland\/duitsland","og_site_name":"sts-education.be","article_modified_time":"2025-09-02T10:21:27+00:00","og_image":[{"url":"https:\/\/powered-by.qbank.se\/educatius\/media\/b6d647bef97806f924072628784229c2.jpg"}],"twitter_card":"summary_large_image","twitter_misc":{"Est. reading time":"4 minutes"},"schema":{"@context":"https:\/\/schema.org","@graph":[{"@type":"WebPage","@id":"https:\/\/www.sts-education.be\/nl\/scholen-in-het-buitenland\/duitsland","url":"https:\/\/www.sts-education.be\/nl\/scholen-in-het-buitenland\/duitsland","name":"Studeren aan een middelbare school in Duitsland - internationale studenten","isPartOf":{"@id":"https:\/\/www.sts-education.be\/nl#website"},"primaryImageOfPage":{"@id":"https:\/\/www.sts-education.be\/nl\/scholen-in-het-buitenland\/duitsland#primaryimage"},"image":{"@id":"https:\/\/www.sts-education.be\/nl\/scholen-in-het-buitenland\/duitsland#primaryimage"},"thumbnailUrl":"https:\/\/powered-by.qbank.se\/educatius\/media\/b6d647bef97806f924072628784229c2.jpg","datePublished":"2024-08-09T10:00:02+00:00","dateModified":"2025-09-02T10:21:27+00:00","description":"Word een internationale student in Duitsland. Ontdek de Duitse cultuur en leer vloeiend Duits spreken!","breadcrumb":{"@id":"https:\/\/www.sts-education.be\/nl\/scholen-in-het-buitenland\/duitsland#breadcrumb"},"inLanguage":"nl-BE","potentialAction":[{"@type":"ReadAction","target":["https:\/\/www.sts-education.be\/nl\/scholen-in-het-buitenland\/duitsland"]}]},{"@type":"ImageObject","inLanguage":"nl-BE","@id":"https:\/\/www.sts-education.be\/nl\/scholen-in-het-buitenland\/duitsland#primaryimage","url":"https:\/\/powered-by.qbank.se\/educatius\/media\/b6d647bef97806f924072628784229c2.jpg","contentUrl":"https:\/\/powered-by.qbank.se\/educatius\/media\/b6d647bef97806f924072628784229c2.jpg"},{"@type":"BreadcrumbList","@id":"https:\/\/www.sts-education.be\/nl\/scholen-in-het-buitenland\/duitsland#breadcrumb","itemListElement":[{"@type":"ListItem","position":1,"name":"Accueil","item":"https:\/\/www.sts-education.be\/nl"},{"@type":"ListItem","position":2,"name":"School in het buitenland","item":"https:\/\/www.sts-education.be\/nl\/scholen-in-het-buitenland"},{"@type":"ListItem","position":3,"name":"Duitsland"}]},{"@type":"WebSite","@id":"https:\/\/www.sts-education.be\/nl#website","url":"https:\/\/www.sts-education.be\/nl","name":"sts-education.be","description":"Unlock the world!","publisher":{"@id":"https:\/\/www.sts-education.be\/nl#organization"},"potentialAction":[{"@type":"SearchAction","target":{"@type":"EntryPoint","urlTemplate":"https:\/\/www.sts-education.be\/nl?s={search_term_string}"},"query-input":{"@type":"PropertyValueSpecification","valueRequired":true,"valueName":"search_term_string"}}],"inLanguage":"nl-BE"},{"@type":"Organization","@id":"https:\/\/www.sts-education.be\/nl#organization","name":"sts-education.be","url":"https:\/\/www.sts-education.be\/nl","logo":{"@type":"ImageObject","inLanguage":"nl-BE","@id":"https:\/\/www.sts-education.be\/nl#\/schema\/logo\/image\/","url":"https:\/\/www.sts-education.be\/wp-content\/uploads\/sites\/2\/2025\/09\/cropped-STS-round-yellow-bkgr.png","contentUrl":"https:\/\/www.sts-education.be\/wp-content\/uploads\/sites\/2\/2025\/09\/cropped-STS-round-yellow-bkgr.png","width":500,"height":460,"caption":"sts-education.be"},"image":{"@id":"https:\/\/www.sts-education.be\/nl#\/schema\/logo\/image\/"}}]}},"_links":{"self":[{"href":"https:\/\/www.sts-education.be\/nl\/wp-json\/wp\/v2\/pages\/23281"}],"collection":[{"href":"https:\/\/www.sts-education.be\/nl\/wp-json\/wp\/v2\/pages"}],"about":[{"href":"https:\/\/www.sts-education.be\/nl\/wp-json\/wp\/v2\/types\/page"}],"author":[{"embeddable":true,"href":"https:\/\/www.sts-education.be\/nl\/wp-json\/wp\/v2\/users\/6"}],"replies":[{"embeddable":true,"href":"https:\/\/www.sts-education.be\/nl\/wp-json\/wp\/v2\/comments?post=23281"}],"version-history":[{"count":4,"href":"https:\/\/www.sts-education.be\/nl\/wp-json\/wp\/v2\/pages\/23281\/revisions"}],"predecessor-version":[{"id":24244,"href":"https:\/\/www.sts-education.be\/nl\/wp-json\/wp\/v2\/pages\/23281\/revisions\/24244"}],"up":[{"embeddable":true,"href":"https:\/\/www.sts-education.be\/nl\/wp-json\/wp\/v2\/pages\/23279"}],"wp:attachment":[{"href":"https:\/\/www.sts-education.be\/nl\/wp-json\/wp\/v2\/media?parent=23281"}],"wp:term":[{"taxonomy":"school_category","embeddable":true,"href":"https:\/\/www.sts-education.be\/nl\/wp-json\/wp\/v2\/school_category?post=23281"},{"taxonomy":"wf_page_folders","embeddable":true,"href":"https:\/\/www.sts-education.be\/nl\/wp-json\/wp\/v2\/wf_page_folders?post=23281"}],"curies":[{"name":"wp","href":"https:\/\/api.w.org\/{rel}","templated":true}]}}