{"id":23275,"date":"2024-08-28T08:00:15","date_gmt":"2024-08-28T08:00:15","guid":{"rendered":"https:\/\/www.educatius.be\/hybride-dubbele-graad"},"modified":"2025-09-02T10:33:13","modified_gmt":"2025-09-02T10:33:13","slug":"hybride-dubbele-graad","status":"publish","type":"page","link":"https:\/\/www.sts-education.be\/nl\/online-school\/diplomaprogrammas\/hybride-dubbele-graad","title":{"rendered":"Hybride dubbele graad"},"content":{"rendered":"\n<section class=\"inner-banner-section\"><div class=\"inner-banner-wrap\"><img decoding=\"async\" src=\"https:\/\/powered-by.qbank.se\/educatius\/media\/6e1482a246ecec252a16e102def51ca7.jpg\"\/><\/div><\/section><section class=\"banner-blue-box\" style=\"background:#fff04f\"><h1 style=\"color:#000000\">Hybride dubbele graad<\/h1><p style=\"color:#000000\">Voor studenten die een studieprogramma op de middelbare school in het buitenland willen combineren met online cursussen om een diploma te halen!<\/p><\/section>\n\n\n<div class=\"container\"><span><span><a href=\"https:\/\/www.sts-education.be\/nl\">Accueil<\/a><\/span><\/span><\/div>\n\n\n\n<div class=\"wp-block-group is-layout-constrained wp-block-group-is-layout-constrained\">\n<div class=\"wp-block-columns container is-layout-flex wp-container-core-columns-is-layout-1 wp-block-columns-is-layout-flex\">\n<div class=\"wp-block-column is-layout-flow wp-block-column-is-layout-flow\">\n<div class=\"wp-block-educatius-title-paragraph-darkbutton container\"><div class=\"text-block-wrap py-4 py-md-0\"><h3 class=\"text-block-title text-primary\">Hybride dubbele graad<\/h3><p class=\"text-primary\">Met dit programma kunnen studenten studiepunten die ze in het buitenland hebben behaald, combineren met studiepunten die ze online en thuis hebben behaald om twee middelbare schooldiploma&#8217;s te behalen.<br><br><br>S<strong>tuderen in de VS + Online cursussen + Thuisstudie<\/strong> Studenten hebben in totaal zes Amerikaanse studiepunten\/cursussen nodig om af te studeren. Je krijgt een dubbel diploma als je je middelbare schoolopleiding in je eigen land afrondt en zes studiepunten haalt op een Amerikaanse middelbare school. Elke cursus die je in de Verenigde Staten of online volgt, is 1 studiepunt waard. Tijdens je verblijf in de Verenigde Staten kun je tot 2 studiepunten verdienen voor vakken die je op je Amerikaanse middelbare school hebt gevolgd. Je hoeft alleen maar vier of vijf online cursussen te volgen naast je reguliere studie om een diploma te halen van een prestigieuze Amerikaanse middelbare school en je plaatselijke middelbare school.    <br><br><br>S<strong>tuderen wanneer je wilt<\/strong>Je kunt de vier studiepunten die je nodig hebt online behalen voor je uitwisseling, na je terugkeer of allebei. Je kunt zelfs live cursussen volgen in de zomer! De cursussen die het hele jaar door worden gegeven zijn asynchroon, wat betekent dat je op je eigen tempo kunt beginnen en studeren. Natuurlijk heb je nog steeds contact met je docenten en medestudenten, met tweemaal per maand live sessies voor de kerncursussen.   <br><br><br>V<strong>olg vakken die je interesseren<\/strong> Je volgt verschillende vakken als onderdeel van het hybride double degree-programma, waaronder twee verplichte vakken: Amerikaanse geschiedenis en Engels. Voor je online cursussen heb je de keuze uit fascinerende onderwerpen die misschien niet beschikbaar zijn op je plaatselijke middelbare school. Leren over onderwerpen die je interesseren zal leuk zijn en kan invloed hebben op wat je kiest om te studeren na de middelbare school.  <\/p><a href=\"\/ecole-en-ligne\/nous-contacter-programme-en-ligne\" class=\"btn btn-primary\">Engage la conversation<\/a><\/div><\/div>\n<\/div>\n\n\n\n<div class=\"wp-block-column is-layout-flow wp-block-column-is-layout-flow\">\n<div class=\"wp-block-educatius-bordered-text container\"><div class=\"quick-fact-section\"><h6 class=\"text-block-title text-primary\"><strong>Korte feiten:<\/strong><\/h6><ul class=\"list-group text-primary\"><li class=\"list-item\">Combineert cursussen in de Verenigde Staten, online en thuis<br><\/li><br><li class=\"list-item\">Studeer voor je uitwisseling, erna of allebei<br><\/li><br><li class=\"list-item\">Volg online cursussen tijdens het schooljaar of tijdens de zomer<br><\/li><br><li class=\"list-item\">Begin op elk moment en studeer in je eigen tempo<\/li><\/ul><\/div><\/div>\n<\/div>\n<\/div>\n<\/div>\n\n\n\n<h3 class=\"wp-block-heading has-text-align-center has-primary-blue-color has-text-color\" id=\"h-laten-we-het-spel-voor-zijn\">Laten we het spel voor zijn!<\/h3>\n\n\n\n<div class=\"wp-block-columns container is-layout-flex wp-container-core-columns-is-layout-2 wp-block-columns-is-layout-flex\">\n<div class=\"wp-block-column is-layout-flow wp-block-column-is-layout-flow\" style=\"flex-basis:20%\"><\/div>\n\n\n\n<div class=\"wp-block-column is-layout-flow wp-block-column-is-layout-flow\" style=\"flex-basis:60%\">\n<figure class=\"wp-block-embed is-type-video is-provider-vimeo wp-block-embed-vimeo wp-embed-aspect-16-9 wp-has-aspect-ratio\"><div class=\"wp-block-embed__wrapper\">\n<iframe loading=\"lazy\" title=\"Say yes to a Dual Diploma!\" src=\"https:\/\/player.vimeo.com\/video\/903635886?dnt=1&amp;app_id=122963\" width=\"640\" height=\"360\" frameborder=\"0\" allow=\"autoplay; fullscreen; picture-in-picture; clipboard-write\"><\/iframe>\n<\/div><\/figure>\n<\/div>\n\n\n\n<div class=\"wp-block-column is-layout-flow wp-block-column-is-layout-flow\" style=\"flex-basis:20%\"><\/div>\n<\/div>\n\n\n\n<div class=\"wp-block-educatius-underscore-heading container\"><h2 class=\"section-title text-center mx-auto mt-3 mb-5\">Onze partners voor de Hybrid Double Degree<\/h2><\/div>\n\n\n\n<div class=\"wp-block-group container is-layout-constrained wp-block-group-is-layout-constrained\">\n<div class=\"wp-block-columns is-layout-flex wp-container-core-columns-is-layout-3 wp-block-columns-is-layout-flex\">\n<div class=\"wp-block-column is-layout-flow wp-block-column-is-layout-flow\">\n<figure class=\"wp-block-image size-full\"><img decoding=\"async\" src=\"https:\/\/powered-by.qbank.se\/educatius\/media\/c4a72e48ae4135f39be7872665a45cfb.jpg\" alt=\"\" class=\"wp-image-8784\"\/><\/figure>\n<\/div>\n\n\n\n<div class=\"wp-block-column is-layout-flow wp-block-column-is-layout-flow\">\n<h3 class=\"wp-block-heading has-primary-blue-color has-text-color\" id=\"h-welkom-bij-de-washington-academy\">Welkom bij de Washington Academy<\/h3>\n\n\n\n<p>Onze partner, Washington Academy, biedt cursussen aan als onderdeel van het hybride double degree-programma. De in 1792 opgerichte Washington Academy is een van de oudste onderwijsinstellingen in de Verenigde Staten. Het is volledig geaccrediteerd door de New England Association of Schools and Colleges en is een populaire bestemming voor studenten van over de hele wereld. Elk jaar verwelkomt de Washington Academy 500 studenten op de campus in Maine en nog veel meer internationale studenten zoals jij in de virtuele klaslokalen. Bovendien wordt 92% van elke eindexamenklas toegelaten tot een selectieve <em>hogeschool<\/em> of universiteit.    <\/p>\n<\/div>\n<\/div>\n<\/div>\n\n\n\n<div class=\"wp-block-group container is-layout-constrained wp-block-group-is-layout-constrained\">\n<div class=\"wp-block-group container is-layout-constrained wp-block-group-is-layout-constrained\">\n<div class=\"wp-block-columns is-layout-flex wp-container-core-columns-is-layout-4 wp-block-columns-is-layout-flex\">\n<div class=\"wp-block-column is-layout-flow wp-block-column-is-layout-flow\" style=\"flex-basis:50%\">\n<h3 class=\"wp-block-heading has-primary-blue-color has-text-color\" id=\"h-welkom-bij-wayland-academy\">Welkom bij Wayland Academy<\/h3>\n\n\n\n<p class=\"has-dark-gray-color has-text-color\">Wayland Academy is een andere partner die cursussen aanbiedt als onderdeel van het hybride programma. Wayland Academy is opgericht in 1855 en staat in de top 5 van kostscholen, top middelbare scholen ter voorbereiding op de universiteit en top openbare scholen in de staat Wisconsin door Niche.com. Wayland Academy is een onafhankelijke, co-educatieve hogeschool voor interne en externe studenten. Het academische programma is geaccrediteerd door ISACS en biedt een selectie van geavanceerde cursussen.   <\/p>\n<\/div>\n\n\n\n<div class=\"wp-block-column is-layout-flow wp-block-column-is-layout-flow\" style=\"flex-basis:50%\">\n<figure class=\"wp-block-image size-full\"><img decoding=\"async\" src=\"https:\/\/powered-by.qbank.se\/educatius\/media\/9cff3bcaae0aa2d6e4d5f44da452a66c.webp\" alt=\"\" class=\"wp-image-8785\"\/><\/figure>\n<\/div>\n<\/div>\n<\/div>\n<\/div>\n\n\n\n<section class=\"wp-block-educatius-left-image-and-text highlight-section py-1 py-sm-5 py-md-5 py-5\"><div class=\"container my-3\"><div class=\"row\"><div class=\"col-md-6\"><img decoding=\"async\" src=\"https:\/\/powered-by.qbank.se\/educatius\/media\/7a45114aa2fd2789a144aac7d8ee89dd.jpg\" class=\"w-100\"\/><\/div><div class=\"col-md-6\"><div class=\"text-block-wrap py-md-0 px-md-5\"><span class=\"text-block-title\"><\/span><h3 class=\"text-block-title\">Studeren als uitwisselingsstudent in Amerika<\/h3><p>De Hybrid Double Degree is een eenvoudige manier om waarde toe te voegen aan de unieke levenservaring van een studentenuitwisseling in het buitenland. Als uitwisselingsstudent in Amerika word je ondergedompeld in een verrijkende academische omgeving en geniet je van de buitenschoolse activiteiten waar Amerikaanse scholen bekend om staan. Wonen bij een gastgezin helpt je om je nieuwe thuis te begrijpen en je er deel van te voelen. En natuurlijk zul je uitstekend Engels leren! Als je op uitwisseling wilt of meer informatie wilt, neem dan contact met ons op. We sturen meer dan 7.000 studenten op uitwisselingsprogramma en we kunnen je helpen om de ervaring te krijgen die je zoekt.     <\/p><a href=\"\/ecoles-a-letranger\" class=\"btn btn-outline-primary btn-lg\">D\u00e9couvre les opportunit\u00e9s d&#8217;\u00e9change<\/a><\/div><\/div><\/div><\/div><\/section>\n\n\n\n<div class=\"wp-block-educatius-underscore-heading container\"><h2 class=\"section-title text-center mx-auto mt-3 mb-5\">Het proces<\/h2><\/div>\n\n\n\n<section class=\"wp-block-educatius-progress-bar process-section\"><div class=\"container\"><div class=\"process-wrapper\"><div class=\"process-list\"><div class=\"section d-flex\"><div class=\"point\"><span>1.  <\/span><p><strong>Kies je programma<br><\/strong>Zoek het programma dat past bij jouw (academische) doelen te bereiken en meld je aan.<strong><br><\/strong><\/p><\/div><div class=\"point\"><span>2.<\/span><p><strong>Stuur ons je rapporten<\/strong><br>Stuur ons de documenten voor je inschrijving en je cijferlijsten van je huidige school.<strong><br><\/strong><\/p><\/div><\/div><div class=\"section d-flex\"><div class=\"point\"><span>3.<\/span><p><strong>Profiteer van je studie<\/strong><br>Zodra je bent toegelaten, krijg je toegang tot ons gepersonaliseerde leerplatform.<\/p><\/div><div class=\"point\"><span>4.<\/span><p><strong>Behaal je diploma <\/strong><br>Rond je opleiding af en begin met het plannen van de volgende stappen in je academische toekomst.<\/p><\/div><\/div><\/div><ul class=\"process-line\"><li><li><li><li><\/ul><\/div><\/div><\/section>\n\n\n\n<section class=\"wp-block-educatius-left-image-and-text highlight-section py-1 py-sm-5 py-md-5 py-5\" style=\"background:#ffffff\"><div class=\"container my-3\"><div class=\"row\"><div class=\"col-md-6\"><img decoding=\"async\" src=\"https:\/\/powered-by.qbank.se\/educatius\/media\/fbb3f228ce936db079918525b07ff87c.jpg\" class=\"w-100\"><\/div><div class=\"col-md-6\"><div class=\"text-block-wrap py-md-0 px-md-5\"><span class=\"text-block-title text-primary\"><\/span><h3 class=\"text-block-title text-primary\">Boek een gratis adviesgesprek<\/h3><p>Maak een afspraak voor een persoonlijk gesprek met ons en vertel ons over je academische doelstellingen. Samen zullen we de beste manier vinden om je naar de plek van je dromen te brengen. <br><a href=\"http:\/\/educatiusacademy.org\/webinars\/\"><\/a><\/p><a href=\"https:\/\/www.sts-education.be\/nl\/online-school\/contact-opnemen-online-programmas\" class=\"btn btn-outline-primary btn-lg\">Start het gesprek<\/a><\/div><\/div><\/div><\/div><\/section>\n","protected":false},"excerpt":{"rendered":"<p>Laten we het spel voor zijn! Welkom bij de Washington Academy Onze partner, Washington Academy, biedt cursussen aan als onderdeel van het hybride double degree-programma. De in 1792 opgerichte Washington Academy is een van de oudste onderwijsinstellingen in de Verenigde Staten. Het is volledig geaccrediteerd door de New England Association of Schools and Colleges en [&hellip;]<\/p>\n","protected":false},"author":6,"featured_media":0,"parent":23435,"menu_order":0,"comment_status":"closed","ping_status":"closed","template":"","meta":{"_acf_changed":false,"inline_featured_image":false,"footnotes":""},"school_category":[],"wf_page_folders":[145],"class_list":["post-23275","page","type-page","status-publish","hentry"],"acf":[],"yoast_head":"<!-- This site is optimized with the Yoast SEO Premium plugin v23.4 (Yoast SEO v23.6) - https:\/\/yoast.com\/wordpress\/plugins\/seo\/ -->\n<title>Studeren in de Verenigde Staten en een online diploma behalen<\/title>\n<meta name=\"description\" content=\"Dit programma stelt studenten in staat om studiepunten die ze in het buitenland hebben behaald te combineren met studiepunten die ze ter plaatse hebben behaald om zo een dubbele graad te behalen!\" \/>\n<meta name=\"robots\" content=\"index, follow, max-snippet:-1, max-image-preview:large, max-video-preview:-1\" \/>\n<link rel=\"canonical\" href=\"https:\/\/www.sts-education.be\/nl\/online-school\/diplomaprogrammas\/hybride-dubbele-graad\" \/>\n<meta property=\"og:locale\" content=\"nl_BE\" \/>\n<meta property=\"og:type\" content=\"article\" \/>\n<meta property=\"og:title\" content=\"Hybride dubbele graad\" \/>\n<meta property=\"og:description\" content=\"Dit programma stelt studenten in staat om studiepunten die ze in het buitenland hebben behaald te combineren met studiepunten die ze ter plaatse hebben behaald om zo een dubbele graad te behalen!\" \/>\n<meta property=\"og:url\" content=\"https:\/\/www.sts-education.be\/nl\/online-school\/diplomaprogrammas\/hybride-dubbele-graad\" \/>\n<meta property=\"og:site_name\" content=\"sts-education.be\" \/>\n<meta property=\"article:modified_time\" content=\"2025-09-02T10:33:13+00:00\" \/>\n<meta property=\"og:image\" content=\"https:\/\/powered-by.qbank.se\/educatius\/media\/6e1482a246ecec252a16e102def51ca7.jpg\" \/>\n<meta name=\"twitter:card\" content=\"summary_large_image\" \/>\n<meta name=\"twitter:label1\" content=\"Est. reading time\" \/>\n\t<meta name=\"twitter:data1\" content=\"5 minutes\" \/>\n<script type=\"application\/ld+json\" class=\"yoast-schema-graph\">{\"@context\":\"https:\/\/schema.org\",\"@graph\":[{\"@type\":\"WebPage\",\"@id\":\"https:\/\/www.sts-education.be\/nl\/online-school\/diplomaprogrammas\/hybride-dubbele-graad\",\"url\":\"https:\/\/www.sts-education.be\/nl\/online-school\/diplomaprogrammas\/hybride-dubbele-graad\",\"name\":\"Studeren in de Verenigde Staten en een online diploma behalen\",\"isPartOf\":{\"@id\":\"https:\/\/www.sts-education.be\/nl#website\"},\"primaryImageOfPage\":{\"@id\":\"https:\/\/www.sts-education.be\/nl\/online-school\/diplomaprogrammas\/hybride-dubbele-graad#primaryimage\"},\"image\":{\"@id\":\"https:\/\/www.sts-education.be\/nl\/online-school\/diplomaprogrammas\/hybride-dubbele-graad#primaryimage\"},\"thumbnailUrl\":\"https:\/\/powered-by.qbank.se\/educatius\/media\/6e1482a246ecec252a16e102def51ca7.jpg\",\"datePublished\":\"2024-08-28T08:00:15+00:00\",\"dateModified\":\"2025-09-02T10:33:13+00:00\",\"description\":\"Dit programma stelt studenten in staat om studiepunten die ze in het buitenland hebben behaald te combineren met studiepunten die ze ter plaatse hebben behaald om zo een dubbele graad te behalen!\",\"breadcrumb\":{\"@id\":\"https:\/\/www.sts-education.be\/nl\/online-school\/diplomaprogrammas\/hybride-dubbele-graad#breadcrumb\"},\"inLanguage\":\"nl-BE\",\"potentialAction\":[{\"@type\":\"ReadAction\",\"target\":[\"https:\/\/www.sts-education.be\/nl\/online-school\/diplomaprogrammas\/hybride-dubbele-graad\"]}]},{\"@type\":\"ImageObject\",\"inLanguage\":\"nl-BE\",\"@id\":\"https:\/\/www.sts-education.be\/nl\/online-school\/diplomaprogrammas\/hybride-dubbele-graad#primaryimage\",\"url\":\"https:\/\/powered-by.qbank.se\/educatius\/media\/6e1482a246ecec252a16e102def51ca7.jpg\",\"contentUrl\":\"https:\/\/powered-by.qbank.se\/educatius\/media\/6e1482a246ecec252a16e102def51ca7.jpg\"},{\"@type\":\"BreadcrumbList\",\"@id\":\"https:\/\/www.sts-education.be\/nl\/online-school\/diplomaprogrammas\/hybride-dubbele-graad#breadcrumb\",\"itemListElement\":[{\"@type\":\"ListItem\",\"position\":1,\"name\":\"Accueil\",\"item\":\"https:\/\/www.sts-education.be\/nl\"},{\"@type\":\"ListItem\",\"position\":2,\"name\":\"Online school\",\"item\":\"https:\/\/www.sts-education.be\/nl\/online-school\"},{\"@type\":\"ListItem\",\"position\":3,\"name\":\"Diplomaprogramma's\",\"item\":\"https:\/\/www.sts-education.be\/nl\/online-school\/diplomaprogrammas\"},{\"@type\":\"ListItem\",\"position\":4,\"name\":\"Hybride dubbele graad\"}]},{\"@type\":\"WebSite\",\"@id\":\"https:\/\/www.sts-education.be\/nl#website\",\"url\":\"https:\/\/www.sts-education.be\/nl\",\"name\":\"sts-education.be\",\"description\":\"Unlock the world!\",\"publisher\":{\"@id\":\"https:\/\/www.sts-education.be\/nl#organization\"},\"potentialAction\":[{\"@type\":\"SearchAction\",\"target\":{\"@type\":\"EntryPoint\",\"urlTemplate\":\"https:\/\/www.sts-education.be\/nl?s={search_term_string}\"},\"query-input\":{\"@type\":\"PropertyValueSpecification\",\"valueRequired\":true,\"valueName\":\"search_term_string\"}}],\"inLanguage\":\"nl-BE\"},{\"@type\":\"Organization\",\"@id\":\"https:\/\/www.sts-education.be\/nl#organization\",\"name\":\"sts-education.be\",\"url\":\"https:\/\/www.sts-education.be\/nl\",\"logo\":{\"@type\":\"ImageObject\",\"inLanguage\":\"nl-BE\",\"@id\":\"https:\/\/www.sts-education.be\/nl#\/schema\/logo\/image\/\",\"url\":\"https:\/\/www.sts-education.be\/wp-content\/uploads\/sites\/2\/2025\/09\/cropped-STS-round-yellow-bkgr.png\",\"contentUrl\":\"https:\/\/www.sts-education.be\/wp-content\/uploads\/sites\/2\/2025\/09\/cropped-STS-round-yellow-bkgr.png\",\"width\":500,\"height\":460,\"caption\":\"sts-education.be\"},\"image\":{\"@id\":\"https:\/\/www.sts-education.be\/nl#\/schema\/logo\/image\/\"}}]}<\/script>\n<!-- \/ Yoast SEO Premium plugin. -->","yoast_head_json":{"title":"Studeren in de Verenigde Staten en een online diploma behalen","description":"Dit programma stelt studenten in staat om studiepunten die ze in het buitenland hebben behaald te combineren met studiepunten die ze ter plaatse hebben behaald om zo een dubbele graad te behalen!","robots":{"index":"index","follow":"follow","max-snippet":"max-snippet:-1","max-image-preview":"max-image-preview:large","max-video-preview":"max-video-preview:-1"},"canonical":"https:\/\/www.sts-education.be\/nl\/online-school\/diplomaprogrammas\/hybride-dubbele-graad","og_locale":"nl_BE","og_type":"article","og_title":"Hybride dubbele graad","og_description":"Dit programma stelt studenten in staat om studiepunten die ze in het buitenland hebben behaald te combineren met studiepunten die ze ter plaatse hebben behaald om zo een dubbele graad te behalen!","og_url":"https:\/\/www.sts-education.be\/nl\/online-school\/diplomaprogrammas\/hybride-dubbele-graad","og_site_name":"sts-education.be","article_modified_time":"2025-09-02T10:33:13+00:00","og_image":[{"url":"https:\/\/powered-by.qbank.se\/educatius\/media\/6e1482a246ecec252a16e102def51ca7.jpg"}],"twitter_card":"summary_large_image","twitter_misc":{"Est. reading time":"5 minutes"},"schema":{"@context":"https:\/\/schema.org","@graph":[{"@type":"WebPage","@id":"https:\/\/www.sts-education.be\/nl\/online-school\/diplomaprogrammas\/hybride-dubbele-graad","url":"https:\/\/www.sts-education.be\/nl\/online-school\/diplomaprogrammas\/hybride-dubbele-graad","name":"Studeren in de Verenigde Staten en een online diploma behalen","isPartOf":{"@id":"https:\/\/www.sts-education.be\/nl#website"},"primaryImageOfPage":{"@id":"https:\/\/www.sts-education.be\/nl\/online-school\/diplomaprogrammas\/hybride-dubbele-graad#primaryimage"},"image":{"@id":"https:\/\/www.sts-education.be\/nl\/online-school\/diplomaprogrammas\/hybride-dubbele-graad#primaryimage"},"thumbnailUrl":"https:\/\/powered-by.qbank.se\/educatius\/media\/6e1482a246ecec252a16e102def51ca7.jpg","datePublished":"2024-08-28T08:00:15+00:00","dateModified":"2025-09-02T10:33:13+00:00","description":"Dit programma stelt studenten in staat om studiepunten die ze in het buitenland hebben behaald te combineren met studiepunten die ze ter plaatse hebben behaald om zo een dubbele graad te behalen!","breadcrumb":{"@id":"https:\/\/www.sts-education.be\/nl\/online-school\/diplomaprogrammas\/hybride-dubbele-graad#breadcrumb"},"inLanguage":"nl-BE","potentialAction":[{"@type":"ReadAction","target":["https:\/\/www.sts-education.be\/nl\/online-school\/diplomaprogrammas\/hybride-dubbele-graad"]}]},{"@type":"ImageObject","inLanguage":"nl-BE","@id":"https:\/\/www.sts-education.be\/nl\/online-school\/diplomaprogrammas\/hybride-dubbele-graad#primaryimage","url":"https:\/\/powered-by.qbank.se\/educatius\/media\/6e1482a246ecec252a16e102def51ca7.jpg","contentUrl":"https:\/\/powered-by.qbank.se\/educatius\/media\/6e1482a246ecec252a16e102def51ca7.jpg"},{"@type":"BreadcrumbList","@id":"https:\/\/www.sts-education.be\/nl\/online-school\/diplomaprogrammas\/hybride-dubbele-graad#breadcrumb","itemListElement":[{"@type":"ListItem","position":1,"name":"Accueil","item":"https:\/\/www.sts-education.be\/nl"},{"@type":"ListItem","position":2,"name":"Online school","item":"https:\/\/www.sts-education.be\/nl\/online-school"},{"@type":"ListItem","position":3,"name":"Diplomaprogramma's","item":"https:\/\/www.sts-education.be\/nl\/online-school\/diplomaprogrammas"},{"@type":"ListItem","position":4,"name":"Hybride dubbele graad"}]},{"@type":"WebSite","@id":"https:\/\/www.sts-education.be\/nl#website","url":"https:\/\/www.sts-education.be\/nl","name":"sts-education.be","description":"Unlock the world!","publisher":{"@id":"https:\/\/www.sts-education.be\/nl#organization"},"potentialAction":[{"@type":"SearchAction","target":{"@type":"EntryPoint","urlTemplate":"https:\/\/www.sts-education.be\/nl?s={search_term_string}"},"query-input":{"@type":"PropertyValueSpecification","valueRequired":true,"valueName":"search_term_string"}}],"inLanguage":"nl-BE"},{"@type":"Organization","@id":"https:\/\/www.sts-education.be\/nl#organization","name":"sts-education.be","url":"https:\/\/www.sts-education.be\/nl","logo":{"@type":"ImageObject","inLanguage":"nl-BE","@id":"https:\/\/www.sts-education.be\/nl#\/schema\/logo\/image\/","url":"https:\/\/www.sts-education.be\/wp-content\/uploads\/sites\/2\/2025\/09\/cropped-STS-round-yellow-bkgr.png","contentUrl":"https:\/\/www.sts-education.be\/wp-content\/uploads\/sites\/2\/2025\/09\/cropped-STS-round-yellow-bkgr.png","width":500,"height":460,"caption":"sts-education.be"},"image":{"@id":"https:\/\/www.sts-education.be\/nl#\/schema\/logo\/image\/"}}]}},"_links":{"self":[{"href":"https:\/\/www.sts-education.be\/nl\/wp-json\/wp\/v2\/pages\/23275"}],"collection":[{"href":"https:\/\/www.sts-education.be\/nl\/wp-json\/wp\/v2\/pages"}],"about":[{"href":"https:\/\/www.sts-education.be\/nl\/wp-json\/wp\/v2\/types\/page"}],"author":[{"embeddable":true,"href":"https:\/\/www.sts-education.be\/nl\/wp-json\/wp\/v2\/users\/6"}],"replies":[{"embeddable":true,"href":"https:\/\/www.sts-education.be\/nl\/wp-json\/wp\/v2\/comments?post=23275"}],"version-history":[{"count":2,"href":"https:\/\/www.sts-education.be\/nl\/wp-json\/wp\/v2\/pages\/23275\/revisions"}],"predecessor-version":[{"id":24273,"href":"https:\/\/www.sts-education.be\/nl\/wp-json\/wp\/v2\/pages\/23275\/revisions\/24273"}],"up":[{"embeddable":true,"href":"https:\/\/www.sts-education.be\/nl\/wp-json\/wp\/v2\/pages\/23435"}],"wp:attachment":[{"href":"https:\/\/www.sts-education.be\/nl\/wp-json\/wp\/v2\/media?parent=23275"}],"wp:term":[{"taxonomy":"school_category","embeddable":true,"href":"https:\/\/www.sts-education.be\/nl\/wp-json\/wp\/v2\/school_category?post=23275"},{"taxonomy":"wf_page_folders","embeddable":true,"href":"https:\/\/www.sts-education.be\/nl\/wp-json\/wp\/v2\/wf_page_folders?post=23275"}],"curies":[{"name":"wp","href":"https:\/\/api.w.org\/{rel}","templated":true}]}}