{"id":23263,"date":"2024-09-04T07:00:24","date_gmt":"2024-09-04T07:00:24","guid":{"rendered":"https:\/\/www.educatius.be\/voor-ouders"},"modified":"2025-09-02T10:50:59","modified_gmt":"2025-09-02T10:50:59","slug":"voor-ouders","status":"publish","type":"page","link":"https:\/\/www.sts-education.be\/nl\/hoe-het-werkt\/voor-ouders","title":{"rendered":"Voor ouders"},"content":{"rendered":"\n<section class=\"inner-banner-section\"><div class=\"inner-banner-wrap\"><img decoding=\"async\" src=\"https:\/\/powered-by.qbank.se\/educatius\/media\/bf90bc151725ec2111a693c0d7eb0858.jpg\"\/><\/div><\/section><section class=\"banner-blue-box\" style=\"background:#fff04f\"><h1 style=\"color:#000000\">Voor ouders<\/h1><p style=\"color:#000000\">Wij zijn &#8216;s werelds meest ervaren en erkende experts op het gebied van uitwisselingsprogramma&#8217;s voor middelbare scholen.<\/p><\/section>\n\n\n<div class=\"container\"><span><span><a href=\"https:\/\/www.sts-education.be\/nl\">Accueil<\/a><\/span><\/span><\/div>\n\n\n\n<div class=\"wp-block-educatius-paragraph-and-text text-block-wrap\"><div class=\"container text-center\"><h2 class=\"text-block-title\">De Educatius waardepropositie<\/h2><p class=\"text-block-para para-lg\">Een internationale schooluitwisseling is een van de beste investeringen die u kunt doen in de toekomst van uw kind! Onze ervaring in het plaatsen van studenten uit 50 landen bij onze schoolpartners en gastgezinnen in 10 landen heeft ons een diep inzicht gegeven in interculturele relaties en de realiteit van het leven voor de tieners van vandaag! Al onze medewerkers hebben zelf in het buitenland gewoond, gestudeerd of hun eigen kinderen naar het buitenland gestuurd &#8211; ervaring uit eerste hand die we voor u inzetten wanneer u ons de groei, het leren, de nieuwsgierigheid en het welzijn van uw kind toevertrouwt.  <\/p><\/div><\/div>\n\n\n\n<section class=\"wp-block-educatius-large-icon-and-text whats-included-section text-center py-3\"><div class=\"container\"><div class=\"row\"><div class=\"col\"><img decoding=\"async\" src=\"https:\/\/powered-by.qbank.se\/educatius\/media\/df4940468534f2c23ad26a7e9c1aba46.svg\"\/><h6>Expertise in\u00e9gal\u00e9e<\/h6><p>Nous connaissons le monde des \u00e9changes scolaires internationaux mieux que quiconque !<\/p><\/div><div class=\"col\"><img decoding=\"async\" src=\"https:\/\/powered-by.qbank.se\/educatius\/media\/0fd0233ea8f93dc84bef4f6b1d4799f3.svg\"\/><h6>Soutien bienveillant<\/h6><p>Nous sommes experts dans l&#8217;accompagnement des adolescents, du moment de l&#8217;inscription jusqu&#8217;\u00e0 leur retour \u00e0 la maison.<\/p><\/div><div class=\"col\"><img decoding=\"async\" src=\"https:\/\/powered-by.qbank.se\/educatius\/media\/7d81853c3b9c80746412829fcf8d2049.svg\"\/><h6>Solidit\u00e9 financi\u00e8re<\/h6><p>Nous sommes financi\u00e8rement stables et faisons partie du top 1 % des entreprises su\u00e9doises comme Volvo et IKEA.<\/p><\/div><div class=\"col\"><img decoding=\"async\" src=\"https:\/\/powered-by.qbank.se\/educatius\/media\/96c9f1595495506df084b0966e40432e.svg\"\/><h6>Suivi rigoureux<\/h6><p>Nous vous tiendrons bien inform\u00e9 tout au long de l&#8217;\u00e9change de votre enfant.<\/p><\/div><\/div><\/div><\/section>\n\n\n\n\n\n<section class=\"wp-block-educatius-left-image-and-text highlight-section py-1 py-sm-5 py-md-5 py-5\"><div class=\"container my-3\"><div class=\"row\"><div class=\"col-md-6\"><img decoding=\"async\" src=\"https:\/\/powered-by.qbank.se\/educatius\/media\/3fd377c199d2f76e92903a5f4b3cd771.jpg\" class=\"w-100\"\/><\/div><div class=\"col-md-6\"><div class=\"text-block-wrap py-md-0 px-md-5\"><span class=\"text-block-title\"><\/span><h3 class=\"text-block-title\">Aiducatius<\/h3><p>Door je in te zetten voor ons, draag je ook bij aan onze zusterorganisatie Aiducatius, die zich inzet voor duurzaam onderwijs voor studenten in Afrika en Latijns-Amerika en investeert in maatregelen om de ecologische voetafdruk van onze uitwisselingsprogramma\u00b4s te verkleinen. Lees hieronder meer over ons werk met Aiducatius. <\/p><a href=\"\/a-propos-de-nous\/impact-mondial\/aiducatius\" class=\"btn btn-outline-primary btn-lg\">En savoir plus<\/a><\/div><\/div><\/div><\/div><\/section>\n\n\n\n<h3 class=\"wp-block-heading container has-primary-blue-color has-text-color\" id=\"h-een-veilige-manier-om-de-wereld-te-verkennen\">Een veilige manier om de wereld te verkennen<\/h3>\n\n\n\n<div class=\"wp-block-columns container is-layout-flex wp-container-core-columns-is-layout-1 wp-block-columns-is-layout-flex\">\n<div class=\"wp-block-column is-layout-flow wp-block-column-is-layout-flow\">\n<p>Niets bouwt meer zelfvertrouwen en volwassenheid op dan een internationale studentenuitwisseling. Maar ouders van tieners maken zich natuurlijk zorgen over het feit dat ze hun kind voor weken of zelfs maanden achter elkaar wegsturen. We begrijpen deze zorgen heel goed dankzij onze expertise en onze eigen persoonlijke ervaring, waardoor we uitgebreide ondersteuning kunnen bieden aan uw kind, de gastgezinnen en u, de ouders.  <\/p>\n\n\n\n<p>Onze schoolpartners en gastgezinnen worden zorgvuldig geselecteerd via een rigoureus proces.<\/p>\n<\/div>\n\n\n\n<div class=\"wp-block-column is-layout-flow wp-block-column-is-layout-flow\">\n<p>We bieden verschillende ondersteuningsniveaus, van een gratis eerste adviesgesprek, via de voorbereiding van de school- en visumgegevens van je kind, reizen, plaatsing en kwaliteitsborging, tot 24 uur per dag ondersteuning op locatie en maandelijkse rapporten aan jou. We begrijpen dat tieners zich in een leerfase bevinden en zorgzame aandacht en ondersteuning nodig hebben. U kunt op ons toegewijde team vertrouwen om uw kind in elke situatie te helpen als dat nodig is.  <\/p>\n<\/div>\n<\/div>\n\n\n\n<section class=\"wp-block-educatius-right-image-and-text highlight-section-reverse py-1 py-sm-5 py-md-5 py-5 bg-lightest-blue mb-3\"><div class=\"container my-3\"><div class=\"row\"><div class=\"col-md-6 order-md-1\"><img decoding=\"async\" src=\"https:\/\/powered-by.qbank.se\/educatius\/media\/6d9d886a011ba2943c31f5c27e1bb80b.jpg\" class=\"w-100\"\/><\/div><div class=\"col-md-6 order-md-0\"><div class=\"text-block-wrap py-md-0 px-md-5\"><span class=\"text-block-title\"><\/span><h3 class=\"text-block-title\">Hoogtepunten<\/h3><p>Wij zijn het grootste en oudste bedrijf dat zich volledig toelegt op internationale schooluitwisselingen voor middelbare scholieren, en dat al meer dan 20 jaar. We hebben een uitgebreide portfolio van uitstekende schoolpartners in 10 landen ontwikkeld en we beheren uitwisselingen voor studenten uit 50 landen &#8211; een combinatie die unieke interculturele expertise garandeert. We hebben ook een streng selectieproces voor gastgezinnen om een zorgzame en gastvrije omgeving voor uw kind te cre\u00ebren en te ondersteunen. Educatius biedt volledige ondersteuning gedurende de hele ervaring, van het eerste adviesgesprek tot de terugkeer naar huis. Overheidssponsors in Azi\u00eb, Europa en Latijns-Amerika hebben ons hun internationale uitwisselingsstudenten toevertrouwd.    <\/p><a href=\"\/a-propos-de-nous\" class=\"btn btn-outline-primary btn-lg\">En savoir plus<\/a><\/div><\/div><\/div><\/div><\/section>\n\n\n\n<div class=\"wp-block-group is-layout-flow wp-block-group-is-layout-flow\">\n<div class=\"wp-block-columns is-layout-flex wp-container-core-columns-is-layout-3 wp-block-columns-is-layout-flex\">\n<div class=\"wp-block-column is-layout-flow wp-block-column-is-layout-flow\" style=\"flex-basis:100%\">\n<div class=\"wp-block-group faq-main-block has-very-light-blue-background-color has-background is-layout-flow wp-block-group-is-layout-flow\">\n<div class=\"wp-block-educatius-underscore-heading container\"><h2 class=\"section-title text-center mx-auto mt-3 mb-5\">Veelgestelde vragen<\/h2><\/div>\n\n\n\n<div class=\"wp-block-columns container is-layout-flex wp-container-core-columns-is-layout-2 wp-block-columns-is-layout-flex\">\n<div class=\"wp-block-column is-layout-flow wp-block-column-is-layout-flow\">\n<div class=\"wp-block-educatius-faq-accordion container\"><div class=\"accordion\" id=\"accordionExample\"><div class=\"accordion-item\"><h2 class=\"accordion-header\" id=\"heading244\"><button class=\"accordion-button collapsed\" type=\"button\" data-bs-toggle=\"collapse\" data-bs-target=\"#tab244\" aria-expanded=\"false\" aria-controls=\"tab244\">O\u00f9 vivra mon enfant pendant l&#8217;\u00e9change ?<\/button><\/h2><div id=\"tab244\" class=\"accordion-collapse collapse\" aria-labelledby=\"heading244\" data-bs-parent=\"#accordionExample\"><div class=\"accordion-body\"><p>Si votre enfant s&#8217;inscrit dans une \u00e9cole publique ou priv\u00e9e de jour ou dans un programme classique, il vivra avec une famille d&#8217;accueil soigneusement s\u00e9lectionn\u00e9e qui l&#8217;accueillera chaleureusement, l&#8217;aidera \u00e0 s&#8217;int\u00e9grer \u00e0 l&#8217;\u00e9cole et \u00e0 la vie locale, lui fournira les repas et les transports, et deviendra probablement des amis pour la vie, voire une seconde famille !<br><br>Il n&#8217;y a pas de famille d&#8217;accueil typique chez Educatius \u2013 elles peuvent \u00eatre de toutes formes et tailles. Elles peuvent vivre en ville, dans une petite ville ou \u00e0 la campagne. Elles peuvent avoir ou non des enfants ou des animaux domestiques. Vous pouvez \u00eatre s\u00fbr qu&#8217;une grande attention est port\u00e9e au choix de la famille d&#8217;accueil qui correspondra le mieux \u00e0 votre enfant.<br><br>Si vous avez opt\u00e9 pour un internat, votre enfant vivra sur le campus sous la supervision d&#8217;adultes en permanence, en mangeant et en \u00e9tudiant avec ses amis, tout en profitant d&#8217;une large gamme d&#8217;activit\u00e9s et d&#8217;un choix quotidien de repas.<\/p><\/div><\/div><\/div><div class=\"accordion-item\"><h2 class=\"accordion-header\" id=\"heading9409\"><button class=\"accordion-button collapsed\" type=\"button\" data-bs-toggle=\"collapse\" data-bs-target=\"#tab9409\" aria-expanded=\"false\" aria-controls=\"tab9409\">Quelles sont les qualifications requises pour les familles d&#8217;accueil ?<\/button><\/h2><div id=\"tab9409\" class=\"accordion-collapse collapse\" aria-labelledby=\"heading9409\" data-bs-parent=\"#accordionExample\"><div class=\"accordion-body\"><p>Chaque famille d&#8217;accueil est motiv\u00e9e par le d\u00e9sir de partager sa culture locale avec un \u00e9tudiant international. Le processus Educatius, bas\u00e9 sur 20 ans d&#8217;exp\u00e9rience, comprend une proc\u00e9dure de candidature rigoureuse, la v\u00e9rification des r\u00e9f\u00e9rences, des entretiens, une v\u00e9rification des ant\u00e9c\u00e9dents pour chaque adulte de la famille, ainsi qu&#8217;une visite \u00e0 domicile.<\/p><\/div><\/div><\/div><div class=\"accordion-item\"><h2 class=\"accordion-header\" id=\"heading1362\"><button class=\"accordion-button collapsed\" type=\"button\" data-bs-toggle=\"collapse\" data-bs-target=\"#tab1362\" aria-expanded=\"false\" aria-controls=\"tab1362\">Que se passe-t-il si la famille ne correspond pas bien \u00e0 mon enfant ?<\/button><\/h2><div id=\"tab1362\" class=\"accordion-collapse collapse\" aria-labelledby=\"heading1362\" data-bs-parent=\"#accordionExample\"><div class=\"accordion-body\"><p>Malgr\u00e9 les meilleures intentions, il peut arriver qu&#8217;une correspondance qui semble parfaite sur le papier ne fonctionne pas aussi bien dans la r\u00e9alit\u00e9. Quelle que soit la raison, Educatius s&#8217;engage toujours \u00e0 trouver une solution. Dans un premier temps, nos coordinateurs locaux exp\u00e9riment\u00e9s, soutenus par des responsables r\u00e9gionaux et notre \u00e9quipe de direction, chercheront \u00e0 r\u00e9soudre les probl\u00e8mes qui pourraient survenir \u2013 parfois, il s&#8217;agit d&#8217;un malentendu culturel qui peut \u00eatre r\u00e9gl\u00e9. Si n\u00e9cessaire, nous trouverons une nouvelle famille qualifi\u00e9e pour accueillir votre enfant.<\/p><\/div><\/div><\/div><div class=\"accordion-item\"><h2 class=\"accordion-header\" id=\"heading3264\"><button class=\"accordion-button collapsed\" type=\"button\" data-bs-toggle=\"collapse\" data-bs-target=\"#tab3264\" aria-expanded=\"false\" aria-controls=\"tab3264\">Quels programmes offrez-vous ?<\/button><\/h2><div id=\"tab3264\" class=\"accordion-collapse collapse\" aria-labelledby=\"heading3264\" data-bs-parent=\"#accordionExample\"><div class=\"accordion-body\"><p>Envoyer votre enfant \u00e9tudier \u00e0 l&#8217;\u00e9tranger au niveau du secondaire est l&#8217;une des actions les plus importantes et pr\u00e9cieuses que vous puissiez entreprendre pour am\u00e9liorer son avenir. Nous proposons une gamme de programmes adapt\u00e9s \u00e0 votre enfant et \u00e0 votre budget :<br>Le programme Classic est une exp\u00e9rience traditionnelle et \u00e9conomique d&#8217;\u00e9change culturel. Nous pla\u00e7ons les \u00e9tudiants dans une famille d&#8217;accueil et une \u00e9cole \u00e0 proximit\u00e9.<br><br>Le programme Select permet aux \u00e9tudiants et \u00e0 leurs parents de personnaliser l&#8217;exp\u00e9rience en fonction de leurs int\u00e9r\u00eats et de leurs r\u00eaves. Vous choisissez l&#8217;\u00e9cole selon vos crit\u00e8res, puis nous organisons l&#8217;h\u00e9bergement de votre enfant, soit dans une famille d&#8217;accueil attentionn\u00e9e, soit sur le campus avec ses amis dans un excellent internat. Besoin de conseils ? Nos conseillers seront ravis de faire des recommandations personnalis\u00e9es.<br><br>Nous proposons \u00e9galement un dipl\u00f4me am\u00e9ricain en ligne sous deux versions. Nous collaborons avec deux internats tr\u00e8s r\u00e9put\u00e9s, Thornton Academy et Washington Academy, qui d\u00e9cernent des dipl\u00f4mes en tant qu&#8217;option pour am\u00e9liorer le programme USA J-1, ou enti\u00e8rement en ligne pour les \u00e9tudiants qui ne peuvent pas \u00e9tudier \u00e0 l&#8217;\u00e9tranger. Le programme de double dipl\u00f4me permet aux \u00e9tudiants d&#8217;obtenir \u00e0 la fois un dipl\u00f4me am\u00e9ricain et un dipl\u00f4me de leur pays d&#8217;origine, offrant une excellente voie d&#8217;acc\u00e8s \u00e0 l&#8217;universit\u00e9.<\/p><\/div><\/div><\/div><div class=\"accordion-item\"><h2 class=\"accordion-header\" id=\"heading2332\"><button class=\"accordion-button collapsed\" type=\"button\" data-bs-toggle=\"collapse\" data-bs-target=\"#tab2332\" aria-expanded=\"false\" aria-controls=\"tab2332\">Dans quels pays proposez-vous des programmes d&#8217;\u00e9change international pour le secondaire ?<\/button><\/h2><div id=\"tab2332\" class=\"accordion-collapse collapse\" aria-labelledby=\"heading2332\" data-bs-parent=\"#accordionExample\"><div class=\"accordion-body\"><p>En plus du double dipl\u00f4me et du dipl\u00f4me en ligne des \u00c9tats-Unis, nous proposons des programmes en pr\u00e9sentiel dans les douze pays suivants : \u00c9tats-Unis, Royaume-Uni, Australie, Canada, France, Allemagne, Irlande, Italie, Espagne, R\u00e9union, Nouvelle-Z\u00e9lande et Su\u00e8de.<\/p><\/div><\/div><\/div><div class=\"accordion-item\"><h2 class=\"accordion-header\" id=\"heading7645\"><button class=\"accordion-button collapsed\" type=\"button\" data-bs-toggle=\"collapse\" data-bs-target=\"#tab7645\" aria-expanded=\"false\" aria-controls=\"tab7645\">Quelle est la date limite pour postuler ?<\/button><\/h2><div id=\"tab7645\" class=\"accordion-collapse collapse\" aria-labelledby=\"heading7645\" data-bs-parent=\"#accordionExample\"><div class=\"accordion-body\"><p>Les dates limites varient selon le programme. Certains programmes tr\u00e8s demand\u00e9s n\u00e9cessitent une inscription un an \u00e0 l&#8217;avance, tandis que d&#8217;autres peuvent offrir plus de flexibilit\u00e9. Les options les plus populaires se remplissent rapidement, alors n&#8217;h\u00e9sitez pas \u00e0 nous contacter pour conna\u00eetre les prochaines disponibilit\u00e9s du meilleur programme pour votre enfant.<\/p><\/div><\/div><\/div><\/div><\/div>\n<\/div>\n<\/div>\n<\/div>\n<\/div>\n<\/div>\n<\/div>\n","protected":false},"excerpt":{"rendered":"<p>Een veilige manier om de wereld te verkennen Niets bouwt meer zelfvertrouwen en volwassenheid op dan een internationale studentenuitwisseling. Maar ouders van tieners maken zich natuurlijk zorgen over het feit dat ze hun kind voor weken of zelfs maanden achter elkaar wegsturen. We begrijpen deze zorgen heel goed dankzij onze expertise en onze eigen persoonlijke [&hellip;]<\/p>\n","protected":false},"author":6,"featured_media":0,"parent":23418,"menu_order":0,"comment_status":"closed","ping_status":"closed","template":"","meta":{"_acf_changed":false,"inline_featured_image":false,"footnotes":""},"school_category":[],"wf_page_folders":[147],"class_list":["post-23263","page","type-page","status-publish","hentry"],"acf":[],"yoast_head":"<!-- This site is optimized with the Yoast SEO Premium plugin v23.4 (Yoast SEO v23.6) - https:\/\/yoast.com\/wordpress\/plugins\/seo\/ -->\n<title>Voor ouders van toekomstige internationale studenten<\/title>\n<meta name=\"description\" content=\"Bij Educatius Group organiseren we al meer dan 20 jaar uitwisselingsjaren en - semesters voor enthousiaste tieners.\" \/>\n<meta name=\"robots\" content=\"index, follow, max-snippet:-1, max-image-preview:large, max-video-preview:-1\" \/>\n<link rel=\"canonical\" href=\"https:\/\/www.sts-education.be\/nl\/hoe-het-werkt\/voor-ouders\" \/>\n<meta property=\"og:locale\" content=\"nl_BE\" \/>\n<meta property=\"og:type\" content=\"article\" \/>\n<meta property=\"og:title\" content=\"Voor ouders\" \/>\n<meta property=\"og:description\" content=\"Bij Educatius Group organiseren we al meer dan 20 jaar uitwisselingsjaren en - semesters voor enthousiaste tieners.\" \/>\n<meta property=\"og:url\" content=\"https:\/\/www.sts-education.be\/nl\/hoe-het-werkt\/voor-ouders\" \/>\n<meta property=\"og:site_name\" content=\"sts-education.be\" \/>\n<meta property=\"article:modified_time\" content=\"2025-09-02T10:50:59+00:00\" \/>\n<meta property=\"og:image\" content=\"https:\/\/powered-by.qbank.se\/educatius\/media\/bf90bc151725ec2111a693c0d7eb0858.jpg\" \/>\n<meta name=\"twitter:card\" content=\"summary_large_image\" \/>\n<meta name=\"twitter:label1\" content=\"Est. reading time\" \/>\n\t<meta name=\"twitter:data1\" content=\"7 minutes\" \/>\n<script type=\"application\/ld+json\" class=\"yoast-schema-graph\">{\"@context\":\"https:\/\/schema.org\",\"@graph\":[{\"@type\":\"WebPage\",\"@id\":\"https:\/\/www.sts-education.be\/nl\/hoe-het-werkt\/voor-ouders\",\"url\":\"https:\/\/www.sts-education.be\/nl\/hoe-het-werkt\/voor-ouders\",\"name\":\"Voor ouders van toekomstige internationale studenten\",\"isPartOf\":{\"@id\":\"https:\/\/www.sts-education.be\/nl#website\"},\"primaryImageOfPage\":{\"@id\":\"https:\/\/www.sts-education.be\/nl\/hoe-het-werkt\/voor-ouders#primaryimage\"},\"image\":{\"@id\":\"https:\/\/www.sts-education.be\/nl\/hoe-het-werkt\/voor-ouders#primaryimage\"},\"thumbnailUrl\":\"https:\/\/powered-by.qbank.se\/educatius\/media\/bf90bc151725ec2111a693c0d7eb0858.jpg\",\"datePublished\":\"2024-09-04T07:00:24+00:00\",\"dateModified\":\"2025-09-02T10:50:59+00:00\",\"description\":\"Bij Educatius Group organiseren we al meer dan 20 jaar uitwisselingsjaren en - semesters voor enthousiaste tieners.\",\"breadcrumb\":{\"@id\":\"https:\/\/www.sts-education.be\/nl\/hoe-het-werkt\/voor-ouders#breadcrumb\"},\"inLanguage\":\"nl-BE\",\"potentialAction\":[{\"@type\":\"ReadAction\",\"target\":[\"https:\/\/www.sts-education.be\/nl\/hoe-het-werkt\/voor-ouders\"]}]},{\"@type\":\"ImageObject\",\"inLanguage\":\"nl-BE\",\"@id\":\"https:\/\/www.sts-education.be\/nl\/hoe-het-werkt\/voor-ouders#primaryimage\",\"url\":\"https:\/\/powered-by.qbank.se\/educatius\/media\/bf90bc151725ec2111a693c0d7eb0858.jpg\",\"contentUrl\":\"https:\/\/powered-by.qbank.se\/educatius\/media\/bf90bc151725ec2111a693c0d7eb0858.jpg\"},{\"@type\":\"BreadcrumbList\",\"@id\":\"https:\/\/www.sts-education.be\/nl\/hoe-het-werkt\/voor-ouders#breadcrumb\",\"itemListElement\":[{\"@type\":\"ListItem\",\"position\":1,\"name\":\"Accueil\",\"item\":\"https:\/\/www.sts-education.be\/nl\"},{\"@type\":\"ListItem\",\"position\":2,\"name\":\"Hoe het werkt\",\"item\":\"https:\/\/www.sts-education.be\/nl\/hoe-het-werkt\"},{\"@type\":\"ListItem\",\"position\":3,\"name\":\"Voor ouders\"}]},{\"@type\":\"WebSite\",\"@id\":\"https:\/\/www.sts-education.be\/nl#website\",\"url\":\"https:\/\/www.sts-education.be\/nl\",\"name\":\"sts-education.be\",\"description\":\"Unlock the world!\",\"publisher\":{\"@id\":\"https:\/\/www.sts-education.be\/nl#organization\"},\"potentialAction\":[{\"@type\":\"SearchAction\",\"target\":{\"@type\":\"EntryPoint\",\"urlTemplate\":\"https:\/\/www.sts-education.be\/nl?s={search_term_string}\"},\"query-input\":{\"@type\":\"PropertyValueSpecification\",\"valueRequired\":true,\"valueName\":\"search_term_string\"}}],\"inLanguage\":\"nl-BE\"},{\"@type\":\"Organization\",\"@id\":\"https:\/\/www.sts-education.be\/nl#organization\",\"name\":\"sts-education.be\",\"url\":\"https:\/\/www.sts-education.be\/nl\",\"logo\":{\"@type\":\"ImageObject\",\"inLanguage\":\"nl-BE\",\"@id\":\"https:\/\/www.sts-education.be\/nl#\/schema\/logo\/image\/\",\"url\":\"https:\/\/www.sts-education.be\/wp-content\/uploads\/sites\/2\/2025\/09\/cropped-STS-round-yellow-bkgr.png\",\"contentUrl\":\"https:\/\/www.sts-education.be\/wp-content\/uploads\/sites\/2\/2025\/09\/cropped-STS-round-yellow-bkgr.png\",\"width\":500,\"height\":460,\"caption\":\"sts-education.be\"},\"image\":{\"@id\":\"https:\/\/www.sts-education.be\/nl#\/schema\/logo\/image\/\"}}]}<\/script>\n<!-- \/ Yoast SEO Premium plugin. -->","yoast_head_json":{"title":"Voor ouders van toekomstige internationale studenten","description":"Bij Educatius Group organiseren we al meer dan 20 jaar uitwisselingsjaren en - semesters voor enthousiaste tieners.","robots":{"index":"index","follow":"follow","max-snippet":"max-snippet:-1","max-image-preview":"max-image-preview:large","max-video-preview":"max-video-preview:-1"},"canonical":"https:\/\/www.sts-education.be\/nl\/hoe-het-werkt\/voor-ouders","og_locale":"nl_BE","og_type":"article","og_title":"Voor ouders","og_description":"Bij Educatius Group organiseren we al meer dan 20 jaar uitwisselingsjaren en - semesters voor enthousiaste tieners.","og_url":"https:\/\/www.sts-education.be\/nl\/hoe-het-werkt\/voor-ouders","og_site_name":"sts-education.be","article_modified_time":"2025-09-02T10:50:59+00:00","og_image":[{"url":"https:\/\/powered-by.qbank.se\/educatius\/media\/bf90bc151725ec2111a693c0d7eb0858.jpg"}],"twitter_card":"summary_large_image","twitter_misc":{"Est. reading time":"7 minutes"},"schema":{"@context":"https:\/\/schema.org","@graph":[{"@type":"WebPage","@id":"https:\/\/www.sts-education.be\/nl\/hoe-het-werkt\/voor-ouders","url":"https:\/\/www.sts-education.be\/nl\/hoe-het-werkt\/voor-ouders","name":"Voor ouders van toekomstige internationale studenten","isPartOf":{"@id":"https:\/\/www.sts-education.be\/nl#website"},"primaryImageOfPage":{"@id":"https:\/\/www.sts-education.be\/nl\/hoe-het-werkt\/voor-ouders#primaryimage"},"image":{"@id":"https:\/\/www.sts-education.be\/nl\/hoe-het-werkt\/voor-ouders#primaryimage"},"thumbnailUrl":"https:\/\/powered-by.qbank.se\/educatius\/media\/bf90bc151725ec2111a693c0d7eb0858.jpg","datePublished":"2024-09-04T07:00:24+00:00","dateModified":"2025-09-02T10:50:59+00:00","description":"Bij Educatius Group organiseren we al meer dan 20 jaar uitwisselingsjaren en - semesters voor enthousiaste tieners.","breadcrumb":{"@id":"https:\/\/www.sts-education.be\/nl\/hoe-het-werkt\/voor-ouders#breadcrumb"},"inLanguage":"nl-BE","potentialAction":[{"@type":"ReadAction","target":["https:\/\/www.sts-education.be\/nl\/hoe-het-werkt\/voor-ouders"]}]},{"@type":"ImageObject","inLanguage":"nl-BE","@id":"https:\/\/www.sts-education.be\/nl\/hoe-het-werkt\/voor-ouders#primaryimage","url":"https:\/\/powered-by.qbank.se\/educatius\/media\/bf90bc151725ec2111a693c0d7eb0858.jpg","contentUrl":"https:\/\/powered-by.qbank.se\/educatius\/media\/bf90bc151725ec2111a693c0d7eb0858.jpg"},{"@type":"BreadcrumbList","@id":"https:\/\/www.sts-education.be\/nl\/hoe-het-werkt\/voor-ouders#breadcrumb","itemListElement":[{"@type":"ListItem","position":1,"name":"Accueil","item":"https:\/\/www.sts-education.be\/nl"},{"@type":"ListItem","position":2,"name":"Hoe het werkt","item":"https:\/\/www.sts-education.be\/nl\/hoe-het-werkt"},{"@type":"ListItem","position":3,"name":"Voor ouders"}]},{"@type":"WebSite","@id":"https:\/\/www.sts-education.be\/nl#website","url":"https:\/\/www.sts-education.be\/nl","name":"sts-education.be","description":"Unlock the world!","publisher":{"@id":"https:\/\/www.sts-education.be\/nl#organization"},"potentialAction":[{"@type":"SearchAction","target":{"@type":"EntryPoint","urlTemplate":"https:\/\/www.sts-education.be\/nl?s={search_term_string}"},"query-input":{"@type":"PropertyValueSpecification","valueRequired":true,"valueName":"search_term_string"}}],"inLanguage":"nl-BE"},{"@type":"Organization","@id":"https:\/\/www.sts-education.be\/nl#organization","name":"sts-education.be","url":"https:\/\/www.sts-education.be\/nl","logo":{"@type":"ImageObject","inLanguage":"nl-BE","@id":"https:\/\/www.sts-education.be\/nl#\/schema\/logo\/image\/","url":"https:\/\/www.sts-education.be\/wp-content\/uploads\/sites\/2\/2025\/09\/cropped-STS-round-yellow-bkgr.png","contentUrl":"https:\/\/www.sts-education.be\/wp-content\/uploads\/sites\/2\/2025\/09\/cropped-STS-round-yellow-bkgr.png","width":500,"height":460,"caption":"sts-education.be"},"image":{"@id":"https:\/\/www.sts-education.be\/nl#\/schema\/logo\/image\/"}}]}},"_links":{"self":[{"href":"https:\/\/www.sts-education.be\/nl\/wp-json\/wp\/v2\/pages\/23263"}],"collection":[{"href":"https:\/\/www.sts-education.be\/nl\/wp-json\/wp\/v2\/pages"}],"about":[{"href":"https:\/\/www.sts-education.be\/nl\/wp-json\/wp\/v2\/types\/page"}],"author":[{"embeddable":true,"href":"https:\/\/www.sts-education.be\/nl\/wp-json\/wp\/v2\/users\/6"}],"replies":[{"embeddable":true,"href":"https:\/\/www.sts-education.be\/nl\/wp-json\/wp\/v2\/comments?post=23263"}],"version-history":[{"count":2,"href":"https:\/\/www.sts-education.be\/nl\/wp-json\/wp\/v2\/pages\/23263\/revisions"}],"predecessor-version":[{"id":24295,"href":"https:\/\/www.sts-education.be\/nl\/wp-json\/wp\/v2\/pages\/23263\/revisions\/24295"}],"up":[{"embeddable":true,"href":"https:\/\/www.sts-education.be\/nl\/wp-json\/wp\/v2\/pages\/23418"}],"wp:attachment":[{"href":"https:\/\/www.sts-education.be\/nl\/wp-json\/wp\/v2\/media?parent=23263"}],"wp:term":[{"taxonomy":"school_category","embeddable":true,"href":"https:\/\/www.sts-education.be\/nl\/wp-json\/wp\/v2\/school_category?post=23263"},{"taxonomy":"wf_page_folders","embeddable":true,"href":"https:\/\/www.sts-education.be\/nl\/wp-json\/wp\/v2\/wf_page_folders?post=23263"}],"curies":[{"name":"wp","href":"https:\/\/api.w.org\/{rel}","templated":true}]}}