{"id":23175,"date":"2024-08-12T08:00:45","date_gmt":"2024-08-12T08:00:45","guid":{"rendered":"https:\/\/www.educatius.be\/over-ons"},"modified":"2025-09-02T10:27:49","modified_gmt":"2025-09-02T10:27:49","slug":"over-ons","status":"publish","type":"page","link":"https:\/\/www.sts-education.be\/nl\/over-ons","title":{"rendered":"Over ons"},"content":{"rendered":"\n<section class=\"inner-banner-section\"><div class=\"inner-banner-wrap\"><img decoding=\"async\" src=\"https:\/\/powered-by.qbank.se\/educatius\/media\/b7e2588d3cbee971f93dd87308720d90.jpg\"\/><\/div><\/section><section class=\"banner-blue-box\" style=\"background:#fff04f\"><h1 style=\"color:#000000\">Waarom Educatius?<\/h1><p style=\"color:#000000\">Jouw dromen. Onze jarenlange ervaring.<br>Een programma dat de rest van je leven zal vormen. <\/p><\/section>\n\n\n<div class=\"container\"><span><span><a href=\"https:\/\/www.sts-education.be\/nl\">Accueil<\/a><\/span><\/span><\/div>\n\n\n\n<div class=\"wp-block-columns container mt-3 is-layout-flex wp-container-core-columns-is-layout-1 wp-block-columns-is-layout-flex\">\n<div class=\"wp-block-column is-layout-flow wp-block-column-is-layout-flow\">\n<h2 class=\"wp-block-heading has-primary-blue-color has-text-color\" id=\"h-twee-decennia-van-vertrouwen\">Twee decennia van vertrouwen<\/h2>\n\n\n\n<p>Al meer dan 20 jaar maken wij dromen waar voor internationale scholieren. Vanuit onze kantoren over de hele wereld plaatsen we studenten in uitstekende middelbare scholen en culturele uitwisselingsprogramma\u2019s. We matchen hen met een gastvrij gastgezin en bieden deskundige ondersteuning gedurende hun verblijf. Overheden in Azi\u00eb, Latijns-Amerika en Brazili\u00eb hebben ons hun gesponsorde studenten toevertrouwd, evenals ouders in meer dan 50 landen. Dankzij onze langdurige samenwerkingen met top scholen in 10 landen en eersteklas ondersteuning voor studenten, openen we de wereld voor scholieren.   <\/p>\n<\/div>\n\n\n\n<div class=\"wp-block-column is-layout-flow wp-block-column-is-layout-flow\">\n<figure class=\"wp-block-embed is-type-video is-provider-vimeo wp-block-embed-vimeo wp-embed-aspect-16-9 wp-has-aspect-ratio\"><div class=\"wp-block-embed__wrapper\">\n<iframe loading=\"lazy\" title=\"This is Educatius\" src=\"https:\/\/player.vimeo.com\/video\/797268169?dnt=1&amp;app_id=122963\" width=\"640\" height=\"360\" frameborder=\"0\" allow=\"autoplay; fullscreen; picture-in-picture; clipboard-write; encrypted-media; web-share\" referrerpolicy=\"strict-origin-when-cross-origin\"><\/iframe>\n<\/div><\/figure>\n<\/div>\n<\/div>\n\n\n\n<h2 class=\"wp-block-heading has-text-align-center has-primary-blue-color has-text-color\" id=\"h-wereldleider-in-internationaal-middelbaar-onderwijs\">Wereldleider in Internationaal Middelbaar Onderwijs<\/h2>\n\n\n\n<div class=\"wp-block-columns mt-3 is-layout-flex wp-container-core-columns-is-layout-4 wp-block-columns-is-layout-flex\">\n<div class=\"wp-block-column has-gray-background-color has-background is-layout-flow wp-block-column-is-layout-flow\" style=\"flex-basis:100%\">\n<div class=\"wp-block-columns container is-layout-flex wp-container-core-columns-is-layout-2 wp-block-columns-is-layout-flex\">\n<div class=\"wp-block-column is-layout-flow wp-block-column-is-layout-flow\">\n<figure class=\"wp-block-image size-full\"><img decoding=\"async\" src=\"https:\/\/powered-by.qbank.se\/educatius\/media\/fed509800df41e8a2ec17e894a2626f0.jpg\" alt=\"\" class=\"wp-image-16190\"\/><\/figure>\n\n\n\n<h4 class=\"wp-block-heading has-primary-blue-color has-text-color\" id=\"h-personaliseer-jouw-ervaring\">Personaliseer jouw ervaring<\/h4>\n\n\n\n<p>Wij geloven in de kracht van het vormgeven van je eigen avontuur. Duik in ons diverse <a href=\"https:\/\/www.educatius.be\/nl\/scholen-in-het-buitenland\/programmas\">aanbod van programma\u2019s<\/a>, scholen, bestemmingen en buitenschoolse activiteiten om te ontdekken wat perfect bij jou past. We bieden ook individuele begeleiding, voor, tijdens en na je verblijf in het buitenland.  <\/p>\n<\/div>\n\n\n\n<div class=\"wp-block-column is-layout-flow wp-block-column-is-layout-flow\">\n<figure class=\"wp-block-image size-full\"><img decoding=\"async\" src=\"https:\/\/powered-by.qbank.se\/educatius\/media\/87108d9be78e9c011fc13b6be65807c0.jpg\" alt=\"\" class=\"wp-image-16191\"\/><\/figure>\n\n\n\n<h4 class=\"wp-block-heading has-primary-blue-color has-text-color\" id=\"h-laagdrempelig-contact-en-ondersteuning\">Laagdrempelig Contact en Ondersteuning<\/h4>\n\n\n\n<p>Bij Educatius zijn er geen derden of tussenpersonen betrokken. Je hebt directe toegang tot ons toegewijde team, dat trots is op het werk dat we doen en up-to-date blijft met de nieuwste informatie over elke school. Ze bieden dan ook 24\/7 ondersteuning aan studenten en ouders. <a href=\"https:\/\/www.educatius.be\/nl\/neem-contact-met-ons-op\">Neem vandaag nog contact met ons op<\/a>! <\/p>\n<\/div>\n<\/div>\n\n\n\n<div class=\"wp-block-columns container is-layout-flex wp-container-core-columns-is-layout-3 wp-block-columns-is-layout-flex\">\n<div class=\"wp-block-column is-layout-flow wp-block-column-is-layout-flow\">\n<figure class=\"wp-block-image size-full\"><img decoding=\"async\" src=\"https:\/\/powered-by.qbank.se\/educatius\/media\/550871828cc1bca1c0d7df8db25f80a6.jpg\" alt=\"\" class=\"wp-image-10227\"\/><\/figure>\n\n\n\n<h4 class=\"wp-block-heading has-primary-blue-color has-text-color\" id=\"h-blijf-academisch-groeien-en-ontwikkelen\">Blijf Academisch groeien en Ontwikkelen<\/h4>\n\n\n\n<p>Met het grootste portfolio van scholen en programma\u2019s voor alle academische niveaus, bieden we alles aan, van culturele uitwisseling tot topacademici. Groeien gaat niet alleen om cijfers, daarom geven we prioriteit aan het welzijn van onze studenten door initiatieven zoals soft landing camps, cursussen voor soft-skills en <a href=\"https:\/\/www.educatius.be\/nl\/over-ons\/wereldwijde-impact\/het-wereldwijde-global-youth-resilience-initiative\">weerbaarheidstrainingen<\/a> &#8211; om er een paar te noemen. <\/p>\n<\/div>\n\n\n\n<div class=\"wp-block-column is-layout-flow wp-block-column-is-layout-flow\">\n<figure class=\"wp-block-image size-full\"><img decoding=\"async\" src=\"https:\/\/powered-by.qbank.se\/educatius\/media\/e7964b868c9e6d6506e5a69c1b680ee0.jpg\" alt=\"\" class=\"wp-image-17620\"\/><\/figure>\n\n\n\n<h4 class=\"wp-block-heading has-primary-blue-color has-text-color\" id=\"h-wereldwijde-impact\">Wereldwijde Impact<\/h4>\n\n\n\n<p>Onze missie reikt ver voorbij het klaslokaal. In lijn met de Duurzame Ontwikkelingsdoelen van de Verenigde Naties komen onze doelen tot uiting in initiatieven zoals gelijke toegang tot onderwijs, boomplanting, het bevorderen van mentale weerbaarheid bij studenten en meer. Benieuwd hoe we dit doen?  <br><a href=\"https:\/\/www.educatius.be\/nl\/over-ons\/wereldwijde-impact\">Lees meer<\/a><\/p>\n<\/div>\n<\/div>\n<\/div>\n<\/div>\n\n\n\n<div class=\"wp-block-columns is-layout-flex wp-container-core-columns-is-layout-6 wp-block-columns-is-layout-flex\">\n<div class=\"wp-block-column is-layout-flow wp-block-column-is-layout-flow\">\n<div class=\"wp-block-columns is-layout-flex wp-container-core-columns-is-layout-5 wp-block-columns-is-layout-flex\">\n<div class=\"wp-block-column is-layout-flow wp-block-column-is-layout-flow\">\n<div class=\"wp-block-buttons container is-horizontal is-content-justification-center is-layout-flex wp-container-core-buttons-is-layout-1 wp-block-buttons-is-layout-flex\">\n<div class=\"wp-block-button has-custom-font-size aligncenter is-style-outline is-style-outline--fdcdbd7b909acd560c2489386323c125\" style=\"font-size:18px\"><a class=\"wp-block-button__link has-primary-blue-color has-white-background-color has-text-color has-background wp-element-button\" href=\"https:\/\/www.educatius.be\/nl\/neem-contact-met-ons-op\" style=\"border-radius:0px\">Neem contact op<\/a><\/div>\n<\/div>\n<\/div>\n<\/div>\n<\/div>\n<\/div>\n\n\n\n<section class=\"wp-block-educatius-right-image-and-text highlight-section-reverse py-1 py-sm-5 py-md-5\"><div class=\"container my-3\"><div class=\"row\"><div class=\"col-md-6 order-md-1\"><img decoding=\"async\" src=\"https:\/\/powered-by.qbank.se\/educatius\/media\/ab61af9bfed43255d2e5ef6900b3bfff.jpg\" class=\"w-100\"\/><\/div><div class=\"col-md-6 order-md-0\"><div class=\"text-block-wrap py-md-0 px-md-5\"><span class=\"text-block-title\"><\/span><h3 class=\"text-block-title\">Ontvang onze brochure over middelbare scholen<\/h3><p>Ontdek een wereld van uitwisselingsprogramma\u2019s \u2013 vraag nu onze middelbare schoolbrochure aan!<\/p><a href=\"\/brochure-des-ecoles-a-letranger\" class=\"btn btn-outline-primary btn-lg\">Obtenir la brochure<\/a><\/div><\/div><\/div><\/div><\/section>\n\n\n\n<section class=\"wp-block-educatius-left-image-and-text highlight-section py-1 py-sm-5 py-md-5 py-5\"><div class=\"container my-3\"><div class=\"row\"><div class=\"col-md-6\"><img decoding=\"async\" src=\"https:\/\/powered-by.qbank.se\/educatius\/media\/7361aba5e3f228181189f62990bdeb73.jpg\" class=\"w-100\"\/><\/div><div class=\"col-md-6\"><div class=\"text-block-wrap py-md-0 px-md-5\"><span class=\"text-block-title\"><\/span><h3 class=\"text-block-title\">Global Youth Resilience Initiative<\/h3><p>We zijn ons bewust van de uitdagingen waarmee tieners te maken kunnen krijgen, vooral wanneer ze ver van huis, met een onbekende taal, in een onbekende cultuur moeten navigeren. Het Global Youth Resilience Initiative is de toegewijde missie van Educatius om weerbaarheid te bevorderen onder onze middelbare scholieren. <br><br>&#8220;Dit initiatief is cruciaal omdat het erkent dat, hoewel studenten ongetwijfeld zelfvertrouwen en weerbaarheid opbouwen via onze programma\u2019s, ze ook ondersteuningssystemen nodig hebben om om te kunnen gaan met de emotionele uitdagingen die kunnen ontstaan.&#8221; Bj\u00f6rn Bengtsson, CEO van Educatius.<\/p><a href=\"\/a-propos-de-nous\/impact-mondial\/global-youth-resilience-initiative\" class=\"btn btn-outline-primary btn-lg\">En savoir plus<\/a><\/div><\/div><\/div><\/div><\/section>\n\n\n\n<section class=\"wp-block-educatius-right-image-and-text highlight-section-reverse py-1 py-sm-5 py-md-5 py-5 bg-lightest-blue mb-3\"><div class=\"container my-3\"><div class=\"row\"><div class=\"col-md-6 order-md-1\"><img decoding=\"async\" src=\"https:\/\/powered-by.qbank.se\/educatius\/media\/29f30bcecaff4c40c0b778b6eb7cb1b4.jpg\" class=\"w-100\"\/><\/div><div class=\"col-md-6 order-md-0\"><div class=\"text-block-wrap py-md-0 px-md-5\"><span class=\"text-block-title\"><\/span><h3 class=\"text-block-title\">Aiducatius<\/h3><p>Onderwijs bepaalt vaak de levensmogelijkheden die iemand heeft, maar niet alle studenten zullen de kans hebben om in het buitenland te studeren. Onze zusterorganisatie, Aiducatius, ondersteunt scholen in Afrika en Latijns-Amerika om hun programma\u2019s te verbeteren en de toegang tot onderwijs voor studenten te vergroten. Aiducatius verzorgt lerarenopleiding, uniformen en lunches, graaft putten en plant fruitbomen. Deze praktische ondersteuning helpt studenten om duurzaam naar school te kunnen gaan en verbetert de resultaten voor hun families en gemeenschappen. Alle studenten die kiezen voor een internationale ervaring bij Educatius dragen bij aan deze verbeterde resultaten.     <\/p><a href=\"\/a-propos-de-nous\/impact-mondial\/aiducatius\" class=\"btn btn-outline-primary btn-lg\">En savoir plus<\/a><\/div><\/div><\/div><\/div><\/section>\n\n\n\n<div class=\"wp-block-group is-layout-flow wp-block-group-is-layout-flow\">\n<div class=\"wp-block-columns is-layout-flex wp-container-core-columns-is-layout-8 wp-block-columns-is-layout-flex\">\n<div class=\"wp-block-column is-layout-flow wp-block-column-is-layout-flow\" style=\"flex-basis:100%\">\n<div class=\"wp-block-group faq-main-block has-very-light-blue-background-color has-background is-layout-flow wp-block-group-is-layout-flow\">\n<div class=\"wp-block-educatius-underscore-heading container\"><h2 class=\"section-title text-center mx-auto mt-3 mb-5\">Veelgestelde vragen<\/h2><\/div>\n\n\n\n<div class=\"wp-block-columns container is-layout-flex wp-container-core-columns-is-layout-7 wp-block-columns-is-layout-flex\">\n<div class=\"wp-block-column is-layout-flow wp-block-column-is-layout-flow\">\n<div class=\"wp-block-educatius-faq-accordion container\"><div class=\"accordion\" id=\"accordionExample\"><div class=\"accordion-item\"><h2 class=\"accordion-header\" id=\"heading244\"><button class=\"accordion-button collapsed\" type=\"button\" data-bs-toggle=\"collapse\" data-bs-target=\"#tab244\" aria-expanded=\"false\" aria-controls=\"tab244\">Qu&#8217;est-ce que le programme Select ?<\/button><\/h2><div id=\"tab244\" class=\"accordion-collapse collapse\" aria-labelledby=\"heading244\" data-bs-parent=\"#accordionExample\"><div class=\"accordion-body\"><p>Tu choisis ton \u00e9cole publique, priv\u00e9e ou ton internat de r\u00eave parmi des lieux pris\u00e9s aux \u00c9tats-Unis, au Royaume-Uni, en Irlande, en Australie, en Nouvelle-Z\u00e9lande, en France, en Espagne et au Canada. Une fois accept\u00e9(e), nous te placerons chez une famille d&#8217;accueil soigneusement s\u00e9lectionn\u00e9e qui t&#8217;accueillera et prendra soin de toi tout au long de ton s\u00e9jour \u2013 ou dans d&#8217;excellentes installations d&#8217;internat o\u00f9 tu vivras et d\u00eeneras avec tes amis. Tu pourras aussi participer \u00e0 une large gamme d&#8217;activit\u00e9s passionnantes.<\/p><\/div><\/div><\/div><div class=\"accordion-item\"><h2 class=\"accordion-header\" id=\"heading9409\"><button class=\"accordion-button collapsed\" type=\"button\" data-bs-toggle=\"collapse\" data-bs-target=\"#tab9409\" aria-expanded=\"false\" aria-controls=\"tab9409\">Qu&#8217;est-ce que le programme Classic ?<\/button><\/h2><div id=\"tab9409\" class=\"accordion-collapse collapse\" aria-labelledby=\"heading9409\" data-bs-parent=\"#accordionExample\"><div class=\"accordion-body\"><p>Nous te jumelons avec une famille d&#8217;accueil b\u00e9n\u00e9vole accueillante et t&#8217;inscrivons dans un \u00e9tablissement \u00e0 proximit\u00e9 \u2013 et nous te soutenons tout au long de ton s\u00e9jour. Ce programme est parfait pour les \u00e9tudiants cherchant un \u00e9change culturel pour un semestre ou une ann\u00e9e. Ce programme est propos\u00e9 par Educatius et nos partenaires \u00e0 but non lucratif aux \u00c9tats-Unis, au Royaume-Uni ou en Irlande (uniquement pour les d\u00e9tenteurs de passeports de l&#8217;UE), en Allemagne, en France, en Italie, en Espagne, en Norv\u00e8ge, en Su\u00e8de, au Danemark, en Nouvelle-Z\u00e9lande ou en Argentine.<\/p><\/div><\/div><\/div><div class=\"accordion-item\"><h2 class=\"accordion-header\" id=\"heading1362\"><button class=\"accordion-button collapsed\" type=\"button\" data-bs-toggle=\"collapse\" data-bs-target=\"#tab1362\" aria-expanded=\"false\" aria-controls=\"tab1362\">Qu&#8217;est-ce que le programme d&#8217;\u00e9change acad\u00e9mique ?<\/button><\/h2><div id=\"tab1362\" class=\"accordion-collapse collapse\" aria-labelledby=\"heading1362\" data-bs-parent=\"#accordionExample\"><div class=\"accordion-body\"><p>C&#8217;est une option moins co\u00fbteuse pour les \u00e9tudiants qui souhaitent b\u00e9n\u00e9ficier des avantages acad\u00e9miques d&#8217;un programme Select. Tu peux \u00e9tudier pendant plusieurs ann\u00e9es, tandis qu&#8217;Educatius choisit l&#8217;\u00e9cole. Disponible aux \u00c9tats-Unis, au Royaume-Uni et en Irlande.<\/p><\/div><\/div><\/div><div class=\"accordion-item\"><h2 class=\"accordion-header\" id=\"heading9553\"><button class=\"accordion-button collapsed\" type=\"button\" data-bs-toggle=\"collapse\" data-bs-target=\"#tab9553\" aria-expanded=\"false\" aria-controls=\"tab9553\">Qu&#8217;est-ce que le programme de double dipl\u00f4me am\u00e9ricain en ligne ?<\/button><\/h2><div id=\"tab9553\" class=\"accordion-collapse collapse\" aria-labelledby=\"heading9553\" data-bs-parent=\"#accordionExample\"><div class=\"accordion-body\"><p>Obtiens un avantage pour ton avenir ! Combine les cr\u00e9dits obtenus dans ton \u00e9cole d&#8217;origine avec des cours en ligne d&#8217;un prestigieux internat am\u00e9ricain pour obtenir deux dipl\u00f4mes du secondaire ! Tu peux choisir une option pour \u00e9tudier en ligne sans quitter ton pays d&#8217;origine ou combiner avec un programme J-1 Classic pour am\u00e9liorer ton \u00e9change culturel. Bien que tu puisses suivre les cours \u00e0 tout moment, deux fois par mois, tu seras avec tes enseignants et camarades de classe lors de sessions en direct. Les cours en ligne incluent un choix de sujets fascinants qui ne sont g\u00e9n\u00e9ralement pas disponibles dans de nombreuses \u00e9coles, tels que la robotique, la conception de sites web ou le tourisme.<\/p><\/div><\/div><\/div><\/div><\/div>\n<\/div>\n<\/div>\n<\/div>\n<\/div>\n<\/div>\n<\/div>\n","protected":false},"excerpt":{"rendered":"<p>Twee decennia van vertrouwen Al meer dan 20 jaar maken wij dromen waar voor internationale scholieren. Vanuit onze kantoren over de hele wereld plaatsen we studenten in uitstekende middelbare scholen en culturele uitwisselingsprogramma\u2019s. We matchen hen met een gastvrij gastgezin en bieden deskundige ondersteuning gedurende hun verblijf. Overheden in Azi\u00eb, Latijns-Amerika en Brazili\u00eb hebben ons [&hellip;]<\/p>\n","protected":false},"author":6,"featured_media":0,"parent":0,"menu_order":0,"comment_status":"closed","ping_status":"closed","template":"","meta":{"_acf_changed":false,"inline_featured_image":false,"footnotes":""},"school_category":[],"wf_page_folders":[143],"class_list":["post-23175","page","type-page","status-publish","hentry"],"acf":[],"yoast_head":"<!-- This site is optimized with the Yoast SEO Premium plugin v23.4 (Yoast SEO v23.6) - https:\/\/yoast.com\/wordpress\/plugins\/seo\/ -->\n<title>Middelbare schoolprogramma&#039;s voor internationale scholieren<\/title>\n<meta name=\"description\" content=\"Educatius Group heeft meer dan 20 jaar ervaring en is de grootste organisatie ter wereld die zich uitsluitend richt op middelbare scholen in het buitenland.\" \/>\n<meta name=\"robots\" content=\"index, follow, max-snippet:-1, max-image-preview:large, max-video-preview:-1\" \/>\n<link rel=\"canonical\" href=\"https:\/\/www.sts-education.be\/nl\/over-ons\" \/>\n<meta property=\"og:locale\" content=\"nl_BE\" \/>\n<meta property=\"og:type\" content=\"article\" \/>\n<meta property=\"og:title\" content=\"Over ons\" \/>\n<meta property=\"og:description\" content=\"Educatius Group heeft meer dan 20 jaar ervaring en is de grootste organisatie ter wereld die zich uitsluitend richt op middelbare scholen in het buitenland.\" \/>\n<meta property=\"og:url\" content=\"https:\/\/www.sts-education.be\/nl\/over-ons\" \/>\n<meta property=\"og:site_name\" content=\"sts-education.be\" \/>\n<meta property=\"article:modified_time\" content=\"2025-09-02T10:27:49+00:00\" \/>\n<meta property=\"og:image\" content=\"https:\/\/powered-by.qbank.se\/educatius\/media\/b7e2588d3cbee971f93dd87308720d90.jpg\" \/>\n<meta name=\"twitter:card\" content=\"summary_large_image\" \/>\n<meta name=\"twitter:label1\" content=\"Est. reading time\" \/>\n\t<meta name=\"twitter:data1\" content=\"6 minutes\" \/>\n<script type=\"application\/ld+json\" class=\"yoast-schema-graph\">{\"@context\":\"https:\/\/schema.org\",\"@graph\":[{\"@type\":\"WebPage\",\"@id\":\"https:\/\/www.sts-education.be\/nl\/over-ons\",\"url\":\"https:\/\/www.sts-education.be\/nl\/over-ons\",\"name\":\"Middelbare schoolprogramma's voor internationale scholieren\",\"isPartOf\":{\"@id\":\"https:\/\/www.sts-education.be\/nl#website\"},\"primaryImageOfPage\":{\"@id\":\"https:\/\/www.sts-education.be\/nl\/over-ons#primaryimage\"},\"image\":{\"@id\":\"https:\/\/www.sts-education.be\/nl\/over-ons#primaryimage\"},\"thumbnailUrl\":\"https:\/\/powered-by.qbank.se\/educatius\/media\/b7e2588d3cbee971f93dd87308720d90.jpg\",\"datePublished\":\"2024-08-12T08:00:45+00:00\",\"dateModified\":\"2025-09-02T10:27:49+00:00\",\"description\":\"Educatius Group heeft meer dan 20 jaar ervaring en is de grootste organisatie ter wereld die zich uitsluitend richt op middelbare scholen in het buitenland.\",\"breadcrumb\":{\"@id\":\"https:\/\/www.sts-education.be\/nl\/over-ons#breadcrumb\"},\"inLanguage\":\"nl-BE\",\"potentialAction\":[{\"@type\":\"ReadAction\",\"target\":[\"https:\/\/www.sts-education.be\/nl\/over-ons\"]}]},{\"@type\":\"ImageObject\",\"inLanguage\":\"nl-BE\",\"@id\":\"https:\/\/www.sts-education.be\/nl\/over-ons#primaryimage\",\"url\":\"https:\/\/powered-by.qbank.se\/educatius\/media\/b7e2588d3cbee971f93dd87308720d90.jpg\",\"contentUrl\":\"https:\/\/powered-by.qbank.se\/educatius\/media\/b7e2588d3cbee971f93dd87308720d90.jpg\"},{\"@type\":\"BreadcrumbList\",\"@id\":\"https:\/\/www.sts-education.be\/nl\/over-ons#breadcrumb\",\"itemListElement\":[{\"@type\":\"ListItem\",\"position\":1,\"name\":\"Accueil\",\"item\":\"https:\/\/www.sts-education.be\/nl\"},{\"@type\":\"ListItem\",\"position\":2,\"name\":\"Over ons\"}]},{\"@type\":\"WebSite\",\"@id\":\"https:\/\/www.sts-education.be\/nl#website\",\"url\":\"https:\/\/www.sts-education.be\/nl\",\"name\":\"sts-education.be\",\"description\":\"Unlock the world!\",\"publisher\":{\"@id\":\"https:\/\/www.sts-education.be\/nl#organization\"},\"potentialAction\":[{\"@type\":\"SearchAction\",\"target\":{\"@type\":\"EntryPoint\",\"urlTemplate\":\"https:\/\/www.sts-education.be\/nl?s={search_term_string}\"},\"query-input\":{\"@type\":\"PropertyValueSpecification\",\"valueRequired\":true,\"valueName\":\"search_term_string\"}}],\"inLanguage\":\"nl-BE\"},{\"@type\":\"Organization\",\"@id\":\"https:\/\/www.sts-education.be\/nl#organization\",\"name\":\"sts-education.be\",\"url\":\"https:\/\/www.sts-education.be\/nl\",\"logo\":{\"@type\":\"ImageObject\",\"inLanguage\":\"nl-BE\",\"@id\":\"https:\/\/www.sts-education.be\/nl#\/schema\/logo\/image\/\",\"url\":\"https:\/\/www.sts-education.be\/wp-content\/uploads\/sites\/2\/2025\/09\/cropped-STS-round-yellow-bkgr.png\",\"contentUrl\":\"https:\/\/www.sts-education.be\/wp-content\/uploads\/sites\/2\/2025\/09\/cropped-STS-round-yellow-bkgr.png\",\"width\":500,\"height\":460,\"caption\":\"sts-education.be\"},\"image\":{\"@id\":\"https:\/\/www.sts-education.be\/nl#\/schema\/logo\/image\/\"}}]}<\/script>\n<!-- \/ Yoast SEO Premium plugin. -->","yoast_head_json":{"title":"Middelbare schoolprogramma's voor internationale scholieren","description":"Educatius Group heeft meer dan 20 jaar ervaring en is de grootste organisatie ter wereld die zich uitsluitend richt op middelbare scholen in het buitenland.","robots":{"index":"index","follow":"follow","max-snippet":"max-snippet:-1","max-image-preview":"max-image-preview:large","max-video-preview":"max-video-preview:-1"},"canonical":"https:\/\/www.sts-education.be\/nl\/over-ons","og_locale":"nl_BE","og_type":"article","og_title":"Over ons","og_description":"Educatius Group heeft meer dan 20 jaar ervaring en is de grootste organisatie ter wereld die zich uitsluitend richt op middelbare scholen in het buitenland.","og_url":"https:\/\/www.sts-education.be\/nl\/over-ons","og_site_name":"sts-education.be","article_modified_time":"2025-09-02T10:27:49+00:00","og_image":[{"url":"https:\/\/powered-by.qbank.se\/educatius\/media\/b7e2588d3cbee971f93dd87308720d90.jpg"}],"twitter_card":"summary_large_image","twitter_misc":{"Est. reading time":"6 minutes"},"schema":{"@context":"https:\/\/schema.org","@graph":[{"@type":"WebPage","@id":"https:\/\/www.sts-education.be\/nl\/over-ons","url":"https:\/\/www.sts-education.be\/nl\/over-ons","name":"Middelbare schoolprogramma's voor internationale scholieren","isPartOf":{"@id":"https:\/\/www.sts-education.be\/nl#website"},"primaryImageOfPage":{"@id":"https:\/\/www.sts-education.be\/nl\/over-ons#primaryimage"},"image":{"@id":"https:\/\/www.sts-education.be\/nl\/over-ons#primaryimage"},"thumbnailUrl":"https:\/\/powered-by.qbank.se\/educatius\/media\/b7e2588d3cbee971f93dd87308720d90.jpg","datePublished":"2024-08-12T08:00:45+00:00","dateModified":"2025-09-02T10:27:49+00:00","description":"Educatius Group heeft meer dan 20 jaar ervaring en is de grootste organisatie ter wereld die zich uitsluitend richt op middelbare scholen in het buitenland.","breadcrumb":{"@id":"https:\/\/www.sts-education.be\/nl\/over-ons#breadcrumb"},"inLanguage":"nl-BE","potentialAction":[{"@type":"ReadAction","target":["https:\/\/www.sts-education.be\/nl\/over-ons"]}]},{"@type":"ImageObject","inLanguage":"nl-BE","@id":"https:\/\/www.sts-education.be\/nl\/over-ons#primaryimage","url":"https:\/\/powered-by.qbank.se\/educatius\/media\/b7e2588d3cbee971f93dd87308720d90.jpg","contentUrl":"https:\/\/powered-by.qbank.se\/educatius\/media\/b7e2588d3cbee971f93dd87308720d90.jpg"},{"@type":"BreadcrumbList","@id":"https:\/\/www.sts-education.be\/nl\/over-ons#breadcrumb","itemListElement":[{"@type":"ListItem","position":1,"name":"Accueil","item":"https:\/\/www.sts-education.be\/nl"},{"@type":"ListItem","position":2,"name":"Over ons"}]},{"@type":"WebSite","@id":"https:\/\/www.sts-education.be\/nl#website","url":"https:\/\/www.sts-education.be\/nl","name":"sts-education.be","description":"Unlock the world!","publisher":{"@id":"https:\/\/www.sts-education.be\/nl#organization"},"potentialAction":[{"@type":"SearchAction","target":{"@type":"EntryPoint","urlTemplate":"https:\/\/www.sts-education.be\/nl?s={search_term_string}"},"query-input":{"@type":"PropertyValueSpecification","valueRequired":true,"valueName":"search_term_string"}}],"inLanguage":"nl-BE"},{"@type":"Organization","@id":"https:\/\/www.sts-education.be\/nl#organization","name":"sts-education.be","url":"https:\/\/www.sts-education.be\/nl","logo":{"@type":"ImageObject","inLanguage":"nl-BE","@id":"https:\/\/www.sts-education.be\/nl#\/schema\/logo\/image\/","url":"https:\/\/www.sts-education.be\/wp-content\/uploads\/sites\/2\/2025\/09\/cropped-STS-round-yellow-bkgr.png","contentUrl":"https:\/\/www.sts-education.be\/wp-content\/uploads\/sites\/2\/2025\/09\/cropped-STS-round-yellow-bkgr.png","width":500,"height":460,"caption":"sts-education.be"},"image":{"@id":"https:\/\/www.sts-education.be\/nl#\/schema\/logo\/image\/"}}]}},"_links":{"self":[{"href":"https:\/\/www.sts-education.be\/nl\/wp-json\/wp\/v2\/pages\/23175"}],"collection":[{"href":"https:\/\/www.sts-education.be\/nl\/wp-json\/wp\/v2\/pages"}],"about":[{"href":"https:\/\/www.sts-education.be\/nl\/wp-json\/wp\/v2\/types\/page"}],"author":[{"embeddable":true,"href":"https:\/\/www.sts-education.be\/nl\/wp-json\/wp\/v2\/users\/6"}],"replies":[{"embeddable":true,"href":"https:\/\/www.sts-education.be\/nl\/wp-json\/wp\/v2\/comments?post=23175"}],"version-history":[{"count":8,"href":"https:\/\/www.sts-education.be\/nl\/wp-json\/wp\/v2\/pages\/23175\/revisions"}],"predecessor-version":[{"id":24257,"href":"https:\/\/www.sts-education.be\/nl\/wp-json\/wp\/v2\/pages\/23175\/revisions\/24257"}],"wp:attachment":[{"href":"https:\/\/www.sts-education.be\/nl\/wp-json\/wp\/v2\/media?parent=23175"}],"wp:term":[{"taxonomy":"school_category","embeddable":true,"href":"https:\/\/www.sts-education.be\/nl\/wp-json\/wp\/v2\/school_category?post=23175"},{"taxonomy":"wf_page_folders","embeddable":true,"href":"https:\/\/www.sts-education.be\/nl\/wp-json\/wp\/v2\/wf_page_folders?post=23175"}],"curies":[{"name":"wp","href":"https:\/\/api.w.org\/{rel}","templated":true}]}}